{"id":1843,"date":"2024-12-16T03:21:20","date_gmt":"2024-12-16T03:21:20","guid":{"rendered":"https:\/\/mj-clothing.com\/?post_type=product&#038;p=1843"},"modified":"2024-12-17T06:40:16","modified_gmt":"2024-12-17T06:40:16","slug":"golf-hoodie","status":"publish","type":"product","link":"https:\/\/mj-clothing.com\/lv\/manufacturer\/golf-hoodie\/","title":{"rendered":"Golfa jaka ar kapuci"},"content":{"rendered":"<p data-sourcepos=\"1:1-1:192\">Golfa jaka ar kapuci ir sporta ap\u0123\u0113rba veids, kas \u012bpa\u0161i izstr\u0101d\u0101ts golfa sp\u0113l\u0113t\u0101jiem, apvienojot tradicion\u0101l\u0101s jakas ar kapuci komfortu un siltumu ar golfa laukumam piem\u0113rot\u0101m veiktsp\u0113jas \u012bpa\u0161\u012bb\u0101m.<\/p>\n<h3 data-sourcepos=\"3:1-3:34\"><strong>Golfa jaka ar kapuci galven\u0101s funkcijas:<\/strong><\/h3>\n<ul data-sourcepos=\"5:1-10:0\">\n<li data-sourcepos=\"5:1-5:283\"><strong>Veiktsp\u0113jas audumi:<\/strong> Golfa kapuces bie\u017ei vien ir izgatavotas no augstas veiktsp\u0113jas audumiem, piem\u0113ram, poliestera vai poliestera un kokvilnas mais\u012bjuma. \u0160ie audumi ir izstr\u0101d\u0101ti t\u0101, lai tie labi izvad\u012btu mitrumu, elpotu un b\u016btu elast\u012bgi, nodro\u0161inot golfa sp\u0113l\u0113t\u0101jiem sausumu, komfortu un neierobe\u017eot\u012bbu \u0161\u016bpo\u013cu laik\u0101.<\/li>\n<li data-sourcepos=\"6:1-6:207\"><strong>Iztur\u012bba pret laikapst\u0101k\u013ciem:<\/strong> Daudzas golfa bikses ir \u016bdensiztur\u012bgas vai \u016bdensnecaurlaid\u012bgas, kas aizsarg\u0101 golfa sp\u0113l\u0113t\u0101jus no neliela lietus vai dzestruma. Da\u017e\u0101m ir ar\u012b termoizol\u0101cija, lai golfistiem b\u016btu silti v\u0113s\u0101kos laikapst\u0101k\u013cos.<\/li>\n<li data-sourcepos=\"7:1-7:100\"><strong>Saules aizsardz\u012bba:<\/strong> Da\u017eas golfa jaka ar kapuci nodro\u0161ina aizsardz\u012bbu pret UV stariem, lai pasarg\u0101tu golfa sp\u0113l\u0113t\u0101jus no kait\u012bgajiem saules stariem.<\/li>\n<li data-sourcepos=\"8:1-8:162\"><strong>Funkcion\u0101lais dizains:<\/strong> Golfa treni\u0146t\u0113rpos bie\u017ei vien ir t\u0101das funkcijas k\u0101 kabatas ar r\u0101v\u0113jsl\u0113dz\u0113ju, kas nodro\u0161ina v\u0113rtslietas, regul\u0113jamas kapuces un caurumi uz \u012bk\u0161\u0137iem, kas \u013cauj saglab\u0101t piedurknes viet\u0101.<\/li>\n<li data-sourcepos=\"9:1-10:0\"><strong>Stil\u012bgs dizains:<\/strong> Golfa kombinezoni ir pieejami da\u017e\u0101dos stilos, kr\u0101s\u0101s un rakstos, \u013caujot golfa sp\u0113l\u0113t\u0101jiem izpaust savu person\u012bgo stilu, vienlaikus saglab\u0101jot funkcionalit\u0101ti.<\/li>\n<\/ul>\n<h3 data-sourcepos=\"11:1-11:31\"><strong>Kad valk\u0101t golfa kapuci:<\/strong><\/h3>\n<p data-sourcepos=\"13:1-13:112\">Golfa treni\u0146t\u0113rpi ir univers\u0101li, un tos var valk\u0101t da\u017e\u0101dos laika apst\u0101k\u013cos. T\u0101s ir \u012bpa\u0161i noder\u012bgas:<\/p>\n<ul data-sourcepos=\"15:1-18:0\">\n<li data-sourcepos=\"15:1-15:87\"><strong>V\u0113s\u0101ki laikapst\u0101k\u013ci:<\/strong> Golfs - kapuces var nodro\u0161in\u0101t siltumu un komfortu v\u0113s\u0101kos ap\u013cos.<\/li>\n<li data-sourcepos=\"16:1-16:101\"><strong>Lietains laiks:<\/strong> \u016adensnecaurlaid\u012bgas golfa kapuces var nodro\u0161in\u0101t golfa sp\u0113l\u0113t\u0101jiem sausumu un komfortu neliel\u0101 liet\u016b.<\/li>\n<li data-sourcepos=\"17:1-18:0\"><strong>Sl\u0101\u0146o\u0161ana:<\/strong> Golfa kombinezonus var kombin\u0113t ar citiem golfa ap\u0123\u0113rbiem, lai izveidotu piel\u0101gotu ap\u0123\u0113rbu da\u017e\u0101diem laikapst\u0101k\u013ciem.<\/li>\n<\/ul>\n<p data-sourcepos=\"19:1-19:138\">Izv\u0113loties golfa kapuci, kas atbilst j\u016bsu \u012bpa\u0161aj\u0101m vajadz\u012bb\u0101m un v\u0113lm\u0113m, j\u016bs varat uzlabot savu komfortu un sniegumu golfa laukum\u0101.<\/p>","protected":false},"excerpt":{"rendered":"<table style=\"height: 543px;\" width=\"471\">\n<tbody>\n<tr>\n<td width=\"146\"><strong><b>Produkts<\/b><\/strong>\u00a0<strong><b>V\u0101rds un uzv\u0101rds:<\/b><\/strong><\/td>\n<td width=\"601\">\n<p data-sourcepos=\"3:1-3:34\"><strong>Golfa jaka ar kapuci<\/strong><\/p>\n<\/td>\n<\/tr>\n<tr>\n<td width=\"146\"><strong><b>Materlal:<\/b><\/strong><\/td>\n<td width=\"601\">Poliesters\/kokvilna<\/td>\n<\/tr>\n<tr>\n<td width=\"146\"><strong><b>Tehnika: <\/b><\/strong><\/td>\n<td width=\"601\">Poligr\u0101fija un kr\u0101so\u0161ana<\/td>\n<\/tr>\n<tr>\n<td width=\"146\"><strong><b>Stils: <\/b><\/strong><\/td>\n<td width=\"601\">Gad\u012bjuma<\/td>\n<\/tr>\n<tr>\n<td width=\"146\"><strong><b>Kr\u0101sa<\/b><\/strong><strong><b>:<\/b><\/strong><\/td>\n<td width=\"601\">Balta un piel\u0101gotas kr\u0101sas<\/td>\n<\/tr>\n<tr>\n<td width=\"146\"><strong><b>Izm\u0113rs:<\/b><\/strong><\/td>\n<td width=\"601\">S \/M \/L \/XL \/2XL<\/td>\n<\/tr>\n<tr>\n<td width=\"146\"><strong><b>OEM\/ODM:<\/b><\/strong><\/td>\n<td width=\"601\">Pie\u0146emams<\/td>\n<\/tr>\n<tr>\n<td width=\"146\"><strong><b>Kvalit\u0101te:<\/b><\/strong><\/td>\n<td width=\"601\">100% Augsta kvalit\u0101te<\/td>\n<\/tr>\n<tr>\n<td width=\"146\"><strong><b>M<\/b><\/strong><strong><b>OQ:<\/b><\/strong><\/td>\n<td width=\"601\">200 gab.<\/td>\n<\/tr>\n<\/tbody>\n<\/table>","protected":false},"featured_media":1844,"template":"","meta":[],"product_brand":[],"product_cat":[38],"product_tag":[],"class_list":{"0":"post-1843","1":"product","2":"type-product","3":"status-publish","4":"has-post-thumbnail","6":"product_cat-mens-clothing","8":"first","9":"instock","10":"shipping-taxable","11":"product-type-simple"},"_links":{"self":[{"href":"https:\/\/mj-clothing.com\/lv\/wp-json\/wp\/v2\/product\/1843","targetHints":{"allow":["GET"]}}],"collection":[{"href":"https:\/\/mj-clothing.com\/lv\/wp-json\/wp\/v2\/product"}],"about":[{"href":"https:\/\/mj-clothing.com\/lv\/wp-json\/wp\/v2\/types\/product"}],"wp:featuredmedia":[{"embeddable":true,"href":"https:\/\/mj-clothing.com\/lv\/wp-json\/wp\/v2\/media\/1844"}],"wp:attachment":[{"href":"https:\/\/mj-clothing.com\/lv\/wp-json\/wp\/v2\/media?parent=1843"}],"wp:term":[{"taxonomy":"product_brand","embeddable":true,"href":"https:\/\/mj-clothing.com\/lv\/wp-json\/wp\/v2\/product_brand?post=1843"},{"taxonomy":"product_cat","embeddable":true,"href":"https:\/\/mj-clothing.com\/lv\/wp-json\/wp\/v2\/product_cat?post=1843"},{"taxonomy":"product_tag","embeddable":true,"href":"https:\/\/mj-clothing.com\/lv\/wp-json\/wp\/v2\/product_tag?post=1843"}],"curies":[{"name":"wp","href":"https:\/\/api.w.org\/{rel}","templated":true}]}}