{"id":1846,"date":"2024-12-16T03:37:19","date_gmt":"2024-12-16T03:37:19","guid":{"rendered":"https:\/\/mj-clothing.com\/?post_type=product&#038;p=1846"},"modified":"2024-12-17T06:24:41","modified_gmt":"2024-12-17T06:24:41","slug":"weighted-hoodie","status":"publish","type":"product","link":"https:\/\/mj-clothing.com\/lv\/manufacturer\/weighted-hoodie\/","title":{"rendered":"Sv\u0113rta jaka ar kapuci"},"content":{"rendered":"<p data-sourcepos=\"1:1-1:292\"><span class=\"citation-0 recitation citation-end-0\">Sv\u0113rta jaka ar kapuci ir ap\u0123\u0113rba veids, kura audum\u0101 ir iestr\u0101d\u0101ti sv\u0113rti materi\u0101li, parasti stikla lod\u012btes vai plastmasas lod\u012btes, lai nodro\u0161in\u0101tu nomierino\u0161u un piezem\u0113jo\u0161u efektu.<\/span> <span class=\"citation-1 recitation citation-end-1\">\u0160is maigais spiediens var pal\u012bdz\u0113t mazin\u0101t trauksmi, uzlabot koncentr\u0113\u0161an\u0101s sp\u0113jas un veicin\u0101t lab\u0101ku miegu.<\/span><span class=\"button-container hide-from-message-actions ng-star-inserted\"> \u00a0<\/span><\/p>\n<h3 data-sourcepos=\"3:1-3:38\"><strong>Galven\u0101s sv\u0113rtas jaka ar kapuci funkcijas:<\/strong><\/h3>\n<ul data-sourcepos=\"5:1-10:0\">\n<li data-sourcepos=\"5:1-5:145\"><strong>Sv\u0113rtie materi\u0101li:<\/strong> <span class=\"citation-2 recitation citation-end-2\">Mazas lod\u012btes vai lod\u012btes ir vienm\u0113r\u012bgi izvietotas vis\u0101 kapuci\u0146\u0101, nodro\u0161inot maigu, nomierino\u0161u spiedienu.<\/span><span class=\"button-container hide-from-message-actions ng-star-inserted\"> \u00a0<\/span>\n<div class=\"container ng-tns-c2946245707-171 hide\">\n<div class=\"carousel-container ng-tns-c2946245707-171\"><\/div>\n<\/div>\n<\/li>\n<li data-sourcepos=\"6:1-6:93\"><strong>Komforts:<\/strong> <span class=\"citation-3 recitation citation-end-3\">Mikcija ir izstr\u0101d\u0101ta t\u0101, lai t\u0101 b\u016btu m\u012bksta, m\u0101j\u012bga un \u0113rta valk\u0101\u0161anai.<\/span><span class=\"button-container hide-from-message-actions ng-star-inserted\"> \u00a0<\/span>\n<div class=\"container ng-tns-c2946245707-172 hide\">\n<div class=\"carousel-container ng-tns-c2946245707-172\"><\/div>\n<\/div>\n<\/li>\n<li data-sourcepos=\"7:1-7:108\"><strong>Daudzpus\u012bba:<\/strong> <span class=\"citation-4 recitation citation-end-4\">To var n\u0113s\u0101t dienas laik\u0101, lai atp\u016bstos, vai nakt\u012b, lai uzlabotu miegu.<\/span><span class=\"button-container hide-from-message-actions ng-star-inserted\"> \u00a0<\/span>\n<div class=\"container ng-tns-c2946245707-173 hide\">\n<div class=\"carousel-container ng-tns-c2946245707-173\"><\/div>\n<\/div>\n<\/li>\n<li data-sourcepos=\"8:1-8:127\"><strong>Nomierino\u0161a iedarb\u012bba:<\/strong> <span class=\"citation-5 recitation citation-end-5\">Svars var pal\u012bdz\u0113t mazin\u0101t stresu un trauksmi, veicinot miera un labsaj\u016btas saj\u016btu.<\/span><span class=\"button-container hide-from-message-actions ng-star-inserted\">\u00a0<\/span>\n<div class=\"container ng-tns-c2946245707-174 hide\">\n<div class=\"carousel-container ng-tns-c2946245707-174\"><\/div>\n<\/div>\n<\/li>\n<li data-sourcepos=\"9:1-10:0\"><strong><span class=\"citation-6 recitation\">Uzlabots fokuss:<\/span><\/strong><span class=\"citation-6 recitation citation-end-6\"> Maigais spiediens var pal\u012bdz\u0113t uzlabot uzman\u012bbu un koncentr\u0113\u0161anos.<\/span><span class=\"button-container hide-from-message-actions ng-star-inserted\"> \u00a0<\/span>\n<div class=\"container ng-tns-c2946245707-175 hide\">\n<div class=\"carousel-container ng-tns-c2946245707-175\"><\/div>\n<\/div>\n<\/li>\n<\/ul>\n<h3 data-sourcepos=\"11:1-11:36\"><strong>K\u0101 izv\u0113l\u0113ties sv\u0113rto kapuci:<\/strong><\/h3>\n<ul data-sourcepos=\"13:1-17:0\">\n<li data-sourcepos=\"13:1-13:82\"><strong>Svars:<\/strong> Kapuces svaram vajadz\u0113tu b\u016bt aptuveni 5-10% no j\u016bsu \u0137erme\u0146a svara.<\/li>\n<li data-sourcepos=\"14:1-14:75\"><strong>Materi\u0101ls:<\/strong> Mekl\u0113jiet m\u012bkstu, elpojo\u0161u materi\u0101lu, piem\u0113ram, kokvilnu vai vilnu.<\/li>\n<li data-sourcepos=\"15:1-15:92\"><strong>Svara sadal\u012bjums:<\/strong> P\u0101rliecinieties, ka svars ir vienm\u0113r\u012bgi sadal\u012bts vis\u0101 kapuci\u0146\u0101.<\/li>\n<li data-sourcepos=\"16:1-17:0\"><strong>Komforts:<\/strong> Mikinai ir j\u0101b\u016bt \u0113rti piegulo\u0161ai un ne p\u0101r\u0101k cie\u0161i piegu\u013co\u0161ai vai p\u0101r\u0101k va\u013c\u012bgai.<\/li>\n<\/ul>\n<h3 data-sourcepos=\"18:1-18:33\"><strong>K\u0101 lietot sv\u0113rto kapuci:<\/strong><\/h3>\n<ul data-sourcepos=\"20:1-23:0\">\n<li data-sourcepos=\"20:1-20:72\"><strong>Atp\u016bta:<\/strong> N\u0113s\u0101jiet \u0161o jaka ar kapuci, atp\u016b\u0161oties uz d\u012bv\u0101na vai gult\u0101.<\/li>\n<li data-sourcepos=\"21:1-21:81\"><strong><span class=\"citation-7 recitation\">Miegs:<\/span><\/strong><span class=\"citation-7 recitation citation-end-7\"> Izmantojiet kapuci k\u0101 miega pal\u012bgl\u012bdzekli, lai uzlabotu miega kvalit\u0101ti.<\/span><span class=\"button-container hide-from-message-actions ng-star-inserted\"> \u00a0<\/span>\n<div class=\"container ng-tns-c2946245707-176 hide\">\n<div class=\"carousel-container ng-tns-c2946245707-176\"><\/div>\n<\/div>\n<\/li>\n<li data-sourcepos=\"22:1-23:0\"><strong><span class=\"citation-8 recitation\">Fokuss:<\/span><\/strong><span class=\"citation-8 recitation citation-end-8\"> N\u0113s\u0101jiet kapuci, kam\u0113r m\u0101c\u0101ties, str\u0101d\u0101jat vai veicat citas darb\u012bbas, kas prasa koncentr\u0113\u0161anos.<\/span><span class=\"button-container hide-from-message-actions ng-star-inserted\">\u00a0 \u00a0<\/span>\n<div class=\"container ng-tns-c2946245707-177 hide\">\n<div class=\"carousel-container ng-tns-c2946245707-177\"><\/div>\n<\/div>\n<\/li>\n<\/ul>\n<h3 data-sourcepos=\"24:1-24:40\"><strong>Sv\u0113rtas jaka ar kapuci lieto\u0161anas priek\u0161roc\u012bbas:<\/strong><\/h3>\n<ul data-sourcepos=\"26:1-30:0\">\n<li data-sourcepos=\"26:1-26:92\"><strong>Samazin\u0101ta trauksme:<\/strong> <span class=\"citation-9 recitation citation-end-9\">Maigais spiediens var pal\u012bdz\u0113t nomierin\u0101t nervu sist\u0113mu.<\/span><span class=\"button-container hide-from-message-actions ng-star-inserted\"> \u00a0<\/span>\n<div class=\"container ng-tns-c2946245707-178 hide\">\n<div class=\"carousel-container ng-tns-c2946245707-178\"><\/div>\n<\/div>\n<\/li>\n<li data-sourcepos=\"27:1-27:87\"><strong><span class=\"citation-10 recitation\">Uzlabots miegs:<\/span><\/strong><span class=\"citation-10 recitation citation-end-10\"> Svars var veicin\u0101t dzi\u013c\u0101ku un mier\u012bg\u0101ku miegu.<\/span><span class=\"button-container hide-from-message-actions ng-star-inserted\">\u00a0<\/span>\n<div class=\"container ng-tns-c2946245707-179 hide\">\n<div class=\"carousel-container ng-tns-c2946245707-179\"><\/div>\n<\/div>\n<\/li>\n<li data-sourcepos=\"28:1-28:101\"><strong><span class=\"citation-11 recitation\">Lab\u0101ka koncentr\u0113\u0161an\u0101s:<\/span><\/strong><span class=\"citation-11 recitation citation-end-11\"> Spiediens var pal\u012bdz\u0113t uzlabot koncentr\u0113\u0161an\u0101s sp\u0113jas un uzman\u012bbu.<\/span><span class=\"button-container hide-from-message-actions ng-star-inserted\">\u00a0 \u00a0<\/span>\n<div class=\"container ng-tns-c2946245707-180 hide\">\n<div class=\"carousel-container ng-tns-c2946245707-180\"><\/div>\n<\/div>\n<\/li>\n<li data-sourcepos=\"29:1-30:0\"><strong><span class=\"citation-12 recitation\">Samazin\u0101ts stress:<\/span><\/strong><span class=\"citation-12 recitation citation-end-12\"> Svara nomierino\u0161ais efekts var pal\u012bdz\u0113t samazin\u0101t stresa l\u012bmeni.<\/span><span class=\"button-container hide-from-message-actions ng-star-inserted\">\u00a0<\/span>\n<div class=\"container ng-tns-c2946245707-181 hide\">\n<div class=\"carousel-container ng-tns-c2946245707-181\"><\/div>\n<\/div>\n<\/li>\n<\/ul>\n<p data-sourcepos=\"31:1-31:269\">Ja mekl\u0113jat dabisku veidu, k\u0101 mazin\u0101t stresu un trauksmi, labs risin\u0101jums var\u0113tu b\u016bt sv\u0113rta jaka ar kapuci. Tom\u0113r pirms sv\u0113rto izstr\u0101d\u0101jumu lieto\u0161anas ir svar\u012bgi konsult\u0113ties ar vesel\u012bbas apr\u016bpes speci\u0101listu, jo \u012bpa\u0161i, ja jums ir k\u0101di vesel\u012bbas trauc\u0113jumi.<\/p>","protected":false},"excerpt":{"rendered":"<table style=\"height: 478px;\" width=\"402\">\n<tbody>\n<tr>\n<td width=\"146\"><strong><b>Produkts<\/b><\/strong>\u00a0<strong><b>V\u0101rds un uzv\u0101rds:<\/b><\/strong><\/td>\n<td width=\"601\"><strong>Sv\u0113rta jaka ar kapuci<\/strong><\/td>\n<\/tr>\n<tr>\n<td width=\"146\"><strong><b>Materlal:<\/b><\/strong><\/td>\n<td width=\"601\">Poliesters\/kokvilna<\/td>\n<\/tr>\n<tr>\n<td width=\"146\"><strong><b>Tehnika:<\/b><\/strong><\/td>\n<td width=\"601\">Poligr\u0101fija un kr\u0101so\u0161ana<\/td>\n<\/tr>\n<tr>\n<td width=\"146\"><strong><b>Stils:<\/b><\/strong><\/td>\n<td width=\"601\">Gad\u012bjuma<\/td>\n<\/tr>\n<tr>\n<td width=\"146\"><strong><b>Kr\u0101sa<\/b><\/strong><strong><b>:<\/b><\/strong><\/td>\n<td width=\"601\">\u00a0Piel\u0101gotas kr\u0101sas<\/td>\n<\/tr>\n<tr>\n<td width=\"146\"><strong><b>Izm\u0113rs:<\/b><\/strong><\/td>\n<td width=\"601\">S \/M \/L \/XL \/2XL<\/td>\n<\/tr>\n<tr>\n<td width=\"146\"><strong><b>OEM\/ODM:<\/b><\/strong><\/td>\n<td width=\"601\">Pie\u0146emams<\/td>\n<\/tr>\n<tr>\n<td width=\"146\"><strong><b>Kvalit\u0101te:<\/b><\/strong><\/td>\n<td width=\"601\">100% Augsta kvalit\u0101te<\/td>\n<\/tr>\n<tr>\n<td width=\"146\"><strong><b>M<\/b><\/strong><strong><b>OQ:<\/b><\/strong><\/td>\n<td width=\"601\">200 gab.<\/td>\n<\/tr>\n<\/tbody>\n<\/table>","protected":false},"featured_media":1848,"template":"","meta":[],"product_brand":[],"product_cat":[38],"product_tag":[],"class_list":{"0":"post-1846","1":"product","2":"type-product","3":"status-publish","4":"has-post-thumbnail","6":"product_cat-mens-clothing","8":"first","9":"instock","10":"shipping-taxable","11":"product-type-simple"},"_links":{"self":[{"href":"https:\/\/mj-clothing.com\/lv\/wp-json\/wp\/v2\/product\/1846","targetHints":{"allow":["GET"]}}],"collection":[{"href":"https:\/\/mj-clothing.com\/lv\/wp-json\/wp\/v2\/product"}],"about":[{"href":"https:\/\/mj-clothing.com\/lv\/wp-json\/wp\/v2\/types\/product"}],"wp:featuredmedia":[{"embeddable":true,"href":"https:\/\/mj-clothing.com\/lv\/wp-json\/wp\/v2\/media\/1848"}],"wp:attachment":[{"href":"https:\/\/mj-clothing.com\/lv\/wp-json\/wp\/v2\/media?parent=1846"}],"wp:term":[{"taxonomy":"product_brand","embeddable":true,"href":"https:\/\/mj-clothing.com\/lv\/wp-json\/wp\/v2\/product_brand?post=1846"},{"taxonomy":"product_cat","embeddable":true,"href":"https:\/\/mj-clothing.com\/lv\/wp-json\/wp\/v2\/product_cat?post=1846"},{"taxonomy":"product_tag","embeddable":true,"href":"https:\/\/mj-clothing.com\/lv\/wp-json\/wp\/v2\/product_tag?post=1846"}],"curies":[{"name":"wp","href":"https:\/\/api.w.org\/{rel}","templated":true}]}}