{"id":1859,"date":"2024-12-16T06:23:43","date_gmt":"2024-12-16T06:23:43","guid":{"rendered":"https:\/\/mj-clothing.com\/?post_type=product&#038;p=1859"},"modified":"2024-12-17T06:20:37","modified_gmt":"2024-12-17T06:20:37","slug":"white-crew-neck-sweatshirt","status":"publish","type":"product","link":"https:\/\/mj-clothing.com\/lv\/manufacturer\/white-crew-neck-sweatshirt\/","title":{"rendered":"Balts d\u017eemperis ar apkakles kaklu"},"content":{"rendered":"<p data-sourcepos=\"1:1-1:170\"><span class=\"citation-0 recitation citation-end-0\">Balts treni\u0146t\u012bkls ar ekip\u0101\u017eas kaklu ir klasisks un univers\u0101ls ap\u0123\u0113rba gabals, ko var valk\u0101t gan uz aug\u0161u, gan uz leju.<\/span> Tas ir garderobes \u0161t\u0101bs, ko var valk\u0101t visu gadu.<span class=\"button-container hide-from-message-actions ng-star-inserted\"> \u00a0<\/span><\/p>\n<h3 data-sourcepos=\"3:1-3:49\"><strong>Balt\u0101 d\u017eempera ar apkakles kaklu galven\u0101s iez\u012bmes:<\/strong><\/h3>\n<ul data-sourcepos=\"5:1-9:0\">\n<li data-sourcepos=\"5:1-5:89\"><strong>Vienk\u0101r\u0161s dizains:<\/strong> Klasisks, minim\u0101listisks dizains ar apa\u013cu izgriezumu un gar\u0101m piedurkn\u0113m.<\/li>\n<li data-sourcepos=\"6:1-6:97\"><strong>Komforts:<\/strong> <span class=\"citation-1 recitation citation-end-1\">Parasti izgatavotas no m\u012bkstiem, elpojo\u0161iem materi\u0101liem, piem\u0113ram, kokvilnas vai vilnas.<\/span><span class=\"button-container hide-from-message-actions ng-star-inserted\"> \u00a0<\/span>\n<div class=\"container ng-tns-c2946245707-216 hide\">\n<div class=\"carousel-container ng-tns-c2946245707-216\"><\/div>\n<\/div>\n<\/li>\n<li data-sourcepos=\"7:1-7:91\"><strong><span class=\"citation-2 recitation\">Daudzpus\u012bba:<\/span><\/strong><span class=\"citation-2 recitation citation-end-2\"> Var kombin\u0113t ar d\u017einsiem, legingiem, sv\u0101rkiem vai kleitu biks\u0113m.<\/span>\n<div class=\"container ng-tns-c2946245707-217 hide\">\n<div class=\"carousel-container ng-tns-c2946245707-217\"><\/div>\n<\/div>\n<\/li>\n<li data-sourcepos=\"8:1-9:0\"><strong>Bez laika:<\/strong> M\u016b\u017e\u012bgs izstr\u0101d\u0101jums, kas nekad neiziet no modes.<\/li>\n<\/ul>\n<h3 data-sourcepos=\"10:1-10:46\"><strong>K\u0101 stiliz\u0113t baltu d\u017eemperi ar apkakles kaklu:<\/strong><\/h3>\n<p data-sourcepos=\"12:1-12:66\">L\u016bk, da\u017eas idejas, k\u0101 stiliz\u0113t baltu d\u017eemperi ar kaklu:<\/p>\n<ul data-sourcepos=\"14:1-18:0\">\n<li data-sourcepos=\"14:1-14:67\"><strong>Gad\u012bjuma raksturs:<\/strong> Savienojiet to ar d\u017einsiem un ked\u0101m, lai veidotu nesteidz\u012bgu izskatu.<\/li>\n<li data-sourcepos=\"15:1-15:69\"><strong>Sportisks:<\/strong> Valk\u0101jiet to kop\u0101 ar treni\u0146biks\u0113m vai legingiem un sporta apaviem.<\/li>\n<li data-sourcepos=\"16:1-16:73\"><strong>Elegants ikdienas ap\u0123\u0113rbs:<\/strong> Papildini to ar \u017eaket\u012bti, kleitas biks\u0113m un mokas\u012bniem.<\/li>\n<li data-sourcepos=\"17:1-18:0\"><strong>Daudzsl\u0101\u0146ains:<\/strong> Uzlieciet to zem d\u017einsa jakas vai \u0101das jakas, lai ieg\u016btu stil\u012bgu izskatu.<\/li>\n<\/ul>\n<h3 data-sourcepos=\"19:1-19:51\"><strong>Padomi, k\u0101 izv\u0113l\u0113ties baltu treni\u0146t\u0113rpu ar kaklu:<\/strong><\/h3>\n<ul data-sourcepos=\"21:1-24:0\">\n<li data-sourcepos=\"21:1-21:88\"><strong>Materi\u0101ls:<\/strong> Mekl\u0113jiet m\u012bkstu, augstas kvalit\u0101tes materi\u0101lu, kas b\u016bs \u0113rts valk\u0101\u0161anai.<\/li>\n<li data-sourcepos=\"22:1-22:109\"><strong>Piem\u0113rots:<\/strong> Izv\u0113lieties savam stilam atbilsto\u0161u piegriezumu. Varat izv\u0113l\u0113ties br\u012bv\u0101ku piegriezumu vai piegulo\u0161\u0101ku stilu.<\/li>\n<li data-sourcepos=\"23:1-24:0\"><strong>Apr\u016bpe:<\/strong> Iev\u0113rojiet uz eti\u0137etes sniegtos kop\u0161anas nor\u0101d\u012bjumus, lai saglab\u0101tu savu d\u017eemperi vislab\u0101kaj\u0101 izskat\u0101.<\/li>\n<\/ul>\n<p data-sourcepos=\"25:1-25:101\">Iev\u0113rojot \u0161os padomus, j\u016bs varat atrast perfektu baltu d\u017eemperi ar kakla izgriezumu, kas papildin\u0101s j\u016bsu garderobi.<\/p>","protected":false},"excerpt":{"rendered":"<table style=\"height: 481px;\" width=\"465\">\n<tbody>\n<tr>\n<td width=\"146\"><strong><b>Produkts<\/b><\/strong>\u00a0<strong><b>V\u0101rds un uzv\u0101rds:<\/b><\/strong><\/td>\n<td width=\"601\"><strong>Balts d\u017eemperis ar apkakles kaklu<\/strong><\/td>\n<\/tr>\n<tr>\n<td width=\"146\"><strong><b>Materlal:<\/b><\/strong><\/td>\n<td width=\"601\">Poliesters\/kokvilna<\/td>\n<\/tr>\n<tr>\n<td width=\"146\"><strong><b>Tehnika:<\/b><\/strong><\/td>\n<td width=\"601\">Poligr\u0101fija un kr\u0101so\u0161ana<\/td>\n<\/tr>\n<tr>\n<td width=\"146\"><strong><b>Stils:<\/b><\/strong><\/td>\n<td width=\"601\">Gad\u012bjuma<\/td>\n<\/tr>\n<tr>\n<td width=\"146\"><strong><b>Kr\u0101sa<\/b><\/strong><strong><b>:<\/b><\/strong><\/td>\n<td width=\"601\">\u00a0Piel\u0101gotas kr\u0101sas<\/td>\n<\/tr>\n<tr>\n<td width=\"146\"><strong><b>Izm\u0113rs:<\/b><\/strong><\/td>\n<td width=\"601\">S \/M \/L \/XL \/2XL<\/td>\n<\/tr>\n<tr>\n<td width=\"146\"><strong><b>OEM\/ODM:<\/b><\/strong><\/td>\n<td width=\"601\">Pie\u0146emams<\/td>\n<\/tr>\n<tr>\n<td width=\"146\"><strong><b>Kvalit\u0101te:<\/b><\/strong><\/td>\n<td width=\"601\">100% Augsta kvalit\u0101te<\/td>\n<\/tr>\n<tr>\n<td width=\"146\"><strong><b>M<\/b><\/strong><strong><b>OQ:<\/b><\/strong><\/td>\n<td width=\"601\">200 gab.<\/td>\n<\/tr>\n<\/tbody>\n<\/table>","protected":false},"featured_media":1860,"template":"","meta":[],"product_brand":[],"product_cat":[38],"product_tag":[],"class_list":{"0":"post-1859","1":"product","2":"type-product","3":"status-publish","4":"has-post-thumbnail","6":"product_cat-mens-clothing","8":"first","9":"instock","10":"shipping-taxable","11":"product-type-simple"},"_links":{"self":[{"href":"https:\/\/mj-clothing.com\/lv\/wp-json\/wp\/v2\/product\/1859","targetHints":{"allow":["GET"]}}],"collection":[{"href":"https:\/\/mj-clothing.com\/lv\/wp-json\/wp\/v2\/product"}],"about":[{"href":"https:\/\/mj-clothing.com\/lv\/wp-json\/wp\/v2\/types\/product"}],"wp:featuredmedia":[{"embeddable":true,"href":"https:\/\/mj-clothing.com\/lv\/wp-json\/wp\/v2\/media\/1860"}],"wp:attachment":[{"href":"https:\/\/mj-clothing.com\/lv\/wp-json\/wp\/v2\/media?parent=1859"}],"wp:term":[{"taxonomy":"product_brand","embeddable":true,"href":"https:\/\/mj-clothing.com\/lv\/wp-json\/wp\/v2\/product_brand?post=1859"},{"taxonomy":"product_cat","embeddable":true,"href":"https:\/\/mj-clothing.com\/lv\/wp-json\/wp\/v2\/product_cat?post=1859"},{"taxonomy":"product_tag","embeddable":true,"href":"https:\/\/mj-clothing.com\/lv\/wp-json\/wp\/v2\/product_tag?post=1859"}],"curies":[{"name":"wp","href":"https:\/\/api.w.org\/{rel}","templated":true}]}}