{"id":1861,"date":"2024-12-16T06:40:02","date_gmt":"2024-12-16T06:40:02","guid":{"rendered":"https:\/\/mj-clothing.com\/?post_type=product&#038;p=1861"},"modified":"2024-12-17T06:17:43","modified_gmt":"2024-12-17T06:17:43","slug":"couple-sweatshirt","status":"publish","type":"product","link":"https:\/\/mj-clothing.com\/lv\/manufacturer\/couple-sweatshirt\/","title":{"rendered":"P\u0101ra sporta krekls"},"content":{"rendered":"<p data-sourcepos=\"1:1-1:238\">P\u0101ru d\u017eemperi ir popul\u0101ra tendence, kas \u013cauj p\u0101riem paust savu m\u012blest\u012bbu un saikni, izmantojot saska\u0146otu vai papildino\u0161u ap\u0123\u0113rbu. Tie ir da\u017e\u0101du stilu, kr\u0101su un dizainu, kas atbilst da\u017e\u0101d\u0101m v\u0113lm\u0113m un gad\u012bjumiem.<\/p>\n<h3 data-sourcepos=\"3:1-3:39\"><strong>P\u0101ru d\u017eemperu galven\u0101s iez\u012bmes:<\/strong><\/h3>\n<ul data-sourcepos=\"5:1-10:0\">\n<li data-sourcepos=\"5:1-5:109\"><strong>Atbilsto\u0161i dizaini:<\/strong> Bie\u017ei vien tiem ir saska\u0146oti raksti, kr\u0101sas vai fr\u0101zes, kas simboliz\u0113 p\u0101ra saikni.<\/li>\n<li data-sourcepos=\"6:1-6:134\"><strong>Papildu dizaini:<\/strong> Var b\u016bt da\u017e\u0101di, bet saist\u012bti dizaini, piem\u0113ram, \"karalis\" un \"karaliene\", \"Yin\" un \"Yang\" vai \"Vi\u0146a\" un \"Vi\u0146\u0161\".<\/li>\n<li data-sourcepos=\"7:1-7:105\"><strong>Personaliz\u0113ti zi\u0146ojumi:<\/strong> Var piel\u0101got ar v\u0101rdiem, inici\u0101\u013ciem, \u012bpa\u0161iem datumiem vai person\u012bgiem v\u0113st\u012bjumiem.<\/li>\n<li data-sourcepos=\"8:1-8:95\"><strong>\u0112rti materi\u0101li:<\/strong> Parasti izgatavoti no m\u012bkstiem un m\u0101j\u012bgiem materi\u0101liem, piem\u0113ram, kokvilnas vai vilnas.<\/li>\n<li data-sourcepos=\"9:1-10:0\"><strong>Daudzpus\u012bgi stili:<\/strong> Pieejami da\u017e\u0101di stili, tostarp jaka ar kapuci, vimpe\u013ci un d\u017eemperi.<\/li>\n<\/ul>\n<h3 data-sourcepos=\"11:1-11:36\"><strong>Kur ieg\u0101d\u0101ties p\u0101ru treni\u0146kreklus:<\/strong><\/h3>\n<ul data-sourcepos=\"13:1-16:0\">\n<li data-sourcepos=\"13:1-13:121\"><strong>Tie\u0161saistes mazumtirgot\u0101ji:<\/strong> T\u0101das vietnes k\u0101 Etsy, Amazon un specializ\u0113tie p\u0101ru ap\u0123\u0113rbu veikali pied\u0101v\u0101 pla\u0161u iesp\u0113ju kl\u0101stu.<\/li>\n<li data-sourcepos=\"14:1-14:94\"><strong>Fiziskie veikali:<\/strong> Apmekl\u0113jiet viet\u0113jos veikalus un univers\u0101lveikalus, lai iepirktos kl\u0101tien\u0113.<\/li>\n<li data-sourcepos=\"15:1-16:0\"><strong>Piel\u0101gotas drukas pakalpojumi:<\/strong> Izveidojiet personaliz\u0113tus p\u0101ru sporta kreklus ar piel\u0101gotiem dizainparaugiem un v\u0113st\u012bjumiem.<\/li>\n<\/ul>\n<h3 data-sourcepos=\"17:1-17:41\"><strong>Padomi p\u0101ru treni\u0146t\u0113rpu izv\u0113lei:<\/strong><\/h3>\n<ul data-sourcepos=\"19:1-24:0\">\n<li data-sourcepos=\"19:1-19:99\"><strong>Apsveriet savu stilu:<\/strong> Izv\u0113lieties stilu, kas atspogu\u013co j\u016bsu person\u012bg\u0101s v\u0113lmes un konkr\u0113to gad\u012bjumu.<\/li>\n<li data-sourcepos=\"20:1-20:97\"><strong>Izv\u0113lieties pareizo materi\u0101lu:<\/strong> Izv\u0113lieties \u0113rtus un iztur\u012bgus materi\u0101lus, piem\u0113ram, kokvilnu vai vilnu.<\/li>\n<li data-sourcepos=\"21:1-21:65\"><strong>P\u0101rbaudiet izm\u0113ru:<\/strong> Nodro\u0161iniet prec\u012bzu izm\u0113ru noteik\u0161anu abiem partneriem.<\/li>\n<li data-sourcepos=\"22:1-22:89\"><strong>Personaliz\u0113jiet savus treni\u0146kreklus:<\/strong> Pievienojiet personisku piesk\u0101rienu ar piel\u0101gotiem v\u0113st\u012bjumiem vai dizainparaugiem.<\/li>\n<li data-sourcepos=\"23:1-24:0\"><strong>Saska\u0146ojiet ar partneri:<\/strong> Apspriediet savas v\u0113lmes un saska\u0146ojiet t\u0113rpus.<\/li>\n<\/ul>\n<p data-sourcepos=\"25:1-25:123\">Izv\u0113loties pareizos p\u0101ra sporta kreklus, j\u016bs varat izveidot unik\u0101lu un stil\u012bgu izskatu, kas atspogu\u013co j\u016bsu m\u012blest\u012bbu un saikni.<\/p>","protected":false},"excerpt":{"rendered":"<table style=\"height: 499px;\" width=\"433\">\n<tbody>\n<tr>\n<td width=\"146\"><strong><b>Produkts<\/b><\/strong>\u00a0<strong><b>V\u0101rds un uzv\u0101rds:<\/b><\/strong><\/td>\n<td width=\"601\"><strong>P\u0101ra sporta krekls<\/strong><\/td>\n<\/tr>\n<tr>\n<td width=\"146\"><strong><b>Materlal:<\/b><\/strong><\/td>\n<td width=\"601\">Poliesters\/kokvilna<\/td>\n<\/tr>\n<tr>\n<td width=\"146\"><strong><b>Tehnika:<\/b><\/strong><\/td>\n<td width=\"601\">Poligr\u0101fija un kr\u0101so\u0161ana<\/td>\n<\/tr>\n<tr>\n<td width=\"146\"><strong><b>Stils:<\/b><\/strong><\/td>\n<td width=\"601\">Gad\u012bjuma<\/td>\n<\/tr>\n<tr>\n<td width=\"146\"><strong><b>Kr\u0101sa<\/b><\/strong><strong><b>:<\/b><\/strong><\/td>\n<td width=\"601\">\u00a0Piel\u0101gotas kr\u0101sas<\/td>\n<\/tr>\n<tr>\n<td width=\"146\"><strong><b>Izm\u0113rs:<\/b><\/strong><\/td>\n<td width=\"601\">S \/M \/L \/XL \/2XL<\/td>\n<\/tr>\n<tr>\n<td width=\"146\"><strong><b>OEM\/ODM:<\/b><\/strong><\/td>\n<td width=\"601\">Pie\u0146emams<\/td>\n<\/tr>\n<tr>\n<td width=\"146\"><strong><b>Kvalit\u0101te:<\/b><\/strong><\/td>\n<td width=\"601\">100% Augsta kvalit\u0101te<\/td>\n<\/tr>\n<tr>\n<td width=\"146\"><strong><b>M<\/b><\/strong><strong><b>OQ:<\/b><\/strong><\/td>\n<td width=\"601\">200 gab.<\/td>\n<\/tr>\n<\/tbody>\n<\/table>","protected":false},"featured_media":1862,"template":"","meta":[],"product_brand":[],"product_cat":[38],"product_tag":[],"class_list":{"0":"post-1861","1":"product","2":"type-product","3":"status-publish","4":"has-post-thumbnail","6":"product_cat-mens-clothing","8":"first","9":"instock","10":"shipping-taxable","11":"product-type-simple"},"_links":{"self":[{"href":"https:\/\/mj-clothing.com\/lv\/wp-json\/wp\/v2\/product\/1861","targetHints":{"allow":["GET"]}}],"collection":[{"href":"https:\/\/mj-clothing.com\/lv\/wp-json\/wp\/v2\/product"}],"about":[{"href":"https:\/\/mj-clothing.com\/lv\/wp-json\/wp\/v2\/types\/product"}],"wp:featuredmedia":[{"embeddable":true,"href":"https:\/\/mj-clothing.com\/lv\/wp-json\/wp\/v2\/media\/1862"}],"wp:attachment":[{"href":"https:\/\/mj-clothing.com\/lv\/wp-json\/wp\/v2\/media?parent=1861"}],"wp:term":[{"taxonomy":"product_brand","embeddable":true,"href":"https:\/\/mj-clothing.com\/lv\/wp-json\/wp\/v2\/product_brand?post=1861"},{"taxonomy":"product_cat","embeddable":true,"href":"https:\/\/mj-clothing.com\/lv\/wp-json\/wp\/v2\/product_cat?post=1861"},{"taxonomy":"product_tag","embeddable":true,"href":"https:\/\/mj-clothing.com\/lv\/wp-json\/wp\/v2\/product_tag?post=1861"}],"curies":[{"name":"wp","href":"https:\/\/api.w.org\/{rel}","templated":true}]}}