{"id":1878,"date":"2024-12-16T07:13:21","date_gmt":"2024-12-16T07:13:21","guid":{"rendered":"https:\/\/mj-clothing.com\/?post_type=product&#038;p=1878"},"modified":"2024-12-17T03:45:36","modified_gmt":"2024-12-17T03:45:36","slug":"sewing-patterns-for-womens-tops","status":"publish","type":"product","link":"https:\/\/mj-clothing.com\/lv\/manufacturer\/sewing-patterns-for-womens-tops\/","title":{"rendered":"\u0160\u016b\u0161anas mode\u013ci sievie\u0161u topi"},"content":{"rendered":"<p data-sourcepos=\"1:1-1:100\">Ir \u0161\u016b\u0161anas mode\u013ci Sievie\u0161u topi \u0161\u016b\u0161anas mode\u013ci sievie\u0161u topi. \u0160eit ir da\u017eas popul\u0101ras iesp\u0113jas:<\/p>\n<h2 data-sourcepos=\"3:1-3:29\"><strong>Sievie\u0161u topi \u0161\u016b\u0161anas mode\u013ci tie\u0161saist\u0113:<\/strong><\/h2>\n<ul data-sourcepos=\"5:1-15:0\">\n<li data-sourcepos=\"5:1-6:37\"><strong>Vienk\u0101r\u0161\u012bba:<\/strong> Pied\u0101v\u0101 pla\u0161u mode\u013cu kl\u0101stu visiem prasmju l\u012bme\u0146iem, tostarp topi, bl\u016bzes un tunikas.<\/li>\n<li data-sourcepos=\"5:1-6:37\"><strong style=\"font-size: 14.4px;\">McCall's:<\/strong><span style=\"font-size: 14.4px;\"> Zin\u0101ms ar saviem stil\u012bgajiem un modernajiem mode\u013ciem, tostarp topi ar da\u017e\u0101da garuma piedurkn\u0113m, izgriezumiem un deta\u013c\u0101m.<\/span><\/li>\n<li data-sourcepos=\"5:1-6:37\"><strong style=\"font-size: 14.4px;\">Vogue mode\u013ci:<\/strong><span style=\"font-size: 14.4px;\"> Pied\u0101v\u0101 augstas modes mode\u013cus pieredz\u0113ju\u0161\u0101m \u0161uv\u0113j\u0101m, tostarp sare\u017e\u0123\u012btas bl\u016bzes un topi ar unik\u0101lu dizainu.<\/span><\/li>\n<li data-sourcepos=\"5:1-6:37\"><strong style=\"font-size: 14.4px;\">BurdaStyle:<\/strong><span style=\"font-size: 14.4px;\"> Pied\u0101v\u0101 da\u017e\u0101dus mode\u013cus, no klasiskiem l\u012bdz moderniem, ar skaidriem nor\u0101d\u012bjumiem un detaliz\u0113t\u0101m ilustr\u0101cij\u0101m.<\/span><\/li>\n<li data-sourcepos=\"5:1-6:37\"><strong style=\"font-size: 14.4px;\">Jauns izskats:<\/strong><span style=\"font-size: 14.4px;\"> Nodro\u0161ina pieejamu un viegli sekot mode\u013cus, tostarp pamata topi, bl\u016bzes un tunikas.<\/span>\n<div class=\"attachment-container search-images\">\n<div class=\"image-container hide-from-message-actions ng-star-inserted\">\n<div class=\"caption ellipsis gmat-caption ng-star-inserted\" aria-hidden=\"true\"><\/div>\n<\/div>\n<\/div>\n<\/li>\n<\/ul>\n<h3><strong>Neatkar\u012bgi \u0161\u016b\u0161anas mode\u013ci sievie\u0161u topi Pattern dizaineri:<\/strong><\/h3>\n<ul data-sourcepos=\"18:1-26:0\">\n<li data-sourcepos=\"18:1-19:43\"><strong>Grainline Studio:<\/strong> Paz\u012bstams ar labi izstr\u0101d\u0101tiem mode\u013ciem un modernu dizainu.<\/li>\n<li data-sourcepos=\"18:1-19:43\"><strong style=\"font-size: 14.4px;\">Sew Liberated:<\/strong><span style=\"font-size: 14.4px;\"> Pied\u0101v\u0101 visaptvero\u0161us mode\u013cus visiem \u0137erme\u0146a tipiem, tostarp topus ar da\u017e\u0101d\u0101m fit un stila iesp\u0113j\u0101m.<\/span><\/li>\n<li data-sourcepos=\"18:1-19:43\"><strong style=\"font-size: 14.4px;\">Piektdiena Pattern Company:<\/strong><span style=\"font-size: 14.4px;\"> Pied\u0101v\u0101 stil\u012bgus un modernus mode\u013cus, tostarp topus ar unik\u0101l\u0101m deta\u013c\u0101m un interesantiem siluetiem.<\/span><\/li>\n<li data-sourcepos=\"18:1-19:43\"><strong style=\"font-size: 14.4px;\">Megana N\u012blsena:<\/strong><span style=\"font-size: 14.4px;\"> Pied\u0101v\u0101 labi izstr\u0101d\u0101tus piegrieztnes mode\u013cus, galveno uzman\u012bbu piev\u0113r\u0161ot piem\u0113ro\u0161anai un stilam.<\/span>\n<div class=\"attachment-container search-images\">\n<div class=\"image-container hide-from-message-actions ng-star-inserted\">\n<div class=\"caption ellipsis gmat-caption ng-star-inserted\" aria-hidden=\"true\"><\/div>\n<\/div>\n<\/div>\n<\/li>\n<\/ul>","protected":false},"excerpt":{"rendered":"<table style=\"height: 475px;\" width=\"411\">\n<tbody>\n<tr>\n<td width=\"146\"><strong><b>Produkts<\/b><\/strong>\u00a0<strong><b>V\u0101rds un uzv\u0101rds:<\/b><\/strong><\/td>\n<td width=\"601\"><strong>\u0160\u016b\u0161anas mode\u013ci sievie\u0161u topi<\/strong><\/td>\n<\/tr>\n<tr>\n<td width=\"146\"><strong><b>Materlal:<\/b><\/strong><\/td>\n<td width=\"601\">Ad\u012b\u0161ana<\/td>\n<\/tr>\n<tr>\n<td width=\"146\"><strong><b>Tehnika:<\/b><\/strong><\/td>\n<td width=\"601\">Iz\u0161\u016bti<\/td>\n<\/tr>\n<tr>\n<td width=\"146\"><strong><b>Stils:<\/b><\/strong><\/td>\n<td width=\"601\">Gad\u012bjuma<\/td>\n<\/tr>\n<tr>\n<td width=\"146\"><strong><b>Kr\u0101sa<\/b><\/strong><strong><b>:<\/b><\/strong><\/td>\n<td width=\"601\">\u00a0Piel\u0101gotas kr\u0101sas<\/td>\n<\/tr>\n<tr>\n<td width=\"146\"><strong><b>Izm\u0113rs:<\/b><\/strong><\/td>\n<td width=\"601\">S \/M \/L \/XL \/2XL<\/td>\n<\/tr>\n<tr>\n<td width=\"146\"><strong><b>OEM\/ODM:<\/b><\/strong><\/td>\n<td width=\"601\">Pie\u0146emams<\/td>\n<\/tr>\n<tr>\n<td width=\"146\"><strong><b>Kvalit\u0101te:<\/b><\/strong><\/td>\n<td width=\"601\">100% Augsta kvalit\u0101te<\/td>\n<\/tr>\n<tr>\n<td width=\"146\"><strong><b>M<\/b><\/strong><strong><b>OQ:<\/b><\/strong><\/td>\n<td width=\"601\">200 gab.<\/td>\n<\/tr>\n<\/tbody>\n<\/table>","protected":false},"featured_media":1881,"template":"","meta":[],"product_brand":[],"product_cat":[39],"product_tag":[],"class_list":{"0":"post-1878","1":"product","2":"type-product","3":"status-publish","4":"has-post-thumbnail","6":"product_cat-womens-clothing","8":"first","9":"instock","10":"shipping-taxable","11":"product-type-simple"},"_links":{"self":[{"href":"https:\/\/mj-clothing.com\/lv\/wp-json\/wp\/v2\/product\/1878","targetHints":{"allow":["GET"]}}],"collection":[{"href":"https:\/\/mj-clothing.com\/lv\/wp-json\/wp\/v2\/product"}],"about":[{"href":"https:\/\/mj-clothing.com\/lv\/wp-json\/wp\/v2\/types\/product"}],"wp:featuredmedia":[{"embeddable":true,"href":"https:\/\/mj-clothing.com\/lv\/wp-json\/wp\/v2\/media\/1881"}],"wp:attachment":[{"href":"https:\/\/mj-clothing.com\/lv\/wp-json\/wp\/v2\/media?parent=1878"}],"wp:term":[{"taxonomy":"product_brand","embeddable":true,"href":"https:\/\/mj-clothing.com\/lv\/wp-json\/wp\/v2\/product_brand?post=1878"},{"taxonomy":"product_cat","embeddable":true,"href":"https:\/\/mj-clothing.com\/lv\/wp-json\/wp\/v2\/product_cat?post=1878"},{"taxonomy":"product_tag","embeddable":true,"href":"https:\/\/mj-clothing.com\/lv\/wp-json\/wp\/v2\/product_tag?post=1878"}],"curies":[{"name":"wp","href":"https:\/\/api.w.org\/{rel}","templated":true}]}}