{"id":1891,"date":"2024-12-16T07:27:51","date_gmt":"2024-12-16T07:27:51","guid":{"rendered":"https:\/\/mj-clothing.com\/?post_type=product&#038;p=1891"},"modified":"2024-12-17T03:45:11","modified_gmt":"2024-12-17T03:45:11","slug":"african-print-womens-tops","status":"publish","type":"product","link":"https:\/\/mj-clothing.com\/lv\/manufacturer\/african-print-womens-tops\/","title":{"rendered":"\u0100frikas drukas sievie\u0161u topi"},"content":{"rendered":"<div id=\"model-response-message-contentr_ec3773cab81b3474\" class=\"markdown markdown-main-panel response-optimization\" dir=\"ltr\">\n<p data-sourcepos=\"1:1-1:255\"><span class=\"citation-0 recitation citation-end-0\">Sievie\u0161u topi ar afrik\u0101\u0146u apdruku ir spilgti un stil\u012bgi ap\u0123\u0113rbi, kas cildina \u0100frikas bag\u0101to kult\u016bras mantojumu.<\/span> <span class=\"citation-1 recitation citation-end-1\">\u0160ie topi bie\u017ei tiek darin\u0101ti no Ankaras auduma - kr\u0101saina un rakstaina kokvilnas auduma, kas ir popul\u0101rs Rietum\u0101frik\u0101.<\/span><span class=\"button-container hide-from-message-actions ng-star-inserted\">\u00a0 \u00a0<\/span><\/p>\n<h3 data-sourcepos=\"5:1-5:58\">Sievie\u0161u topi ar afrik\u0101\u0146u apdruku ir pieejami da\u017e\u0101dos stilos, tostarp:<\/h3>\n<ul data-sourcepos=\"7:1-11:0\">\n<li data-sourcepos=\"7:1-7:88\"><strong>Bl\u016bzes:<\/strong> \u0160ie topi bie\u017ei ir piegulo\u0161i, un tos var valk\u0101t kop\u0101 ar sv\u0101rkiem, biks\u0113m vai d\u017einsiem.<\/li>\n<li data-sourcepos=\"8:1-8:80\"><strong>Kleitas:<\/strong> \u0100frikas rakstu kleitas ir popul\u0101ra izv\u0113le \u012bpa\u0161iem gad\u012bjumiem.<\/li>\n<li data-sourcepos=\"9:1-9:77\"><strong><span class=\"citation-2 recitation\">T-krekli:<\/span><\/strong><span class=\"citation-2 recitation citation-end-2\"> \u0160ie ikdienas topi ir lieliski piem\u0113roti ikdienas valk\u0101\u0161anai.<\/span><span class=\"button-container hide-from-message-actions ng-star-inserted\"> \u00a0<\/span><\/li>\n<li data-sourcepos=\"9:1-9:77\"><strong style=\"font-size: 14.4px;\"><span class=\"citation-3 recitation\">L\u0113ciena t\u0113rpi:<\/span><\/strong><span class=\"citation-3 recitation citation-end-3\" style=\"font-size: 14.4px;\"> \u0160ie stil\u012bgie kombinezoni ir lieliski piem\u0113roti nakts izbraucieniem.<\/span><span class=\"button-container hide-from-message-actions ng-star-inserted\" style=\"font-size: 14.4px;\">\u00a0\u00a0<\/span>\n<div class=\"container ng-tns-c2946245707-271 hide\">\n<div class=\"carousel-container ng-tns-c2946245707-271\">\n<div class=\"carousel-content ng-tns-c2946245707-271\">\n<div class=\"sources-carousel-source ng-tns-c2946245707-271 hide ng-star-inserted\" data-test-id=\"sources-carousel-source\"><\/div>\n<\/div>\n<\/div>\n<\/div>\n<\/li>\n<\/ul>\n<p data-sourcepos=\"12:1-12:147\">\u0100frikas apdrukas topi ir ne tikai skaisti, bet ar\u012b \u0113rti un daudzpus\u012bgi. Tos var valk\u0101t gan uz aug\u0161u, gan uz leju, t\u0101p\u0113c tie ir lieliski piem\u0113roti jebkuram gad\u012bjumam.<\/p>\n<h3 data-sourcepos=\"14:1-14:50\">\u0160eit ir sniegti da\u017ei padomi, k\u0101 veidot \u0100frikas drukas sievie\u0161u topi:<\/h3>\n<ul data-sourcepos=\"16:1-20:0\">\n<li data-sourcepos=\"16:1-16:100\"><strong>Kombin\u0113jiet un saska\u0146ojiet:<\/strong> Nebaidieties afrik\u0101\u0146u rakstus kombin\u0113t ar citiem rakstiem un kr\u0101s\u0101m.<\/li>\n<li data-sourcepos=\"17:1-17:102\"><strong><span class=\"citation-4 recitation\">Izveidojiet aksesu\u0101rus:<\/span><\/strong><span class=\"citation-4 recitation citation-end-4\"> Papildini savu izskatu ar aksesu\u0101riem, piem\u0113ram, rotasliet\u0101m, \u0161all\u0113m un cepur\u0113m.<\/span><span class=\"button-container hide-from-message-actions ng-star-inserted\"> \u00a0<\/span><\/li>\n<li data-sourcepos=\"17:1-17:102\"><strong style=\"font-size: 14.4px;\">Vienk\u0101r\u0161i:<\/strong><span style=\"font-size: 14.4px;\"> Ja uzvelkat drosm\u012bgu afrik\u0101\u0146u rakstainu topu, p\u0101r\u0113jo ap\u0123\u0113rba da\u013cu izv\u0113lieties vienk\u0101r\u0161u.<\/span><\/li>\n<li data-sourcepos=\"19:1-20:0\"><strong>Pie\u013caujiet savu individualit\u0101ti:<\/strong> <span class=\"citation-5 recitation citation-end-5\">\u0100frikas raksta topi ir lielisks veids, k\u0101 izteikt savu person\u012bgo stilu.<\/span><span class=\"button-container hide-from-message-actions ng-star-inserted\"> \u00a0<\/span>\n<div class=\"container ng-tns-c2946245707-273 hide\">\n<div class=\"carousel-container ng-tns-c2946245707-273\"><\/div>\n<\/div>\n<\/li>\n<\/ul>\n<p data-sourcepos=\"21:1-21:147\">Neatkar\u012bgi no t\u0101, vai mekl\u0113jat ikdieni\u0161\u0137u topu, ko valk\u0101t m\u0101j\u0101s, vai stil\u012bgu t\u0113rpu \u012bpa\u0161am pas\u0101kumam, topi ar afrik\u0101\u0146u apdruku ir lieliska izv\u0113le.<\/p>\n<\/div>","protected":false},"excerpt":{"rendered":"<table style=\"height: 455px;\" width=\"420\">\n<tbody>\n<tr>\n<td width=\"146\"><strong><b>Produkts<\/b><\/strong>\u00a0<strong><b>V\u0101rds un uzv\u0101rds:<\/b><\/strong><\/td>\n<td width=\"601\"><strong>\u0100frikas drukas sievie\u0161u topi<\/strong><\/td>\n<\/tr>\n<tr>\n<td width=\"146\"><strong><b>Materlal:<\/b><\/strong><\/td>\n<td width=\"601\">Ad\u012b\u0161ana<\/td>\n<\/tr>\n<tr>\n<td width=\"146\"><strong><b>Tehnika:<\/b><\/strong><\/td>\n<td width=\"601\">Iz\u0161\u016bti<\/td>\n<\/tr>\n<tr>\n<td width=\"146\"><strong><b>Stils:<\/b><\/strong><\/td>\n<td width=\"601\">Gad\u012bjuma<\/td>\n<\/tr>\n<tr>\n<td width=\"146\"><strong><b>Kr\u0101sa<\/b><\/strong><strong><b>:<\/b><\/strong><\/td>\n<td width=\"601\">\u00a0Piel\u0101gotas kr\u0101sas<\/td>\n<\/tr>\n<tr>\n<td width=\"146\"><strong><b>Izm\u0113rs:<\/b><\/strong><\/td>\n<td width=\"601\">S \/M \/L \/XL \/2XL<\/td>\n<\/tr>\n<tr>\n<td width=\"146\"><strong><b>OEM\/ODM:<\/b><\/strong><\/td>\n<td width=\"601\">Pie\u0146emams<\/td>\n<\/tr>\n<tr>\n<td width=\"146\"><strong><b>Kvalit\u0101te:<\/b><\/strong><\/td>\n<td width=\"601\">100% Augsta kvalit\u0101te<\/td>\n<\/tr>\n<tr>\n<td width=\"146\"><strong><b>M<\/b><\/strong><strong><b>OQ:<\/b><\/strong><\/td>\n<td width=\"601\">200 gab.<\/td>\n<\/tr>\n<\/tbody>\n<\/table>","protected":false},"featured_media":1892,"template":"","meta":[],"product_brand":[],"product_cat":[39],"product_tag":[],"class_list":{"0":"post-1891","1":"product","2":"type-product","3":"status-publish","4":"has-post-thumbnail","6":"product_cat-womens-clothing","8":"first","9":"instock","10":"shipping-taxable","11":"product-type-simple"},"_links":{"self":[{"href":"https:\/\/mj-clothing.com\/lv\/wp-json\/wp\/v2\/product\/1891","targetHints":{"allow":["GET"]}}],"collection":[{"href":"https:\/\/mj-clothing.com\/lv\/wp-json\/wp\/v2\/product"}],"about":[{"href":"https:\/\/mj-clothing.com\/lv\/wp-json\/wp\/v2\/types\/product"}],"wp:featuredmedia":[{"embeddable":true,"href":"https:\/\/mj-clothing.com\/lv\/wp-json\/wp\/v2\/media\/1892"}],"wp:attachment":[{"href":"https:\/\/mj-clothing.com\/lv\/wp-json\/wp\/v2\/media?parent=1891"}],"wp:term":[{"taxonomy":"product_brand","embeddable":true,"href":"https:\/\/mj-clothing.com\/lv\/wp-json\/wp\/v2\/product_brand?post=1891"},{"taxonomy":"product_cat","embeddable":true,"href":"https:\/\/mj-clothing.com\/lv\/wp-json\/wp\/v2\/product_cat?post=1891"},{"taxonomy":"product_tag","embeddable":true,"href":"https:\/\/mj-clothing.com\/lv\/wp-json\/wp\/v2\/product_tag?post=1891"}],"curies":[{"name":"wp","href":"https:\/\/api.w.org\/{rel}","templated":true}]}}