{"id":1901,"date":"2024-12-16T07:56:53","date_gmt":"2024-12-16T07:56:53","guid":{"rendered":"https:\/\/mj-clothing.com\/?post_type=product&#038;p=1901"},"modified":"2024-12-17T03:44:39","modified_gmt":"2024-12-17T03:44:39","slug":"ivory-colored-womens-tops","status":"publish","type":"product","link":"https:\/\/mj-clothing.com\/lv\/manufacturer\/ivory-colored-womens-tops\/","title":{"rendered":"Zilo\u0146kaula kr\u0101sas sievie\u0161u topi"},"content":{"rendered":"<div id=\"model-response-message-contentr_512563ff2fe7e496\" class=\"markdown markdown-main-panel response-optimization\" dir=\"ltr\">\n<p data-sourcepos=\"1:1-1:189\">Sievie\u0161u topi zilo\u0146kaula kr\u0101s\u0101 ir m\u016b\u017e\u012bga klasika, ko var valk\u0101t gan uz aug\u0161u, gan uz leju. \u0160\u012b univers\u0101l\u0101 kr\u0101sa labi sader ar da\u017e\u0101d\u0101m cit\u0101m kr\u0101s\u0101m un rakstiem, padarot to par jebkura garderobes pamatu.<\/p>\n<h3 data-sourcepos=\"5:1-5:51\">\u0160eit ir da\u017ei popul\u0101ri stili Ivory Colored Sievie\u0161u topi:<\/h3>\n<div class=\"attachment-container search-images\">\n<div class=\"image-container hide-from-message-actions ng-star-inserted\"><\/div>\n<\/div>\n<ul data-sourcepos=\"7:1-18:0\">\n<li data-sourcepos=\"7:1-9:0\">\n<p data-sourcepos=\"7:3-8:23\"><strong><span class=\"citation-0 recitation\">Bl\u016bzes:<\/span><\/strong><span class=\"citation-0 recitation citation-end-0\"> Zilo\u0146kaula bl\u016bzes var b\u016bt izgatavotas no da\u017e\u0101diem audumiem, piem\u0113ram, z\u012bda, kokvilnas vai lina.<\/span> Tos var kombin\u0113t ar sv\u0101rkiem, biks\u0113m vai d\u017einsiem, veidojot elegantu un izsmalcin\u0101tu izskatu.<\/p>\n<\/li>\n<li data-sourcepos=\"7:1-9:0\">\n<p data-sourcepos=\"7:3-8:23\"><strong style=\"font-size: 14.4px;\"><span class=\"citation-1 recitation\">T-krekli:<\/span><\/strong><span class=\"citation-1 recitation citation-end-1\" style=\"font-size: 14.4px;\"> Zilo\u0146kaula kr\u0101sas t-krekli ir nesteidz\u012bgs un \u0113rts risin\u0101jums, ko var kombin\u0113t ar d\u017einsiem, \u0161ortiem vai sv\u0101rkiem.<\/span><\/p>\n<\/li>\n<li data-sourcepos=\"7:1-9:0\">\n<p data-sourcepos=\"7:3-8:23\"><strong style=\"font-size: 14.4px;\">D\u017eemperi:<\/strong><span style=\"font-size: 14.4px;\"> Zilo\u0146kaula d\u017eemperi ir lieliski piem\u0113roti v\u0113s\u0101kiem laikapst\u0101k\u013ciem. Tos var valk\u0101t ar d\u017einsiem, legingiem vai sv\u0101rkiem.<\/span><\/p>\n<\/li>\n<li data-sourcepos=\"7:1-9:0\">\n<p data-sourcepos=\"7:3-8:23\"><strong><span class=\"citation-2 recitation\">Tilti\u0146i:<\/span><\/strong><span class=\"citation-2 recitation citation-end-2\"> Zilo\u0146kaula kr\u0101sas topi ir daudzpus\u012bgi un tos var likt zem citiem topiem vai n\u0113s\u0101t atsevi\u0161\u0137i.<\/span><span class=\"button-container hide-from-message-actions ng-star-inserted\"> \u00a0<\/span><\/p>\n<div class=\"container ng-tns-c2946245707-289 hide\">\n<div class=\"carousel-container ng-tns-c2946245707-289\"><\/div>\n<\/div>\n<div class=\"attachment-container search-images\">\n<div class=\"image-container hide-from-message-actions ng-star-inserted\">\n<div class=\"caption ellipsis gmat-caption ng-star-inserted\" aria-hidden=\"true\"><span style=\"font-size: 20.16px;\">Veidojot zilo\u0146kaula kr\u0101sas sievie\u0161u topi, \u0146emiet v\u0113r\u0101 \u0161\u0101dus padomus:<\/span><\/div>\n<\/div>\n<\/div>\n<\/li>\n<\/ul>\n<ul data-sourcepos=\"21:1-25:0\">\n<li data-sourcepos=\"21:1-21:94\"><strong>Izveidojiet aksesu\u0101rus:<\/strong> Papildiniet savu izskatu ar aksesu\u0101riem, piem\u0113ram, kaklarot\u0101m, auskariem un \u0161all\u0113m.<\/li>\n<li data-sourcepos=\"22:1-22:121\"><strong>Sp\u0113l\u0113jiet ar tekst\u016br\u0101m:<\/strong> Lai izveidotu interesantus t\u0113rpus, sajauciet un kombin\u0113jiet da\u017e\u0101das fakt\u016bras, piem\u0113ram, me\u017e\u0123\u012bnes, samtu vai ad\u012bjumus.<\/li>\n<li data-sourcepos=\"23:1-23:110\"><strong>Eksperiment\u0113jiet ar kr\u0101s\u0101m:<\/strong> Lai veidotu drosm\u012bgu izskatu, kombin\u0113jiet zilo\u0146kaula augumu ar spilgt\u0101m kr\u0101s\u0101m, piem\u0113ram, sarkanu, zilu vai za\u013cu.<\/li>\n<li data-sourcepos=\"24:1-25:0\"><strong>Vienk\u0101r\u0161i:<\/strong> Ja uzvelkat sare\u017e\u0123\u012bt\u0101ku zilo\u0146kaula kr\u0101sas topu, p\u0101r\u0113jo ap\u0123\u0113rba da\u013cu izv\u0113lieties vienk\u0101r\u0161u.<\/li>\n<\/ul>\n<p data-sourcepos=\"26:1-26:197\">Sievie\u0161u topi zilo\u0146kaula kr\u0101s\u0101 ir univers\u0101la un stil\u012bga izv\u0113le, ko var valk\u0101t jebkur\u0101 gad\u012bjum\u0101. Iev\u0113rojot \u0161os padomus, j\u016bs varat izveidot satrieco\u0161us t\u0113rpus, kas \u013caus jums izskat\u012bties un justies vislab\u0101k.<\/p>\n<\/div>\n<div class=\"response-footer gap complete\">\n<div class=\"show-sources-container ng-star-inserted\"><\/div>\n<div class=\"container ng-tns-c2946245707-283\">\n<div class=\"carousel-container ng-tns-c2946245707-283\">\n<div class=\"carousel-content ng-tns-c2946245707-283\">\n<div class=\"sources-carousel-source ng-tns-c2946245707-283 ng-star-inserted\" data-test-id=\"sources-carousel-source\">\n<div class=\"source-card-container\">\n<div class=\"source-card-content\">\n<div class=\"source-card-body\">\n<div class=\"source-card-header\">\n<div class=\"source-card-title\"><\/div>\n<\/div>\n<\/div>\n<\/div>\n<\/div>\n<\/div>\n<\/div>\n<\/div>\n<\/div>\n<\/div>","protected":false},"excerpt":{"rendered":"<table style=\"height: 539px;\" width=\"411\">\n<tbody>\n<tr>\n<td width=\"146\"><strong><b>Produkts<\/b><\/strong>\u00a0<strong><b>V\u0101rds un uzv\u0101rds:<\/b><\/strong><\/td>\n<td width=\"601\"><strong>Zilo\u0146kaula kr\u0101sas sievie\u0161u topi<\/strong><\/td>\n<\/tr>\n<tr>\n<td width=\"146\"><strong><b>Materlal:<\/b><\/strong><\/td>\n<td width=\"601\">Ad\u012b\u0161ana<\/td>\n<\/tr>\n<tr>\n<td width=\"146\"><strong><b>Tehnika:<\/b><\/strong><\/td>\n<td width=\"601\">Iz\u0161\u016bti<\/td>\n<\/tr>\n<tr>\n<td width=\"146\"><strong><b>Stils:<\/b><\/strong><\/td>\n<td width=\"601\">Gad\u012bjuma<\/td>\n<\/tr>\n<tr>\n<td width=\"146\"><strong><b>Kr\u0101sa<\/b><\/strong><strong><b>:<\/b><\/strong><\/td>\n<td width=\"601\">\u00a0Piel\u0101gotas kr\u0101sas<\/td>\n<\/tr>\n<tr>\n<td width=\"146\"><strong><b>Izm\u0113rs:<\/b><\/strong><\/td>\n<td width=\"601\">S \/M \/L \/XL \/2XL<\/td>\n<\/tr>\n<tr>\n<td width=\"146\"><strong><b>OEM\/ODM:<\/b><\/strong><\/td>\n<td width=\"601\">Pie\u0146emams<\/td>\n<\/tr>\n<tr>\n<td width=\"146\"><strong><b>Kvalit\u0101te:<\/b><\/strong><\/td>\n<td width=\"601\">100% Augsta kvalit\u0101te<\/td>\n<\/tr>\n<tr>\n<td width=\"146\"><strong><b>M<\/b><\/strong><strong><b>OQ:<\/b><\/strong><\/td>\n<td width=\"601\">200 gab.<\/td>\n<\/tr>\n<\/tbody>\n<\/table>","protected":false},"featured_media":1911,"template":"","meta":[],"product_brand":[],"product_cat":[39],"product_tag":[],"class_list":{"0":"post-1901","1":"product","2":"type-product","3":"status-publish","4":"has-post-thumbnail","6":"product_cat-womens-clothing","8":"first","9":"instock","10":"shipping-taxable","11":"product-type-simple"},"_links":{"self":[{"href":"https:\/\/mj-clothing.com\/lv\/wp-json\/wp\/v2\/product\/1901","targetHints":{"allow":["GET"]}}],"collection":[{"href":"https:\/\/mj-clothing.com\/lv\/wp-json\/wp\/v2\/product"}],"about":[{"href":"https:\/\/mj-clothing.com\/lv\/wp-json\/wp\/v2\/types\/product"}],"wp:featuredmedia":[{"embeddable":true,"href":"https:\/\/mj-clothing.com\/lv\/wp-json\/wp\/v2\/media\/1911"}],"wp:attachment":[{"href":"https:\/\/mj-clothing.com\/lv\/wp-json\/wp\/v2\/media?parent=1901"}],"wp:term":[{"taxonomy":"product_brand","embeddable":true,"href":"https:\/\/mj-clothing.com\/lv\/wp-json\/wp\/v2\/product_brand?post=1901"},{"taxonomy":"product_cat","embeddable":true,"href":"https:\/\/mj-clothing.com\/lv\/wp-json\/wp\/v2\/product_cat?post=1901"},{"taxonomy":"product_tag","embeddable":true,"href":"https:\/\/mj-clothing.com\/lv\/wp-json\/wp\/v2\/product_tag?post=1901"}],"curies":[{"name":"wp","href":"https:\/\/api.w.org\/{rel}","templated":true}]}}