{"id":1919,"date":"2024-12-16T08:23:18","date_gmt":"2024-12-16T08:23:18","guid":{"rendered":"https:\/\/mj-clothing.com\/?post_type=product&#038;p=1919"},"modified":"2024-12-17T03:44:00","modified_gmt":"2024-12-17T03:44:00","slug":"womens-pink-long-sleeve-tops","status":"publish","type":"product","link":"https:\/\/mj-clothing.com\/lv\/manufacturer\/womens-pink-long-sleeve-tops\/","title":{"rendered":"Sievie\u0161u roz\u0101 topi ar gar\u0101m piedurkn\u0113m"},"content":{"rendered":"<p data-sourcepos=\"1:1-1:189\">Sievie\u0161u roz\u0101 topi ar gar\u0101m piedurkn\u0113m ir univers\u0101la un stil\u012bga izv\u0113le sieviet\u0113m. <span class=\"citation-0 recitation citation-end-0\">Tie ir da\u017e\u0101du to\u0146u - no maigi s\u0101rtiem l\u012bdz spilgti karsti roz\u0101 -, un tos var kombin\u0113t da\u017e\u0101diem dz\u012bves gad\u012bjumiem.<\/span><span class=\"button-container hide-from-message-actions ng-star-inserted\"> \u00a0<\/span><\/p>\n<h3 data-sourcepos=\"5:1-5:54\">\u00a0 \u00a0 \u00a0 \u0160eit ir da\u017ei popul\u0101ri sievie\u0161u roz\u0101 topi ar gar\u0101m piedurkn\u0113m:<\/h3>\n<ul data-sourcepos=\"7:1-18:0\">\n<li data-sourcepos=\"7:1-9:0\">\n<p data-sourcepos=\"7:3-8:22\"><strong><span class=\"citation-1 recitation\">Bl\u016bzes:<\/span><\/strong><span class=\"citation-1 recitation citation-end-1\"> Roz\u0101 bl\u016bzes var b\u016bt izgatavotas no da\u017e\u0101diem audumiem, piem\u0113ram, z\u012bda, kokvilnas vai lina.<\/span> Tos var kombin\u0113t ar sv\u0101rkiem, biks\u0113m vai d\u017einsiem, veidojot elegantu un izsmalcin\u0101tu izskatu.<span class=\"button-container hide-from-message-actions ng-star-inserted\">\u00a0 \u00a0<\/span><\/p>\n<\/li>\n<li data-sourcepos=\"7:1-9:0\">\n<p data-sourcepos=\"7:3-8:22\"><strong style=\"font-size: 14.4px;\"><span class=\"citation-2 recitation\">T-krekli:<\/span><\/strong><span class=\"citation-2 recitation citation-end-2\" style=\"font-size: 14.4px;\"> Roz\u0101 t-krekli ir nesteidz\u012bgs un \u0113rts risin\u0101jums, ko var kombin\u0113t ar d\u017einsiem, \u0161ortiem vai sv\u0101rkiem.<\/span><span class=\"button-container hide-from-message-actions ng-star-inserted\" style=\"font-size: 14.4px;\">\u00a0 \u00a0<\/span><\/p>\n<\/li>\n<li data-sourcepos=\"7:1-9:0\">\n<p data-sourcepos=\"7:3-8:22\"><strong style=\"font-size: 14.4px;\"><span class=\"citation-3 recitation\">D\u017eemperi:<\/span><\/strong><span class=\"citation-3 recitation citation-end-3\" style=\"font-size: 14.4px;\"> Roz\u0101 d\u017eemperi ir lieliski piem\u0113roti v\u0113s\u0101kiem laikapst\u0101k\u013ciem.<\/span><span style=\"font-size: 14.4px;\"> Tos var valk\u0101t ar d\u017einsiem, legingiem vai sv\u0101rkiem.<\/span><\/p>\n<\/li>\n<li data-sourcepos=\"7:1-9:0\">\n<p data-sourcepos=\"7:3-8:22\"><strong style=\"font-size: 14.4px;\"><span class=\"citation-4 recitation\">Tilti\u0146i:<\/span><\/strong><span class=\"citation-4 recitation citation-end-4\" style=\"font-size: 14.4px;\"> Roz\u0101 topi ir univers\u0101ls ap\u0123\u0113rbs, ko var likt zem citiem topiem vai n\u0113s\u0101t atsevi\u0161\u0137i.<\/span><span class=\"button-container hide-from-message-actions ng-star-inserted\" style=\"font-size: 14.4px;\">\u00a0 \u00a0<\/span><\/p>\n<div class=\"container ng-tns-c2946245707-318 hide\">\n<div class=\"carousel-container ng-tns-c2946245707-318\"><\/div>\n<\/div>\n<div class=\"attachment-container search-images\">\n<div class=\"image-container hide-from-message-actions ng-star-inserted\">\n<div class=\"caption ellipsis gmat-caption ng-star-inserted\" aria-hidden=\"true\"><span style=\"font-size: 20.16px;\">Kad sievie\u0161u roz\u0101 topi ar gar\u0101m piedurkn\u0113m, \u0146emiet v\u0113r\u0101 \u0161\u0101dus padomus:<\/span><\/div>\n<\/div>\n<\/div>\n<\/li>\n<\/ul>\n<ul data-sourcepos=\"21:1-25:0\">\n<li data-sourcepos=\"21:1-21:94\"><strong>Izveidojiet aksesu\u0101rus:<\/strong> Papildiniet savu izskatu ar aksesu\u0101riem, piem\u0113ram, kaklarot\u0101m, auskariem un \u0161all\u0113m.<\/li>\n<li data-sourcepos=\"22:1-22:121\"><strong>Sp\u0113l\u0113jiet ar tekst\u016br\u0101m:<\/strong> Lai izveidotu interesantus t\u0113rpus, sajauciet un kombin\u0113jiet da\u017e\u0101das fakt\u016bras, piem\u0113ram, me\u017e\u0123\u012bnes, samtu vai ad\u012bjumus.<\/li>\n<li data-sourcepos=\"23:1-23:114\"><strong>Eksperiment\u0113jiet ar kr\u0101s\u0101m:<\/strong> Klasisk\u0101kam izskatam roz\u0101 topu kombin\u0113jiet ar cit\u0101m kr\u0101s\u0101m, piem\u0113ram, melnu, baltu vai d\u017einsu.<\/li>\n<li data-sourcepos=\"24:1-25:0\"><strong>Vienk\u0101r\u0161i:<\/strong> Ja uzvelkat ko\u0161u roz\u0101 kreklu, p\u0101r\u0113jo ap\u0123\u0113rba da\u013cu izv\u0113lieties vienk\u0101r\u0161u.<\/li>\n<\/ul>\n<p data-sourcepos=\"26:1-26:192\">Roz\u0101 topi ar gar\u0101m piedurkn\u0113m ir univers\u0101la un stil\u012bga izv\u0113le, ko var valk\u0101t jebkur\u0101 gad\u012bjum\u0101. Iev\u0113rojot \u0161os padomus, j\u016bs varat izveidot satrieco\u0161us t\u0113rpus, kas \u013caus jums izskat\u012bties un justies vislab\u0101k.<\/p>","protected":false},"excerpt":{"rendered":"<table style=\"height: 488px;\" width=\"438\">\n<tbody>\n<tr>\n<td width=\"146\"><strong><b>Produkts<\/b><\/strong>\u00a0<strong><b>V\u0101rds un uzv\u0101rds:<\/b><\/strong><\/td>\n<td width=\"601\"><strong>Sievie\u0161u roz\u0101 topi ar gar\u0101m piedurkn\u0113m<\/strong><\/td>\n<\/tr>\n<tr>\n<td width=\"146\"><strong><b>Materlal:<\/b><\/strong><\/td>\n<td width=\"601\">Ad\u012b\u0161ana<\/td>\n<\/tr>\n<tr>\n<td width=\"146\"><strong><b>Tehnika:<\/b><\/strong><\/td>\n<td width=\"601\">Iz\u0161\u016bti<\/td>\n<\/tr>\n<tr>\n<td width=\"146\"><strong><b>Stils:<\/b><\/strong><\/td>\n<td width=\"601\">Gad\u012bjuma<\/td>\n<\/tr>\n<tr>\n<td width=\"146\"><strong><b>Kr\u0101sa<\/b><\/strong><strong><b>:<\/b><\/strong><\/td>\n<td width=\"601\">\u00a0Piel\u0101gotas kr\u0101sas<\/td>\n<\/tr>\n<tr>\n<td width=\"146\"><strong><b>Izm\u0113rs:<\/b><\/strong><\/td>\n<td width=\"601\">S \/M \/L \/XL \/2XL<\/td>\n<\/tr>\n<tr>\n<td width=\"146\"><strong><b>OEM\/ODM:<\/b><\/strong><\/td>\n<td width=\"601\">Pie\u0146emams<\/td>\n<\/tr>\n<tr>\n<td width=\"146\"><strong><b>Kvalit\u0101te:<\/b><\/strong><\/td>\n<td width=\"601\">100% Augsta kvalit\u0101te<\/td>\n<\/tr>\n<tr>\n<td width=\"146\"><strong><b>M<\/b><\/strong><strong><b>OQ:<\/b><\/strong><\/td>\n<td width=\"601\">200 gab.<\/td>\n<\/tr>\n<\/tbody>\n<\/table>","protected":false},"featured_media":1922,"template":"","meta":[],"product_brand":[],"product_cat":[39],"product_tag":[],"class_list":{"0":"post-1919","1":"product","2":"type-product","3":"status-publish","4":"has-post-thumbnail","6":"product_cat-womens-clothing","8":"first","9":"instock","10":"shipping-taxable","11":"product-type-simple"},"_links":{"self":[{"href":"https:\/\/mj-clothing.com\/lv\/wp-json\/wp\/v2\/product\/1919","targetHints":{"allow":["GET"]}}],"collection":[{"href":"https:\/\/mj-clothing.com\/lv\/wp-json\/wp\/v2\/product"}],"about":[{"href":"https:\/\/mj-clothing.com\/lv\/wp-json\/wp\/v2\/types\/product"}],"wp:featuredmedia":[{"embeddable":true,"href":"https:\/\/mj-clothing.com\/lv\/wp-json\/wp\/v2\/media\/1922"}],"wp:attachment":[{"href":"https:\/\/mj-clothing.com\/lv\/wp-json\/wp\/v2\/media?parent=1919"}],"wp:term":[{"taxonomy":"product_brand","embeddable":true,"href":"https:\/\/mj-clothing.com\/lv\/wp-json\/wp\/v2\/product_brand?post=1919"},{"taxonomy":"product_cat","embeddable":true,"href":"https:\/\/mj-clothing.com\/lv\/wp-json\/wp\/v2\/product_cat?post=1919"},{"taxonomy":"product_tag","embeddable":true,"href":"https:\/\/mj-clothing.com\/lv\/wp-json\/wp\/v2\/product_tag?post=1919"}],"curies":[{"name":"wp","href":"https:\/\/api.w.org\/{rel}","templated":true}]}}