{"id":1937,"date":"2024-12-16T08:58:11","date_gmt":"2024-12-16T08:58:11","guid":{"rendered":"https:\/\/mj-clothing.com\/?post_type=product&#038;p=1937"},"modified":"2024-12-18T06:12:05","modified_gmt":"2024-12-18T06:12:05","slug":"womens-flowy-tops","status":"publish","type":"product","link":"https:\/\/mj-clothing.com\/lv\/manufacturer\/womens-flowy-tops\/","title":{"rendered":"Sievie\u0161u plando\u0161as topi"},"content":{"rendered":"<div id=\"model-response-message-contentr_088ece0303c648c2\" class=\"markdown markdown-main-panel response-optimization\" dir=\"ltr\">\n<p data-sourcepos=\"1:1-1:232\">Sievie\u0161u pl\u016bsto\u0161ie topi ir popul\u0101ra sievie\u0161u izv\u0113le, jo ir \u0113rti un daudzpus\u012bgi. <span class=\"citation-0 recitation citation-end-0\">Tie ir da\u017e\u0101du stilu, kr\u0101su un audumu, t\u0101p\u0113c ir piem\u0113roti da\u017e\u0101diem gad\u012bjumiem.<\/span> \u0160eit ir da\u017ei popul\u0101ri pl\u012bvojo\u0161u topu stili:<span class=\"button-container hide-from-message-actions ng-star-inserted\">\u00a0<\/span><\/p>\n<h3 data-sourcepos=\"3:1-3:21\"><strong>1. Sievie\u0161u plando\u0161\u0101s bl\u016bzes:<\/strong><\/h3>\n<ul data-sourcepos=\"5:1-11:0\">\n<li data-sourcepos=\"5:1-6:31\"><strong><span class=\"citation-1 recitation\">Bl\u016bzes ar RUFFLE piedurkn\u0113m:<\/span><\/strong><span class=\"citation-1 recitation citation-end-1\"> \u0160\u012bs bl\u016bzes jebkuram t\u0113rpam pie\u0161\u0137ir sievi\u0161\u0137\u012bbu un romantiku.<\/span><\/li>\n<li data-sourcepos=\"5:1-6:31\"><span class=\"button-container hide-from-message-actions ng-star-inserted\"><strong style=\"font-size: 14.4px;\"><span class=\"citation-2 recitation\">Bl\u016bzes ar atlok\u0101mu plecu da\u013cu:<\/span><\/strong><span class=\"citation-2 recitation citation-end-2\" style=\"font-size: 14.4px;\"> \u0160\u012bs bl\u016bzes ir lieliski piem\u0113rotas, lai izceltu j\u016bsu plecus un rad\u012btu ko\u0137etu izskatu.<\/span><\/span><\/li>\n<li data-sourcepos=\"5:1-6:31\"><strong><span class=\"citation-3 recitation\">Bl\u016bzes ar kaklasaiti priek\u0161\u0101:<\/span><\/strong><span class=\"citation-3 recitation citation-end-3\"> \u0160\u012bs bl\u016bzes ir piegulo\u0161as un piel\u0101gojamas.<\/span>\n<div class=\"container ng-tns-c2946245707-355 hide\">\n<div class=\"carousel-container ng-tns-c2946245707-355\"><\/div>\n<\/div>\n<div class=\"attachment-container search-images\">\n<div class=\"image-container hide-from-message-actions ng-star-inserted\">\n<div class=\"caption ellipsis gmat-caption ng-star-inserted\" aria-hidden=\"true\"><\/div>\n<\/div>\n<\/div>\n<\/li>\n<\/ul>\n<h3 data-sourcepos=\"12:1-12:20\"><strong>2. Sievie\u0161u pl\u012bvojo\u0161i topi tunikas:<\/strong><\/h3>\n<ul data-sourcepos=\"14:1-20:0\">\n<li data-sourcepos=\"14:1-15:24\"><strong><span class=\"citation-4 recitation\">Apdruk\u0101tas tunikas:<\/span><\/strong><span class=\"citation-4 recitation citation-end-4\"> \u0160\u012bs tunikas ir lieliski piem\u0113rotas, lai papildin\u0101tu savu garderobi ar kr\u0101su un rakstu.<\/span><\/li>\n<li data-sourcepos=\"14:1-15:24\"><strong style=\"font-size: 14.4px;\">T\u012brto\u0146a kr\u0101sas tunikas:<\/strong><span style=\"font-size: 14.4px;\"> \u0160\u012bs tunikas ir daudzpus\u012bgas, un t\u0101s var uzvilkt vai novilkt.<\/span><\/li>\n<li data-sourcepos=\"14:1-15:24\"><strong style=\"font-size: 14.4px;\">Iz\u0161\u016btas tunikas:<\/strong><span style=\"font-size: 14.4px;\"> \u0160\u012bs tunikas pie\u0161\u0137ir eleganci un izsmalcin\u0101t\u012bbu.<\/span>\n<div class=\"attachment-container search-images\">\n<div class=\"image-container hide-from-message-actions ng-star-inserted\">\n<div class=\"caption ellipsis gmat-caption ng-star-inserted\" aria-hidden=\"true\"><\/div>\n<\/div>\n<\/div>\n<\/li>\n<\/ul>\n<h3 data-sourcepos=\"21:1-21:23\"><strong>3.Sievie\u0161u pl\u012bvojo\u0161i topi Tank topi:<\/strong><\/h3>\n<ul data-sourcepos=\"23:1-29:0\">\n<li data-sourcepos=\"23:1-24:24\"><strong>Me\u017e\u0123\u012b\u0146u t\u0113rpi:<\/strong> \u0160ie topi ir lieliski piem\u0113roti, lai jebkuram ap\u0123\u0113rbam pie\u0161\u0137irtu sievi\u0161\u0137\u012bbas un romantikas piesk\u0101rienu.<\/li>\n<li data-sourcepos=\"23:1-24:24\"><strong style=\"font-size: 14.4px;\">Siksni\u0146veida t\u0113rpi:<\/strong><span style=\"font-size: 14.4px;\"> \u0160ie topi ir lieliski piem\u0113roti sl\u0101\u0146o\u0161anai vai n\u0113s\u0101\u0161anai atsevi\u0161\u0137i.<\/span><\/li>\n<li data-sourcepos=\"23:1-24:24\"><span class=\"button-container hide-from-message-actions ng-star-inserted\"><strong style=\"font-size: 14.4px;\"><span class=\"citation-5 recitation\">Ruffled Tank Tops:<\/span><\/strong><span class=\"citation-5 recitation citation-end-5\" style=\"font-size: 14.4px;\"> \u0160ie topi jebkuram ap\u0123\u0113rbam pie\u0161\u0137ir rota\u013c\u012bgu un ko\u0137etu akcentu.<\/span><span class=\"button-container hide-from-message-actions ng-star-inserted\" style=\"font-size: 14.4px;\"> \u00a0<\/span><\/span>\n<div class=\"container ng-tns-c2946245707-357 hide\">\n<div class=\"carousel-container ng-tns-c2946245707-357\"><\/div>\n<\/div>\n<div class=\"attachment-container search-images\"><\/div>\n<\/li>\n<\/ul>\n<h4 data-sourcepos=\"30:1-30:22\"><strong>4. Pl\u016bdo\u0161i d\u017eemperi:<\/strong><\/h4>\n<ul data-sourcepos=\"32:1-38:0\">\n<li data-sourcepos=\"32:1-33:28\"><strong><span class=\"citation-6 recitation\">Lielizm\u0113ra d\u017eemperi:<\/span><\/strong><span class=\"citation-6 recitation citation-end-6\"> \u0160ie d\u017eemperi ir lieliski piem\u0113roti, lai justos omul\u012bgi v\u0113s\u0101 dien\u0101.<\/span><span class=\"button-container hide-from-message-actions ng-star-inserted\">\u00a0 \u00a0<\/span>\n<div class=\"container ng-tns-c2946245707-358 hide\">\n<div class=\"carousel-container ng-tns-c2946245707-358\"><\/div>\n<\/div>\n<div class=\"attachment-container search-images\"><\/div>\n<\/li>\n<li data-sourcepos=\"34:1-35:29\"><strong><span class=\"citation-7 recitation\">Kabe\u013cu ad\u012bti d\u017eemperi:<\/span><\/strong><span class=\"citation-7 recitation citation-end-7\"> \u0160ie d\u017eemperi ir klasiska un m\u016b\u017e\u012bga izv\u0113le.<\/span><span class=\"button-container hide-from-message-actions ng-star-inserted\"> \u00a0<\/span><\/li>\n<li data-sourcepos=\"34:1-35:29\"><span class=\"button-container hide-from-message-actions ng-star-inserted\"><strong style=\"font-size: 14.4px;\"><span class=\"citation-8 recitation\">D\u017eemperi kardig\u0101ns:<\/span><\/strong><span class=\"citation-8 recitation citation-end-8\" style=\"font-size: 14.4px;\"> \u0160ie d\u017eemperi ir lieliski piem\u0113roti sl\u0101\u0146o\u0161anai, un tos var valk\u0101t gan uz aug\u0161u, gan uz leju.<\/span><span class=\"button-container hide-from-message-actions ng-star-inserted\" style=\"font-size: 14.4px;\"> \u00a0<\/span><\/span>\n<div class=\"container ng-tns-c2946245707-360 hide\">\n<div class=\"carousel-container ng-tns-c2946245707-360\"><\/div>\n<\/div>\n<div class=\"attachment-container search-images\">\n<div class=\"image-container hide-from-message-actions ng-star-inserted\">\n<div class=\"caption ellipsis gmat-caption ng-star-inserted\" aria-hidden=\"true\"><\/div>\n<\/div>\n<\/div>\n<\/li>\n<\/ul>\n<h3 data-sourcepos=\"39:1-39:53\">Veidojot pl\u012bvojo\u0161us topus, \u0146emiet v\u0113r\u0101 \u0161\u0101dus padomus:<\/h3>\n<ul data-sourcepos=\"41:1-45:0\">\n<li data-sourcepos=\"41:1-41:94\"><strong>Izveidojiet aksesu\u0101rus:<\/strong> Papildiniet savu izskatu ar aksesu\u0101riem, piem\u0113ram, kaklarot\u0101m, auskariem un \u0161all\u0113m.<\/li>\n<li data-sourcepos=\"42:1-42:121\"><strong>Sp\u0113l\u0113jiet ar tekst\u016br\u0101m:<\/strong> Lai izveidotu interesantus t\u0113rpus, sajauciet un kombin\u0113jiet da\u017e\u0101das fakt\u016bras, piem\u0113ram, me\u017e\u0123\u012bnes, samtu vai ad\u012bjumus.<\/li>\n<li data-sourcepos=\"43:1-43:112\"><strong>Eksperiment\u0113jiet ar kr\u0101s\u0101m:<\/strong> Savietojiet pl\u012bvuraino topu ar cit\u0101m kr\u0101s\u0101m, lai izveidotu stil\u012bgu un uzman\u012bbu piesaisto\u0161u ap\u0123\u0113rbu.<\/li>\n<li data-sourcepos=\"44:1-45:0\"><strong>Vienk\u0101r\u0161i:<\/strong> Ja uzvelkat drosm\u012bgu un kr\u0101sainu pl\u012bvojo\u0161u kreklu, p\u0101r\u0113jo ap\u0123\u0113rba da\u013cu izv\u0113lieties vienk\u0101r\u0161u.<\/li>\n<\/ul>\n<\/div>","protected":false},"excerpt":{"rendered":"<table style=\"height: 541px;\" width=\"431\">\n<tbody>\n<tr>\n<td width=\"146\"><strong><b>Produkts<\/b><\/strong>\u00a0<strong><b>V\u0101rds un uzv\u0101rds:<\/b><\/strong><\/td>\n<td width=\"601\"><strong>Sievie\u0161u plando\u0161as topi<\/strong><\/td>\n<\/tr>\n<tr>\n<td width=\"146\"><strong><b>Materlal:<\/b><\/strong><\/td>\n<td width=\"601\">Ad\u012b\u0161ana<\/td>\n<\/tr>\n<tr>\n<td width=\"146\"><strong><b>Tehnika:<\/b><\/strong><\/td>\n<td width=\"601\">Iz\u0161\u016bti<\/td>\n<\/tr>\n<tr>\n<td width=\"146\"><strong><b>Stils:<\/b><\/strong><\/td>\n<td width=\"601\">Gad\u012bjuma<\/td>\n<\/tr>\n<tr>\n<td width=\"146\"><strong><b>Kr\u0101sa<\/b><\/strong><strong><b>:<\/b><\/strong><\/td>\n<td width=\"601\">\u00a0Piel\u0101gotas kr\u0101sas<\/td>\n<\/tr>\n<tr>\n<td width=\"146\"><strong><b>Izm\u0113rs:<\/b><\/strong><\/td>\n<td width=\"601\">S \/M \/L \/XL \/2XL<\/td>\n<\/tr>\n<tr>\n<td width=\"146\"><strong><b>OEM\/ODM:<\/b><\/strong><\/td>\n<td width=\"601\">Pie\u0146emams<\/td>\n<\/tr>\n<tr>\n<td width=\"146\"><strong><b>Kvalit\u0101te:<\/b><\/strong><\/td>\n<td width=\"601\">100% Augsta kvalit\u0101te<\/td>\n<\/tr>\n<tr>\n<td width=\"146\"><strong><b>M<\/b><\/strong><strong><b>OQ:<\/b><\/strong><\/td>\n<td width=\"601\">200 gab.<\/td>\n<\/tr>\n<\/tbody>\n<\/table>","protected":false},"featured_media":1938,"template":"","meta":[],"product_brand":[],"product_cat":[39],"product_tag":[],"class_list":{"0":"post-1937","1":"product","2":"type-product","3":"status-publish","4":"has-post-thumbnail","6":"product_cat-womens-clothing","8":"first","9":"instock","10":"shipping-taxable","11":"product-type-simple"},"_links":{"self":[{"href":"https:\/\/mj-clothing.com\/lv\/wp-json\/wp\/v2\/product\/1937","targetHints":{"allow":["GET"]}}],"collection":[{"href":"https:\/\/mj-clothing.com\/lv\/wp-json\/wp\/v2\/product"}],"about":[{"href":"https:\/\/mj-clothing.com\/lv\/wp-json\/wp\/v2\/types\/product"}],"wp:featuredmedia":[{"embeddable":true,"href":"https:\/\/mj-clothing.com\/lv\/wp-json\/wp\/v2\/media\/1938"}],"wp:attachment":[{"href":"https:\/\/mj-clothing.com\/lv\/wp-json\/wp\/v2\/media?parent=1937"}],"wp:term":[{"taxonomy":"product_brand","embeddable":true,"href":"https:\/\/mj-clothing.com\/lv\/wp-json\/wp\/v2\/product_brand?post=1937"},{"taxonomy":"product_cat","embeddable":true,"href":"https:\/\/mj-clothing.com\/lv\/wp-json\/wp\/v2\/product_cat?post=1937"},{"taxonomy":"product_tag","embeddable":true,"href":"https:\/\/mj-clothing.com\/lv\/wp-json\/wp\/v2\/product_tag?post=1937"}],"curies":[{"name":"wp","href":"https:\/\/api.w.org\/{rel}","templated":true}]}}