{"id":1939,"date":"2024-12-16T09:14:41","date_gmt":"2024-12-16T09:14:41","guid":{"rendered":"https:\/\/mj-clothing.com\/?post_type=product&#038;p=1939"},"modified":"2024-12-17T03:42:51","modified_gmt":"2024-12-17T03:42:51","slug":"womens-spring-tops-2024","status":"publish","type":"product","link":"https:\/\/mj-clothing.com\/lv\/manufacturer\/womens-spring-tops-2024\/","title":{"rendered":"Sievie\u0161u pavasara topi 2024"},"content":{"rendered":"<p data-sourcepos=\"1:1-1:118\"><span class=\"citation-0 recitation citation-end-0\">Sievie\u0161u pavasara topi 2024 ir klasisku stilu apvienojums ar m\u016bsdien\u012bgiem pav\u0113rsieniem.<\/span> L\u016bk, da\u017eas no galvenaj\u0101m tendenc\u0113m:<\/p>\n<h3 data-sourcepos=\"1:1-1:118\"><strong>1. Sievie\u0161u pavasara topi 2024 Mode\u013ci:<\/strong><\/h3>\n<ul data-sourcepos=\"5:1-7:0\">\n<li data-sourcepos=\"5:1-5:80\"><strong>Maigi ziedi:<\/strong> Maigas, romantiskas ziedu apdrukas ir klasiska pavasara tendence.<\/li>\n<li data-sourcepos=\"6:1-7:0\"><strong>Drosm\u012bgi ziedi:<\/strong> Lielie, ko\u0161ie ziedu raksti ir izteiksm\u012bgi.<\/li>\n<\/ul>\n<h3 data-sourcepos=\"8:1-8:20\"><strong>2. Sievie\u0161u pavasara topi 2024 Relaxed Fits:<\/strong><\/h3>\n<ul data-sourcepos=\"10:1-12:0\">\n<li data-sourcepos=\"10:1-10:99\"><strong>Lielgabar\u012bta siluetes:<\/strong> \u0112rti un stil\u012bgi lielizm\u0113ra topi ir lieliski piem\u0113roti ikdienas stilam.<\/li>\n<li data-sourcepos=\"11:1-12:0\"><strong>Pl\u016bsto\u0161as bl\u016bzes:<\/strong> Vieglas un gais\u012bgas bl\u016bzes ir ide\u0101li piem\u0113rotas silt\u0101kam laikam.<\/li>\n<\/ul>\n<h3 data-sourcepos=\"13:1-13:21\"><strong>3. Sievie\u0161u pavasara topi 2024 Spilgtas kr\u0101sas:<\/strong><\/h3>\n<ul data-sourcepos=\"15:1-17:0\">\n<li data-sourcepos=\"15:1-15:83\"><strong>Drosm\u012bgas nokr\u0101sas:<\/strong> Dz\u012bvas kr\u0101sas, piem\u0113ram, roz\u0101, dzeltena un oran\u017ea, pie\u0161\u0137ir jautr\u012bbas.<\/li>\n<li data-sourcepos=\"16:1-17:0\"><strong>Paste\u013cto\u0146i:<\/strong> Maigas paste\u013cto\u0146i, piem\u0113ram, lavandas, piparm\u0113tru za\u013c\u0161 un zils, ir ide\u0101li piem\u0113roti romantiskam t\u0113lam.<\/li>\n<\/ul>\n<h3 data-sourcepos=\"18:1-18:24\"><strong>4. Unik\u0101li izgriezumi:<\/strong><\/h3>\n<ul data-sourcepos=\"20:1-23:0\">\n<li data-sourcepos=\"20:1-20:59\"><strong>Iz\u0146emot plecu:<\/strong> Sievi\u0161\u0137\u012bgs un glaimojo\u0161s dekolt\u0113.<\/li>\n<li data-sourcepos=\"21:1-21:55\"><strong>Kvadr\u0101tveida izgriezums:<\/strong> Moderns un izsmalcin\u0101ts izskats.<\/li>\n<li data-sourcepos=\"22:1-23:0\"><strong>Viena pleca:<\/strong> Drosm\u012bga un dramatiska izv\u0113le.<\/li>\n<\/ul>\n<h3 data-sourcepos=\"24:1-24:24\"><strong>5. Tekstur\u0113ti audumi:<\/strong><\/h3>\n<ul data-sourcepos=\"26:1-29:0\">\n<li data-sourcepos=\"26:1-26:52\"><strong>Me\u017e\u0123\u012bnes:<\/strong> Pie\u0161\u0137ir eleganci un sievi\u0161\u0137\u012bbu.<\/li>\n<li data-sourcepos=\"27:1-27:49\"><strong>Ad\u012bt:<\/strong> \u0112rta un m\u0101j\u012bga v\u0113s\u0101k\u0101m dien\u0101m.<\/li>\n<li data-sourcepos=\"28:1-29:0\"><strong>Sat\u012bns:<\/strong> Grezns un kr\u0101\u0161\u0146s audums.<\/li>\n<\/ul>\n<h3 data-sourcepos=\"30:1-30:27\"><strong>6. Ilgtsp\u0113j\u012bgi audumi:<\/strong><\/h3>\n<ul data-sourcepos=\"32:1-35:0\">\n<li data-sourcepos=\"32:1-32:44\"><strong>Organisk\u0101 kokvilna:<\/strong> Videi draudz\u012bgs un m\u012bksts.<\/li>\n<li data-sourcepos=\"33:1-33:50\"><strong>P\u0101rstr\u0101d\u0101ts poliesteris:<\/strong> Ilgtsp\u0113j\u012bgs un iztur\u012bgs.<\/li>\n<li data-sourcepos=\"34:1-35:0\"><strong><span class=\"citation-1 recitation\">Tencels:<\/span><\/strong><span class=\"citation-1 recitation citation-end-1\"> Elpojo\u0161s un mitrumu izvado\u0161s audums.<\/span><span class=\"button-container hide-from-message-actions ng-star-inserted\"> \u00a0<\/span>\n<div class=\"container ng-tns-c2946245707-383 hide\">\n<div class=\"carousel-container ng-tns-c2946245707-383\"><\/div>\n<\/div>\n<\/li>\n<\/ul>\n<p data-sourcepos=\"36:1-36:226\">Atcerieties, ka lab\u0101kais veids, k\u0101 atrast sev piem\u0113rotu pavasara topu, ir eksperiment\u0113t ar da\u017e\u0101diem stiliem, kr\u0101s\u0101m un audumiem. Veicot izv\u0113li, \u0146emiet v\u0113r\u0101 savu person\u012bgo stilu un iesp\u0113ju, k\u0101dam nol\u016bkam to n\u0113s\u0101siet.<\/p>","protected":false},"excerpt":{"rendered":"<table style=\"height: 470px;\" width=\"398\">\n<tbody>\n<tr>\n<td width=\"146\"><strong><b>Produkts<\/b><\/strong>\u00a0<strong><b>V\u0101rds un uzv\u0101rds:<\/b><\/strong><\/td>\n<td width=\"601\"><strong>Sievie\u0161u pavasara topi 2024<\/strong><\/td>\n<\/tr>\n<tr>\n<td width=\"146\"><strong><b>Materlal:<\/b><\/strong><\/td>\n<td width=\"601\">Ad\u012b\u0161ana<\/td>\n<\/tr>\n<tr>\n<td width=\"146\"><strong><b>Tehnika:<\/b><\/strong><\/td>\n<td width=\"601\">Iz\u0161\u016bti<\/td>\n<\/tr>\n<tr>\n<td width=\"146\"><strong><b>Stils:<\/b><\/strong><\/td>\n<td width=\"601\">Gad\u012bjuma<\/td>\n<\/tr>\n<tr>\n<td width=\"146\"><strong><b>Kr\u0101sa<\/b><\/strong><strong><b>:<\/b><\/strong><\/td>\n<td width=\"601\">\u00a0Piel\u0101gotas kr\u0101sas<\/td>\n<\/tr>\n<tr>\n<td width=\"146\"><strong><b>Izm\u0113rs:<\/b><\/strong><\/td>\n<td width=\"601\">S \/M \/L \/XL \/2XL<\/td>\n<\/tr>\n<tr>\n<td width=\"146\"><strong><b>OEM\/ODM:<\/b><\/strong><\/td>\n<td width=\"601\">Pie\u0146emams<\/td>\n<\/tr>\n<tr>\n<td width=\"146\"><strong><b>Kvalit\u0101te:<\/b><\/strong><\/td>\n<td width=\"601\">100% Augsta kvalit\u0101te<\/td>\n<\/tr>\n<tr>\n<td width=\"146\"><strong><b>M<\/b><\/strong><strong><b>OQ:<\/b><\/strong><\/td>\n<td width=\"601\">200 gab.<\/td>\n<\/tr>\n<\/tbody>\n<\/table>","protected":false},"featured_media":1940,"template":"","meta":[],"product_brand":[],"product_cat":[39],"product_tag":[],"class_list":{"0":"post-1939","1":"product","2":"type-product","3":"status-publish","4":"has-post-thumbnail","6":"product_cat-womens-clothing","8":"first","9":"instock","10":"shipping-taxable","11":"product-type-simple"},"_links":{"self":[{"href":"https:\/\/mj-clothing.com\/lv\/wp-json\/wp\/v2\/product\/1939","targetHints":{"allow":["GET"]}}],"collection":[{"href":"https:\/\/mj-clothing.com\/lv\/wp-json\/wp\/v2\/product"}],"about":[{"href":"https:\/\/mj-clothing.com\/lv\/wp-json\/wp\/v2\/types\/product"}],"wp:featuredmedia":[{"embeddable":true,"href":"https:\/\/mj-clothing.com\/lv\/wp-json\/wp\/v2\/media\/1940"}],"wp:attachment":[{"href":"https:\/\/mj-clothing.com\/lv\/wp-json\/wp\/v2\/media?parent=1939"}],"wp:term":[{"taxonomy":"product_brand","embeddable":true,"href":"https:\/\/mj-clothing.com\/lv\/wp-json\/wp\/v2\/product_brand?post=1939"},{"taxonomy":"product_cat","embeddable":true,"href":"https:\/\/mj-clothing.com\/lv\/wp-json\/wp\/v2\/product_cat?post=1939"},{"taxonomy":"product_tag","embeddable":true,"href":"https:\/\/mj-clothing.com\/lv\/wp-json\/wp\/v2\/product_tag?post=1939"}],"curies":[{"name":"wp","href":"https:\/\/api.w.org\/{rel}","templated":true}]}}