{"id":2001,"date":"2024-12-17T08:02:02","date_gmt":"2024-12-17T08:02:02","guid":{"rendered":"https:\/\/mj-clothing.com\/?post_type=product&#038;p=2001"},"modified":"2024-12-17T08:57:32","modified_gmt":"2024-12-17T08:57:32","slug":"womens-surplice-top","status":"publish","type":"product","link":"https:\/\/mj-clothing.com\/lv\/manufacturer\/womens-surplice-top\/","title":{"rendered":"Sievie\u0161u apak\u0161krekli\u0146\u0161 Surplice Top"},"content":{"rendered":"<p data-sourcepos=\"1:1-1:164\">Sievie\u0161u virsjakas ir stil\u012bgs un glaimojo\u0161s ap\u0123\u0113rbs, kas paz\u012bstams ar rakstur\u012bgo izgriezumu. L\u016bk, t\u0101s galven\u0101s iez\u012bmes un iemesli, k\u0101p\u0113c t\u0101 ir popul\u0101ra izv\u0113le:<\/p>\n<h3 data-sourcepos=\"3:1-3:27\"><strong>Kas ir sievie\u0161u apak\u0161krekli\u0146\u0161?<\/strong><\/h3>\n<p data-sourcepos=\"5:1-5:212\">Virskreklu aug\u0161da\u013cas rakstur\u012bg\u0101k\u0101 iez\u012bme ir t\u0101. <strong>priek\u0161\u0113jie pane\u013ci p\u0101rkl\u0101jas<\/strong> kas veido diagon\u0101lu vai V veida izgriezumu. \u0160is dizains ir iedvesmojies no tradicion\u0101l\u0101 bazn\u012bcas t\u0113rpa, ko sauc par surplik\u0101ciju.<\/p>\n<p data-sourcepos=\"7:1-7:27\">\u0160eit ir da\u017eas galven\u0101s funkcijas:<\/p>\n<ul data-sourcepos=\"9:1-14:0\">\n<li data-sourcepos=\"9:1-9:98\"><strong>P\u0101rkl\u0101jo\u0161\u0101s frontes:<\/strong> Audums krustojas p\u0101ri sev, radot ietinuma vai m\u0101ksl\u012bg\u0101 ietinuma efektu.<\/li>\n<li data-sourcepos=\"10:1-10:131\"><strong>V veida kakla izgriezums vai diagon\u0101lais izgriezums:<\/strong> \u0160is izgriezums parasti ir diezgan dzi\u013c\u0161 un pagarino\u0161s, kas ir glaimojo\u0161s daudziem auguma tipiem.<\/li>\n<li data-sourcepos=\"11:1-11:133\"><strong>Da\u017e\u0101di piedurk\u0146u stili:<\/strong> Surplice topi var b\u016bt ar \u012bs\u0101m piedurkn\u0113m, gar\u0101m piedurkn\u0113m, tr\u012bs ceturtda\u013cu piedurkn\u0113m vai pat bez piedurkn\u0113m.<\/li>\n<li data-sourcepos=\"12:1-12:179\"><strong>Da\u017e\u0101di audumi:<\/strong> T\u0101s var b\u016bt izgatavotas no da\u017e\u0101diem audumiem, tostarp trikot\u0101\u017eas, auduma, z\u012bda, krekls un citiem. Auduma izv\u0113le ietekm\u0113 topa drap\u0113jumu un kop\u0113jo izskatu.<\/li>\n<li data-sourcepos=\"13:1-14:0\"><strong>Piem\u0113rota vai va\u013c\u0113ja:<\/strong> Atkar\u012bb\u0101 no dizaina un auduma piegriezums var b\u016bt gan piegulo\u0161s, gan br\u012bvs un plando\u0161s.<\/li>\n<\/ul>\n<h3 data-sourcepos=\"15:1-15:34\"><strong>K\u0101p\u0113c sievie\u0161u Surplice Top ir popul\u0101ri?<\/strong><\/h3>\n<ul data-sourcepos=\"17:1-21:0\">\n<li data-sourcepos=\"17:1-17:188\"><strong>M\u0101j\u012bgs izgriezums:<\/strong> V veida kakla izgriezums vai diagon\u0101lais izgriezums pagarina kaklu un torsu, radot slaidino\u0161u efektu. Tas ar\u012b glaimojo\u0161i izce\u013c kakla kaulu un kr\u016b\u0161u zonu.<\/li>\n<li data-sourcepos=\"18:1-18:107\"><strong>Sievi\u0161\u0137\u012bgs un elegants:<\/strong> P\u0101rkl\u0101jo\u0161ais dizains jebkuram ap\u0123\u0113rbam pie\u0161\u0137ir sievi\u0161\u0137\u012bbu un eleganci.<\/li>\n<li data-sourcepos=\"19:1-19:103\"><strong>Univers\u0101ls:<\/strong> Virsv\u0101rkus var uzvilkt vai nolaist, t\u0101p\u0113c tie ir piem\u0113roti da\u017e\u0101diem dz\u012bves gad\u012bjumiem.<\/li>\n<li data-sourcepos=\"20:1-21:0\"><strong>\u0112rti:<\/strong> Atkar\u012bb\u0101 no auduma un piegriezuma t\u0101s var b\u016bt \u013coti \u0113rtas valk\u0101\u0161anai.<\/li>\n<\/ul>\n<h3 data-sourcepos=\"22:1-22:32\"><strong>K\u0101 stiliz\u0113t sievie\u0161u virsdr\u0113bju topu:<\/strong><\/h3>\n<ul data-sourcepos=\"24:1-28:0\">\n<li data-sourcepos=\"24:1-24:90\"><strong>Gad\u012bjuma raksturs:<\/strong> Lietojiet to kop\u0101 ar d\u017einsiem, \u0161ortiem vai br\u012bv\u0101 stila sv\u0101rkiem, lai veidotu ikdieni\u0161\u0137u, nesteidz\u012bgu un nepiespiestu izskatu.<\/li>\n<li data-sourcepos=\"25:1-25:114\"><strong>Lieti\u0161\u0137s ikdienas ap\u0123\u0113rbs:<\/strong> N\u0113s\u0101jiet to kop\u0101 ar biks\u0113m, z\u012bmu\u013ca sv\u0101rkiem vai zem \u017eaketes, lai veidotu profesion\u0101l\u0101ku noska\u0146u.<\/li>\n<li data-sourcepos=\"26:1-26:140\"><strong>Stil\u012bgs ap\u0123\u0113rbs:<\/strong> Izv\u0113lieties grezna auduma, piem\u0113ram, z\u012bda vai sat\u012bna, virsdr\u0113bes ar virsdr\u0113b\u0113m un kombin\u0113jiet t\u0101s ar kleitas biks\u0113m vai sv\u0101rkiem vakara pas\u0101kumam.<\/li>\n<li data-sourcepos=\"27:1-28:0\"><strong>Sl\u0101\u0146o\u0161ana:<\/strong> Varat uzvilkt virsdr\u0113bes ar virsdr\u0113b\u0113m zem d\u017eempera vai \u017eaketes, lai ieg\u016btu papildu siltumu un stilu.<\/li>\n<\/ul>","protected":false},"excerpt":{"rendered":"<table style=\"height: 571px;\" width=\"446\">\n<tbody>\n<tr>\n<td width=\"146\"><strong><b>Produkts<\/b><\/strong>\u00a0<strong><b>V\u0101rds un uzv\u0101rds:<\/b><\/strong><\/td>\n<td width=\"601\"><strong>Sievie\u0161u apak\u0161krekli\u0146\u0161 Surplice Top<\/strong><\/td>\n<\/tr>\n<tr>\n<td width=\"146\"><strong><b>Materlal:<\/b><\/strong><\/td>\n<td width=\"601\">Ad\u012b\u0161ana<\/td>\n<\/tr>\n<tr>\n<td width=\"146\"><strong><b>Tehnika:<\/b><\/strong><\/td>\n<td width=\"601\">Iz\u0161\u016bti<\/td>\n<\/tr>\n<tr>\n<td width=\"146\"><strong><b>Stils:<\/b><\/strong><\/td>\n<td width=\"601\">Gad\u012bjuma<\/td>\n<\/tr>\n<tr>\n<td width=\"146\"><strong><b>Kr\u0101sa<\/b><\/strong><strong><b>:<\/b><\/strong><\/td>\n<td width=\"601\">\u00a0Piel\u0101gotas kr\u0101sas<\/td>\n<\/tr>\n<tr>\n<td width=\"146\"><strong><b>Izm\u0113rs:<\/b><\/strong><\/td>\n<td width=\"601\">S \/M \/L \/XL \/2XL<\/td>\n<\/tr>\n<tr>\n<td width=\"146\"><strong><b>OEM\/ODM:<\/b><\/strong><\/td>\n<td width=\"601\">Pie\u0146emams<\/td>\n<\/tr>\n<tr>\n<td width=\"146\"><strong><b>Kvalit\u0101te:<\/b><\/strong><\/td>\n<td width=\"601\">100% Augsta kvalit\u0101te<\/td>\n<\/tr>\n<tr>\n<td width=\"146\"><strong><b>M<\/b><\/strong><strong><b>OQ:<\/b><\/strong><\/td>\n<td width=\"601\">200 gab.<\/td>\n<\/tr>\n<\/tbody>\n<\/table>","protected":false},"featured_media":2002,"template":"","meta":[],"product_brand":[],"product_cat":[39],"product_tag":[],"class_list":{"0":"post-2001","1":"product","2":"type-product","3":"status-publish","4":"has-post-thumbnail","6":"product_cat-womens-clothing","8":"first","9":"instock","10":"shipping-taxable","11":"product-type-simple"},"_links":{"self":[{"href":"https:\/\/mj-clothing.com\/lv\/wp-json\/wp\/v2\/product\/2001","targetHints":{"allow":["GET"]}}],"collection":[{"href":"https:\/\/mj-clothing.com\/lv\/wp-json\/wp\/v2\/product"}],"about":[{"href":"https:\/\/mj-clothing.com\/lv\/wp-json\/wp\/v2\/types\/product"}],"wp:featuredmedia":[{"embeddable":true,"href":"https:\/\/mj-clothing.com\/lv\/wp-json\/wp\/v2\/media\/2002"}],"wp:attachment":[{"href":"https:\/\/mj-clothing.com\/lv\/wp-json\/wp\/v2\/media?parent=2001"}],"wp:term":[{"taxonomy":"product_brand","embeddable":true,"href":"https:\/\/mj-clothing.com\/lv\/wp-json\/wp\/v2\/product_brand?post=2001"},{"taxonomy":"product_cat","embeddable":true,"href":"https:\/\/mj-clothing.com\/lv\/wp-json\/wp\/v2\/product_cat?post=2001"},{"taxonomy":"product_tag","embeddable":true,"href":"https:\/\/mj-clothing.com\/lv\/wp-json\/wp\/v2\/product_tag?post=2001"}],"curies":[{"name":"wp","href":"https:\/\/api.w.org\/{rel}","templated":true}]}}