{"id":2003,"date":"2024-12-17T08:19:49","date_gmt":"2024-12-17T08:19:49","guid":{"rendered":"https:\/\/mj-clothing.com\/?post_type=product&#038;p=2003"},"modified":"2025-01-04T03:04:40","modified_gmt":"2025-01-04T03:04:40","slug":"womens-tops-for-winter","status":"publish","type":"product","link":"https:\/\/mj-clothing.com\/lv\/manufacturer\/womens-tops-for-winter\/","title":{"rendered":"Sievie\u0161u topi ziemai"},"content":{"rendered":"<p data-sourcepos=\"1:1-1:137\">Kad runa ir par sievie\u0161u topi ziemai, galvenais ir l\u012bdzsvarot stilu ar siltumu un komfortu. \u0160eit ir da\u017ei popul\u0101ri un praktiski sievie\u0161u ap\u0123\u0113rbi:<\/p>\n<h3 data-sourcepos=\"3:1-3:28\"><strong>Sievie\u0161u topi Ziemas siltumam un sl\u0101\u0146o\u0161anai:<\/strong><\/h3>\n<ul data-sourcepos=\"5:1-9:0\">\n<li data-sourcepos=\"5:1-5:239\"><strong>Turtleneck un Mock kakla apkakles:<\/strong> T\u0101s lieliski saglab\u0101 siltumu kakl\u0101, un t\u0101s var valk\u0101t gan atsevi\u0161\u0137i, gan uzvilkt zem d\u017eemperiem vai jak\u0101m. Mekl\u0113jiet tos no t\u0101diem materi\u0101liem k\u0101 merino vilna, ka\u0161mira vai termo trikot\u0101\u017eas, lai nodro\u0161in\u0101tu papildu siltumu.<\/li>\n<li data-sourcepos=\"6:1-6:205\"><strong>Termove\u013ca ar gar\u0101m piedurkn\u0113m:<\/strong> T\u0101s ir izstr\u0101d\u0101tas t\u0101, lai aiztur\u0113tu siltumu un saglab\u0101tu siltumu pat \u013coti aukstos apst\u0101k\u013cos. T\u0101s ir lieliski piem\u0113rotas valk\u0101\u0161anai zem cit\u0101m virsdr\u0113b\u0113m vai n\u0113s\u0101\u0161anai vien\u0101m pa\u0161\u0101m par sevi \u0101ra aktivit\u0101t\u0113s.<\/li>\n<li data-sourcepos=\"7:1-7:199\"><strong>D\u017eemperi:<\/strong> Klasiski ziemas d\u017eemperi ir pieejami da\u017e\u0101dos stilos, tostarp ar ekip\u0101\u017eas kaklu, V veida kaklu, kardig\u0101nu un augstu apkakli. Izv\u0113lieties t\u0101dus materi\u0101lus k\u0101 vilna, ka\u0161mirs vai vilna, lai nodro\u0161in\u0101tu maksim\u0101lu siltumu.<\/li>\n<li data-sourcepos=\"8:1-9:0\"><strong>Vilnas topi:<\/strong> Tie ir neticami m\u012bksti, silti un \u0113rti. T\u0101s ir lieliski piem\u0113rotas ikdienas valk\u0101\u0161anai un \u0101ra aktivit\u0101t\u0113m.<\/li>\n<\/ul>\n<h3 data-sourcepos=\"10:1-10:20\"><strong>Sievie\u0161u topi ziemai Stil\u012bgas opcijas:<\/strong><\/h3>\n<ul data-sourcepos=\"12:1-16:0\">\n<li data-sourcepos=\"12:1-12:140\"><strong>D\u017eemperu kleitas:<\/strong> T\u0101s ir moderns un m\u0101j\u012bgs risin\u0101jums ziemai. T\u0101s var kombin\u0113t ar ze\u0137ubiks\u0113m un z\u0101bakiem, lai veidotu pilnv\u0113rt\u012bgu ap\u0123\u0113rbu.<\/li>\n<li data-sourcepos=\"13:1-13:144\"><strong>Trikot\u0101\u017eas tunikas:<\/strong> T\u0101s ir br\u012bvas un \u0113rti piegulo\u0161as, vienlaikus saglab\u0101jot stil\u012bgu izskatu. T\u0101s var kombin\u0113t ar legingiem vai \u0161auriem d\u017einsiem.<\/li>\n<li data-sourcepos=\"14:1-14:142\"><strong>Samta topi:<\/strong> Samts jebkuram ap\u0123\u0113rbam pie\u0161\u0137ir eleganci un siltumu. Tie ir lieliski piem\u0113roti sv\u0113tku ball\u012bt\u0113m vai citiem \u012bpa\u0161iem gad\u012bjumiem.<\/li>\n<li data-sourcepos=\"15:1-16:0\"><strong>Krekli ar pog\u0101m (flane\u013ca vai velvetes):<\/strong> T\u0101s var valk\u0101t atsevi\u0161\u0137i vai ar\u012b uzvelt virs apkakles vai termove\u013cas, lai b\u016btu \u012bpa\u0161i silts.<\/li>\n<\/ul>\n<h3 data-sourcepos=\"17:1-17:26\"><strong>Materi\u0101li, kas j\u0101mekl\u0113 Sievie\u0161u topi ziemai:<\/strong><\/h3>\n<ul data-sourcepos=\"19:1-24:0\">\n<li data-sourcepos=\"19:1-19:68\"><strong>Vilna:<\/strong> Dabisks izolators, kas saglab\u0101 siltumu pat tad, kad ir slapj\u0161.<\/li>\n<li data-sourcepos=\"20:1-20:90\"><strong>Ka\u0161mirs:<\/strong> Grezns un neticami m\u012bksts materi\u0101ls, kas nodro\u0161ina lielisku siltumu.<\/li>\n<li data-sourcepos=\"21:1-21:91\"><strong>Vilna:<\/strong> M\u012bksts un silts sint\u0113tisks materi\u0101ls, kas ir ar\u012b viegls un elpojo\u0161s.<\/li>\n<li data-sourcepos=\"22:1-22:82\"><strong>Termo ad\u012bjumi:<\/strong> Izstr\u0101d\u0101ta, lai aiztur\u0113tu siltumu un saglab\u0101tu siltumu aukstos apst\u0101k\u013cos.<\/li>\n<li data-sourcepos=\"23:1-24:0\"><strong>Kokvilna:<\/strong> Lai gan kokvilna nav tik silta k\u0101 vilna vai vilna, t\u0101 ir elpojo\u0161a un \u0113rta sl\u0101\u0146o\u0161anai.<\/li>\n<\/ul>\n<h3 data-sourcepos=\"25:1-25:34\"><strong>Sievie\u0161u topi ziemai:<\/strong><\/h3>\n<ul data-sourcepos=\"27:1-30:0\">\n<li data-sourcepos=\"27:1-27:222\"><strong>\u0145emiet v\u0113r\u0101 klimatu:<\/strong> Ja dz\u012bvojat \u013coti aukst\u0101 klimat\u0101, priek\u0161roku dodiet siltumam un izv\u0113lieties t\u0101dus materi\u0101lus k\u0101 vilna vai vilna. Ja dz\u012bvojat maig\u0101k\u0101 klimat\u0101, varat izv\u0113l\u0113ties viegl\u0101kus materi\u0101lus, piem\u0113ram, kokvilnu vai pl\u0101n\u0101kus ad\u012bjumus.<\/li>\n<li data-sourcepos=\"28:1-28:107\"><strong>Padom\u0101jiet par sl\u0101\u0146o\u0161anu:<\/strong> Izv\u0113lieties topi, kurus var viegli uzkl\u0101t zem citiem ap\u0123\u0113rbiem, lai nodro\u0161in\u0101tu papildu siltumu.<\/li>\n<li data-sourcepos=\"29:1-30:0\"><strong>Neaizmirstiet par stilu:<\/strong> Ziemas topi var b\u016bt gan funkcion\u0101li, gan moderni. Izv\u0113lieties stilu un kr\u0101sas, kas jums pat\u012bk un papildina j\u016bsu garderobi.<\/li>\n<\/ul>\n<p data-sourcepos=\"31:1-31:126\">\u0145emot v\u0113r\u0101 \u0161os faktorus, j\u016bs varat atrast ide\u0101lu sievie\u0161u topi, lai saglab\u0101tu jums siltumu un stilu visu ziemas sezonu.<\/p>","protected":false},"excerpt":{"rendered":"<table style=\"height: 515px;\" width=\"480\">\n<tbody>\n<tr>\n<td width=\"146\"><strong><b>Produkts<\/b><\/strong>\u00a0<strong><b>V\u0101rds un uzv\u0101rds:<\/b><\/strong><\/td>\n<td width=\"601\"><strong>Sievie\u0161u topi ziemai<\/strong><\/td>\n<\/tr>\n<tr>\n<td width=\"146\"><strong><b>Materlal:<\/b><\/strong><\/td>\n<td width=\"601\">Ad\u012b\u0161ana<\/td>\n<\/tr>\n<tr>\n<td width=\"146\"><strong><b>Tehnika:<\/b><\/strong><\/td>\n<td width=\"601\">Iz\u0161\u016bti<\/td>\n<\/tr>\n<tr>\n<td width=\"146\"><strong><b>Stils:<\/b><\/strong><\/td>\n<td width=\"601\">Gad\u012bjuma<\/td>\n<\/tr>\n<tr>\n<td width=\"146\"><strong><b>Kr\u0101sa<\/b><\/strong><strong><b>:<\/b><\/strong><\/td>\n<td width=\"601\">\u00a0Piel\u0101gotas kr\u0101sas<\/td>\n<\/tr>\n<tr>\n<td width=\"146\"><strong><b>Izm\u0113rs:<\/b><\/strong><\/td>\n<td width=\"601\">S \/M \/L \/XL \/2XL<\/td>\n<\/tr>\n<tr>\n<td width=\"146\"><strong><b>OEM\/ODM:<\/b><\/strong><\/td>\n<td width=\"601\">Pie\u0146emams<\/td>\n<\/tr>\n<tr>\n<td width=\"146\"><strong><b>Kvalit\u0101te:<\/b><\/strong><\/td>\n<td width=\"601\">100% Augsta kvalit\u0101te<\/td>\n<\/tr>\n<tr>\n<td width=\"146\"><strong><b>M<\/b><\/strong><strong><b>OQ:<\/b><\/strong><\/td>\n<td width=\"601\">200 gab.<\/td>\n<\/tr>\n<\/tbody>\n<\/table>","protected":false},"featured_media":2088,"template":"","meta":[],"product_brand":[],"product_cat":[39],"product_tag":[],"class_list":{"0":"post-2003","1":"product","2":"type-product","3":"status-publish","4":"has-post-thumbnail","6":"product_cat-womens-clothing","8":"first","9":"instock","10":"shipping-taxable","11":"product-type-simple"},"_links":{"self":[{"href":"https:\/\/mj-clothing.com\/lv\/wp-json\/wp\/v2\/product\/2003","targetHints":{"allow":["GET"]}}],"collection":[{"href":"https:\/\/mj-clothing.com\/lv\/wp-json\/wp\/v2\/product"}],"about":[{"href":"https:\/\/mj-clothing.com\/lv\/wp-json\/wp\/v2\/types\/product"}],"wp:featuredmedia":[{"embeddable":true,"href":"https:\/\/mj-clothing.com\/lv\/wp-json\/wp\/v2\/media\/2088"}],"wp:attachment":[{"href":"https:\/\/mj-clothing.com\/lv\/wp-json\/wp\/v2\/media?parent=2003"}],"wp:term":[{"taxonomy":"product_brand","embeddable":true,"href":"https:\/\/mj-clothing.com\/lv\/wp-json\/wp\/v2\/product_brand?post=2003"},{"taxonomy":"product_cat","embeddable":true,"href":"https:\/\/mj-clothing.com\/lv\/wp-json\/wp\/v2\/product_cat?post=2003"},{"taxonomy":"product_tag","embeddable":true,"href":"https:\/\/mj-clothing.com\/lv\/wp-json\/wp\/v2\/product_tag?post=2003"}],"curies":[{"name":"wp","href":"https:\/\/api.w.org\/{rel}","templated":true}]}}