{"id":2005,"date":"2024-12-17T08:27:39","date_gmt":"2024-12-17T08:27:39","guid":{"rendered":"https:\/\/mj-clothing.com\/?post_type=product&#038;p=2005"},"modified":"2024-12-18T06:08:53","modified_gmt":"2024-12-18T06:08:53","slug":"glorya-long-sleeve-hooded-top-womens","status":"publish","type":"product","link":"https:\/\/mj-clothing.com\/lv\/manufacturer\/glorya-long-sleeve-hooded-top-womens\/","title":{"rendered":"Glorya Tops ar kapuci un gar\u0101m piedurkn\u0113m - Sievie\u0161u"},"content":{"rendered":"<div id=\"model-response-message-contentr_2042c454bde921df\" class=\"markdown markdown-main-panel response-optimization\" dir=\"ltr\">\n<p data-sourcepos=\"1:1-1:220\">Izklaus\u0101s, ka j\u016bs interes\u0113 Patagonia Long-Sleeve Glorya Long-Sleeve Hooded Top-Women's. \u0160is ir popul\u0101rs Patagonia ap\u0123\u0113rbs, kas paz\u012bstams ar savu komfortu un daudzpus\u012bbu. \u0160eit ir sniegts apraksts par to, ar ko tas izce\u013cas:<\/p>\n<h3 data-sourcepos=\"3:1-3:17\"><strong>Galven\u0101s iez\u012bmes Glorya Long-Sleeve Hooded Top-Women's:<\/strong><\/h3>\n<ul data-sourcepos=\"5:1-12:0\">\n<li data-sourcepos=\"5:1-5:186\"><strong>Viegls un \u0113rts:<\/strong> <span class=\"citation-0 recitation citation-end-0\">\u0160\u012b jaka ar kapuci ir izgatavota no m\u012bksta p\u0101rstr\u0101d\u0101ta poliestera, TENCEL\u2122 lyocell un spandeksa mais\u012bjuma, kas nodro\u0161ina komfortu un kust\u012bbu br\u012bv\u012bbu.<\/span>\n<div class=\"container ng-tns-c2960411664-80 hide\">\n<div class=\"carousel-container ng-tns-c2960411664-80\"><\/div>\n<\/div>\n<\/li>\n<li data-sourcepos=\"6:1-6:176\"><strong>Mitrumu not\u012bro\u0161a un \u0101tri \u017e\u016bsto\u0161a:<\/strong> <span class=\"citation-1 recitation citation-end-1\">Audums lieliski novada mitrumu un \u0101tri \u017e\u016bst, t\u0101p\u0113c tas ir piem\u0113rots akt\u012bvai vai ikdienas lieto\u0161anai.<\/span><span class=\"button-container hide-from-message-actions ng-star-inserted\">\u00a0 \u00a0<\/span>\n<div class=\"container ng-tns-c2960411664-81 hide\">\n<div class=\"carousel-container ng-tns-c2960411664-81\"><\/div>\n<\/div>\n<\/li>\n<li data-sourcepos=\"7:1-7:106\"><strong>Relaxed Fit:<\/strong> <span class=\"citation-2 recitation citation-end-2\">Glorya Hoody ir br\u012bva piegriezuma, kas \u013cauj to \u0113rti p\u0101rkl\u0101t.<\/span><span class=\"button-container hide-from-message-actions ng-star-inserted\">\u00a0<\/span>\n<div class=\"container ng-tns-c2960411664-82 hide\">\n<div class=\"carousel-container ng-tns-c2960411664-82\"><\/div>\n<\/div>\n<\/li>\n<li data-sourcepos=\"8:1-8:121\"><strong>Regul\u0113jams kapuci\u0146\u0161:<\/strong> <span class=\"citation-3 recitation citation-end-3\">Kapucei ir savelkama aukla, kas \u013cauj to regul\u0113t, lai nodro\u0161in\u0101tu optim\u0101lu p\u0101rkl\u0101jumu un siltumu.<\/span><span class=\"button-container hide-from-message-actions ng-star-inserted\">\u00a0<\/span>\n<div class=\"container ng-tns-c2960411664-83 hide\">\n<div class=\"carousel-container ng-tns-c2960411664-83\"><\/div>\n<\/div>\n<\/li>\n<li data-sourcepos=\"9:1-9:157\"><strong>Univers\u0101ls:<\/strong> <span class=\"citation-4 recitation citation-end-4\">To var valk\u0101t vienu pa\u0161u vai uzvilkt virs citiem topiem, t\u0101p\u0113c t\u0101 ir lieliska izv\u0113le da\u017e\u0101d\u0101m aktivit\u0101t\u0113m un da\u017e\u0101diem laikapst\u0101k\u013ciem.<\/span><span class=\"button-container hide-from-message-actions ng-star-inserted\"> \u00a0<\/span>\n<div class=\"container ng-tns-c2960411664-84 hide\">\n<div class=\"carousel-container ng-tns-c2960411664-84\"><\/div>\n<\/div>\n<\/li>\n<li data-sourcepos=\"10:1-10:148\"><strong><span class=\"citation-5 recitation\">Ilgtsp\u0113j\u012bgi materi\u0101li:<\/span><\/strong><span class=\"citation-5 recitation citation-end-5\"> Izgatavota no p\u0101rstr\u0101d\u0101ta poliestera un TENCEL\u2122 liocellas, \u0161\u012b jaka ir videi draudz\u012bg\u0101ka izv\u0113le.<\/span><span class=\"button-container hide-from-message-actions ng-star-inserted\"> \u00a0<\/span>\n<div class=\"container ng-tns-c2960411664-85 hide\">\n<div class=\"carousel-container ng-tns-c2960411664-85\"><\/div>\n<\/div>\n<\/li>\n<li data-sourcepos=\"11:1-12:0\"><strong><span class=\"citation-6 recitation\">God\u012bgas tirdzniec\u012bbas sertifik\u0101ts\u2122 \u0160\u016bti:<\/span><\/strong><span class=\"citation-6 recitation citation-end-6\"> Tas noz\u012bm\u0113, ka cilv\u0113ki, kas izgatavoja ap\u0123\u0113rbu, nopeln\u012bja piemaksu par savu darbu.<\/span><span class=\"button-container hide-from-message-actions ng-star-inserted\">\u00a0<\/span>\n<div class=\"container ng-tns-c2960411664-86 hide\">\n<div class=\"carousel-container ng-tns-c2960411664-86\"><\/div>\n<\/div>\n<\/li>\n<\/ul>\n<h3 data-sourcepos=\"13:1-13:30\"><strong>K\u0101p\u0113c t\u0101 ir popul\u0101ra izv\u0113le Glorya Long-Sleeve Hooded Top-Women's:<\/strong><\/h3>\n<ul data-sourcepos=\"15:1-19:0\">\n<li data-sourcepos=\"15:1-15:151\"><strong>\u0112rta p\u0101rvieto\u0161an\u0101s:<\/strong> <span class=\"citation-7 recitation citation-end-7\">Vieglais, elast\u012bgais audums padara to ide\u0101li piem\u0113rotu t\u0101d\u0101m aktivit\u0101t\u0113m k\u0101 p\u0101rg\u0101jieni, joga vai vienk\u0101r\u0161i skrie\u0161ana p\u0113c nepiecie\u0161am\u012bbas.<\/span><span class=\"button-container hide-from-message-actions ng-star-inserted\">\u00a0<\/span>\n<div class=\"container ng-tns-c2960411664-87 hide\">\n<div class=\"carousel-container ng-tns-c2960411664-87\"><\/div>\n<\/div>\n<\/li>\n<li data-sourcepos=\"16:1-16:101\"><strong>Ikdienas valk\u0101\u0161ana:<\/strong> T\u0101s ikdienas stils un \u0113rts piegriezums padara to par lielisku izv\u0113li ikdienas valk\u0101\u0161anai.<\/li>\n<li data-sourcepos=\"17:1-17:91\"><strong>Sl\u0101\u0146o\u0161ana gabals:<\/strong> Tas ir lieliski piem\u0113rots, lai v\u0113s\u0101k\u0101 laik\u0101 to uzslotu zem jak\u0101m vai vest\u0113m.<\/li>\n<li data-sourcepos=\"18:1-19:0\"><strong>Kvalit\u0101te un iztur\u012bba:<\/strong> Patagonia ir paz\u012bstama ar augstas kvalit\u0101tes un iztur\u012bgu izstr\u0101d\u0101jumu ra\u017eo\u0161anu.<\/li>\n<\/ul>\n<h3 data-sourcepos=\"20:1-20:21\"><strong>Kur atrast Glorya Long-Sleeve Hooded Top-Women's:<\/strong><\/h3>\n<p data-sourcepos=\"22:1-22:86\">Patagonia Long-Sleeve Glorya Hooded Top parasti var atrast \u0161ajos mazumtirgot\u0101jos:<\/p>\n<ul data-sourcepos=\"24:1-27:0\">\n<li data-sourcepos=\"24:1-24:80\"><strong>Patagonia t\u012bmek\u013ca vietne:<\/strong> \u0160is ir ofici\u0101lais Patagonia produktu avots.<\/li>\n<li data-sourcepos=\"25:1-25:114\"><strong>\u0100ra mazumtirgot\u0101ji:<\/strong> <span class=\"citation-8 recitation citation-end-8\">T\u0101di veikali k\u0101 REI, Backcountry un Moosejaw bie\u017ei pied\u0101v\u0101 Patagonia ap\u0123\u0113rbu.<\/span><span class=\"button-container hide-from-message-actions ng-star-inserted\">\u00a0<\/span>\n<div class=\"container ng-tns-c2960411664-88 hide\">\n<div class=\"carousel-container ng-tns-c2960411664-88\"><\/div>\n<\/div>\n<\/li>\n<li data-sourcepos=\"26:1-27:0\"><strong>Univers\u0101lie veikali:<\/strong> Da\u017eos univers\u0101lveikalos var b\u016bt pieejami ar\u012b Patagonia izstr\u0101d\u0101jumi.<\/li>\n<\/ul>\n<p data-sourcepos=\"28:1-28:153\">Ja mekl\u0113jat \u0113rtu, daudzpus\u012bgu un ilgtsp\u0113j\u012bgi ra\u017eotu kapuci, noteikti ir v\u0113rts apsv\u0113rt Patagonia Glorya kapuci ar gar\u0101m piedurkn\u0113m.<\/p>\n<\/div>\n<div class=\"skeleton-loader-container\"><\/div>\n<div class=\"response-footer gap complete\">\n<div class=\"container ng-tns-c2960411664-79\">\n<div class=\"carousel-container ng-tns-c2960411664-79\">\n<div class=\"carousel-content ng-tns-c2960411664-79\">\n<div class=\"sources-carousel-source ng-tns-c2960411664-79 ng-star-inserted\" data-test-id=\"sources-carousel-source\">\n<div class=\"source-card-container\">\n<div class=\"source-card-content\">\n<div class=\"source-card-body\">\n<div class=\"source-card-header\">\n<div class=\"source-card-title\"><\/div>\n<\/div>\n<\/div>\n<\/div>\n<\/div>\n<\/div>\n<\/div>\n<\/div>\n<\/div>\n<\/div>","protected":false},"excerpt":{"rendered":"<table style=\"height: 661px;\" width=\"527\">\n<tbody>\n<tr>\n<td width=\"146\"><strong><b>Produkts<\/b><\/strong>\u00a0<strong><b>V\u0101rds un uzv\u0101rds:<\/b><\/strong><\/td>\n<td width=\"601\"><strong>Glorya Tops ar kapuci un gar\u0101m piedurkn\u0113m - Sievie\u0161u<\/strong><\/td>\n<\/tr>\n<tr>\n<td width=\"146\"><strong><b>Materlal:<\/b><\/strong><\/td>\n<td width=\"601\">Ad\u012b\u0161ana<\/td>\n<\/tr>\n<tr>\n<td width=\"146\"><strong><b>Tehnika:<\/b><\/strong><\/td>\n<td width=\"601\">Iz\u0161\u016bti<\/td>\n<\/tr>\n<tr>\n<td width=\"146\"><strong><b>Stils:<\/b><\/strong><\/td>\n<td width=\"601\">Gad\u012bjuma<\/td>\n<\/tr>\n<tr>\n<td width=\"146\"><strong><b>Kr\u0101sa<\/b><\/strong><strong><b>:<\/b><\/strong><\/td>\n<td width=\"601\">\u00a0Piel\u0101gotas kr\u0101sas<\/td>\n<\/tr>\n<tr>\n<td width=\"146\"><strong><b>Izm\u0113rs:<\/b><\/strong><\/td>\n<td width=\"601\">S \/M \/L \/XL \/2XL<\/td>\n<\/tr>\n<tr>\n<td width=\"146\"><strong><b>OEM\/ODM:<\/b><\/strong><\/td>\n<td width=\"601\">Pie\u0146emams<\/td>\n<\/tr>\n<tr>\n<td width=\"146\"><strong><b>Kvalit\u0101te:<\/b><\/strong><\/td>\n<td width=\"601\">100% Augsta kvalit\u0101te<\/td>\n<\/tr>\n<tr>\n<td width=\"146\"><strong><b>M<\/b><\/strong><strong><b>OQ:<\/b><\/strong><\/td>\n<td width=\"601\">200 gab.<\/td>\n<\/tr>\n<\/tbody>\n<\/table>","protected":false},"featured_media":2006,"template":"","meta":[],"product_brand":[],"product_cat":[39],"product_tag":[],"class_list":{"0":"post-2005","1":"product","2":"type-product","3":"status-publish","4":"has-post-thumbnail","6":"product_cat-womens-clothing","8":"first","9":"instock","10":"shipping-taxable","11":"product-type-simple"},"_links":{"self":[{"href":"https:\/\/mj-clothing.com\/lv\/wp-json\/wp\/v2\/product\/2005","targetHints":{"allow":["GET"]}}],"collection":[{"href":"https:\/\/mj-clothing.com\/lv\/wp-json\/wp\/v2\/product"}],"about":[{"href":"https:\/\/mj-clothing.com\/lv\/wp-json\/wp\/v2\/types\/product"}],"wp:featuredmedia":[{"embeddable":true,"href":"https:\/\/mj-clothing.com\/lv\/wp-json\/wp\/v2\/media\/2006"}],"wp:attachment":[{"href":"https:\/\/mj-clothing.com\/lv\/wp-json\/wp\/v2\/media?parent=2005"}],"wp:term":[{"taxonomy":"product_brand","embeddable":true,"href":"https:\/\/mj-clothing.com\/lv\/wp-json\/wp\/v2\/product_brand?post=2005"},{"taxonomy":"product_cat","embeddable":true,"href":"https:\/\/mj-clothing.com\/lv\/wp-json\/wp\/v2\/product_cat?post=2005"},{"taxonomy":"product_tag","embeddable":true,"href":"https:\/\/mj-clothing.com\/lv\/wp-json\/wp\/v2\/product_tag?post=2005"}],"curies":[{"name":"wp","href":"https:\/\/api.w.org\/{rel}","templated":true}]}}