{"id":2008,"date":"2024-12-17T08:49:20","date_gmt":"2024-12-17T08:49:20","guid":{"rendered":"https:\/\/mj-clothing.com\/?post_type=product&#038;p=2008"},"modified":"2024-12-17T08:56:51","modified_gmt":"2024-12-17T08:56:51","slug":"womens-cashmere-long-coat","status":"publish","type":"product","link":"https:\/\/mj-clothing.com\/lv\/manufacturer\/womens-cashmere-long-coat\/","title":{"rendered":"Sievie\u0161u ka\u0161mira garie m\u0113te\u013ci"},"content":{"rendered":"<div id=\"model-response-message-contentr_21586b4a0aa106d5\" class=\"markdown markdown-main-panel response-optimization\" dir=\"ltr\">\n<p data-sourcepos=\"1:1-1:191\">Sievie\u0161u ka\u0161mira garie m\u0113te\u013ci ir grezn\u012bbas, siltuma un p\u0101rlaic\u012bga stila iemiesojums. Tas ir noz\u012bm\u012bgs ieguld\u012bjums, kas var uzlabot jebkuru ziemas garderobi. L\u016bk, kas padara tos tik \u012bpa\u0161us:<\/p>\n<h3 data-sourcepos=\"3:1-3:17\"><strong>K\u0101p\u0113c sievie\u0161u ka\u0161mira garie m\u0113te\u013ci?<\/strong><\/h3>\n<ul data-sourcepos=\"5:1-9:0\">\n<li data-sourcepos=\"5:1-5:146\"><strong><span class=\"citation-0 recitation\">Nep\u0101rsp\u0113jams maigums:<\/span><\/strong><span class=\"citation-0 recitation citation-end-0\"> Ka\u0161mira \u0161\u0137iedras ir neticami smalkas, t\u0101p\u0113c t\u0101s ir grezni m\u012bkstas un gludas uz \u0101das.<\/span><span class=\"button-container hide-from-message-actions ng-star-inserted\"> \u00a0<\/span>\n<div class=\"container ng-tns-c2960411664-95 hide\">\n<div class=\"carousel-container ng-tns-c2960411664-95\"><\/div>\n<\/div>\n<\/li>\n<li data-sourcepos=\"6:1-6:147\"><strong><span class=\"citation-1 recitation\">Izcila siltums:<\/span><\/strong><span class=\"citation-1 recitation citation-end-1\"> Lai gan ka\u0161mira ap\u0123\u0113rbs ir viegls, tas nodro\u0161ina lielisku izol\u0101ciju, saglab\u0101jot siltumu un neradot lielgabar\u012bta saj\u016btu.<\/span><span class=\"button-container hide-from-message-actions ng-star-inserted\">\u00a0<\/span>\n<div class=\"container ng-tns-c2960411664-96 hide\">\n<div class=\"carousel-container ng-tns-c2960411664-96\"><\/div>\n<\/div>\n<\/li>\n<li data-sourcepos=\"7:1-7:152\"><strong>Viegls un \u0113rts:<\/strong> <span class=\"citation-2 recitation citation-end-2\">Ka\u0161mira ap\u0123\u0113rbi ir paz\u012bstami ar savu vieglumu, t\u0101p\u0113c tos ir \u0113rti valk\u0101t ilgsto\u0161i.<\/span><span class=\"button-container hide-from-message-actions ng-star-inserted\">\u00a0 \u00a0<\/span>\n<div class=\"container ng-tns-c2960411664-97 hide\">\n<div class=\"carousel-container ng-tns-c2960411664-97\"><\/div>\n<\/div>\n<\/li>\n<li data-sourcepos=\"8:1-9:0\"><strong><span class=\"citation-3 recitation\">Iztur\u012bba:<\/span><\/strong><span class=\"citation-3 recitation citation-end-3\"> Pareizi kopjot, augstas kvalit\u0101tes ka\u0161mira m\u0113teli var lietot daudzus gadus, t\u0101p\u0113c tas ir izdev\u012bgs ieguld\u012bjums.<\/span><span class=\"button-container hide-from-message-actions ng-star-inserted\">\u00a0 \u00a0<\/span>\n<div class=\"container ng-tns-c2960411664-98 hide\">\n<div class=\"carousel-container ng-tns-c2960411664-98\"><\/div>\n<\/div>\n<\/li>\n<\/ul>\n<h3 data-sourcepos=\"10:1-10:41\"><strong>Sievie\u0161u ka\u0161mira gar\u0101 m\u0113te\u013ca galven\u0101s iez\u012bmes:<\/strong><\/h3>\n<ul data-sourcepos=\"12:1-22:0\">\n<li data-sourcepos=\"12:1-12:85\"><strong>Garums:<\/strong> Parasti kr\u012bt zem\u0101k par ce\u013cgaliem, nodro\u0161inot maksim\u0101lu p\u0101rkl\u0101jumu un siltumu.<\/li>\n<li data-sourcepos=\"13:1-16:93\"><strong>Klasiskie stili:<\/strong> Bie\u017ei vien ir t\u0101di m\u016b\u017e\u012bgi silueti k\u0101:\n<ul data-sourcepos=\"14:5-16:93\">\n<li data-sourcepos=\"14:5-14:88\"><strong>Vienst\u0101va:<\/strong> Klasisks un univers\u0101ls stils ar vienu pogas rindu.<\/li>\n<li data-sourcepos=\"15:5-15:87\"><strong>Divvirs r\u016bt\u012bm:<\/strong> <span class=\"citation-4 recitation citation-end-4\">Form\u0101l\u0101ks stils ar div\u0101m pogu rind\u0101m.<\/span><span class=\"button-container hide-from-message-actions ng-star-inserted\">\u00a0 \u00a0<\/span>\n<div class=\"container ng-tns-c2960411664-99 hide\">\n<div class=\"carousel-container ng-tns-c2960411664-99\"><\/div>\n<\/div>\n<\/li>\n<li data-sourcepos=\"16:5-16:93\"><strong><span class=\"citation-5 recitation\">Apmetuma m\u0113telis:<\/span><\/strong><span class=\"citation-5 recitation citation-end-5\"> Atp\u016btas un elegants stils, ko var sasiet ar jostu.<\/span><span class=\"button-container hide-from-message-actions ng-star-inserted\"> \u00a0<\/span>\n<div class=\"container ng-tns-c2960411664-100 hide\">\n<div class=\"carousel-container ng-tns-c2960411664-100\">\n<div class=\"carousel-content ng-tns-c2960411664-100\">\n<div class=\"sources-carousel-source ng-tns-c2960411664-100 hide ng-star-inserted\" data-test-id=\"sources-carousel-source\"><\/div>\n<\/div>\n<\/div>\n<\/div>\n<\/li>\n<\/ul>\n<\/li>\n<li data-sourcepos=\"17:1-20:67\"><strong>Apkakles opcijas:<\/strong> Var b\u016bt da\u017e\u0101di apkakles stili, piem\u0113ram:\n<ul data-sourcepos=\"18:5-20:67\">\n<li data-sourcepos=\"18:5-18:69\"><strong><span class=\"citation-6 recitation\">Atloka atloks ar robiem:<\/span><\/strong><span class=\"citation-6 recitation citation-end-6\"> Klasiska un univers\u0101la apkakle.<\/span><span class=\"button-container hide-from-message-actions ng-star-inserted\">\u00a0<\/span>\n<div class=\"container ng-tns-c2960411664-101 hide\">\n<div class=\"carousel-container ng-tns-c2960411664-101\"><\/div>\n<\/div>\n<\/li>\n<li data-sourcepos=\"19:5-19:57\"><strong>\u0160alles apkakle:<\/strong> Atlaid\u012bg\u0101ka un m\u0101j\u012bg\u0101ka apkakle.<\/li>\n<li data-sourcepos=\"20:5-20:67\"><strong>Stand-up apkakle:<\/strong> Nodro\u0161ina papildu siltumu ap kaklu.<\/li>\n<\/ul>\n<\/li>\n<li data-sourcepos=\"21:1-22:0\"><strong>Minim\u0101la deta\u013cu izstr\u0101de:<\/strong> Tam bie\u017ei vien ir t\u012bras l\u012bnijas un minim\u0101las deta\u013cas, kas izce\u013c grezno audumu.<\/li>\n<\/ul>\n<h3 data-sourcepos=\"23:1-23:56\"><strong>Lietas, kas j\u0101\u0146em v\u0113r\u0101, p\u0113rkot sievie\u0161u ka\u0161mira garu m\u0113teli:<\/strong><\/h3>\n<ul data-sourcepos=\"25:1-30:0\">\n<li data-sourcepos=\"25:1-25:129\"><strong>Ka\u0161mira kvalit\u0101te:<\/strong> Mekl\u0113jiet m\u0113te\u013cus, kas izgatavoti no 100% ka\u0161mira vai ka\u0161mira, kas sajaukts ar cit\u0101m smalkaj\u0101m \u0161\u0137iedr\u0101m.<\/li>\n<li data-sourcepos=\"26:1-26:134\"><strong>Svars:<\/strong> Ka\u0161mira svars ietekm\u0113 t\u0101 siltumu un drap\u0113jumu. Smag\u0101ks ka\u0161mirs parasti ir silt\u0101ks, bet var b\u016bt ar\u012b apjom\u012bg\u0101ks.<\/li>\n<li data-sourcepos=\"27:1-27:89\"><strong>B\u016bvniec\u012bba:<\/strong> P\u0101rbaudiet \u0161uvju un odere kvalit\u0101ti, lai nodro\u0161in\u0101tu iztur\u012bbu.<\/li>\n<li data-sourcepos=\"28:1-28:99\"><strong>Piem\u0113rots:<\/strong> Izv\u0113lieties m\u0113teli, kas labi piegu\u013c pleciem un \u013cauj \u0113rti sl\u0101\u0146oties.<\/li>\n<li data-sourcepos=\"29:1-30:0\"><strong>Cena:<\/strong> <span class=\"citation-7 recitation citation-end-7\">Ka\u0161mira m\u0113te\u013ci ir ieguld\u012bjums, t\u0101p\u0113c esiet gatavi izt\u0113r\u0113t iev\u0113rojamu summu.<\/span> Tom\u0113r, pareizi kopjot, t\u0101 kalpos daudzus gadus.<span class=\"button-container hide-from-message-actions ng-star-inserted\">\u00a0<\/span>\n<div class=\"container ng-tns-c2960411664-102 hide\">\n<div class=\"carousel-container ng-tns-c2960411664-102\"><\/div>\n<\/div>\n<\/li>\n<\/ul>\n<h3 data-sourcepos=\"31:1-31:46\"><strong>Kur atrast sievie\u0161u ka\u0161mira garus m\u0113te\u013cus:<\/strong><\/h3>\n<ul data-sourcepos=\"33:1-37:0\">\n<li data-sourcepos=\"33:1-33:80\"><strong>Augstas klases univers\u0101lveikali:<\/strong> Nordstrom, Saks Fifth Avenue, Bloomingdale's<\/li>\n<li data-sourcepos=\"34:1-34:52\"><strong>Luksusa z\u012bmoli:<\/strong> Max Mara, Loro Piana, The Row<\/li>\n<li data-sourcepos=\"35:1-35:80\"><strong>Specializ\u0113tie ka\u0161mira mazumtirgot\u0101ji:<\/strong> <span class=\"citation-8 recitation citation-end-8\">GOBI Cashmere, Sofia Cashmere<\/span><span class=\"button-container hide-from-message-actions ng-star-inserted\">\u00a0 \u00a0<\/span>\n<div class=\"container ng-tns-c2960411664-103 hide\">\n<div class=\"carousel-container ng-tns-c2960411664-103\"><\/div>\n<\/div>\n<\/li>\n<li data-sourcepos=\"36:1-37:0\"><strong>Tie\u0161saistes mazumtirgot\u0101ji:<\/strong> Farfetch, Net-a-Porter, Mytheresa<\/li>\n<\/ul>\n<p data-sourcepos=\"38:1-38:122\">Sievie\u0161u ka\u0161mira garais m\u0113teli ir grezns un m\u016b\u017e\u012bgs ieguld\u012bjums, kas nodro\u0161in\u0101s jums siltumu un stilu gadiem ilgi.<\/p>\n<\/div>\n<div class=\"response-footer gap complete\">\n<div class=\"container ng-tns-c2960411664-94\">\n<div class=\"carousel-container ng-tns-c2960411664-94\">\n<div class=\"carousel-content ng-tns-c2960411664-94\">\n<div class=\"sources-carousel-source ng-tns-c2960411664-94 ng-star-inserted\" data-test-id=\"sources-carousel-source\">\n<div class=\"source-card-container\">\n<div class=\"source-card-content\">\n<div class=\"source-card-body\">\n<div class=\"source-card-header\">\n<div class=\"source-card-title\"><\/div>\n<\/div>\n<\/div>\n<\/div>\n<\/div>\n<\/div>\n<\/div>\n<\/div>\n<\/div>\n<\/div>","protected":false},"excerpt":{"rendered":"<table style=\"height: 596px;\" width=\"487\">\n<tbody>\n<tr>\n<td width=\"146\"><strong><b>Produkts<\/b><\/strong>\u00a0<strong><b>V\u0101rds un uzv\u0101rds:<\/b><\/strong><\/td>\n<td width=\"601\"><strong>Sievie\u0161u ka\u0161mira garie m\u0113te\u013ci<\/strong><\/td>\n<\/tr>\n<tr>\n<td width=\"146\"><strong><b>Materlal:<\/b><\/strong><\/td>\n<td width=\"601\">Ad\u012b\u0161ana<\/td>\n<\/tr>\n<tr>\n<td width=\"146\"><strong><b>Tehnika:<\/b><\/strong><\/td>\n<td width=\"601\">Iz\u0161\u016bti<\/td>\n<\/tr>\n<tr>\n<td width=\"146\"><strong><b>Stils:<\/b><\/strong><\/td>\n<td width=\"601\">Gad\u012bjuma<\/td>\n<\/tr>\n<tr>\n<td width=\"146\"><strong><b>Kr\u0101sa<\/b><\/strong><strong><b>:<\/b><\/strong><\/td>\n<td width=\"601\">\u00a0Piel\u0101gotas kr\u0101sas<\/td>\n<\/tr>\n<tr>\n<td width=\"146\"><strong><b>Izm\u0113rs:<\/b><\/strong><\/td>\n<td width=\"601\">S \/M \/L \/XL \/2XL<\/td>\n<\/tr>\n<tr>\n<td width=\"146\"><strong><b>OEM\/ODM:<\/b><\/strong><\/td>\n<td width=\"601\">Pie\u0146emams<\/td>\n<\/tr>\n<tr>\n<td width=\"146\"><strong><b>Kvalit\u0101te:<\/b><\/strong><\/td>\n<td width=\"601\">100% Augsta kvalit\u0101te<\/td>\n<\/tr>\n<tr>\n<td width=\"146\"><strong><b>M<\/b><\/strong><strong><b>OQ:<\/b><\/strong><\/td>\n<td width=\"601\">200 gab.<\/td>\n<\/tr>\n<\/tbody>\n<\/table>","protected":false},"featured_media":2009,"template":"","meta":[],"product_brand":[],"product_cat":[39],"product_tag":[],"class_list":{"0":"post-2008","1":"product","2":"type-product","3":"status-publish","4":"has-post-thumbnail","6":"product_cat-womens-clothing","8":"first","9":"instock","10":"shipping-taxable","11":"product-type-simple"},"_links":{"self":[{"href":"https:\/\/mj-clothing.com\/lv\/wp-json\/wp\/v2\/product\/2008","targetHints":{"allow":["GET"]}}],"collection":[{"href":"https:\/\/mj-clothing.com\/lv\/wp-json\/wp\/v2\/product"}],"about":[{"href":"https:\/\/mj-clothing.com\/lv\/wp-json\/wp\/v2\/types\/product"}],"wp:featuredmedia":[{"embeddable":true,"href":"https:\/\/mj-clothing.com\/lv\/wp-json\/wp\/v2\/media\/2009"}],"wp:attachment":[{"href":"https:\/\/mj-clothing.com\/lv\/wp-json\/wp\/v2\/media?parent=2008"}],"wp:term":[{"taxonomy":"product_brand","embeddable":true,"href":"https:\/\/mj-clothing.com\/lv\/wp-json\/wp\/v2\/product_brand?post=2008"},{"taxonomy":"product_cat","embeddable":true,"href":"https:\/\/mj-clothing.com\/lv\/wp-json\/wp\/v2\/product_cat?post=2008"},{"taxonomy":"product_tag","embeddable":true,"href":"https:\/\/mj-clothing.com\/lv\/wp-json\/wp\/v2\/product_tag?post=2008"}],"curies":[{"name":"wp","href":"https:\/\/api.w.org\/{rel}","templated":true}]}}