{"id":2010,"date":"2024-12-17T08:55:56","date_gmt":"2024-12-17T08:55:56","guid":{"rendered":"https:\/\/mj-clothing.com\/?post_type=product&#038;p=2010"},"modified":"2024-12-17T08:55:56","modified_gmt":"2024-12-17T08:55:56","slug":"black-long-wool-coat-womens","status":"publish","type":"product","link":"https:\/\/mj-clothing.com\/lv\/manufacturer\/black-long-wool-coat-womens\/","title":{"rendered":"Melns gar\u0161 vilnas m\u0113telis Sievie\u0161u"},"content":{"rendered":"<p data-sourcepos=\"1:1-1:191\">Melns gar\u0161 vilnas sievie\u0161u m\u0113te\u013cs ir \u012bsts garderobes piederums ikvienai sievietei. Tas ir klasisks izstr\u0101d\u0101jums, kas apvieno praktiskumu, siltumu un p\u0101rlaic\u012bgu stilu. L\u016bk, kas padara tos tik lieliskus:<\/p>\n<h3 data-sourcepos=\"3:1-3:13\"><strong>K\u0101p\u0113c melns gar\u0161 vilnas m\u0113telis Sievie\u0161u vilna?<\/strong><\/h3>\n<ul data-sourcepos=\"5:1-9:0\">\n<li data-sourcepos=\"5:1-5:116\"><strong><span class=\"citation-0 recitation\">Siltums:<\/span><\/strong><span class=\"citation-0 recitation citation-end-0\"> Vilna ir dabisks izolators, kas nodro\u0161ina lielisku siltumu pat \u013coti zem\u0101 temperat\u016br\u0101.<\/span><span class=\"button-container hide-from-message-actions ng-star-inserted\"> \u00a0<\/span>\n<div class=\"container ng-tns-c2960411664-110 hide\">\n<div class=\"carousel-container ng-tns-c2960411664-110\"><\/div>\n<\/div>\n<\/li>\n<li data-sourcepos=\"6:1-6:114\"><strong><span class=\"citation-1 recitation\">Iztur\u012bba:<\/span><\/strong><span class=\"citation-1 recitation citation-end-1\"> Vilnas \u0161\u0137iedras ir sp\u0113c\u012bgas un elast\u012bgas, t\u0101p\u0113c vilnas m\u0113te\u013ci ir iztur\u012bgi un ilgi kalpo.<\/span><span class=\"button-container hide-from-message-actions ng-star-inserted\"> \u00a0<\/span>\n<div class=\"container ng-tns-c2960411664-111 hide\">\n<div class=\"carousel-container ng-tns-c2960411664-111\"><\/div>\n<\/div>\n<\/li>\n<li data-sourcepos=\"7:1-7:130\"><strong><span class=\"citation-2 recitation\">\u016adensiztur\u012bba:<\/span><\/strong><span class=\"citation-2 recitation citation-end-2\"> Vilnai piem\u012bt dabiskas \u016bdeni atgr\u016bdo\u0161as \u012bpa\u0161\u012bbas, kas pal\u012bdz saglab\u0101t j\u016bs sausu neliel\u0101 liet\u016b vai snieg\u0101.<\/span><span class=\"button-container hide-from-message-actions ng-star-inserted\"> \u00a0<\/span>\n<div class=\"container ng-tns-c2960411664-112 hide\">\n<div class=\"carousel-container ng-tns-c2960411664-112\"><\/div>\n<\/div>\n<\/li>\n<li data-sourcepos=\"8:1-9:0\"><strong><span class=\"citation-3 recitation\">Elpojam\u012bba:<\/span><\/strong><span class=\"citation-3 recitation citation-end-3\"> Vilna ir elpojo\u0161a, kas pal\u012bdz regul\u0113t \u0137erme\u0146a temperat\u016bru un nov\u0113r\u0161 p\u0101rkar\u0161anu.<\/span><span class=\"button-container hide-from-message-actions ng-star-inserted\">\u00a0 \u00a0<\/span>\n<div class=\"container ng-tns-c2960411664-113 hide\">\n<div class=\"carousel-container ng-tns-c2960411664-113\"><\/div>\n<\/div>\n<\/li>\n<\/ul>\n<h3 data-sourcepos=\"10:1-10:43\"><strong>Melna gara vilnas m\u0113te\u013ca galven\u0101s iez\u012bmes Sievie\u0161u:<\/strong><\/h3>\n<ul data-sourcepos=\"12:1-23:0\">\n<li data-sourcepos=\"12:1-12:137\"><strong>Garums:<\/strong> Parasti kr\u012bt zem\u0101k par ce\u013cgaliem, nodro\u0161inot maksim\u0101lu p\u0101rkl\u0101jumu un siltumu. \u0160is garums ir ar\u012b \u013coti glaimojo\u0161s un pagarino\u0161s.<\/li>\n<li data-sourcepos=\"13:1-13:125\"><strong>Kr\u0101sa:<\/strong> Meln\u0101 kr\u0101sa ir neticami univers\u0101la un sader ar visu. T\u0101 ir klasiska izv\u0113le, kas nekad neizies no modes.<\/li>\n<li data-sourcepos=\"14:1-18:62\"><strong>Klasiskie stili:<\/strong> Bie\u017e\u0101k sastopamie stili ir \u0161\u0101di:\n<ul data-sourcepos=\"15:5-18:62\">\n<li data-sourcepos=\"15:5-15:89\"><strong>Vienst\u0101va:<\/strong> M\u016b\u017e\u012bgs un univers\u0101ls stils ar vienu pogas rindu.<\/li>\n<li data-sourcepos=\"16:5-16:102\"><strong>Divvirs r\u016bt\u012bm:<\/strong> <span class=\"citation-4 recitation citation-end-4\">Form\u0101l\u0101ks un struktur\u0113t\u0101ks stils ar div\u0101m pogu rind\u0101m.<\/span><span class=\"button-container hide-from-message-actions ng-star-inserted\">\u00a0<\/span>\n<div class=\"container ng-tns-c2960411664-114 hide\">\n<div class=\"carousel-container ng-tns-c2960411664-114\"><\/div>\n<\/div>\n<\/li>\n<li data-sourcepos=\"17:5-17:93\"><strong><span class=\"citation-5 recitation\">Apmetuma m\u0113telis:<\/span><\/strong><span class=\"citation-5 recitation citation-end-5\"> Atp\u016btas un elegants stils, ko var sasiet ar jostu.<\/span><span class=\"button-container hide-from-message-actions ng-star-inserted\"> \u00a0<\/span>\n<div class=\"container ng-tns-c2960411664-115 hide\">\n<div class=\"carousel-container ng-tns-c2960411664-115\"><\/div>\n<\/div>\n<\/li>\n<li data-sourcepos=\"18:5-18:62\"><strong>\u010cesterf\u012blda:<\/strong> Form\u0101ls stils ar samta apkakli.<\/li>\n<\/ul>\n<\/li>\n<li data-sourcepos=\"19:1-23:0\"><strong>Apkakles opcijas:<\/strong>\n<ul data-sourcepos=\"20:5-23:0\">\n<li data-sourcepos=\"20:5-20:69\"><strong><span class=\"citation-6 recitation\">Atloka atloks ar robiem:<\/span><\/strong><span class=\"citation-6 recitation citation-end-6\"> Klasiska un univers\u0101la apkakle.<\/span><span class=\"button-container hide-from-message-actions ng-star-inserted\"> \u00a0<\/span>\n<div class=\"container ng-tns-c2960411664-116 hide\">\n<div class=\"carousel-container ng-tns-c2960411664-116\"><\/div>\n<\/div>\n<\/li>\n<li data-sourcepos=\"21:5-21:71\"><strong><span class=\"citation-7 recitation\">Maksim\u0101lais atloks:<\/span><\/strong><span class=\"citation-7 recitation citation-end-7\"> Form\u0101l\u0101ka un dramatisk\u0101ka apkakle.<\/span><span class=\"button-container hide-from-message-actions ng-star-inserted\"> \u00a0<\/span>\n<div class=\"container ng-tns-c2960411664-117 hide\">\n<div class=\"carousel-container ng-tns-c2960411664-117\"><\/div>\n<\/div>\n<\/li>\n<li data-sourcepos=\"22:5-23:0\"><strong>Stand-up apkakle:<\/strong> Nodro\u0161ina papildu siltumu ap kaklu.<\/li>\n<\/ul>\n<\/li>\n<\/ul>\n<h3 data-sourcepos=\"24:1-24:58\"><strong>Lietas, kas j\u0101\u0146em v\u0113r\u0101, p\u0113rkot melnu garu vilnas m\u0113teli sieviet\u0113m:<\/strong><\/h3>\n<ul data-sourcepos=\"26:1-31:0\">\n<li data-sourcepos=\"26:1-26:101\"><strong>Vilnas kvalit\u0101te:<\/strong> Mekl\u0113jiet m\u0113te\u013cus, kas izgatavoti no augstas kvalit\u0101tes vilnas, piem\u0113ram, merino vilnas vai neapstr\u0101d\u0101tas vilnas.<\/li>\n<li data-sourcepos=\"27:1-27:75\"><strong>Izkl\u0101jums:<\/strong> Laba odere palielin\u0101s m\u0113te\u013ca siltumu un iztur\u012bbu.<\/li>\n<li data-sourcepos=\"28:1-28:99\"><strong>Piem\u0113rots:<\/strong> P\u0101rliecinieties, ka m\u0113te\u013ci labi piegu\u013c pleciem un nodro\u0161ina \u0113rtu sl\u0101\u0146o\u0161anu.<\/li>\n<li data-sourcepos=\"29:1-29:72\"><strong>S\u012bk\u0101ka inform\u0101cija:<\/strong> Apsveriet t\u0101das deta\u013cas k\u0101 kabatas, pogas un jostas cilpas.<\/li>\n<li data-sourcepos=\"30:1-31:0\"><strong><span class=\"citation-8 recitation\">Cena:<\/span><\/strong><span class=\"citation-8 recitation citation-end-8\"> Labas kvalit\u0101tes vilnas m\u0113te\u013ci ir ieguld\u012bjums, ta\u010du tie kalpos daudzus gadus.<\/span><span class=\"button-container hide-from-message-actions ng-star-inserted\">\u00a0 \u00a0<\/span>\n<div class=\"container ng-tns-c2960411664-118 hide\">\n<div class=\"carousel-container ng-tns-c2960411664-118\"><\/div>\n<\/div>\n<\/li>\n<\/ul>\n<h3 data-sourcepos=\"32:1-32:40\"><strong>K\u0101 stiliz\u0113t melnu garu vilnas m\u0113teli sieviet\u0113m:<\/strong><\/h3>\n<ul data-sourcepos=\"34:1-37:0\">\n<li data-sourcepos=\"34:1-34:85\"><strong>Gad\u012bjuma raksturs:<\/strong> Kombin\u0113jiet to ar d\u017einsiem, d\u017eemperi un z\u0101bakiem, lai veidotu klasisku ikdienas izskatu.<\/li>\n<li data-sourcepos=\"35:1-35:95\"><strong>Lieti\u0161\u0137s ikdienas ap\u0123\u0113rbs:<\/strong> N\u0113s\u0101jiet to virs bl\u016bzes un biks\u0113m vai sv\u0101rkiem, lai ieg\u016btu profesion\u0101lu izskatu.<\/li>\n<li data-sourcepos=\"36:1-37:0\"><strong>Stil\u012bgs ap\u0123\u0113rbs:<\/strong> Uzvelciet to virs kleitas vai vakart\u0113rpa, lai rad\u012btu izsmalcin\u0101tu izskatu.<\/li>\n<\/ul>\n<p data-sourcepos=\"38:1-38:217\"><span class=\"citation-9 recitation citation-end-9\">Melns gar\u0161 vilnas m\u0113telis ir univers\u0101ls un b\u016btisks ap\u0123\u0113rba gabals, kas nodro\u0161in\u0101s jums siltumu un stilu visu ziemas sezonu.<\/span> Tas ir izdev\u012bgs ieguld\u012bjums, ko var\u0113siet valk\u0101t daudzus gadus.<span class=\"button-container hide-from-message-actions ng-star-inserted\"> \u00a0 <\/span><\/p>","protected":false},"excerpt":{"rendered":"<table style=\"height: 647px;\" width=\"508\">\n<tbody>\n<tr>\n<td width=\"146\"><strong><b>Produkts<\/b><\/strong>\u00a0<strong><b>V\u0101rds un uzv\u0101rds:<\/b><\/strong><\/td>\n<td width=\"601\"><strong>Melns gar\u0161 vilnas m\u0113telis Sievie\u0161u<\/strong><\/td>\n<\/tr>\n<tr>\n<td width=\"146\"><strong><b>Materlal:<\/b><\/strong><\/td>\n<td width=\"601\">Ad\u012b\u0161ana<\/td>\n<\/tr>\n<tr>\n<td width=\"146\"><strong><b>Tehnika:<\/b><\/strong><\/td>\n<td width=\"601\">Iz\u0161\u016bti<\/td>\n<\/tr>\n<tr>\n<td width=\"146\"><strong><b>Stils:<\/b><\/strong><\/td>\n<td width=\"601\">Gad\u012bjuma<\/td>\n<\/tr>\n<tr>\n<td width=\"146\"><strong><b>Kr\u0101sa<\/b><\/strong><strong><b>:<\/b><\/strong><\/td>\n<td width=\"601\">\u00a0Piel\u0101gotas kr\u0101sas<\/td>\n<\/tr>\n<tr>\n<td width=\"146\"><strong><b>Izm\u0113rs:<\/b><\/strong><\/td>\n<td width=\"601\">S \/M \/L \/XL \/2XL<\/td>\n<\/tr>\n<tr>\n<td width=\"146\"><strong><b>OEM\/ODM:<\/b><\/strong><\/td>\n<td width=\"601\">Pie\u0146emams<\/td>\n<\/tr>\n<tr>\n<td width=\"146\"><strong><b>Kvalit\u0101te:<\/b><\/strong><\/td>\n<td width=\"601\">100% Augsta kvalit\u0101te<\/td>\n<\/tr>\n<tr>\n<td width=\"146\"><strong><b>M<\/b><\/strong><strong><b>OQ:<\/b><\/strong><\/td>\n<td width=\"601\">200 gab.<\/td>\n<\/tr>\n<\/tbody>\n<\/table>","protected":false},"featured_media":2011,"template":"","meta":[],"product_brand":[],"product_cat":[39],"product_tag":[],"class_list":{"0":"post-2010","1":"product","2":"type-product","3":"status-publish","4":"has-post-thumbnail","6":"product_cat-womens-clothing","8":"first","9":"instock","10":"shipping-taxable","11":"product-type-simple"},"_links":{"self":[{"href":"https:\/\/mj-clothing.com\/lv\/wp-json\/wp\/v2\/product\/2010","targetHints":{"allow":["GET"]}}],"collection":[{"href":"https:\/\/mj-clothing.com\/lv\/wp-json\/wp\/v2\/product"}],"about":[{"href":"https:\/\/mj-clothing.com\/lv\/wp-json\/wp\/v2\/types\/product"}],"wp:featuredmedia":[{"embeddable":true,"href":"https:\/\/mj-clothing.com\/lv\/wp-json\/wp\/v2\/media\/2011"}],"wp:attachment":[{"href":"https:\/\/mj-clothing.com\/lv\/wp-json\/wp\/v2\/media?parent=2010"}],"wp:term":[{"taxonomy":"product_brand","embeddable":true,"href":"https:\/\/mj-clothing.com\/lv\/wp-json\/wp\/v2\/product_brand?post=2010"},{"taxonomy":"product_cat","embeddable":true,"href":"https:\/\/mj-clothing.com\/lv\/wp-json\/wp\/v2\/product_cat?post=2010"},{"taxonomy":"product_tag","embeddable":true,"href":"https:\/\/mj-clothing.com\/lv\/wp-json\/wp\/v2\/product_tag?post=2010"}],"curies":[{"name":"wp","href":"https:\/\/api.w.org\/{rel}","templated":true}]}}