{"id":2013,"date":"2024-12-17T09:06:12","date_gmt":"2024-12-17T09:06:12","guid":{"rendered":"https:\/\/mj-clothing.com\/?post_type=product&#038;p=2013"},"modified":"2024-12-17T09:06:12","modified_gmt":"2024-12-17T09:06:12","slug":"womens-petite-long-wool-coat","status":"publish","type":"product","link":"https:\/\/mj-clothing.com\/lv\/manufacturer\/womens-petite-long-wool-coat\/","title":{"rendered":"Sievie\u0161u neliela izm\u0113ra garais vilnas m\u0113te\u013ci"},"content":{"rendered":"<p data-sourcepos=\"1:1-1:249\">Sievie\u0161u neliela izm\u0113ra garie vilnas m\u0113te\u013ci ir fantastiska izv\u0113le, lai aukst\u0101kajos m\u0113ne\u0161os saglab\u0101tu siltumu un stilu, \u012bpa\u0161i, ja jums ir maz\u0101ks augums. Galvenais ir atrast t\u0101du m\u0113teli, kas labi piegu\u013c un glaimo j\u016bsu auguma proporcij\u0101m. L\u016bk, kas j\u0101\u0146em v\u0113r\u0101:<\/p>\n<h3 data-sourcepos=\"3:1-3:31\"><strong>Kas veido sievie\u0161u mazo izm\u0113ru garu vilnas m\u0113teli?<\/strong><\/h3>\n<p data-sourcepos=\"5:1-5:125\"><span class=\"citation-0 recitation citation-end-0\">Petite ap\u0123\u0113rbs ir paredz\u0113ts sieviet\u0113m, kuru augums parasti ir 5'4\u2033 un maz\u0101ks.<\/span> Galven\u0101s at\u0161\u0137ir\u012bbas mazo izm\u0113ru m\u0113te\u013cos ir \u0161\u0101das:<span class=\"button-container hide-from-message-actions ng-star-inserted\">\u00a0 \u00a0<\/span><\/p>\n<ul data-sourcepos=\"7:1-11:0\">\n<li data-sourcepos=\"7:1-7:105\"><strong>\u012as\u0101ki garumi:<\/strong> Kop\u0113jais m\u0113te\u013ca garums ir \u012bs\u0101ks, lai izvair\u012btos no t\u0101, ka tas p\u0101rsp\u012bl\u0113 maz\u0101ku augumu.<\/li>\n<li data-sourcepos=\"8:1-8:104\"><strong>\u012as\u0101kas piedurknes:<\/strong> Piedurknes ir veidotas t\u0101, lai t\u0101s sasniegtu plaukstas loc\u012btavu, t\u0101d\u0113j\u0101di nov\u0113r\u0161ot vajadz\u012bbu p\u0113c p\u0101r\u0161\u016bt\u0101m piedurkn\u0113m.<\/li>\n<li data-sourcepos=\"9:1-9:82\"><strong>Augst\u0101ki padu\u0161u izgriezumi:<\/strong> Tas nov\u0113r\u0161 lieko auduma savilk\u0161anos padus\u0113s.<\/li>\n<li data-sourcepos=\"10:1-11:0\"><strong><span class=\"citation-1 recitation\">\u0160aur\u0101ki pleci:<\/span><\/strong><span class=\"citation-1 recitation citation-end-1\"> Plecu \u0161uves ir \u0161aur\u0101kas, lai pareizi piegul\u0113tu maz\u0101kam augumam.<\/span><span class=\"button-container hide-from-message-actions ng-star-inserted\"> \u00a0<\/span>\n<div class=\"container ng-tns-c2960411664-127 hide\">\n<div class=\"carousel-container ng-tns-c2960411664-127\"><\/div>\n<\/div>\n<\/li>\n<\/ul>\n<h3 data-sourcepos=\"12:1-12:56\"><strong>K\u0101p\u0113c izv\u0113l\u0113ties sievie\u0161u garu vilnas m\u0113teli Petite (pat ja esat mazs augum\u0101)?<\/strong><\/h3>\n<ul data-sourcepos=\"14:1-17:0\">\n<li data-sourcepos=\"14:1-14:111\"><strong><span class=\"citation-2 recitation\">Siltums:<\/span><\/strong><span class=\"citation-2 recitation citation-end-2\"> Garais vilnas m\u0113telis nodro\u0161ina lielisku p\u0101rkl\u0101jumu un siltumu, kas ir lieliski piem\u0113rots aukstam laikam.<\/span><span class=\"button-container hide-from-message-actions ng-star-inserted\"> \u00a0<\/span>\n<div class=\"container ng-tns-c2960411664-128 hide\">\n<div class=\"carousel-container ng-tns-c2960411664-128\"><\/div>\n<\/div>\n<\/li>\n<li data-sourcepos=\"15:1-15:97\"><strong>Elegance:<\/strong> Garais siluets var b\u016bt \u013coti elegants un glaimojo\u0161s pat s\u012bk\u0101m fig\u016br\u0101m.<\/li>\n<li data-sourcepos=\"16:1-17:0\"><strong>Daudzpus\u012bba:<\/strong> <span class=\"citation-3 recitation citation-end-3\">Klasisko garo vilnas m\u0113teli var uzvilkt vai novilkt, padarot to par daudzpus\u012bgu j\u016bsu garderobes papildin\u0101jumu.<\/span>\n<div class=\"container ng-tns-c2960411664-129 hide\">\n<div class=\"carousel-container ng-tns-c2960411664-129\"><\/div>\n<\/div>\n<\/li>\n<\/ul>\n<h3 data-sourcepos=\"18:1-18:56\"><strong>Svar\u012bg\u0101k\u0101s iez\u012bmes, kas mekl\u0113jamas sievie\u0161u neliela izm\u0113ra garaj\u0101 vilnas m\u0113te\u013cos:<\/strong><\/h3>\n<ul data-sourcepos=\"20:1-25:0\">\n<li data-sourcepos=\"20:1-20:144\"><strong>Garums:<\/strong> Vislab\u0101k, ja m\u0113telim ir j\u0101b\u016bt ap ce\u013cgaliem vai nedaudz zem tiem. Izvairieties no p\u0101r\u0101k gariem m\u0113te\u013ciem, jo tie var p\u0101rsp\u012bl\u0113t j\u016bsu augumu.<\/li>\n<li data-sourcepos=\"21:1-21:140\"><strong>Piem\u0113rots:<\/strong> Piev\u0113rsiet lielu uzman\u012bbu plecu un kr\u016b\u0161u da\u013cai. M\u0113telim j\u0101b\u016bt \u0113rti piegulo\u0161am, bet ne p\u0101r\u0101k cie\u0161i piegu\u013co\u0161am vai p\u0101r\u0101k br\u012bvam.<\/li>\n<li data-sourcepos=\"22:1-22:108\"><strong>Piedurknes:<\/strong> Piedurkn\u0113m j\u0101b\u016bt l\u012bdz plaukstas loc\u012btavai. Ja t\u0101s ir p\u0101r\u0101k garas, j\u016bs varat izskat\u012bties \u012bs\u0101ks.<\/li>\n<li data-sourcepos=\"23:1-23:146\"><strong>Stils:<\/strong> Apsveriet klasiskus stilus, piem\u0113ram, vienst\u0101va, divst\u0101va vai apmetuma m\u0113te\u013cus. \u0160ie stili m\u0113dz b\u016bt glaimojo\u0161i s\u012bk\u0101m fig\u016br\u0101m.<\/li>\n<li data-sourcepos=\"24:1-25:0\"><strong>Kr\u0101sa:<\/strong> Melns, tum\u0161i tum\u0161s un pel\u0113ks ir klasiskas un univers\u0101las izv\u0113les. Tom\u0113r varat apsv\u0113rt ar\u012b citas kr\u0101sas, kas papildina j\u016bsu \u0101das toni.<\/li>\n<\/ul>\n<h3 data-sourcepos=\"26:1-26:45\"><strong>Padomi Petite Sievie\u0161u Petite gar\u0161 vilnas m\u0113telis:<\/strong><\/h3>\n<ul data-sourcepos=\"28:1-32:0\">\n<li data-sourcepos=\"28:1-28:124\"><strong>Izvairieties no lielizm\u0113ra stiliem:<\/strong> P\u0101rlieku lieli m\u0113te\u013ci var apgr\u016btin\u0101t s\u012bko augumu. Izv\u0113lieties m\u0113teli, kas ir vair\u0101k piegulo\u0161s vai piel\u0101gots.<\/li>\n<li data-sourcepos=\"29:1-29:127\"><strong>Piev\u0113rsiet uzman\u012bbu deta\u013c\u0101m:<\/strong> T\u0101das deta\u013cas k\u0101 jostas, pogas un apkakles var pal\u012bdz\u0113t izveidot pievilc\u012bg\u0101ku siluetu.<\/li>\n<li data-sourcepos=\"30:1-30:117\"><strong>Valk\u0101jiet pap\u0113\u017eus vai z\u0101bakus ar pap\u0113di:<\/strong> Tas var pal\u012bdz\u0113t pagarin\u0101t k\u0101jas un l\u012bdzsvarot m\u0113te\u013ca proporcijas.<\/li>\n<li data-sourcepos=\"31:1-32:0\"><strong>Apsveriet audumu:<\/strong> Izv\u0113lieties vieglu vai vid\u0113ji smagu vilnu, lai izvair\u012btos no lieka apjoma.<\/li>\n<\/ul>\n<h3 data-sourcepos=\"33:1-33:41\"><strong>Kur atrast Petite sievie\u0161u garie vilnas m\u0113te\u013ci:<\/strong><\/h3>\n<ul data-sourcepos=\"35:1-38:0\">\n<li data-sourcepos=\"35:1-35:124\"><strong><span class=\"citation-4 recitation\">Univers\u0101lie veikali:<\/span><\/strong><span class=\"citation-4 recitation citation-end-4\"> Daudzos univers\u0101lveikalos ir specializ\u0113tas petite noda\u013cas ar da\u017e\u0101diem m\u0113te\u013cu stiliem.<\/span><span class=\"button-container hide-from-message-actions ng-star-inserted\"> \u00a0<\/span>\n<div class=\"container ng-tns-c2960411664-130 hide\">\n<div class=\"carousel-container ng-tns-c2960411664-130\"><\/div>\n<\/div>\n<\/li>\n<li data-sourcepos=\"36:1-36:124\"><strong>Specializ\u0113tie mazumtirgot\u0101ji:<\/strong> <span class=\"citation-5 recitation citation-end-5\">Da\u017ei mazumtirgot\u0101ji specializ\u0113jas maz\u0101 auguma ap\u0123\u0113rbu jom\u0101 un pied\u0101v\u0101 pla\u0161\u0101ku m\u0113te\u013cu izv\u0113li.<\/span><span class=\"button-container hide-from-message-actions ng-star-inserted\">\u00a0 \u00a0<\/span>\n<div class=\"container ng-tns-c2960411664-131 hide\">\n<div class=\"carousel-container ng-tns-c2960411664-131\"><\/div>\n<\/div>\n<\/li>\n<li data-sourcepos=\"37:1-38:0\"><strong><span class=\"citation-6 recitation\">Tie\u0161saistes mazumtirgot\u0101ji:<\/span><\/strong><span class=\"citation-6 recitation citation-end-6\"> Tie\u0161saistes mazumtirgot\u0101ji pied\u0101v\u0101 pla\u0161u maza auguma m\u0113te\u013cu kl\u0101stu da\u017e\u0101dos stilos un cenu kategorij\u0101s.<\/span><span class=\"button-container hide-from-message-actions ng-star-inserted\">\u00a0<\/span>\n<div class=\"container ng-tns-c2960411664-132 hide\">\n<div class=\"carousel-container ng-tns-c2960411664-132\"><\/div>\n<\/div>\n<\/li>\n<\/ul>\n<p data-sourcepos=\"39:1-39:150\">Iev\u0113rojot \u0161os padomus, j\u016bs varat atrast ide\u0101lo neliela auguma garu vilnas m\u0113teli, kas nodro\u0161in\u0101s jums siltumu, stilu un p\u0101rliec\u012bbu visas ziemas garum\u0101.<\/p>","protected":false},"excerpt":{"rendered":"<table style=\"height: 521px;\" width=\"496\">\n<tbody>\n<tr>\n<td width=\"146\"><strong><b>Produkts<\/b><\/strong>\u00a0<strong><b>V\u0101rds un uzv\u0101rds:<\/b><\/strong><\/td>\n<td width=\"601\"><strong>Sievie\u0161u neliela izm\u0113ra garais vilnas m\u0113te\u013ci<\/strong><\/td>\n<\/tr>\n<tr>\n<td width=\"146\"><strong><b>Materlal:<\/b><\/strong><\/td>\n<td width=\"601\">Ad\u012b\u0161ana<\/td>\n<\/tr>\n<tr>\n<td width=\"146\"><strong><b>Tehnika:<\/b><\/strong><\/td>\n<td width=\"601\">Iz\u0161\u016bti<\/td>\n<\/tr>\n<tr>\n<td width=\"146\"><strong><b>Stils:<\/b><\/strong><\/td>\n<td width=\"601\">Gad\u012bjuma<\/td>\n<\/tr>\n<tr>\n<td width=\"146\"><strong><b>Kr\u0101sa<\/b><\/strong><strong><b>:<\/b><\/strong><\/td>\n<td width=\"601\">\u00a0Piel\u0101gotas kr\u0101sas<\/td>\n<\/tr>\n<tr>\n<td width=\"146\"><strong><b>Izm\u0113rs:<\/b><\/strong><\/td>\n<td width=\"601\">S \/M \/L \/XL \/2XL<\/td>\n<\/tr>\n<tr>\n<td width=\"146\"><strong><b>OEM\/ODM:<\/b><\/strong><\/td>\n<td width=\"601\">Pie\u0146emams<\/td>\n<\/tr>\n<tr>\n<td width=\"146\"><strong><b>Kvalit\u0101te:<\/b><\/strong><\/td>\n<td width=\"601\">100% Augsta kvalit\u0101te<\/td>\n<\/tr>\n<tr>\n<td width=\"146\"><strong><b>M<\/b><\/strong><strong><b>OQ:<\/b><\/strong><\/td>\n<td width=\"601\">200 gab.<\/td>\n<\/tr>\n<\/tbody>\n<\/table>","protected":false},"featured_media":2014,"template":"","meta":[],"product_brand":[],"product_cat":[39],"product_tag":[],"class_list":{"0":"post-2013","1":"product","2":"type-product","3":"status-publish","4":"has-post-thumbnail","6":"product_cat-womens-clothing","8":"first","9":"instock","10":"shipping-taxable","11":"product-type-simple"},"_links":{"self":[{"href":"https:\/\/mj-clothing.com\/lv\/wp-json\/wp\/v2\/product\/2013","targetHints":{"allow":["GET"]}}],"collection":[{"href":"https:\/\/mj-clothing.com\/lv\/wp-json\/wp\/v2\/product"}],"about":[{"href":"https:\/\/mj-clothing.com\/lv\/wp-json\/wp\/v2\/types\/product"}],"wp:featuredmedia":[{"embeddable":true,"href":"https:\/\/mj-clothing.com\/lv\/wp-json\/wp\/v2\/media\/2014"}],"wp:attachment":[{"href":"https:\/\/mj-clothing.com\/lv\/wp-json\/wp\/v2\/media?parent=2013"}],"wp:term":[{"taxonomy":"product_brand","embeddable":true,"href":"https:\/\/mj-clothing.com\/lv\/wp-json\/wp\/v2\/product_brand?post=2013"},{"taxonomy":"product_cat","embeddable":true,"href":"https:\/\/mj-clothing.com\/lv\/wp-json\/wp\/v2\/product_cat?post=2013"},{"taxonomy":"product_tag","embeddable":true,"href":"https:\/\/mj-clothing.com\/lv\/wp-json\/wp\/v2\/product_tag?post=2013"}],"curies":[{"name":"wp","href":"https:\/\/api.w.org\/{rel}","templated":true}]}}