{"id":2044,"date":"2024-12-18T03:15:03","date_gmt":"2024-12-18T03:15:03","guid":{"rendered":"https:\/\/mj-clothing.com\/?post_type=product&#038;p=2044"},"modified":"2024-12-18T03:23:05","modified_gmt":"2024-12-18T03:23:05","slug":"womens-petite-long-winter-coats","status":"publish","type":"product","link":"https:\/\/mj-clothing.com\/lv\/manufacturer\/womens-petite-long-winter-coats\/","title":{"rendered":"Sievie\u0161u Petite garie ziemas m\u0113te\u013ci"},"content":{"rendered":"<p data-sourcepos=\"1:1-1:158\">Sievie\u0161u neliela auguma garie ziemas m\u0113te\u013ci ir \u012bpa\u0161i izstr\u0101d\u0101ti \u012bs\u0101k\u0101m sieviet\u0113m, lai nodro\u0161in\u0101tu pareizu piegulumu un glaimojo\u0161u siluetu. L\u016bk, ar ko tie ir \u012bpa\u0161i:<\/p>\n<ul data-sourcepos=\"3:1-6:0\">\n<li data-sourcepos=\"3:1-3:155\"><strong>Proporcion\u0113ti \u012bs\u0101kiem kadriem:<\/strong> \u0160ie m\u0113te\u013ci ir veidoti, \u0146emot v\u0113r\u0101 \u012bs\u0101ku augumu un gar\u0101ku vidukli, lai tie nep\u0101rsp\u012bl\u0113tu s\u012bk\u0101s fig\u016bras.<\/li>\n<li data-sourcepos=\"4:1-4:144\"><strong>Ide\u0101ls garums:<\/strong> Lai gan t\u0101s joproj\u0101m tiek uzskat\u012btas par \"gar\u0101m\", to garums ir piel\u0101gots, lai izvair\u012btos no vilk\u0161anas pa zemi vai p\u0101r\u0101k liela apjoma izskata rad\u012b\u0161anas.<\/li>\n<li data-sourcepos=\"5:1-6:0\"><strong>Uzlabots fit:<\/strong> T\u0101das funkcijas k\u0101 \u012bs\u0101kas piedurknes un piel\u0101gota jostasvieta nodro\u0161ina, ka m\u0113te\u013ci ir \u0113rti un proporcion\u0101li piem\u0113roti.<\/li>\n<\/ul>\n<h3 data-sourcepos=\"7:1-7:19\"><strong>Popul\u0101ri stili:<\/strong><\/h3>\n<ul data-sourcepos=\"9:1-12:0\">\n<li data-sourcepos=\"9:1-9:102\"><strong>Mazie vilnas m\u0113te\u013ci:<\/strong> Klasiski un m\u016b\u017e\u012bgi, bie\u017ei vien t\u0101dos stilos k\u0101 p\u0101vu vai divviru m\u0113tel\u012b\u0161i.<\/li>\n<li data-sourcepos=\"10:1-10:118\"><strong>Mazie pufu m\u0113te\u013ci:<\/strong> T\u0101s nodro\u0161ina lielisku siltumu un ir da\u017e\u0101da garuma un stila - no elegant\u0101m l\u012bdz br\u012bv\u0101k\u0101m.<\/li>\n<li data-sourcepos=\"11:1-12:0\"><strong>Petite Parkas:<\/strong> T\u0101s ir ide\u0101li piem\u0113rotas aukst\u0101kam klimatam, bie\u017ei vien t\u0101m ir kapuces, ka\u017eok\u0101das apdare un vair\u0101kas kabatas.<\/li>\n<\/ul>\n<h3 data-sourcepos=\"13:1-13:23\"><strong>Kur atrast Sievie\u0161u Petite garus ziemas m\u0113te\u013cus:<\/strong><\/h3>\n<p data-sourcepos=\"15:1-15:54\">Daudzi mazumtirgot\u0101ji pied\u0101v\u0101 mazo izm\u0113ru opcijas, tostarp:<\/p>\n<ul data-sourcepos=\"17:1-20:0\">\n<li data-sourcepos=\"17:1-17:58\"><strong>Univers\u0101lie veikali:<\/strong> Nordstrom, Macy's, Bloomingdale's<\/li>\n<li data-sourcepos=\"18:1-18:52\"><strong>Specializ\u0113tie mazumtirgot\u0101ji:<\/strong> Ann Taylor, Loft, Talbots<\/li>\n<li data-sourcepos=\"19:1-20:0\"><strong>Tie\u0161saistes mazumtirgot\u0101ji:<\/strong> ASOS, Nordstrom Rack, Amazon<\/li>\n<\/ul>\n<h3 data-sourcepos=\"21:1-21:22\"><strong>Padomi, k\u0101 izv\u0113l\u0113ties:<\/strong><\/h3>\n<ul data-sourcepos=\"23:1-26:0\">\n<li data-sourcepos=\"23:1-23:102\"><strong>Apsveriet audumu:<\/strong> Mekl\u0113jiet siltus un iztur\u012bgus audumus, piem\u0113ram, vilnu, p\u016bkas vai sint\u0113tisko izol\u0101ciju.<\/li>\n<li data-sourcepos=\"24:1-24:106\"><strong>P\u0101rbaudiet garumu:<\/strong> P\u0101rliecinieties, ka m\u0113te\u013ci piegu\u013c pareizaj\u0101 viet\u0101 uz k\u0101j\u0101m, lai izvair\u012btos no \"nosl\u012bk\u0161anas\" efekta.<\/li>\n<li data-sourcepos=\"25:1-26:0\"><strong>Izm\u0113\u0123iniet to:<\/strong> Vienm\u0113r pielaikojiet mazo augumu m\u0113teli, lai p\u0101rliecin\u0101tos, ka tas pareizi piegu\u013c j\u016bsu fig\u016brai.<\/li>\n<\/ul>\n<p data-sourcepos=\"27:1-27:121\">Izv\u0113loties labi piegulo\u0161us Sievie\u0161u Petite garus ziemas m\u0113te\u013cus, \u012bs\u0101ka auguma sievietes var palikt siltas un stil\u012bgas visu aukst\u0101ko m\u0113ne\u0161u laik\u0101.<\/p>","protected":false},"excerpt":{"rendered":"<table style=\"height: 572px;\" width=\"534\">\n<tbody>\n<tr>\n<td width=\"146\"><strong><b>Produkts<\/b><\/strong>\u00a0<strong><b>V\u0101rds un uzv\u0101rds:<\/b><\/strong><\/td>\n<td width=\"601\"><strong>Sievie\u0161u Petite garie ziemas m\u0113te\u013ci<\/strong><\/td>\n<\/tr>\n<tr>\n<td width=\"146\"><strong><b>Materlal:<\/b><\/strong><\/td>\n<td width=\"601\">Ad\u012b\u0161ana<\/td>\n<\/tr>\n<tr>\n<td width=\"146\"><strong><b>Tehnika:<\/b><\/strong><\/td>\n<td width=\"601\">Iz\u0161\u016bti<\/td>\n<\/tr>\n<tr>\n<td width=\"146\"><strong><b>Stils:<\/b><\/strong><\/td>\n<td width=\"601\">Gad\u012bjuma<\/td>\n<\/tr>\n<tr>\n<td width=\"146\"><strong><b>Kr\u0101sa<\/b><\/strong><strong><b>:<\/b><\/strong><\/td>\n<td width=\"601\">\u00a0Piel\u0101gotas kr\u0101sas<\/td>\n<\/tr>\n<tr>\n<td width=\"146\"><strong><b>Izm\u0113rs:<\/b><\/strong><\/td>\n<td width=\"601\">S \/M \/L \/XL \/2XL<\/td>\n<\/tr>\n<tr>\n<td width=\"146\"><strong><b>OEM\/ODM:<\/b><\/strong><\/td>\n<td width=\"601\">Pie\u0146emams<\/td>\n<\/tr>\n<tr>\n<td width=\"146\"><strong><b>Kvalit\u0101te:<\/b><\/strong><\/td>\n<td width=\"601\">100% Augsta kvalit\u0101te<\/td>\n<\/tr>\n<tr>\n<td width=\"146\"><strong><b>M<\/b><\/strong><strong><b>OQ:<\/b><\/strong><\/td>\n<td width=\"601\">200 gab.<\/td>\n<\/tr>\n<\/tbody>\n<\/table>","protected":false},"featured_media":2045,"template":"","meta":[],"product_brand":[],"product_cat":[39],"product_tag":[],"class_list":{"0":"post-2044","1":"product","2":"type-product","3":"status-publish","4":"has-post-thumbnail","6":"product_cat-womens-clothing","8":"first","9":"instock","10":"shipping-taxable","11":"product-type-simple"},"_links":{"self":[{"href":"https:\/\/mj-clothing.com\/lv\/wp-json\/wp\/v2\/product\/2044","targetHints":{"allow":["GET"]}}],"collection":[{"href":"https:\/\/mj-clothing.com\/lv\/wp-json\/wp\/v2\/product"}],"about":[{"href":"https:\/\/mj-clothing.com\/lv\/wp-json\/wp\/v2\/types\/product"}],"wp:featuredmedia":[{"embeddable":true,"href":"https:\/\/mj-clothing.com\/lv\/wp-json\/wp\/v2\/media\/2045"}],"wp:attachment":[{"href":"https:\/\/mj-clothing.com\/lv\/wp-json\/wp\/v2\/media?parent=2044"}],"wp:term":[{"taxonomy":"product_brand","embeddable":true,"href":"https:\/\/mj-clothing.com\/lv\/wp-json\/wp\/v2\/product_brand?post=2044"},{"taxonomy":"product_cat","embeddable":true,"href":"https:\/\/mj-clothing.com\/lv\/wp-json\/wp\/v2\/product_cat?post=2044"},{"taxonomy":"product_tag","embeddable":true,"href":"https:\/\/mj-clothing.com\/lv\/wp-json\/wp\/v2\/product_tag?post=2044"}],"curies":[{"name":"wp","href":"https:\/\/api.w.org\/{rel}","templated":true}]}}