{"id":2066,"date":"2024-12-19T03:05:05","date_gmt":"2024-12-19T03:05:05","guid":{"rendered":"https:\/\/mj-clothing.com\/?post_type=product&#038;p=2066"},"modified":"2024-12-19T03:05:05","modified_gmt":"2024-12-19T03:05:05","slug":"spring-coats-for-ladies","status":"publish","type":"product","link":"https:\/\/mj-clothing.com\/lv\/manufacturer\/spring-coats-for-ladies\/","title":{"rendered":"Pavasara m\u0113te\u013ci d\u0101m\u0101m"},"content":{"rendered":"<p data-sourcepos=\"1:1-1:154\">Pavasara m\u0113te\u013ci d\u0101m\u0101m ir skaists gadalaiks, un tas ir \u012bstais laiks, lai atjaunin\u0101tu savu garderobi ar stil\u012bgiem pavasara m\u0113te\u013ciem. L\u016bk, da\u017ei popul\u0101ri d\u0101mu m\u0113te\u013ci:<\/p>\n<h3 data-sourcepos=\"3:1-3:19\"><strong>1. Pavasara m\u0113te\u013ci d\u0101m\u0101m:<\/strong><\/h3>\n<ul data-sourcepos=\"5:1-8:0\">\n<li style=\"list-style-type: none;\">\n<ul data-sourcepos=\"5:1-8:0\">\n<li data-sourcepos=\"5:1-5:94\"><strong>Klasisks un m\u016b\u017e\u012bgs:<\/strong> Tren\u010ds ir garderobes \u0161t\u0101bs, ko var uzvilkt vai nodzelt.<\/li>\n<li data-sourcepos=\"6:1-6:60\"><strong>Univers\u0101ls:<\/strong> Tas ir lieliski piem\u0113rots gan lietain\u0101m, gan saulain\u0101m dien\u0101m.<\/li>\n<li data-sourcepos=\"7:1-8:0\"><strong>Stil\u012bgs:<\/strong> Izv\u0113lieties no da\u017e\u0101d\u0101m kr\u0101s\u0101m un stiliem, kas atbilst j\u016bsu gaumei.<\/li>\n<\/ul>\n<\/li>\n<\/ul>\n<div class=\"attachment-container search-images\">\n<div class=\"image-container hide-from-message-actions ng-star-inserted\"><strong style=\"color: #555555; font-size: 14.4px;\">2. D\u017einsa jaka:<\/strong><\/div>\n<\/div>\n<ul data-sourcepos=\"13:1-16:0\">\n<li style=\"list-style-type: none;\">\n<ul data-sourcepos=\"13:1-16:0\">\n<li data-sourcepos=\"13:1-13:91\"><strong>Neform\u0101ls un for\u0161s:<\/strong> D\u017einsa jaka ir lielisks veids, k\u0101 savam t\u0113rpam pie\u0161\u0137irt izsmalcin\u0101t\u012bbu.<\/li>\n<li data-sourcepos=\"14:1-14:65\"><strong>Univers\u0101ls:<\/strong> To var kombin\u0113t ar d\u017einsiem, kleit\u0101m vai sv\u0101rkiem.<\/li>\n<li data-sourcepos=\"15:1-16:0\"><strong>\u0112rti:<\/strong> D\u017einsa audums ir iztur\u012bgs un \u0113rts.<\/li>\n<\/ul>\n<\/li>\n<\/ul>\n<div class=\"attachment-container search-images\">\n<div class=\"image-container hide-from-message-actions ng-star-inserted\">\n<div class=\"caption ellipsis gds-label-m-alt ng-star-inserted\" aria-hidden=\"true\"><strong style=\"color: #555555; font-size: 14.4px;\">3.Pavasara m\u0113te\u013ci d\u0101m\u0101m \u017dakete:<\/strong><\/div>\n<\/div>\n<\/div>\n<ul data-sourcepos=\"21:1-24:0\">\n<li style=\"list-style-type: none;\">\n<ul data-sourcepos=\"21:1-24:0\">\n<li data-sourcepos=\"21:1-21:75\"><strong>\u0160iks un izsmalcin\u0101ts:<\/strong> \u017dakete ir lielisks veids, k\u0101 uzlabot savu izskatu.<\/li>\n<li data-sourcepos=\"22:1-22:80\"><strong>Univers\u0101ls:<\/strong> To var valk\u0101t darb\u0101, vakari\u0146\u0101s vai br\u012bvdien\u0101s.<\/li>\n<li data-sourcepos=\"23:1-24:0\"><strong>Stil\u012bgs:<\/strong> Izv\u0113lieties no da\u017e\u0101d\u0101m kr\u0101s\u0101m, rakstiem un stiliem.<\/li>\n<\/ul>\n<\/li>\n<\/ul>\n<div class=\"attachment-container search-images\">\n<div class=\"image-container hide-from-message-actions ng-star-inserted\">\n<div class=\"caption ellipsis gds-label-m-alt ng-star-inserted\" aria-hidden=\"true\"><strong style=\"color: #555555; font-size: 14.4px;\">4. Pavasara m\u0113te\u013ci d\u0101m\u0101m \u0100das jaka:<\/strong><\/div>\n<\/div>\n<\/div>\n<ul data-sourcepos=\"29:1-32:0\">\n<li style=\"list-style-type: none;\">\n<ul data-sourcepos=\"29:1-32:0\">\n<li data-sourcepos=\"29:1-29:89\"><strong>Edgy un for\u0161i:<\/strong> \u0100das jaka ir lielisks veids, k\u0101 papildin\u0101t savu ap\u0123\u0113rbu.<\/li>\n<li data-sourcepos=\"30:1-30:46\"><strong>Univers\u0101ls:<\/strong> To var uzvilkt vai uzvilkt.<\/li>\n<li data-sourcepos=\"31:1-32:0\"><strong>Stil\u012bgs:<\/strong> Izv\u0113lieties no da\u017e\u0101d\u0101m kr\u0101s\u0101m un stiliem.<\/li>\n<\/ul>\n<\/li>\n<\/ul>\n<div class=\"attachment-container search-images\">\n<div class=\"image-container hide-from-message-actions ng-star-inserted\">\n<div class=\"caption ellipsis gds-label-m-alt ng-star-inserted\" aria-hidden=\"true\"><strong style=\"color: #555555; font-size: 14.4px;\">5. P\u016bperja jaka:<\/strong><\/div>\n<\/div>\n<\/div>\n<ul data-sourcepos=\"37:1-40:0\">\n<li style=\"list-style-type: none;\">\n<ul data-sourcepos=\"37:1-40:0\">\n<li data-sourcepos=\"37:1-37:87\"><strong>Silts un m\u0101j\u012bgs:<\/strong> Pufja jaka ir lielisks veids, k\u0101 saglab\u0101t siltumu v\u0113s\u0101s pavasara dien\u0101s.<\/li>\n<li data-sourcepos=\"38:1-38:66\"><strong>Univers\u0101ls:<\/strong> To var kombin\u0113t ar d\u017einsiem, legingiem vai sv\u0101rkiem.<\/li>\n<li data-sourcepos=\"39:1-40:0\"><strong>Stil\u012bgs:<\/strong> Izv\u0113lieties no da\u017e\u0101d\u0101m kr\u0101s\u0101m un stiliem.<\/li>\n<\/ul>\n<\/li>\n<\/ul>\n<div class=\"attachment-container search-images\"><\/div>\n<p data-sourcepos=\"43:1-43:46\"><strong>Padomi, k\u0101 izv\u0113l\u0113ties ide\u0101lu pavasara m\u0113teli:<\/strong><\/p>\n<ul data-sourcepos=\"45:1-49:0\">\n<li data-sourcepos=\"45:1-45:184\"><strong>Apsveriet savu klimatu:<\/strong> Ja dz\u012bvojat silt\u0101 klimat\u0101, varat izv\u0113l\u0113ties viegl\u0101ku m\u0113teli. Ja dz\u012bvojat v\u0113s\u0101k\u0101 klimat\u0101, iesp\u0113jams, v\u0113l\u0113sieties izv\u0113l\u0113ties smag\u0101ku m\u0113teli.<\/li>\n<li data-sourcepos=\"46:1-46:188\"><strong>Padom\u0101jiet par savu dz\u012bvesveidu:<\/strong> Ja esat akt\u012bvs, iesp\u0113jams, v\u0113l\u0113sieties izv\u0113l\u0113ties m\u0113teli, kur\u0101 ir viegli p\u0101rvietoties. Ja str\u0101d\u0101jat profesion\u0101l\u0101 vid\u0113, iesp\u0113jams, v\u0113l\u0113sieties izv\u0113l\u0113ties svin\u012bg\u0101ku m\u0113teli.<\/li>\n<li data-sourcepos=\"47:1-47:87\"><strong>Izv\u0113lieties sev t\u012bkamu kr\u0101su:<\/strong> Jums b\u016bs liel\u0101ka iesp\u0113ja valk\u0101t m\u0113teli, kas jums pat\u012bk.<\/li>\n<li data-sourcepos=\"48:1-49:0\"><strong>Apsveriet piem\u0113rot\u012bbu:<\/strong> Labi piegu\u013co\u0161s m\u0113teli izskat\u0101s un j\u016btas lieliski.<\/li>\n<\/ul>\n<p data-sourcepos=\"50:1-50:202\">Neatkar\u012bgi no j\u016bsu stila, jums ir pieejams ide\u0101ls pavasara m\u0113te\u013ca variants. T\u0101 k\u0101 ir tik daudz lielisku iesp\u0113ju, no kur\u0101m izv\u0113l\u0113ties, j\u016bs noteikti atrad\u012bsiet perfektu m\u0113teli, kas nodro\u0161in\u0101s jums siltumu un stilu visas sezonas garum\u0101.<\/p>","protected":false},"excerpt":{"rendered":"<table style=\"height: 611px;\" width=\"429\">\n<tbody>\n<tr>\n<td width=\"146\"><strong><b>Produkts<\/b><\/strong>\u00a0<strong><b>V\u0101rds un uzv\u0101rds:<\/b><\/strong><\/td>\n<td width=\"601\"><strong>Pavasara m\u0113te\u013ci d\u0101m\u0101m<\/strong><\/td>\n<\/tr>\n<tr>\n<td width=\"146\"><strong><b>Materlal:<\/b><\/strong><\/td>\n<td width=\"601\">Ad\u012b\u0161ana<\/td>\n<\/tr>\n<tr>\n<td width=\"146\"><strong><b>Tehnika:<\/b><\/strong><\/td>\n<td width=\"601\">Iz\u0161\u016bti<\/td>\n<\/tr>\n<tr>\n<td width=\"146\"><strong><b>Stils:<\/b><\/strong><\/td>\n<td width=\"601\">Gad\u012bjuma<\/td>\n<\/tr>\n<tr>\n<td width=\"146\"><strong><b>Kr\u0101sa<\/b><\/strong><strong><b>:<\/b><\/strong><\/td>\n<td width=\"601\">\u00a0Piel\u0101gotas kr\u0101sas<\/td>\n<\/tr>\n<tr>\n<td width=\"146\"><strong><b>Izm\u0113rs:<\/b><\/strong><\/td>\n<td width=\"601\">S \/M \/L \/XL \/2XL<\/td>\n<\/tr>\n<tr>\n<td width=\"146\"><strong><b>OEM\/ODM:<\/b><\/strong><\/td>\n<td width=\"601\">Pie\u0146emams<\/td>\n<\/tr>\n<tr>\n<td width=\"146\"><strong><b>Kvalit\u0101te:<\/b><\/strong><\/td>\n<td width=\"601\">100% Augsta kvalit\u0101te<\/td>\n<\/tr>\n<tr>\n<td width=\"146\"><strong><b>M<\/b><\/strong><strong><b>OQ:<\/b><\/strong><\/td>\n<td width=\"601\">200 gab.<\/td>\n<\/tr>\n<\/tbody>\n<\/table>","protected":false},"featured_media":2075,"template":"","meta":[],"product_brand":[],"product_cat":[39],"product_tag":[],"class_list":{"0":"post-2066","1":"product","2":"type-product","3":"status-publish","4":"has-post-thumbnail","6":"product_cat-womens-clothing","8":"first","9":"instock","10":"shipping-taxable","11":"product-type-simple"},"_links":{"self":[{"href":"https:\/\/mj-clothing.com\/lv\/wp-json\/wp\/v2\/product\/2066","targetHints":{"allow":["GET"]}}],"collection":[{"href":"https:\/\/mj-clothing.com\/lv\/wp-json\/wp\/v2\/product"}],"about":[{"href":"https:\/\/mj-clothing.com\/lv\/wp-json\/wp\/v2\/types\/product"}],"wp:featuredmedia":[{"embeddable":true,"href":"https:\/\/mj-clothing.com\/lv\/wp-json\/wp\/v2\/media\/2075"}],"wp:attachment":[{"href":"https:\/\/mj-clothing.com\/lv\/wp-json\/wp\/v2\/media?parent=2066"}],"wp:term":[{"taxonomy":"product_brand","embeddable":true,"href":"https:\/\/mj-clothing.com\/lv\/wp-json\/wp\/v2\/product_brand?post=2066"},{"taxonomy":"product_cat","embeddable":true,"href":"https:\/\/mj-clothing.com\/lv\/wp-json\/wp\/v2\/product_cat?post=2066"},{"taxonomy":"product_tag","embeddable":true,"href":"https:\/\/mj-clothing.com\/lv\/wp-json\/wp\/v2\/product_tag?post=2066"}],"curies":[{"name":"wp","href":"https:\/\/api.w.org\/{rel}","templated":true}]}}