{"id":2080,"date":"2024-12-19T03:37:13","date_gmt":"2024-12-19T03:37:13","guid":{"rendered":"https:\/\/mj-clothing.com\/?post_type=product&#038;p=2080"},"modified":"2024-12-19T03:37:13","modified_gmt":"2024-12-19T03:37:13","slug":"womens-winter-coat","status":"publish","type":"product","link":"https:\/\/mj-clothing.com\/lv\/manufacturer\/womens-winter-coat\/","title":{"rendered":"Sievie\u0161u ziemas m\u0113te\u013ci"},"content":{"rendered":"<p data-sourcepos=\"1:1-1:109\">Here are some of the most popular women&#8217;s winter coats to keep you warm and stylish during the colder months:<\/p>\n<h3 data-sourcepos=\"3:1-3:19\"><strong>1. Puffer Women&#8217;s Winter Coat:<\/strong><\/h3>\n<ul data-sourcepos=\"5:1-8:0\">\n<li style=\"list-style-type: none;\">\n<ul data-sourcepos=\"5:1-8:0\">\n<li data-sourcepos=\"5:1-5:113\"><strong>Silts un m\u0101j\u012bgs:<\/strong> Pufera m\u0113te\u013ci ir paz\u012bstami ar to izcilo siltumizol\u0101ciju, t\u0101p\u0113c tie ir ide\u0101li piem\u0113roti aukstam laikam.<\/li>\n<li data-sourcepos=\"6:1-6:96\"><strong>Univers\u0101ls:<\/strong> Tie ir da\u017e\u0101da garuma, stila un kr\u0101su, lai atbilstu da\u017e\u0101d\u0101m v\u0113lm\u0113m.<\/li>\n<li data-sourcepos=\"7:1-8:0\"><strong>Funkcion\u0101ls:<\/strong> Daudziem p\u016bkainiem m\u0113te\u013ciem ir kapuces, kabatas un citas praktiskas deta\u013cas.<\/li>\n<\/ul>\n<\/li>\n<\/ul>\n<div class=\"attachment-container search-images\"><\/div>\n<h3 data-sourcepos=\"11:1-11:17\"><strong>2. Wool Women&#8217;s Winter Coat:<\/strong><\/h3>\n<ul data-sourcepos=\"13:1-16:0\">\n<li style=\"list-style-type: none;\">\n<ul data-sourcepos=\"13:1-16:0\">\n<li data-sourcepos=\"13:1-13:85\"><strong>Elegants un p\u0101rlaic\u012bgs:<\/strong> Vilnas m\u0113te\u013ci ir klasiska izv\u0113le izsmalcin\u0101tam izskatam.<\/li>\n<li data-sourcepos=\"14:1-14:95\"><strong>Silts un iztur\u012bgs:<\/strong> Vilna ir dabisks izolators, kas sp\u0113j iztur\u0113t bargus ziemas apst\u0101k\u013cus.<\/li>\n<li data-sourcepos=\"15:1-16:0\"><strong>Univers\u0101ls:<\/strong> Vilnas m\u0113te\u013cus atkar\u012bb\u0101 no gad\u012bjuma var uzvilkt vai novilkt.<\/li>\n<\/ul>\n<\/li>\n<\/ul>\n<div class=\"attachment-container search-images\"><\/div>\n<h3 data-sourcepos=\"19:1-19:18\"><strong>3. Parka Women&#8217;s Winter Coat:<\/strong><\/h3>\n<ul data-sourcepos=\"21:1-24:0\">\n<li style=\"list-style-type: none;\">\n<ul data-sourcepos=\"21:1-24:0\">\n<li data-sourcepos=\"21:1-21:88\"><strong>Silts un aizsarg\u0101jo\u0161s:<\/strong> Parkakas ir izstr\u0101d\u0101tas, lai saglab\u0101tu siltumu \u012bpa\u0161i aukstos laikapst\u0101k\u013cos.<\/li>\n<li data-sourcepos=\"22:1-22:75\"><strong>Funkcion\u0101ls:<\/strong> T\u0101m bie\u017ei vien ir kapuces, ka\u017eok\u0101das apdare un vair\u0101kas kabatas.<\/li>\n<li data-sourcepos=\"23:1-24:0\"><strong>Stil\u012bgs:<\/strong> Parkas var b\u016bt stil\u012bgas un modernas, \u012bpa\u0161i m\u016bsdien\u012bgu dizainu un kr\u0101su d\u0113\u013c.<\/li>\n<\/ul>\n<\/li>\n<\/ul>\n<div class=\"attachment-container search-images\"><\/div>\n<h3 data-sourcepos=\"27:1-27:15\"><strong>4. Peacoat:<\/strong><\/h3>\n<ul data-sourcepos=\"29:1-32:0\">\n<li style=\"list-style-type: none;\">\n<ul data-sourcepos=\"29:1-32:0\">\n<li data-sourcepos=\"29:1-29:83\"><strong>Klasisks un j\u016bras stila:<\/strong> Peacoats ir m\u016b\u017e\u012bgs stils ar j\u016bras mantojumu.<\/li>\n<li data-sourcepos=\"30:1-30:102\"><strong>Silts un stil\u012bgs:<\/strong> T\u0101s ir izgatavotas no biezas, siltas vilnas, un bie\u017ei vien t\u0101m ir divviru aizdares.<\/li>\n<li data-sourcepos=\"31:1-32:0\"><strong>Univers\u0101ls:<\/strong> Atkar\u012bb\u0101 no gad\u012bjuma, pid\u017eaketi var b\u016bt t\u0113rpu\u0161ies gan uz aug\u0161u, gan uz leju.<\/li>\n<\/ul>\n<\/li>\n<\/ul>\n<div class=\"attachment-container search-images\"><\/div>\n<h3 data-sourcepos=\"35:1-35:20\"><strong>5. \u0100das m\u0113telis:<\/strong><\/h3>\n<ul data-sourcepos=\"37:1-40:0\">\n<li style=\"list-style-type: none;\">\n<ul data-sourcepos=\"37:1-40:0\">\n<li data-sourcepos=\"37:1-37:72\"><strong>Izsmalcin\u0101ts un stil\u012bgs:<\/strong> \u0100das m\u0113te\u013ci jebkuram ap\u0123\u0113rbam pie\u0161\u0137ir asumu.<\/li>\n<li data-sourcepos=\"38:1-38:87\"><strong>Iztur\u012bgs un m\u016b\u017e\u012bgs:<\/strong> \u0100da ir iztur\u012bgs materi\u0101ls, kas var kalpot daudzus gadus.<\/li>\n<li data-sourcepos=\"39:1-40:0\"><strong>Univers\u0101ls:<\/strong> \u0100das m\u0113te\u013cus atkar\u012bb\u0101 no stila un gad\u012bjuma var uzvilkt vai novilkt.<\/li>\n<\/ul>\n<\/li>\n<\/ul>\n<div class=\"attachment-container search-images\"><\/div>\n<h3 data-sourcepos=\"43:1-43:46\"><strong>Tips for Choosing the Women&#8217;s Winter Coat:<\/strong><\/h3>\n<ul data-sourcepos=\"45:1-50:0\">\n<li data-sourcepos=\"45:1-45:91\"><strong>Apsveriet savu klimatu:<\/strong> Izv\u0113lieties m\u0113teli, kas ir piem\u0113rots j\u016bsu dz\u012bvesvietas klimatam.<\/li>\n<li data-sourcepos=\"46:1-46:117\"><strong>Padom\u0101jiet par savu dz\u012bvesveidu:<\/strong> Apsveriet savas ikdienas aktivit\u0101tes un izv\u0113lieties praktisku un \u0113rtu m\u0113teli.<\/li>\n<li data-sourcepos=\"47:1-47:91\"><strong>Piev\u0113rsiet uzman\u012bbu piem\u0113ro\u0161anai:<\/strong> M\u0113telim j\u0101b\u016bt labi piegulo\u0161am un ne p\u0101r\u0101k cie\u0161i piegu\u013co\u0161am vai p\u0101r\u0101k va\u013c\u012bgam.<\/li>\n<li data-sourcepos=\"48:1-48:98\"><strong>Izv\u0113lieties savai person\u012bbai atbilsto\u0161u stilu:<\/strong> Izv\u0113lieties m\u0113teli, kas atspogu\u013co j\u016bsu person\u012bgo stilu.<\/li>\n<li data-sourcepos=\"49:1-50:0\"><strong>Apsveriet materi\u0101lus:<\/strong> Mekl\u0113jiet augstas kvalit\u0101tes materi\u0101lus, kas nodro\u0161in\u0101s jums siltumu un sausumu.<\/li>\n<\/ul>\n<p data-sourcepos=\"51:1-51:149\">J\u016bsu izv\u0113lei ir tik daudz da\u017e\u0101du stilu un materi\u0101lu, t\u0101p\u0113c j\u016bs noteikti atrad\u012bsiet ide\u0101lu ziemas m\u0113teli, kas nodro\u0161in\u0101s jums siltumu un stilu visas sezonas garum\u0101.<\/p>","protected":false},"excerpt":{"rendered":"<table style=\"height: 602px;\" width=\"458\">\n<tbody>\n<tr>\n<td width=\"146\"><strong><b>Produkts<\/b><\/strong>\u00a0<strong><b>V\u0101rds un uzv\u0101rds:<\/b><\/strong><\/td>\n<td width=\"601\"><strong>Sievie\u0161u ziemas m\u0113te\u013ci<\/strong><\/td>\n<\/tr>\n<tr>\n<td width=\"146\"><strong><b>Materlal:<\/b><\/strong><\/td>\n<td width=\"601\">Ad\u012b\u0161ana<\/td>\n<\/tr>\n<tr>\n<td width=\"146\"><strong><b>Tehnika:<\/b><\/strong><\/td>\n<td width=\"601\">Iz\u0161\u016bti<\/td>\n<\/tr>\n<tr>\n<td width=\"146\"><strong><b>Stils:<\/b><\/strong><\/td>\n<td width=\"601\">Gad\u012bjuma<\/td>\n<\/tr>\n<tr>\n<td width=\"146\"><strong><b>Kr\u0101sa<\/b><\/strong><strong><b>:<\/b><\/strong><\/td>\n<td width=\"601\">\u00a0Piel\u0101gotas kr\u0101sas<\/td>\n<\/tr>\n<tr>\n<td width=\"146\"><strong><b>Izm\u0113rs:<\/b><\/strong><\/td>\n<td width=\"601\">S \/M \/L \/XL \/2XL<\/td>\n<\/tr>\n<tr>\n<td width=\"146\"><strong><b>OEM\/ODM:<\/b><\/strong><\/td>\n<td width=\"601\">Pie\u0146emams<\/td>\n<\/tr>\n<tr>\n<td width=\"146\"><strong><b>Kvalit\u0101te:<\/b><\/strong><\/td>\n<td width=\"601\">100% Augsta kvalit\u0101te<\/td>\n<\/tr>\n<tr>\n<td width=\"146\"><strong><b>M<\/b><\/strong><strong><b>OQ:<\/b><\/strong><\/td>\n<td width=\"601\">200 gab.<\/td>\n<\/tr>\n<\/tbody>\n<\/table>","protected":false},"featured_media":2081,"template":"","meta":[],"product_brand":[],"product_cat":[39],"product_tag":[],"class_list":{"0":"post-2080","1":"product","2":"type-product","3":"status-publish","4":"has-post-thumbnail","6":"product_cat-womens-clothing","8":"first","9":"instock","10":"shipping-taxable","11":"product-type-simple"},"_links":{"self":[{"href":"https:\/\/mj-clothing.com\/lv\/wp-json\/wp\/v2\/product\/2080","targetHints":{"allow":["GET"]}}],"collection":[{"href":"https:\/\/mj-clothing.com\/lv\/wp-json\/wp\/v2\/product"}],"about":[{"href":"https:\/\/mj-clothing.com\/lv\/wp-json\/wp\/v2\/types\/product"}],"wp:featuredmedia":[{"embeddable":true,"href":"https:\/\/mj-clothing.com\/lv\/wp-json\/wp\/v2\/media\/2081"}],"wp:attachment":[{"href":"https:\/\/mj-clothing.com\/lv\/wp-json\/wp\/v2\/media?parent=2080"}],"wp:term":[{"taxonomy":"product_brand","embeddable":true,"href":"https:\/\/mj-clothing.com\/lv\/wp-json\/wp\/v2\/product_brand?post=2080"},{"taxonomy":"product_cat","embeddable":true,"href":"https:\/\/mj-clothing.com\/lv\/wp-json\/wp\/v2\/product_cat?post=2080"},{"taxonomy":"product_tag","embeddable":true,"href":"https:\/\/mj-clothing.com\/lv\/wp-json\/wp\/v2\/product_tag?post=2080"}],"curies":[{"name":"wp","href":"https:\/\/api.w.org\/{rel}","templated":true}]}}