{"id":2001,"date":"2024-12-17T08:02:02","date_gmt":"2024-12-17T08:02:02","guid":{"rendered":"https:\/\/mj-clothing.com\/?post_type=product&#038;p=2001"},"modified":"2024-12-17T08:57:32","modified_gmt":"2024-12-17T08:57:32","slug":"womens-surplice-top","status":"publish","type":"product","link":"https:\/\/mj-clothing.com\/nl\/manufacturer\/womens-surplice-top\/","title":{"rendered":"Damestop met split"},"content":{"rendered":"<p data-sourcepos=\"1:1-1:164\">Een surplice top voor dames is een stijlvol en flatterend kledingstuk dat bekend staat om zijn opvallende halslijn. Hier vind je een overzicht van de belangrijkste kenmerken en waarom het een populaire keuze is:<\/p>\n<h3 data-sourcepos=\"3:1-3:27\"><strong>Wat is een Surplice Top voor dames?<\/strong><\/h3>\n<p data-sourcepos=\"5:1-5:212\">Het belangrijkste kenmerk van een surplice top is zijn <strong>overlappende voorpanelen<\/strong> die een diagonaal of V-vormig decollet\u00e9 cre\u00ebren. Dit ontwerp is ge\u00efnspireerd op het traditionele kerkelijke gewaad dat een surplice wordt genoemd.<\/p>\n<p data-sourcepos=\"7:1-7:27\">Hier zijn enkele belangrijke functies:<\/p>\n<ul data-sourcepos=\"9:1-14:0\">\n<li data-sourcepos=\"9:1-9:98\"><strong>Overlappende voorkant:<\/strong> De stof kruist over zichzelf en cre\u00ebert zo een gewikkeld of faux-wrap effect.<\/li>\n<li data-sourcepos=\"10:1-10:131\"><strong>V-hals of diagonale halslijn:<\/strong> Deze halslijn is meestal vrij diep en langwerpig, wat flatterend is voor veel lichaamstypes.<\/li>\n<li data-sourcepos=\"11:1-11:133\"><strong>Diverse hoesstijlen:<\/strong> Surplice tops kunnen korte mouwen, lange mouwen, driekwart mouwen of zelfs mouwloos zijn.<\/li>\n<li data-sourcepos=\"12:1-12:179\"><strong>Verschillende stoffen:<\/strong> Ze kunnen worden gemaakt van verschillende stoffen, zoals breisels, weefsels, zijde, jersey en nog veel meer. De stofkeuze be\u00efnvloedt de drapering en het algehele uiterlijk van de top.<\/li>\n<li data-sourcepos=\"13:1-14:0\"><strong>Gemonteerd of los:<\/strong> De pasvorm kan vari\u00ebren van getailleerd tot losjes en vloeiend, afhankelijk van het ontwerp en de stof.<\/li>\n<\/ul>\n<h3 data-sourcepos=\"15:1-15:34\"><strong>Waarom zijn Surplice Top voor vrouwen populair?<\/strong><\/h3>\n<ul data-sourcepos=\"17:1-21:0\">\n<li data-sourcepos=\"17:1-17:188\"><strong>Flatterende halslijn:<\/strong> De V-hals of diagonale halslijn verlengt de hals en romp en cre\u00ebert een afslankend effect. Het accentueert ook het sleutelbeen en de buste op een flatterende manier.<\/li>\n<li data-sourcepos=\"18:1-18:107\"><strong>Vrouwelijk en elegant:<\/strong> Het overlappende ontwerp voegt een vleugje vrouwelijkheid en elegantie toe aan elke outfit.<\/li>\n<li data-sourcepos=\"19:1-19:103\"><strong>Veelzijdig:<\/strong> Overslagtops kunnen omhoog of omlaag gekleed worden, waardoor ze geschikt zijn voor verschillende gelegenheden.<\/li>\n<li data-sourcepos=\"20:1-21:0\"><strong>Comfortabel:<\/strong> Afhankelijk van de stof en de pasvorm kunnen ze heel comfortabel zijn om te dragen.<\/li>\n<\/ul>\n<h3 data-sourcepos=\"22:1-22:32\"><strong>Zo stijl je een damestop met split:<\/strong><\/h3>\n<ul data-sourcepos=\"24:1-28:0\">\n<li data-sourcepos=\"24:1-24:90\"><strong>Vrijetijdskleding:<\/strong> Combineer het met jeans, shorts of een casual rok voor een relaxte alledaagse look.<\/li>\n<li data-sourcepos=\"25:1-25:114\"><strong>Business Casual:<\/strong> Draag het met een pantalon, een kokerrok of onder een blazer voor een meer professionele setting.<\/li>\n<li data-sourcepos=\"26:1-26:140\"><strong>Gekleed:<\/strong> Kies een top in een luxe stof zoals zijde of satijn en combineer het met een jurkbroek of rok voor een avondevenement.<\/li>\n<li data-sourcepos=\"27:1-28:0\"><strong>Laagjes:<\/strong> Je kunt een surplice top onder een vest of jasje dragen voor extra warmte en stijl.<\/li>\n<\/ul>","protected":false},"excerpt":{"rendered":"<table style=\"height: 571px;\" width=\"446\">\n<tbody>\n<tr>\n<td width=\"146\"><strong><b>Product<\/b><\/strong>\u00a0<strong><b>Naam:<\/b><\/strong><\/td>\n<td width=\"601\"><strong>Damestop met split<\/strong><\/td>\n<\/tr>\n<tr>\n<td width=\"146\"><strong><b>Materlal:<\/b><\/strong><\/td>\n<td width=\"601\">Breien<\/td>\n<\/tr>\n<tr>\n<td width=\"146\"><strong><b>Technieken:<\/b><\/strong><\/td>\n<td width=\"601\">Geborduurd<\/td>\n<\/tr>\n<tr>\n<td width=\"146\"><strong><b>Stijl:<\/b><\/strong><\/td>\n<td width=\"601\">Vrijblijvend<\/td>\n<\/tr>\n<tr>\n<td width=\"146\"><strong><b>Kleur<\/b><\/strong><strong><b>:<\/b><\/strong><\/td>\n<td width=\"601\">\u00a0Aangepaste kleuren<\/td>\n<\/tr>\n<tr>\n<td width=\"146\"><strong><b>Grootte:<\/b><\/strong><\/td>\n<td width=\"601\">S \/M \/L \/XL \/2XL<\/td>\n<\/tr>\n<tr>\n<td width=\"146\"><strong><b>OEM\/ODM:<\/b><\/strong><\/td>\n<td width=\"601\">Aanvaardbaar<\/td>\n<\/tr>\n<tr>\n<td width=\"146\"><strong><b>Kwaliteit:<\/b><\/strong><\/td>\n<td width=\"601\">100% hoge kwaliteit<\/td>\n<\/tr>\n<tr>\n<td width=\"146\"><strong><b>M<\/b><\/strong><strong><b>OQ:<\/b><\/strong><\/td>\n<td width=\"601\">200 stuks<\/td>\n<\/tr>\n<\/tbody>\n<\/table>","protected":false},"featured_media":2002,"template":"","meta":[],"product_brand":[],"product_cat":[39],"product_tag":[],"class_list":{"0":"post-2001","1":"product","2":"type-product","3":"status-publish","4":"has-post-thumbnail","6":"product_cat-womens-clothing","8":"first","9":"instock","10":"shipping-taxable","11":"product-type-simple"},"_links":{"self":[{"href":"https:\/\/mj-clothing.com\/nl\/wp-json\/wp\/v2\/product\/2001","targetHints":{"allow":["GET"]}}],"collection":[{"href":"https:\/\/mj-clothing.com\/nl\/wp-json\/wp\/v2\/product"}],"about":[{"href":"https:\/\/mj-clothing.com\/nl\/wp-json\/wp\/v2\/types\/product"}],"wp:featuredmedia":[{"embeddable":true,"href":"https:\/\/mj-clothing.com\/nl\/wp-json\/wp\/v2\/media\/2002"}],"wp:attachment":[{"href":"https:\/\/mj-clothing.com\/nl\/wp-json\/wp\/v2\/media?parent=2001"}],"wp:term":[{"taxonomy":"product_brand","embeddable":true,"href":"https:\/\/mj-clothing.com\/nl\/wp-json\/wp\/v2\/product_brand?post=2001"},{"taxonomy":"product_cat","embeddable":true,"href":"https:\/\/mj-clothing.com\/nl\/wp-json\/wp\/v2\/product_cat?post=2001"},{"taxonomy":"product_tag","embeddable":true,"href":"https:\/\/mj-clothing.com\/nl\/wp-json\/wp\/v2\/product_tag?post=2001"}],"curies":[{"name":"wp","href":"https:\/\/api.w.org\/{rel}","templated":true}]}}