{"id":1630,"date":"2024-12-12T01:46:18","date_gmt":"2024-12-12T01:46:18","guid":{"rendered":"https:\/\/mj-clothing.com\/?post_type=product&#038;p=1630"},"modified":"2024-12-17T07:22:20","modified_gmt":"2024-12-17T07:22:20","slug":"mens-long-sleeve-shirt","status":"publish","type":"product","link":"https:\/\/mj-clothing.com\/pl\/manufacturer\/mens-long-sleeve-shirt\/","title":{"rendered":"M\u0119ska koszula z d\u0142ugim r\u0119kawem"},"content":{"rendered":"<p><span class=\"citation-0 recitation citation-end-0\">M\u0119ska koszula z d\u0142ugim r\u0119kawem to wszechstronny element garderoby, kt\u00f3ry mo\u017cna ubiera\u0107 w zale\u017cno\u015bci od okazji i materia\u0142u.<\/span> To podstawa garderoby, kt\u00f3r\u0105 powinien posiada\u0107 ka\u017cdy m\u0119\u017cczyzna.<\/p>\n<h3 data-sourcepos=\"5:1-5:38\"><strong>Rodzaje m\u0119skich koszul z d\u0142ugim r\u0119kawem:<\/strong><\/h3>\n<ul data-sourcepos=\"7:1-15:0\">\n<li data-sourcepos=\"7:1-8:30\"><strong><span class=\"citation-1 recitation\">Flanela:<\/span><\/strong><span class=\"citation-1 recitation citation-end-1\"> Koszule flanelowe to klasyczny wyb\u00f3r na jesie\u0144 i zim\u0119, poniewa\u017c s\u0105 wykonane z mi\u0119kkiego, ciep\u0142ego materia\u0142u, kt\u00f3ry idealnie nadaje si\u0119 do noszenia warstwowego.<\/span>\n<div class=\"container\"><\/div>\n<p><span class=\"citation-2 recitation citation-end-2\">S\u0105 one dost\u0119pne w r\u00f3\u017cnych wzorach, od kraty po jednolite kolory.<\/span><\/li>\n<li data-sourcepos=\"7:1-8:30\"><strong>Oxford:<\/strong> Koszula wykonana z ciasno tkanej tkaniny bawe\u0142nianej. <span class=\"citation-3 recitation citation-end-3\">Koszule oksfordzkie s\u0105 cz\u0119sto noszone w \u015brodowisku biznesowym, ale mo\u017cna je r\u00f3wnie\u017c nosi\u0107 na co dzie\u0144.<\/span>\n<div class=\"container\"><\/div>\n<\/li>\n<li data-sourcepos=\"7:1-8:30\"><strong>Chambray:<\/strong> <span class=\"citation-4 recitation citation-end-4\">Lekka, swobodna koszula wykonana z bawe\u0142nianej tkaniny podobnej do d\u017cinsu.<\/span> Koszule Chambray s\u0105 idealne na wiosn\u0119 i lato.<\/li>\n<li data-sourcepos=\"7:1-8:30\"><strong><span class=\"citation-5 recitation\">Koszulka:<\/span><\/strong><span class=\"citation-5 recitation citation-end-5\"> Podstawowa, wszechstronna koszulka, kt\u00f3r\u0105 mo\u017cna nosi\u0107 samodzielnie lub pod innymi ubraniami.<\/span>\n<div class=\"container\"><span style=\"font-size: 14.4px;\">Koszulki z d\u0142ugim r\u0119kawem s\u0105 \u015bwietne na ch\u0142odniejsze dni.<\/span><\/div>\n<\/li>\n<li data-sourcepos=\"7:1-8:30\">\n<p data-sourcepos=\"16:1-16:43\"><strong>Jak stylizowa\u0107 m\u0119sk\u0105 koszul\u0119 z d\u0142ugim r\u0119kawem?<\/strong><\/p>\n<ul data-sourcepos=\"18:1-21:0\">\n<li data-sourcepos=\"18:1-18:110\"><strong><span class=\"citation-6 recitation\">Ubierz go:<\/span><\/strong><span class=\"citation-6 recitation citation-end-6\"> Po\u0142\u0105cz koszul\u0119 oxford z d\u0142ugim r\u0119kawem z krawatem i spodniami, aby uzyska\u0107 formalny wygl\u0105d.<\/span><\/li>\n<li data-sourcepos=\"18:1-18:110\"><strong style=\"font-size: 14.4px;\"><span class=\"citation-7 recitation\">Ubierz to:<\/span><\/strong><span class=\"citation-7 recitation citation-end-7\" style=\"font-size: 14.4px;\"> No\u015b koszul\u0119 flanelow\u0105 z d\u017cinsami i butami, aby uzyska\u0107 swobodny, surowy wygl\u0105d.<\/span><\/li>\n<li data-sourcepos=\"18:1-18:110\"><strong>U\u0142\u00f3\u017c warstwami:<\/strong> Pod koszul\u0119 flanelow\u0105 lub sweter mo\u017cna za\u0142o\u017cy\u0107 koszulk\u0119 z d\u0142ugim r\u0119kawem, aby uzyska\u0107 dodatkowe ciep\u0142o.<\/li>\n<li data-sourcepos=\"18:1-18:110\">\n<p data-sourcepos=\"22:1-22:46\"><strong>Wskaz\u00f3wki dotycz\u0105ce zakupu m\u0119skiej koszuli z d\u0142ugim r\u0119kawem:<\/strong><\/p>\n<ul data-sourcepos=\"24:1-27:0\">\n<li data-sourcepos=\"24:1-24:95\"><strong>We\u017a pod uwag\u0119 materia\u0142:<\/strong> Wybierz materia\u0142 odpowiedni do pory roku i okazji.<\/li>\n<li data-sourcepos=\"25:1-25:126\"><strong>Zwr\u00f3\u0107 uwag\u0119 na dopasowanie:<\/strong> Koszula powinna by\u0107 dobrze dopasowana w ramionach i klatce piersiowej oraz wystarczaj\u0105co d\u0142uga, aby mo\u017cna j\u0105 by\u0142o schowa\u0107.<\/li>\n<li data-sourcepos=\"26:1-27:0\"><strong>Sprawd\u017a ko\u0142nierz:<\/strong> Obro\u017ca powinna przylega\u0107 p\u0142asko do szyi i nie mo\u017ce by\u0107 zbyt ciasna ani zbyt lu\u017ana.<\/li>\n<\/ul>\n<\/li>\n<\/ul>\n<\/li>\n<\/ul>","protected":false},"excerpt":{"rendered":"<table style=\"height: 593px;\" width=\"513\">\n<tbody>\n<tr>\n<td width=\"146\"><strong><b>Produkt<\/b><\/strong>\u00a0<strong><b>Imi\u0119 i nazwisko:<\/b><\/strong><\/td>\n<td width=\"601\"><strong>M\u0119ska koszula z d\u0142ugim r\u0119kawem<\/strong><\/td>\n<\/tr>\n<tr>\n<td width=\"146\"><strong><b>Materlal:<\/b><\/strong><\/td>\n<td width=\"601\">Poliester\/Bawe\u0142na<\/td>\n<\/tr>\n<tr>\n<td width=\"146\"><strong><b>Technika:<\/b><\/strong><\/td>\n<td width=\"601\">Drukowanie i barwienie<\/td>\n<\/tr>\n<tr>\n<td width=\"146\"><strong><b>Styl:<\/b><\/strong><\/td>\n<td width=\"601\">Zwyk\u0142y<\/td>\n<\/tr>\n<tr>\n<td width=\"146\"><strong><b>Kolor<\/b><\/strong><strong><b>:<\/b><\/strong><\/td>\n<td width=\"601\">\u00a0Kolory niestandardowe<\/td>\n<\/tr>\n<tr>\n<td width=\"146\"><strong><b>Rozmiar:<\/b><\/strong><\/td>\n<td width=\"601\">S \/M \/L \/XL \/2XL<\/td>\n<\/tr>\n<tr>\n<td width=\"146\"><strong><b>OEM\/ODM:<\/b><\/strong><\/td>\n<td width=\"601\">Dopuszczalny<\/td>\n<\/tr>\n<tr>\n<td width=\"146\"><strong><b>Jako\u015b\u0107:<\/b><\/strong><\/td>\n<td width=\"601\">100% Wysoka jako\u015b\u0107<\/td>\n<\/tr>\n<tr>\n<td width=\"146\"><strong><b>M<\/b><\/strong><strong><b>OQ:<\/b><\/strong><\/td>\n<td width=\"601\">200 szt.<\/td>\n<\/tr>\n<\/tbody>\n<\/table>","protected":false},"featured_media":1746,"template":"","meta":[],"product_brand":[],"product_cat":[38],"product_tag":[],"class_list":{"0":"post-1630","1":"product","2":"type-product","3":"status-publish","4":"has-post-thumbnail","6":"product_cat-mens-clothing","8":"first","9":"instock","10":"shipping-taxable","11":"product-type-simple"},"_links":{"self":[{"href":"https:\/\/mj-clothing.com\/pl\/wp-json\/wp\/v2\/product\/1630","targetHints":{"allow":["GET"]}}],"collection":[{"href":"https:\/\/mj-clothing.com\/pl\/wp-json\/wp\/v2\/product"}],"about":[{"href":"https:\/\/mj-clothing.com\/pl\/wp-json\/wp\/v2\/types\/product"}],"wp:featuredmedia":[{"embeddable":true,"href":"https:\/\/mj-clothing.com\/pl\/wp-json\/wp\/v2\/media\/1746"}],"wp:attachment":[{"href":"https:\/\/mj-clothing.com\/pl\/wp-json\/wp\/v2\/media?parent=1630"}],"wp:term":[{"taxonomy":"product_brand","embeddable":true,"href":"https:\/\/mj-clothing.com\/pl\/wp-json\/wp\/v2\/product_brand?post=1630"},{"taxonomy":"product_cat","embeddable":true,"href":"https:\/\/mj-clothing.com\/pl\/wp-json\/wp\/v2\/product_cat?post=1630"},{"taxonomy":"product_tag","embeddable":true,"href":"https:\/\/mj-clothing.com\/pl\/wp-json\/wp\/v2\/product_tag?post=1630"}],"curies":[{"name":"wp","href":"https:\/\/api.w.org\/{rel}","templated":true}]}}