{"id":1639,"date":"2024-12-12T03:09:51","date_gmt":"2024-12-12T03:09:51","guid":{"rendered":"https:\/\/mj-clothing.com\/?post_type=product&#038;p=1639"},"modified":"2024-12-17T07:21:12","modified_gmt":"2024-12-17T07:21:12","slug":"luxury-mens-white-shirt","status":"publish","type":"product","link":"https:\/\/mj-clothing.com\/pl\/manufacturer\/luxury-mens-white-shirt\/","title":{"rendered":"Luksusowa bia\u0142a koszula m\u0119ska"},"content":{"rendered":"<h2>Luksusowa bia\u0142a koszula m\u0119ska<\/h2>\n<p><span class=\"citation-0 recitation citation-end-0\">Luksusowa bia\u0142a koszula m\u0119ska to ponadczasowy klasyk, kt\u00f3ry mo\u017ce wzbogaci\u0107 ka\u017cd\u0105 garderob\u0119.<\/span>Oto kilka kluczowych czynnik\u00f3w, kt\u00f3re nale\u017cy wzi\u0105\u0107 pod uwag\u0119 przy wyborze luksusowej bia\u0142ej koszuli:<\/p>\n<div id=\"model-response-message-contentr_5dd7d1f0a90fdd28\" class=\"markdown markdown-main-panel response-optimization\" dir=\"ltr\">\n<p data-sourcepos=\"3:1-3:11\"><strong>Materia\u0142:<\/strong><\/p>\n<ul data-sourcepos=\"5:1-12:0\">\n<li data-sourcepos=\"5:1-7:29\"><strong><span class=\"citation-1 recitation\">Cienka bawe\u0142na:<\/span><\/strong><span class=\"citation-1 recitation citation-end-1\"> Wysokiej jako\u015bci bawe\u0142na, taka jak bawe\u0142na egipska lub bawe\u0142na Pima, zapewnia wyj\u0105tkow\u0105 mi\u0119kko\u015b\u0107, oddychalno\u015b\u0107 i trwa\u0142o\u015b\u0107.<\/span><\/li>\n<li data-sourcepos=\"5:1-7:29\"><strong><span class=\"citation-2 recitation\">Bawe\u0142na Sea Island:<\/span><\/strong><span class=\"citation-2 recitation citation-end-2\"> Znana z bardzo d\u0142ugich w\u0142\u00f3kien bawe\u0142na Sea Island jest jedn\u0105 z najbardziej luksusowych dost\u0119pnych tkanin.<\/span> Jest niewiarygodnie mi\u0119kka, g\u0142adka i l\u015bni\u0105ca.<span class=\"button-container hide-from-message-actions ng-star-inserted\">\u00a0<\/span>\n<div class=\"container ng-tns-c3661983433-95 hide\">\n<div class=\"carousel-container ng-tns-c3661983433-95\"><\/div>\n<\/div>\n<div class=\"attachment-container search-images\"><\/div>\n<\/li>\n<li data-sourcepos=\"5:1-7:29\"><strong><span class=\"citation-3 recitation\">Po\u015bciel:<\/span><\/strong><span class=\"citation-3 recitation citation-end-3\"> Naturalny, oddychaj\u0105cy materia\u0142 idealny na cieplejsze dni.<\/span>Cz\u0119sto ma lekko teksturowany wygl\u0105d i swobodny, elegancki charakter.<span class=\"button-container hide-from-message-actions ng-star-inserted\" style=\"font-size: 14.4px;\">\u00a0\u00a0<\/span>\n<div class=\"container ng-tns-c3661983433-95 hide\">\n<div class=\"carousel-container ng-tns-c3661983433-95\"><\/div>\n<\/div>\n<div class=\"attachment-container search-images\"><\/div>\n<\/li>\n<\/ul>\n<p data-sourcepos=\"13:1-13:17\"><strong>Budowa:<\/strong><\/p>\n<ul data-sourcepos=\"15:1-18:0\">\n<li data-sourcepos=\"15:1-15:160\"><strong>Krawiectwo:<\/strong> Koszula powinna by\u0107 dobrze skrojona, z precyzyjnymi szwami i czystymi wyko\u0144czeniami. Zwr\u00f3\u0107 uwag\u0119 na szczeg\u00f3\u0142y, takie jak ko\u0142nierzyk, mankiety i dziurki na guziki.<\/li>\n<li data-sourcepos=\"16:1-16:110\"><strong>Dopasowanie:<\/strong> Dopasowanie ma kluczowe znaczenie dla luksusowego wygl\u0105du. Dobrze dopasowana koszula powinna uk\u0142ada\u0107 si\u0119 g\u0142adko i wygodnie.<\/li>\n<li data-sourcepos=\"17:1-18:0\"><strong>Styl ko\u0142nierza:<\/strong> Wybierz styl ko\u0142nierzyka, kt\u00f3ry pasuje do kszta\u0142tu twarzy i osobistych preferencji. <span class=\"citation-4 recitation citation-end-4\">Popularne opcje obejmuj\u0105 klasyczny ko\u0142nierzyk w szpic, ko\u0142nierzyk zapinany na guziki i ko\u0142nierzyk z wyci\u0119ciem.<\/span><span class=\"button-container hide-from-message-actions ng-star-inserted\"> \u00a0<\/span>\n<div class=\"container ng-tns-c3661983433-96 hide\">\n<div class=\"carousel-container ng-tns-c3661983433-96\">\n<div class=\"carousel-content ng-tns-c3661983433-96\">\n<div class=\"sources-carousel-source ng-tns-c3661983433-96 hide ng-star-inserted\" data-test-id=\"sources-carousel-source\"><\/div>\n<\/div>\n<\/div>\n<\/div>\n<\/li>\n<\/ul>\n<p data-sourcepos=\"19:1-19:11\"><strong>Projekt:<\/strong><\/p>\n<ul data-sourcepos=\"21:1-23:0\">\n<li data-sourcepos=\"21:1-21:168\"><strong>Minimalistyczna elegancja:<\/strong> Prosty, czysty design cz\u0119sto emanuje najwi\u0119kszym luksusem. Wybierz koszul\u0119 z subtelnymi detalami, takimi jak guziki z masy per\u0142owej lub delikatny monogram.<\/li>\n<li data-sourcepos=\"22:1-23:0\"><strong>Subtelne wzory:<\/strong> Je\u015bli wolisz odrobin\u0119 wzoru, rozwa\u017c subtelny pasek lub drobn\u0105 kratk\u0119.<\/li>\n<\/ul>\n<p data-sourcepos=\"24:1-24:11\"><strong>Marki:<\/strong><\/p>\n<\/div>\n<div class=\"skeleton-loader-container\">\n<p data-sourcepos=\"26:1-26:70\">Kilka luksusowych marek jest znanych ze swoich luksusowych m\u0119skich bia\u0142ych koszul:<\/p>\n<ul data-sourcepos=\"28:1-36:0\">\n<li data-sourcepos=\"28:1-29:43\"><strong>Turnbull &amp; Asser:<\/strong> <span class=\"citation-5 recitation citation-end-5\">Znany z szycia na miar\u0119 i luksusowych tkanin.<\/span><\/li>\n<li data-sourcepos=\"28:1-29:43\"><strong><span class=\"citation-6 recitation\">Charvet:<\/span><\/strong><span class=\"citation-6 recitation citation-end-6\"> Historyczny francuski producent koszul oferuj\u0105cy znakomite rzemios\u0142o i eleganckie projekty.<\/span><\/li>\n<li data-sourcepos=\"28:1-29:43\"><strong><span class=\"citation-7 recitation\">Brioni:<\/span><\/strong><span class=\"citation-7 recitation citation-end-7\"> W\u0142oska luksusowa marka skupiaj\u0105ca si\u0119 na doskona\u0142ym krawiectwie i nienagannej jako\u015bci.<\/span><\/li>\n<li data-sourcepos=\"28:1-29:43\">\n<div class=\"container\"><strong><span class=\"citation-8 recitation\">Kiton:<\/span><\/strong><span class=\"citation-8 recitation citation-end-8\"> Kolejna w\u0142oska luksusowa marka, kt\u00f3ra produkuje jedne z najlepszych koszul na \u015bwiecie.<\/span><\/div>\n<p><span class=\"button-container hide-from-message-actions ng-star-inserted\"> \u00a0 <\/span><\/li>\n<\/ul>\n<\/div>\n<div class=\"response-footer gap complete\">\n<div class=\"container ng-tns-c3661983433-86\">\n<div class=\"carousel-container ng-tns-c3661983433-86\">\n<div class=\"carousel-content ng-tns-c3661983433-86\">\n<div class=\"sources-carousel-source ng-tns-c3661983433-86 ng-star-inserted\" data-test-id=\"sources-carousel-source\">\n<div class=\"source-card-container\">\n<div class=\"source-card-content\">\n<div class=\"source-card-body\">\n<div class=\"source-card-header\">\n<div class=\"source-card-title\"><\/div>\n<\/div>\n<\/div>\n<\/div>\n<\/div>\n<\/div>\n<\/div>\n<\/div>\n<\/div>\n<\/div>","protected":false},"excerpt":{"rendered":"<table style=\"height: 485px;\" width=\"491\">\n<tbody>\n<tr>\n<td width=\"146\"><strong><b>Produkt<\/b><\/strong>\u00a0<strong><b>Imi\u0119 i nazwisko:<\/b><\/strong><\/td>\n<td width=\"601\"><strong>Luksusowa bia\u0142a koszula m\u0119ska<\/strong><\/td>\n<\/tr>\n<tr>\n<td width=\"146\"><strong><b>Materlal:<\/b><\/strong><\/td>\n<td width=\"601\">Poliester\/Bawe\u0142na<\/td>\n<\/tr>\n<tr>\n<td width=\"146\"><strong><b>Technika:<\/b><\/strong><\/td>\n<td width=\"601\">Drukowanie i barwienie<\/td>\n<\/tr>\n<tr>\n<td width=\"146\"><strong><b>Styl:<\/b><\/strong><\/td>\n<td width=\"601\">Zwyk\u0142y<\/td>\n<\/tr>\n<tr>\n<td width=\"146\"><strong><b>Kolor<\/b><\/strong><strong><b>:<\/b><\/strong><\/td>\n<td width=\"601\">\u00a0Kolory niestandardowe<\/td>\n<\/tr>\n<tr>\n<td width=\"146\"><strong><b>Rozmiar:<\/b><\/strong><\/td>\n<td width=\"601\">S \/M \/L \/XL \/2XL<\/td>\n<\/tr>\n<tr>\n<td width=\"146\"><strong><b>OEM\/ODM:<\/b><\/strong><\/td>\n<td width=\"601\">Dopuszczalny<\/td>\n<\/tr>\n<tr>\n<td width=\"146\"><strong><b>Jako\u015b\u0107:<\/b><\/strong><\/td>\n<td width=\"601\">100% Wysoka jako\u015b\u0107<\/td>\n<\/tr>\n<tr>\n<td width=\"146\"><strong><b>M<\/b><\/strong><strong><b>OQ:<\/b><\/strong><\/td>\n<td width=\"601\">200 szt.<\/td>\n<\/tr>\n<\/tbody>\n<\/table>","protected":false},"featured_media":1748,"template":"","meta":[],"product_brand":[],"product_cat":[38],"product_tag":[],"class_list":{"0":"post-1639","1":"product","2":"type-product","3":"status-publish","4":"has-post-thumbnail","6":"product_cat-mens-clothing","8":"first","9":"instock","10":"shipping-taxable","11":"product-type-simple"},"_links":{"self":[{"href":"https:\/\/mj-clothing.com\/pl\/wp-json\/wp\/v2\/product\/1639","targetHints":{"allow":["GET"]}}],"collection":[{"href":"https:\/\/mj-clothing.com\/pl\/wp-json\/wp\/v2\/product"}],"about":[{"href":"https:\/\/mj-clothing.com\/pl\/wp-json\/wp\/v2\/types\/product"}],"wp:featuredmedia":[{"embeddable":true,"href":"https:\/\/mj-clothing.com\/pl\/wp-json\/wp\/v2\/media\/1748"}],"wp:attachment":[{"href":"https:\/\/mj-clothing.com\/pl\/wp-json\/wp\/v2\/media?parent=1639"}],"wp:term":[{"taxonomy":"product_brand","embeddable":true,"href":"https:\/\/mj-clothing.com\/pl\/wp-json\/wp\/v2\/product_brand?post=1639"},{"taxonomy":"product_cat","embeddable":true,"href":"https:\/\/mj-clothing.com\/pl\/wp-json\/wp\/v2\/product_cat?post=1639"},{"taxonomy":"product_tag","embeddable":true,"href":"https:\/\/mj-clothing.com\/pl\/wp-json\/wp\/v2\/product_tag?post=1639"}],"curies":[{"name":"wp","href":"https:\/\/api.w.org\/{rel}","templated":true}]}}