{"id":1662,"date":"2024-12-12T03:40:11","date_gmt":"2024-12-12T03:40:11","guid":{"rendered":"https:\/\/mj-clothing.com\/?post_type=product&#038;p=1662"},"modified":"2024-12-17T07:20:07","modified_gmt":"2024-12-17T07:20:07","slug":"mens-lounge-shirts","status":"publish","type":"product","link":"https:\/\/mj-clothing.com\/pl\/manufacturer\/mens-lounge-shirts\/","title":{"rendered":"M\u0119skie koszule do salonu"},"content":{"rendered":"<div class=\"user-query-container ng-star-inserted\">\n<div id=\"user-query-content-5\" class=\"query-content\">\n<div class=\"query-text ng-star-inserted\" dir=\"ltr\" role=\"heading\" aria-level=\"2\">\n<h2 class=\"query-text-line ng-star-inserted\">M\u0119skie koszule do salonu<\/h2>\n<\/div>\n<\/div>\n<div class=\"button-gutter\"><span class=\"citation-0 recitation citation-end-0\" style=\"font-size: 14.4px; color: #555555;\">M\u0119skie koszule do salonu to wygodna i stylowa odzie\u017c zaprojektowana z my\u015bl\u0105 o relaksie i wypoczynku.<\/span><span style=\"font-size: 14.4px; color: #555555;\"> Jest idealny do wylegiwania si\u0119 w domu, za\u0142atwiania sprawunk\u00f3w lub po prostu cieszenia si\u0119 swobodnym dniem.<\/span><\/div>\n<div>\n<p data-sourcepos=\"3:1-3:61\">Oto kilka kluczowych cech i styl\u00f3w m\u0119skich koszul do salonu:<\/p>\n<p data-sourcepos=\"5:1-5:17\"><strong>Kluczowe cechy:<\/strong><\/p>\n<ul data-sourcepos=\"7:1-10:0\">\n<li data-sourcepos=\"7:1-7:123\"><strong><span class=\"citation-1 recitation\">Komfort:<\/span><\/strong><span class=\"citation-1 recitation citation-end-1\"> Koszule s\u0105 zazwyczaj wykonane z mi\u0119kkich, oddychaj\u0105cych tkanin, takich jak bawe\u0142na, flanela lub d\u017cersej.<\/span><\/li>\n<li data-sourcepos=\"7:1-7:123\"><strong>Zrelaksowany kr\u00f3j:<\/strong> Cz\u0119sto maj\u0105 lu\u017any lub oversize'owy kr\u00f3j dla maksymalnego komfortu.<\/li>\n<li data-sourcepos=\"7:1-7:123\"><strong>Styl casual:<\/strong> Koszule do salonu s\u0105 dost\u0119pne w r\u00f3\u017cnych swobodnych stylach, w tym w jednolitych kolorach, paskach i wzorach.\n<p data-sourcepos=\"11:1-11:19\"><strong>Popularne style:<\/strong><\/p>\n<\/li>\n<li data-sourcepos=\"7:1-7:123\">\n<p data-sourcepos=\"11:1-11:19\"><strong style=\"color: #333333; font-size: 14.4px;\">Koszula flanelowa:<\/strong><span style=\"color: #333333; font-size: 14.4px;\"> Flanelowe koszule to klasyczny wyb\u00f3r na ch\u0142odniejsze dni, idealny do przytulania si\u0119 na kanapie.<\/span><\/p>\n<\/li>\n<li data-sourcepos=\"7:1-7:123\"><strong><span class=\"citation-2 recitation\">Koszula Oxford:<\/span><\/strong><span class=\"citation-2 recitation citation-end-2\"> Koszule oxford to bardziej elegancka opcja, kt\u00f3r\u0105 mo\u017cna ubra\u0107 zar\u00f3wno na g\u00f3r\u0119, jak i na d\u00f3\u0142<\/span><\/li>\n<li data-sourcepos=\"7:1-7:123\"><strong><span class=\"citation-3 recitation\">Koszulka z d\u017cerseju:<\/span><\/strong><span class=\"citation-3 recitation citation-end-3\"> Mi\u0119kkie i rozci\u0105gliwe koszulki z d\u017cerseju s\u0105 idealne do wylegiwania si\u0119 w domu.<sup class=\"superscript visible\" data-turn-source-index=\"4\">\u00a0<\/sup><\/span><\/li>\n<li data-sourcepos=\"7:1-7:123\"><strong><span class=\"citation-4 recitation\">Koszulka Henley:<\/span><\/strong><span class=\"citation-4 recitation citation-end-4\"> Koszule Henley to swobodna i wygodna opcja, idealna do swobodnego wygl\u0105du.<\/span>\n<div class=\"container\">\n<p data-sourcepos=\"22:1-22:38\"><strong>Jak stylizowa\u0107 m\u0119skie koszule do salonu?<\/strong><\/p>\n<ul data-sourcepos=\"24:1-27:0\">\n<li data-sourcepos=\"24:1-24:88\"><strong>Swobodny wygl\u0105d:<\/strong> Po\u0142\u0105cz koszul\u0119 flanelow\u0105 lub d\u017cersejow\u0105 z d\u017cinsami lub spodniami dresowymi i trampkami.<\/li>\n<li data-sourcepos=\"25:1-25:85\"><strong>Podwy\u017cszony wygl\u0105d:<\/strong> Ubierz koszul\u0119 oxford do spodni chino lub spodni wizytowych i mokasyn\u00f3w.<\/li>\n<li data-sourcepos=\"26:1-27:0\"><strong>Warstwowy wygl\u0105d:<\/strong> Na\u0142\u00f3\u017c koszul\u0119 flanelow\u0105 na t-shirt, aby uzyska\u0107 przytulny i stylowy wygl\u0105d.<\/li>\n<\/ul>\n<\/div>\n<\/li>\n<\/ul>\n<\/div>\n<\/div>","protected":false},"excerpt":{"rendered":"<table style=\"height: 527px;\" width=\"492\">\n<tbody>\n<tr>\n<td width=\"146\"><strong><b>Produkt<\/b><\/strong>\u00a0<strong><b>Imi\u0119 i nazwisko:<\/b><\/strong><\/td>\n<td width=\"601\"><strong>M\u0119skie koszule do salonu<\/strong><\/td>\n<\/tr>\n<tr>\n<td width=\"146\"><strong><b>Materlal:<\/b><\/strong><\/td>\n<td width=\"601\">Poliester\/Bawe\u0142na<\/td>\n<\/tr>\n<tr>\n<td width=\"146\"><strong><b>Technika:<\/b><\/strong><\/td>\n<td width=\"601\">Drukowanie i barwienie<\/td>\n<\/tr>\n<tr>\n<td width=\"146\"><strong><b>Styl:<\/b><\/strong><\/td>\n<td width=\"601\">Zwyk\u0142y<\/td>\n<\/tr>\n<tr>\n<td width=\"146\"><strong><b>Kolor<\/b><\/strong><strong><b>:<\/b><\/strong><\/td>\n<td width=\"601\">\u00a0Kolory niestandardowe<\/td>\n<\/tr>\n<tr>\n<td width=\"146\"><strong><b>Rozmiar:<\/b><\/strong><\/td>\n<td width=\"601\">S \/M \/L \/XL \/2XL<\/td>\n<\/tr>\n<tr>\n<td width=\"146\"><strong><b>OEM\/ODM:<\/b><\/strong><\/td>\n<td width=\"601\">Dopuszczalny<\/td>\n<\/tr>\n<tr>\n<td width=\"146\"><strong><b>Jako\u015b\u0107:<\/b><\/strong><\/td>\n<td width=\"601\">100% Wysoka jako\u015b\u0107<\/td>\n<\/tr>\n<tr>\n<td width=\"146\"><strong><b>M<\/b><\/strong><strong><b>OQ:<\/b><\/strong><\/td>\n<td width=\"601\">200 szt.<\/td>\n<\/tr>\n<\/tbody>\n<\/table>","protected":false},"featured_media":1747,"template":"","meta":[],"product_brand":[],"product_cat":[38],"product_tag":[],"class_list":{"0":"post-1662","1":"product","2":"type-product","3":"status-publish","4":"has-post-thumbnail","6":"product_cat-mens-clothing","8":"first","9":"instock","10":"shipping-taxable","11":"product-type-simple"},"_links":{"self":[{"href":"https:\/\/mj-clothing.com\/pl\/wp-json\/wp\/v2\/product\/1662","targetHints":{"allow":["GET"]}}],"collection":[{"href":"https:\/\/mj-clothing.com\/pl\/wp-json\/wp\/v2\/product"}],"about":[{"href":"https:\/\/mj-clothing.com\/pl\/wp-json\/wp\/v2\/types\/product"}],"wp:featuredmedia":[{"embeddable":true,"href":"https:\/\/mj-clothing.com\/pl\/wp-json\/wp\/v2\/media\/1747"}],"wp:attachment":[{"href":"https:\/\/mj-clothing.com\/pl\/wp-json\/wp\/v2\/media?parent=1662"}],"wp:term":[{"taxonomy":"product_brand","embeddable":true,"href":"https:\/\/mj-clothing.com\/pl\/wp-json\/wp\/v2\/product_brand?post=1662"},{"taxonomy":"product_cat","embeddable":true,"href":"https:\/\/mj-clothing.com\/pl\/wp-json\/wp\/v2\/product_cat?post=1662"},{"taxonomy":"product_tag","embeddable":true,"href":"https:\/\/mj-clothing.com\/pl\/wp-json\/wp\/v2\/product_tag?post=1662"}],"curies":[{"name":"wp","href":"https:\/\/api.w.org\/{rel}","templated":true}]}}