{"id":1687,"date":"2024-12-12T06:29:02","date_gmt":"2024-12-12T06:29:02","guid":{"rendered":"https:\/\/mj-clothing.com\/?post_type=product&#038;p=1687"},"modified":"2024-12-13T03:09:53","modified_gmt":"2024-12-13T03:09:53","slug":"mens-linnen-ecru-shirt","status":"publish","type":"product","link":"https:\/\/mj-clothing.com\/pl\/manufacturer\/mens-linnen-ecru-shirt\/","title":{"rendered":"Koszula m\u0119ska Linnen Ecru"},"content":{"rendered":"<h2><strong>Koszula m\u0119ska Linnen Ecru<\/strong><\/h2>\n<p><span class=\"citation-0 recitation citation-end-0\">M\u0119ska koszula Linnen Ecru to stylowy i wszechstronny element garderoby idealny na ciep\u0142e dni.<\/span> Oto dlaczego:<\/p>\n<h3 data-sourcepos=\"3:1-3:14\"><strong>\u00a0 \u00a0 \u00a0 Dlaczego po\u015bciel?<\/strong><\/h3>\n<ul data-sourcepos=\"5:1-9:0\">\n<li data-sourcepos=\"5:1-5:157\"><strong>Oddychalno\u015b\u0107:<\/strong> <span class=\"citation-1 recitation citation-end-1\">Po\u015bciel to naturalne w\u0142\u00f3kno, kt\u00f3re doskonale poch\u0142ania wilgo\u0107 i umo\u017cliwia cyrkulacj\u0119 powietrza, zapewniaj\u0105c ch\u0142\u00f3d i wygod\u0119.<\/span><\/li>\n<li data-sourcepos=\"5:1-5:157\"><strong style=\"font-size: 14.4px;\"><span class=\"citation-2 recitation\">Trwa\u0142o\u015b\u0107:<\/span><\/strong><span class=\"citation-2 recitation citation-end-2\" style=\"font-size: 14.4px;\"> Pomimo delikatnego wygl\u0105du, len jest zaskakuj\u0105co trwa\u0142y i d\u0142ugowieczny.<\/span><\/li>\n<li data-sourcepos=\"5:1-5:157\"><strong><span class=\"citation-3 recitation\">Mi\u0119kko\u015b\u0107:<\/span><\/strong><span class=\"citation-3 recitation citation-end-3\"> Po\u015bciel staje si\u0119 bardziej mi\u0119kka z ka\u017cdym praniem, dzi\u0119ki czemu z czasem staje si\u0119 coraz wygodniejsza.<\/span><\/li>\n<li data-sourcepos=\"5:1-5:157\"><strong style=\"font-size: 14.4px;\">Odporny na zmarszczki:<\/strong><span style=\"font-size: 14.4px;\"> Chocia\u017c len jest znany z naturalnych zmarszczek, dodaje mu to swobodnego i zrelaksowanego uroku.<\/span><br \/>\n<h3 data-sourcepos=\"10:1-10:13\"><strong>Dlaczego Ecru?<\/strong><\/h3>\n<\/li>\n<li data-sourcepos=\"5:1-5:157\"><strong>Wszechstronno\u015b\u0107:<\/strong> <span class=\"citation-4 recitation citation-end-4\">Ecru, jasnobe\u017cowy lub prawie bia\u0142y kolor, jest niezwykle wszechstronny.<\/span>Dobrze komponuje si\u0119 z r\u00f3\u017cnymi kolorami, od ciemnego denimu po jasne chinosy.<\/li>\n<li data-sourcepos=\"13:1-13:96\"><strong>Ponadczasowy:<\/strong> Neutralny odcie\u0144 ecru sprawia, \u017ce jest to ponadczasowy element, kt\u00f3ry nigdy nie wychodzi z mody.<\/li>\n<li data-sourcepos=\"14:1-15:0\"><strong>\u0141atwo\u015b\u0107 stylizacji:<\/strong> <span class=\"citation-5 recitation citation-end-5\"><span class=\"citation-5 recitation citation-end-5\"><span class=\"citation-5 recitation citation-end-5\">Mo\u017cna j\u0105 ubiera\u0107 zar\u00f3wno w g\u00f3r\u0119, jak i w d\u00f3\u0142, dzi\u0119ki czemu jest idealna na r\u00f3\u017cne okazje.<\/span><\/span><\/span><br \/>\n<h3 data-sourcepos=\"16:1-16:36\"><strong>Jak nosi\u0107 m\u0119sk\u0105 koszul\u0119 Linnen Ecru?<\/strong><\/h3>\n<\/li>\n<li data-sourcepos=\"14:1-15:0\"><strong>Na co dzie\u0144:<\/strong> Po\u0142\u0105cz go z d\u017cinsami, spodniami typu chino lub szortami i trampkami, aby uzyska\u0107 swobodny, codzienny wygl\u0105d.<\/li>\n<li data-sourcepos=\"14:1-15:0\"><strong>Smart Casual:<\/strong> Po\u0142\u0105cz go z dopasowanymi spodniami i mokasynami, aby uzyska\u0107 wyrafinowany, ale wyluzowany zestaw.<\/li>\n<li data-sourcepos=\"14:1-15:0\"><strong>Tropikalny:<\/strong> No\u015b go z lnianymi spodniami lub szortami w kontrastowym kolorze, aby uzyska\u0107 przewiewny, letni str\u00f3j.<\/li>\n<\/ul>","protected":false},"excerpt":{"rendered":"<p>Materia\u0142: poliester\/bawe\u0142na\/len<\/p>\n<p>Technika: Haftowane<\/p>\n<p>Styl: Casual<\/p>\n<p>Kolor: czarny i kolory niestandardowe<\/p>\n<p>Rozmiar: S \/M \/L \/XL \/2XL<\/p>","protected":false},"featured_media":1750,"template":"","meta":[],"product_brand":[],"product_cat":[38],"product_tag":[],"class_list":{"0":"post-1687","1":"product","2":"type-product","3":"status-publish","4":"has-post-thumbnail","6":"product_cat-mens-clothing","8":"first","9":"instock","10":"shipping-taxable","11":"product-type-simple"},"_links":{"self":[{"href":"https:\/\/mj-clothing.com\/pl\/wp-json\/wp\/v2\/product\/1687","targetHints":{"allow":["GET"]}}],"collection":[{"href":"https:\/\/mj-clothing.com\/pl\/wp-json\/wp\/v2\/product"}],"about":[{"href":"https:\/\/mj-clothing.com\/pl\/wp-json\/wp\/v2\/types\/product"}],"wp:featuredmedia":[{"embeddable":true,"href":"https:\/\/mj-clothing.com\/pl\/wp-json\/wp\/v2\/media\/1750"}],"wp:attachment":[{"href":"https:\/\/mj-clothing.com\/pl\/wp-json\/wp\/v2\/media?parent=1687"}],"wp:term":[{"taxonomy":"product_brand","embeddable":true,"href":"https:\/\/mj-clothing.com\/pl\/wp-json\/wp\/v2\/product_brand?post=1687"},{"taxonomy":"product_cat","embeddable":true,"href":"https:\/\/mj-clothing.com\/pl\/wp-json\/wp\/v2\/product_cat?post=1687"},{"taxonomy":"product_tag","embeddable":true,"href":"https:\/\/mj-clothing.com\/pl\/wp-json\/wp\/v2\/product_tag?post=1687"}],"curies":[{"name":"wp","href":"https:\/\/api.w.org\/{rel}","templated":true}]}}