{"id":1761,"date":"2024-12-14T03:02:38","date_gmt":"2024-12-14T03:02:38","guid":{"rendered":"https:\/\/mj-clothing.com\/?post_type=product&#038;p=1761"},"modified":"2024-12-17T07:15:13","modified_gmt":"2024-12-17T07:15:13","slug":"floral-quilted-jacket","status":"publish","type":"product","link":"https:\/\/mj-clothing.com\/pl\/manufacturer\/floral-quilted-jacket\/","title":{"rendered":"Pikowana kurtka w kwiaty"},"content":{"rendered":"<h2 data-sourcepos=\"1:1-1:143\">Pikowana kurtka w kwiaty<\/h2>\n<p data-sourcepos=\"1:1-1:143\">Pikowana kurtka w kwiaty to stylowy i przytulny element, kt\u00f3ry mo\u017ce doda\u0107 kobieco\u015bci i ciep\u0142a do ka\u017cdego stroju. Oto dlaczego mo\u017cesz j\u0105 pokocha\u0107:<\/p>\n<p data-sourcepos=\"3:1-3:39\"><strong>Dlaczego warto wybra\u0107 pikowan\u0105 kurtk\u0119 w kwiaty?<\/strong><\/p>\n<ul data-sourcepos=\"5:1-9:0\">\n<li data-sourcepos=\"5:1-5:159\"><strong>Stylowy i wszechstronny:<\/strong> To idealne po\u0142\u0105czenie wygody i mody. Mo\u017cna j\u0105 ubra\u0107 do sp\u00f3dnicy i but\u00f3w lub na co dzie\u0144 do d\u017cins\u00f3w i trampek.<\/li>\n<li data-sourcepos=\"6:1-6:100\"><strong>Ciep\u0142y i przytulny:<\/strong> Pikowana konstrukcja i cz\u0119sto izolowana podszewka sprawiaj\u0105, \u017ce idealnie nadaje si\u0119 na ch\u0142odniejsze dni.<\/li>\n<li data-sourcepos=\"7:1-7:86\"><strong>Kobiecy i romantyczny:<\/strong> Kwiatowy wz\u00f3r dodaje delikatno\u015bci i elegancji.<\/li>\n<li data-sourcepos=\"8:1-9:0\"><strong>Trendy:<\/strong> Kwiatowe nadruki s\u0105 zawsze w modzie, szczeg\u00f3lnie w sezonie wiosennym i jesiennym.<\/li>\n<\/ul>\n<p data-sourcepos=\"10:1-10:41\"><strong>Jak stylizowa\u0107 pikowan\u0105 kurtk\u0119 w kwiaty?<\/strong><\/p>\n<ul data-sourcepos=\"12:1-15:0\">\n<li data-sourcepos=\"12:1-12:82\"><strong>Casual Chic:<\/strong> Po\u0142\u0105cz go z d\u017cinsami, t-shirtem i trampkami, aby uzyska\u0107 swobodny wygl\u0105d.<\/li>\n<li data-sourcepos=\"13:1-13:85\"><strong>Boho Chic:<\/strong> Na\u0142\u00f3\u017c go na zwiewn\u0105 sukienk\u0119 i dodaj botki, aby uzyska\u0107 klimat bohemy.<\/li>\n<li data-sourcepos=\"14:1-15:0\"><strong>Smart Casual:<\/strong> No\u015b go ze swetrem, spodniami i mokasynami, aby uzyska\u0107 elegancki wygl\u0105d.<\/li>\n<\/ul>\n<p data-sourcepos=\"16:1-16:46\"><strong>Wskaz\u00f3wki dotycz\u0105ce wyboru pikowanej kurtki w kwiaty:<\/strong><\/p>\n<ul data-sourcepos=\"18:1-22:0\">\n<li data-sourcepos=\"18:1-18:93\"><strong>Wybierz odpowiednie dopasowanie:<\/strong> Upewnij si\u0119, \u017ce kurtka jest dobrze dopasowana i nie przyt\u0142acza sylwetki.<\/li>\n<li data-sourcepos=\"19:1-19:80\"><strong>We\u017a pod uwag\u0119 okazj\u0119:<\/strong> Wybierz wz\u00f3r i kolor, kt\u00f3ry pasuje do okazji.<\/li>\n<li data-sourcepos=\"20:1-20:105\"><strong>Zwr\u00f3\u0107 uwag\u0119 na materia\u0142:<\/strong> Wybierz trwa\u0142y i wygodny materia\u0142, taki jak bawe\u0142na lub poliester.<\/li>\n<li data-sourcepos=\"21:1-22:0\"><strong>Akcesoria:<\/strong> Dodaj szalik, czapk\u0119 lub torb\u0119, aby dope\u0142ni\u0107 sw\u00f3j wygl\u0105d.<\/li>\n<\/ul>","protected":false},"excerpt":{"rendered":"<table style=\"height: 542px;\" width=\"483\">\n<tbody>\n<tr>\n<td width=\"146\"><strong><b>Produkt<\/b><\/strong>\u00a0<strong><b>Imi\u0119 i nazwisko:<\/b><\/strong><\/td>\n<td width=\"601\"><strong>Pikowana kurtka w kwiaty<\/strong><\/td>\n<\/tr>\n<tr>\n<td width=\"146\"><strong><b>Materlal:<\/b><\/strong><\/td>\n<td width=\"601\">Poliester\/Bawe\u0142na<\/td>\n<\/tr>\n<tr>\n<td width=\"146\"><strong><b>Technika:<\/b><\/strong><\/td>\n<td width=\"601\">Drukowanie i barwienie<\/td>\n<\/tr>\n<tr>\n<td width=\"146\"><strong><b>Styl:<\/b><\/strong><\/td>\n<td width=\"601\">Zwyk\u0142y<\/td>\n<\/tr>\n<tr>\n<td width=\"146\"><strong><b>Kolor<\/b><\/strong><strong><b>:<\/b><\/strong><\/td>\n<td width=\"601\">\u00a0Kolory niestandardowe<\/td>\n<\/tr>\n<tr>\n<td width=\"146\"><strong><b>Rozmiar:<\/b><\/strong><\/td>\n<td width=\"601\">S \/M \/L \/XL \/2XL<\/td>\n<\/tr>\n<tr>\n<td width=\"146\"><strong><b>OEM\/ODM:<\/b><\/strong><\/td>\n<td width=\"601\">Dopuszczalny<\/td>\n<\/tr>\n<tr>\n<td width=\"146\"><strong><b>Jako\u015b\u0107:<\/b><\/strong><\/td>\n<td width=\"601\">100% Wysoka jako\u015b\u0107<\/td>\n<\/tr>\n<tr>\n<td width=\"146\"><strong><b>M<\/b><\/strong><strong><b>OQ:<\/b><\/strong><\/td>\n<td width=\"601\">200 szt.<\/td>\n<\/tr>\n<\/tbody>\n<\/table>","protected":false},"featured_media":1762,"template":"","meta":[],"product_brand":[],"product_cat":[38],"product_tag":[],"class_list":{"0":"post-1761","1":"product","2":"type-product","3":"status-publish","4":"has-post-thumbnail","6":"product_cat-mens-clothing","8":"first","9":"instock","10":"shipping-taxable","11":"product-type-simple"},"_links":{"self":[{"href":"https:\/\/mj-clothing.com\/pl\/wp-json\/wp\/v2\/product\/1761","targetHints":{"allow":["GET"]}}],"collection":[{"href":"https:\/\/mj-clothing.com\/pl\/wp-json\/wp\/v2\/product"}],"about":[{"href":"https:\/\/mj-clothing.com\/pl\/wp-json\/wp\/v2\/types\/product"}],"wp:featuredmedia":[{"embeddable":true,"href":"https:\/\/mj-clothing.com\/pl\/wp-json\/wp\/v2\/media\/1762"}],"wp:attachment":[{"href":"https:\/\/mj-clothing.com\/pl\/wp-json\/wp\/v2\/media?parent=1761"}],"wp:term":[{"taxonomy":"product_brand","embeddable":true,"href":"https:\/\/mj-clothing.com\/pl\/wp-json\/wp\/v2\/product_brand?post=1761"},{"taxonomy":"product_cat","embeddable":true,"href":"https:\/\/mj-clothing.com\/pl\/wp-json\/wp\/v2\/product_cat?post=1761"},{"taxonomy":"product_tag","embeddable":true,"href":"https:\/\/mj-clothing.com\/pl\/wp-json\/wp\/v2\/product_tag?post=1761"}],"curies":[{"name":"wp","href":"https:\/\/api.w.org\/{rel}","templated":true}]}}