{"id":1774,"date":"2024-12-14T03:23:26","date_gmt":"2024-12-14T03:23:26","guid":{"rendered":"https:\/\/mj-clothing.com\/?post_type=product&#038;p=1774"},"modified":"2024-12-17T07:06:57","modified_gmt":"2024-12-17T07:06:57","slug":"shell-jacket","status":"publish","type":"product","link":"https:\/\/mj-clothing.com\/pl\/manufacturer\/shell-jacket\/","title":{"rendered":"Kurtka Shell"},"content":{"rendered":"<p data-sourcepos=\"1:1-1:266\">Kurtka typu shell to lekka, wodoodporna i wiatroszczelna warstwa zewn\u0119trzna zaprojektowana w celu ochrony przed \u017cywio\u0142ami. Jest to wszechstronna odzie\u017c wierzchnia, kt\u00f3r\u0105 mo\u017cna nosi\u0107 w r\u00f3\u017cnych warunkach pogodowych, co czyni j\u0105 popularnym wyborem do aktywno\u015bci na \u015bwie\u017cym powietrzu i codziennego noszenia.<\/p>\n<h3 data-sourcepos=\"3:1-3:35\"><strong>Kluczowe cechy kurtki Shell:<\/strong><\/h3>\n<ul data-sourcepos=\"5:1-9:0\">\n<li data-sourcepos=\"5:1-5:218\"><strong>Wodoodporny i wiatroszczelny:<\/strong> Podstawow\u0105 funkcj\u0105 kurtki jest zapewnienie sucho\u015bci i ochrony przed wiatrem. Zazwyczaj jest ona wykonana z wodoodpornych i oddychaj\u0105cych materia\u0142\u00f3w, takich jak Gore-Tex lub podobnych technologii.<\/li>\n<li data-sourcepos=\"6:1-6:155\"><strong>Oddychalno\u015b\u0107:<\/strong> Zapewniaj\u0105c sucho\u015b\u0107, dobra kurtka pozwala r\u00f3wnie\u017c na odprowadzanie wilgoci, zapobiegaj\u0105c uczuciu lepko\u015bci i dyskomfortu.<\/li>\n<li data-sourcepos=\"7:1-7:97\"><strong>Trwa\u0142o\u015b\u0107:<\/strong> Kurtki Shell s\u0105 zaprojektowane tak, aby wytrzyma\u0107 trudne warunki pogodowe i intensywne u\u017cytkowanie.<\/li>\n<li data-sourcepos=\"8:1-9:0\"><strong>Pakowno\u015b\u0107:<\/strong> Wiele kurtek jest lekkich i pakownych, co u\u0142atwia ich przenoszenie, gdy nie s\u0105 u\u017cywane.<\/li>\n<\/ul>\n<h3 data-sourcepos=\"10:1-10:32\"><strong>Jak stylizowa\u0107 kurtk\u0119 p\u0142aszczow\u0105?<\/strong><\/h3>\n<ul data-sourcepos=\"12:1-15:0\">\n<li data-sourcepos=\"12:1-12:96\"><strong>Na co dzie\u0144:<\/strong> Po\u0142\u0105cz go z d\u017cinsami, t-shirtem i trampkami, aby uzyska\u0107 wygodny i funkcjonalny wygl\u0105d.<\/li>\n<li data-sourcepos=\"13:1-13:112\"><strong>Smart Casual:<\/strong> Na\u0142\u00f3\u017c go na sweter, spodnie chino i koszul\u0119 zapinan\u0105 na guziki, aby uzyska\u0107 stylowy i praktyczny str\u00f3j.<\/li>\n<li data-sourcepos=\"14:1-15:0\"><strong>Zaj\u0119cia na \u015bwie\u017cym powietrzu:<\/strong> No\u015b go ze spodniami turystycznymi, polarem i solidnymi butami, aby zapewni\u0107 ochron\u0119 przed \u017cywio\u0142ami.<\/li>\n<\/ul>\n<h3 data-sourcepos=\"16:1-16:37\"><strong>Popularne marki kurtek Shell:<\/strong><\/h3>\n<ul data-sourcepos=\"18:1-21:0\">\n<li data-sourcepos=\"18:1-18:58\"><strong>Marki outdoorowe:<\/strong> Patagonia, The North Face, Arc'teryx<\/li>\n<li data-sourcepos=\"19:1-19:46\"><strong>Marki techniczne:<\/strong> Gore-Tex, Helly Hansen<\/li>\n<li data-sourcepos=\"20:1-21:0\"><strong>Marki lifestyle'owe:<\/strong> Columbia, Timberland, Jack Wolfskin<\/li>\n<\/ul>","protected":false},"excerpt":{"rendered":"<table style=\"height: 515px;\" width=\"509\">\n<tbody>\n<tr>\n<td width=\"146\"><strong><b>Produkt<\/b><\/strong>\u00a0<strong><b>Imi\u0119 i nazwisko:<\/b><\/strong><\/td>\n<td width=\"601\"><strong>Kurtka Shell<\/strong><\/td>\n<\/tr>\n<tr>\n<td width=\"146\"><strong><b>Materlal:<\/b><\/strong><\/td>\n<td width=\"601\">Poliester\/Bawe\u0142na<\/td>\n<\/tr>\n<tr>\n<td width=\"146\"><strong><b>Technika:<\/b><\/strong><\/td>\n<td width=\"601\">Drukowanie i barwienie<\/td>\n<\/tr>\n<tr>\n<td width=\"146\"><strong><b>Styl:<\/b><\/strong><\/td>\n<td width=\"601\">Zwyk\u0142y<\/td>\n<\/tr>\n<tr>\n<td width=\"146\"><strong><b>Kolor<\/b><\/strong><strong><b>:<\/b><\/strong><\/td>\n<td width=\"601\">\u00a0Kolory niestandardowe<\/td>\n<\/tr>\n<tr>\n<td width=\"146\"><strong><b>Rozmiar:<\/b><\/strong><\/td>\n<td width=\"601\">S \/M \/L \/XL \/2XL<\/td>\n<\/tr>\n<tr>\n<td width=\"146\"><strong><b>OEM\/ODM:<\/b><\/strong><\/td>\n<td width=\"601\">Dopuszczalny<\/td>\n<\/tr>\n<tr>\n<td width=\"146\"><strong><b>Jako\u015b\u0107:<\/b><\/strong><\/td>\n<td width=\"601\">100% Wysoka jako\u015b\u0107<\/td>\n<\/tr>\n<tr>\n<td width=\"146\"><strong><b>M<\/b><\/strong><strong><b>OQ:<\/b><\/strong><\/td>\n<td width=\"601\">200 szt.<\/td>\n<\/tr>\n<\/tbody>\n<\/table>","protected":false},"featured_media":1776,"template":"","meta":[],"product_brand":[],"product_cat":[38],"product_tag":[],"class_list":{"0":"post-1774","1":"product","2":"type-product","3":"status-publish","4":"has-post-thumbnail","6":"product_cat-mens-clothing","8":"first","9":"instock","10":"shipping-taxable","11":"product-type-simple"},"_links":{"self":[{"href":"https:\/\/mj-clothing.com\/pl\/wp-json\/wp\/v2\/product\/1774","targetHints":{"allow":["GET"]}}],"collection":[{"href":"https:\/\/mj-clothing.com\/pl\/wp-json\/wp\/v2\/product"}],"about":[{"href":"https:\/\/mj-clothing.com\/pl\/wp-json\/wp\/v2\/types\/product"}],"wp:featuredmedia":[{"embeddable":true,"href":"https:\/\/mj-clothing.com\/pl\/wp-json\/wp\/v2\/media\/1776"}],"wp:attachment":[{"href":"https:\/\/mj-clothing.com\/pl\/wp-json\/wp\/v2\/media?parent=1774"}],"wp:term":[{"taxonomy":"product_brand","embeddable":true,"href":"https:\/\/mj-clothing.com\/pl\/wp-json\/wp\/v2\/product_brand?post=1774"},{"taxonomy":"product_cat","embeddable":true,"href":"https:\/\/mj-clothing.com\/pl\/wp-json\/wp\/v2\/product_cat?post=1774"},{"taxonomy":"product_tag","embeddable":true,"href":"https:\/\/mj-clothing.com\/pl\/wp-json\/wp\/v2\/product_tag?post=1774"}],"curies":[{"name":"wp","href":"https:\/\/api.w.org\/{rel}","templated":true}]}}