{"id":1792,"date":"2024-12-14T03:52:01","date_gmt":"2024-12-14T03:52:01","guid":{"rendered":"https:\/\/mj-clothing.com\/?post_type=product&#038;p=1792"},"modified":"2024-12-17T07:00:56","modified_gmt":"2024-12-17T07:00:56","slug":"mens-alpaca-sweater","status":"publish","type":"product","link":"https:\/\/mj-clothing.com\/pl\/manufacturer\/mens-alpaca-sweater\/","title":{"rendered":"M\u0119ski sweter z alpaki"},"content":{"rendered":"<p data-sourcepos=\"1:1-1:198\"><span class=\"citation-0 recitation citation-end-0\">M\u0119ski sweter z alpaki to luksusowe i ciep\u0142e ubranie wykonane z delikatnego, mi\u0119kkiego w\u0142\u00f3kna alpaki, po\u0142udniowoameryka\u0144skiego wielb\u0142\u0105da.<\/span> W\u0142\u00f3kno alpaki jest znane ze swoich wyj\u0105tkowych w\u0142a\u015bciwo\u015bci, w tym:<span class=\"button-container hide-from-message-actions ng-star-inserted\"> \u00a0<\/span><\/p>\n<ul data-sourcepos=\"3:1-7:0\">\n<li data-sourcepos=\"3:1-3:89\"><strong><span class=\"citation-1 recitation\">Mi\u0119kko\u015b\u0107:<\/span><\/strong><span class=\"citation-1 recitation citation-end-1\"> W\u0142\u00f3kno alpaki jest niezwykle mi\u0119kkie, cz\u0119sto bardziej mi\u0119kkie ni\u017c kaszmir.<\/span><\/li>\n<li data-sourcepos=\"3:1-3:89\"><span class=\"button-container hide-from-message-actions ng-star-inserted\"><strong style=\"font-size: 14.4px;\">Ciep\u0142o:<\/strong> <span class=\"citation-2 recitation citation-end-2\" style=\"font-size: 14.4px;\">Zapewnia doskona\u0142\u0105 izolacj\u0119, utrzymuj\u0105c ciep\u0142o w ch\u0142odne dni.<\/span><\/span>\n<div class=\"container ng-tns-c2946245707-269 hide\">\n<div class=\"carousel-container ng-tns-c2946245707-269\"><\/div>\n<\/div>\n<\/li>\n<li data-sourcepos=\"5:1-5:80\"><strong>Trwa\u0142o\u015b\u0107:<\/strong> <span class=\"citation-3 recitation citation-end-3\">W\u0142\u00f3kno alpaki jest trwa\u0142e i odporne na mechacenie.<\/span><\/li>\n<li data-sourcepos=\"5:1-5:80\"><span class=\"button-container hide-from-message-actions ng-star-inserted\">\u00a0<\/span><span class=\"button-container hide-from-message-actions ng-star-inserted\"><strong style=\"font-size: 14.4px;\">Hipoalergiczny:<\/strong> <span class=\"citation-4 recitation citation-end-4\" style=\"font-size: 14.4px;\">Jest naturalnie hipoalergiczny, co czyni go doskona\u0142ym wyborem dla os\u00f3b o wra\u017cliwej sk\u00f3rze.<\/span><span class=\"button-container hide-from-message-actions ng-star-inserted\" style=\"font-size: 14.4px;\"> \u00a0<\/span><\/span>\n<div class=\"container ng-tns-c2946245707-271 hide\">\n<div class=\"carousel-container ng-tns-c2946245707-271\"><\/div>\n<\/div>\n<\/li>\n<\/ul>\n<h3 data-sourcepos=\"8:1-8:33\"><strong>Dlaczego warto wybra\u0107 m\u0119ski sweter z alpaki?<\/strong><\/h3>\n<ul data-sourcepos=\"10:1-14:0\">\n<li data-sourcepos=\"10:1-10:93\"><strong>Luksusowy wygl\u0105d:<\/strong> Mi\u0119kka, jedwabista tekstura w\u0142\u00f3kna alpaki jest niesamowita dla sk\u00f3ry.<\/li>\n<li data-sourcepos=\"11:1-11:118\"><strong><span class=\"citation-5 recitation\">Wyj\u0105tkowe ciep\u0142o:<\/span><\/strong><span class=\"citation-5 recitation citation-end-5\"> Swetry z alpaki s\u0105 idealne na ch\u0142odne dni, zapewniaj\u0105c przytulno\u015b\u0107 i wygod\u0119.<\/span><\/li>\n<li data-sourcepos=\"11:1-11:118\"><strong style=\"font-size: 14.4px;\">Styl i elegancja:<\/strong><span style=\"font-size: 14.4px;\"> Swetry z alpaki mog\u0105 podnie\u015b\u0107 rang\u0119 ka\u017cdego stroju, dodaj\u0105c mu wyrafinowania.<\/span><\/li>\n<li data-sourcepos=\"13:1-14:0\"><strong><span class=\"citation-6 recitation\">Etyczny i zr\u00f3wnowa\u017cony:<\/span><\/strong><span class=\"citation-6 recitation citation-end-6\"> Hodowla alpak jest cz\u0119sto uwa\u017cana za bardziej humanitarn\u0105 i przyjazn\u0105 dla \u015brodowiska ni\u017c hodowla owiec.<\/span><span class=\"button-container hide-from-message-actions ng-star-inserted\">\u00a0 \u00a0<\/span>\n<div class=\"container ng-tns-c2946245707-273 hide\">\n<div class=\"carousel-container ng-tns-c2946245707-273\"><\/div>\n<\/div>\n<\/li>\n<\/ul>\n<h3 data-sourcepos=\"15:1-15:35\"><strong>Jak stylizowa\u0107 m\u0119ski sweter z alpaki?<\/strong><\/h3>\n<ul data-sourcepos=\"17:1-20:0\">\n<li data-sourcepos=\"17:1-17:77\"><strong>Na co dzie\u0144:<\/strong> Po\u0142\u0105cz go z d\u017cinsami, t-shirtem i trampkami, aby uzyska\u0107 swobodny wygl\u0105d.<\/li>\n<li data-sourcepos=\"18:1-18:96\"><strong>Smart Casual:<\/strong> No\u015b go z chinosami, koszul\u0105 zapinan\u0105 na guziki i mokasynami, aby uzyska\u0107 elegancki str\u00f3j.<\/li>\n<li data-sourcepos=\"19:1-20:0\"><strong>Formalne:<\/strong> Na\u0142\u00f3\u017c go na koszul\u0119 i krawat, aby uzyska\u0107 wyrafinowany wygl\u0105d.<\/li>\n<\/ul>\n<p data-sourcepos=\"21:1-21:40\"><strong>Gdzie znale\u017a\u0107 m\u0119skie swetry z alpaki?<\/strong><\/p>\n<ul data-sourcepos=\"23:1-26:0\">\n<li data-sourcepos=\"23:1-23:116\"><strong><span class=\"citation-7 recitation\">Sprzedawcy internetowi:<\/span><\/strong><span class=\"citation-7 recitation citation-end-7\"> Amazon, Etsy i inni sprzedawcy internetowi oferuj\u0105 szerok\u0105 gam\u0119 swetr\u00f3w z alpaki.<\/span><\/li>\n<li data-sourcepos=\"23:1-23:116\"><strong style=\"font-size: 14.4px;\">Domy towarowe:<\/strong><span style=\"font-size: 14.4px;\"> Wysokiej klasy domy towarowe cz\u0119sto oferuj\u0105 swetry z alpaki luksusowych marek.<\/span><\/li>\n<li data-sourcepos=\"25:1-26:0\"><strong>Sklepy specjalistyczne:<\/strong> Poszukaj sklep\u00f3w specjalizuj\u0105cych si\u0119 w luksusowych w\u0142\u00f3knach i zr\u00f3wnowa\u017conej modzie.<\/li>\n<\/ul>\n<p data-sourcepos=\"27:1-27:223\"><strong>Pami\u0119taj:<\/strong> Kupuj\u0105c sweter z alpaki, nale\u017cy szuka\u0107 wysokiej jako\u015bci, etycznie pozyskiwanego w\u0142\u00f3kna. We\u017a r\u00f3wnie\u017c pod uwag\u0119 wag\u0119 i grubo\u015b\u0107 swetra, poniewa\u017c wp\u0142ynie to na jego ciep\u0142o i przydatno\u015b\u0107 w r\u00f3\u017cnych klimatach.<\/p>","protected":false},"excerpt":{"rendered":"<table style=\"height: 483px;\" width=\"499\">\n<tbody>\n<tr>\n<td width=\"146\"><strong><b>Produkt<\/b><\/strong>\u00a0<strong><b>Imi\u0119 i nazwisko:<\/b><\/strong><\/td>\n<td width=\"601\"><strong>M\u0119ski sweter z alpaki<\/strong><\/td>\n<\/tr>\n<tr>\n<td width=\"146\"><strong><b>Materlal:<\/b><\/strong><\/td>\n<td width=\"601\">Poliester\/Bawe\u0142na<\/td>\n<\/tr>\n<tr>\n<td width=\"146\"><strong><b>Technika:<\/b><\/strong><\/td>\n<td width=\"601\">Splot<\/td>\n<\/tr>\n<tr>\n<td width=\"146\"><strong><b>Styl:<\/b><\/strong><\/td>\n<td width=\"601\">Zwyk\u0142y<\/td>\n<\/tr>\n<tr>\n<td width=\"146\"><strong><b>Kolor<\/b><\/strong><strong><b>:<\/b><\/strong><\/td>\n<td width=\"601\">\u00a0Kolory niestandardowe<\/td>\n<\/tr>\n<tr>\n<td width=\"146\"><strong><b>Rozmiar:<\/b><\/strong><\/td>\n<td width=\"601\">S \/M \/L \/XL \/2XL<\/td>\n<\/tr>\n<tr>\n<td width=\"146\"><strong><b>OEM\/ODM:<\/b><\/strong><\/td>\n<td width=\"601\">Dopuszczalny<\/td>\n<\/tr>\n<tr>\n<td width=\"146\"><strong><b>Jako\u015b\u0107:<\/b><\/strong><\/td>\n<td width=\"601\">100% Wysoka jako\u015b\u0107<\/td>\n<\/tr>\n<tr>\n<td width=\"146\"><strong><b>M<\/b><\/strong><strong><b>OQ:<\/b><\/strong><\/td>\n<td width=\"601\">200 szt.<\/td>\n<\/tr>\n<\/tbody>\n<\/table>","protected":false},"featured_media":1793,"template":"","meta":[],"product_brand":[],"product_cat":[38],"product_tag":[],"class_list":{"0":"post-1792","1":"product","2":"type-product","3":"status-publish","4":"has-post-thumbnail","6":"product_cat-mens-clothing","8":"first","9":"instock","10":"shipping-taxable","11":"product-type-simple"},"_links":{"self":[{"href":"https:\/\/mj-clothing.com\/pl\/wp-json\/wp\/v2\/product\/1792","targetHints":{"allow":["GET"]}}],"collection":[{"href":"https:\/\/mj-clothing.com\/pl\/wp-json\/wp\/v2\/product"}],"about":[{"href":"https:\/\/mj-clothing.com\/pl\/wp-json\/wp\/v2\/types\/product"}],"wp:featuredmedia":[{"embeddable":true,"href":"https:\/\/mj-clothing.com\/pl\/wp-json\/wp\/v2\/media\/1793"}],"wp:attachment":[{"href":"https:\/\/mj-clothing.com\/pl\/wp-json\/wp\/v2\/media?parent=1792"}],"wp:term":[{"taxonomy":"product_brand","embeddable":true,"href":"https:\/\/mj-clothing.com\/pl\/wp-json\/wp\/v2\/product_brand?post=1792"},{"taxonomy":"product_cat","embeddable":true,"href":"https:\/\/mj-clothing.com\/pl\/wp-json\/wp\/v2\/product_cat?post=1792"},{"taxonomy":"product_tag","embeddable":true,"href":"https:\/\/mj-clothing.com\/pl\/wp-json\/wp\/v2\/product_tag?post=1792"}],"curies":[{"name":"wp","href":"https:\/\/api.w.org\/{rel}","templated":true}]}}