{"id":1802,"date":"2024-12-14T06:48:03","date_gmt":"2024-12-14T06:48:03","guid":{"rendered":"https:\/\/mj-clothing.com\/?post_type=product&#038;p=1802"},"modified":"2024-12-17T06:59:40","modified_gmt":"2024-12-17T06:59:40","slug":"mens-mohair-sweater","status":"publish","type":"product","link":"https:\/\/mj-clothing.com\/pl\/manufacturer\/mens-mohair-sweater\/","title":{"rendered":"Moherowy sweter m\u0119ski"},"content":{"rendered":"<h2 data-sourcepos=\"1:1-1:44\">M\u0119skie swetry z moheru: Luksusowy wyb\u00f3r<\/h2>\n<p data-sourcepos=\"3:1-3:167\"><span class=\"citation-0 recitation citation-end-0\">M\u0119ski sweter moherowy to luksusowe ubranie wykonane z delikatnego, mi\u0119kkiego w\u0142\u00f3kna kozy angorskiej.<\/span> Moher znany jest ze swoich wyj\u0105tkowych w\u0142a\u015bciwo\u015bci, w tym:<span class=\"button-container hide-from-message-actions ng-star-inserted\">\u00a0<\/span><\/p>\n<div class=\"container ng-tns-c2946245707-308 hide\">\n<div class=\"carousel-container ng-tns-c2946245707-308\">\n<div class=\"carousel-content ng-tns-c2946245707-308\">\n<div class=\"sources-carousel-source ng-tns-c2946245707-308 hide ng-star-inserted\" data-test-id=\"sources-carousel-source\"><\/div>\n<\/div>\n<\/div>\n<\/div>\n<ul data-sourcepos=\"5:1-9:0\">\n<li data-sourcepos=\"5:1-5:70\"><strong>Mi\u0119kko\u015b\u0107:<\/strong> Moher jest niezwykle mi\u0119kki, cz\u0119sto bardziej mi\u0119kki ni\u017c kaszmir.<\/li>\n<li data-sourcepos=\"6:1-6:94\"><strong>Ciep\u0142o:<\/strong> <span class=\"citation-1 recitation citation-end-1\">Zapewnia doskona\u0142\u0105 izolacj\u0119, utrzymuj\u0105c ciep\u0142o w ch\u0142odne dni.<\/span><span class=\"button-container hide-from-message-actions ng-star-inserted\"> \u00a0<\/span><\/li>\n<li data-sourcepos=\"6:1-6:94\"><span class=\"button-container hide-from-message-actions ng-star-inserted\"><strong style=\"font-size: 14.4px;\"><span class=\"citation-2 recitation\">Trwa\u0142o\u015b\u0107:<\/span><\/strong><span class=\"citation-2 recitation citation-end-2\" style=\"font-size: 14.4px;\"> Moher jest trwa\u0142y i odporny na mechacenie.<\/span><\/span>\n<div class=\"container ng-tns-c2946245707-310 hide\">\n<div class=\"carousel-container ng-tns-c2946245707-310\"><\/div>\n<\/div>\n<\/li>\n<li data-sourcepos=\"8:1-9:0\"><strong><span class=\"citation-3 recitation\">Po\u0142ysk:<\/span><\/strong><span class=\"citation-3 recitation citation-end-3\"> Moher ma naturalny po\u0142ysk, kt\u00f3ry nadaje mu wyj\u0105tkowy blask.<\/span>\n<div class=\"container ng-tns-c2946245707-311 hide\">\n<div class=\"carousel-container ng-tns-c2946245707-311\"><\/div>\n<\/div>\n<\/li>\n<\/ul>\n<h3 data-sourcepos=\"10:1-10:32\"><strong>Dlaczego warto wybra\u0107 m\u0119ski sweter moherowy?<\/strong><\/h3>\n<ul data-sourcepos=\"12:1-16:0\">\n<li data-sourcepos=\"12:1-12:93\"><strong>Luksusowy wygl\u0105d:<\/strong> Mi\u0119kka, jedwabista tekstura w\u0142\u00f3kna moherowego jest niesamowita w dotyku.<\/li>\n<li data-sourcepos=\"13:1-13:118\"><strong><span class=\"citation-4 recitation\">Wyj\u0105tkowe ciep\u0142o:<\/span><\/strong><span class=\"citation-4 recitation citation-end-4\"> Moherowe swetry s\u0105 idealne na ch\u0142odne dni, zapewniaj\u0105c przytulno\u015b\u0107 i wygod\u0119.<\/span><span class=\"button-container hide-from-message-actions ng-star-inserted\">\u00a0<\/span>\n<div class=\"container ng-tns-c2946245707-312 hide\">\n<div class=\"carousel-container ng-tns-c2946245707-312\"><\/div>\n<\/div>\n<\/li>\n<li data-sourcepos=\"14:1-14:99\"><strong>Styl i elegancja:<\/strong> Moherowe swetry mog\u0105 podnie\u015b\u0107 rang\u0119 ka\u017cdego stroju, dodaj\u0105c mu wyrafinowania.<\/li>\n<li data-sourcepos=\"15:1-16:0\"><strong>Unikalna tekstura:<\/strong> Unikalna tekstura moheru dodaje wizualnej atrakcyjno\u015bci Twojej garderobie.<\/li>\n<\/ul>\n<h3 data-sourcepos=\"17:1-17:34\"><strong>Jak stylizowa\u0107 moherowy sweter?<\/strong><\/h3>\n<ul data-sourcepos=\"19:1-22:0\">\n<li data-sourcepos=\"19:1-19:77\"><strong>Na co dzie\u0144:<\/strong> Po\u0142\u0105cz go z d\u017cinsami, t-shirtem i trampkami, aby uzyska\u0107 swobodny wygl\u0105d.<\/li>\n<li data-sourcepos=\"20:1-20:96\"><strong>Smart Casual:<\/strong> No\u015b go z chinosami, koszul\u0105 zapinan\u0105 na guziki i mokasynami, aby uzyska\u0107 elegancki str\u00f3j.<\/li>\n<li data-sourcepos=\"21:1-22:0\"><strong>Formalne:<\/strong> Na\u0142\u00f3\u017c go na koszul\u0119 i krawat, aby uzyska\u0107 wyrafinowany wygl\u0105d.<\/li>\n<\/ul>\n<h3 data-sourcepos=\"23:1-23:40\"><strong>Gdzie znale\u017a\u0107 m\u0119skie swetry moherowe?<\/strong><\/h3>\n<ul data-sourcepos=\"25:1-28:0\">\n<li data-sourcepos=\"25:1-25:90\"><strong>Wysokiej klasy domy towarowe:<\/strong> Poszukaj luksusowych marek, kt\u00f3re specjalizuj\u0105 si\u0119 w dzianinach.<\/li>\n<li data-sourcepos=\"26:1-26:130\"><strong><span class=\"citation-5 recitation\">Sprzedawcy internetowi:<\/span><\/strong><span class=\"citation-5 recitation citation-end-5\"> Strony takie jak Amazon, Etsy i inne sklepy internetowe oferuj\u0105 szeroki wyb\u00f3r swetr\u00f3w moherowych.<\/span>\n<div class=\"container ng-tns-c2946245707-313 hide\">\n<div class=\"carousel-container ng-tns-c2946245707-313\"><\/div>\n<\/div>\n<\/li>\n<li data-sourcepos=\"27:1-28:0\"><strong>Sklepy specjalistyczne:<\/strong> Sklepy specjalizuj\u0105ce si\u0119 w luksusowych w\u0142\u00f3knach i zr\u00f3wnowa\u017conej modzie mog\u0105 oferowa\u0107 swetry moherowe.<\/li>\n<\/ul>\n<p data-sourcepos=\"29:1-29:222\"><strong>Pami\u0119taj:<\/strong> Kupuj\u0105c sweter moherowy, nale\u017cy szuka\u0107 wysokiej jako\u015bci, etycznie pozyskiwanego w\u0142\u00f3kna. We\u017a r\u00f3wnie\u017c pod uwag\u0119 wag\u0119 i grubo\u015b\u0107 swetra, poniewa\u017c wp\u0142ynie to na jego ciep\u0142o i przydatno\u015b\u0107 w r\u00f3\u017cnych klimatach.<\/p>","protected":false},"excerpt":{"rendered":"<table style=\"height: 484px;\" width=\"506\">\n<tbody>\n<tr>\n<td width=\"146\"><strong><b>Produkt<\/b><\/strong>\u00a0<strong><b>Imi\u0119 i nazwisko:<\/b><\/strong><\/td>\n<td width=\"601\"><strong>Moherowy sweter m\u0119ski<\/strong><\/td>\n<\/tr>\n<tr>\n<td width=\"146\"><strong><b>Materlal:<\/b><\/strong><\/td>\n<td width=\"601\">Poliester\/Bawe\u0142na<\/td>\n<\/tr>\n<tr>\n<td width=\"146\"><strong><b>Technika:<\/b><\/strong><\/td>\n<td width=\"601\">Splot<\/td>\n<\/tr>\n<tr>\n<td width=\"146\"><strong><b>Styl:<\/b><\/strong><\/td>\n<td width=\"601\">Zwyk\u0142y<\/td>\n<\/tr>\n<tr>\n<td width=\"146\"><strong><b>Kolor<\/b><\/strong><strong><b>:<\/b><\/strong><\/td>\n<td width=\"601\">\u00a0Kolory niestandardowe<\/td>\n<\/tr>\n<tr>\n<td width=\"146\"><strong><b>Rozmiar:<\/b><\/strong><\/td>\n<td width=\"601\">S \/M \/L \/XL \/2XL<\/td>\n<\/tr>\n<tr>\n<td width=\"146\"><strong><b>OEM\/ODM:<\/b><\/strong><\/td>\n<td width=\"601\">Dopuszczalny<\/td>\n<\/tr>\n<tr>\n<td width=\"146\"><strong><b>Jako\u015b\u0107:<\/b><\/strong><\/td>\n<td width=\"601\">100% Wysoka jako\u015b\u0107<\/td>\n<\/tr>\n<tr>\n<td width=\"146\"><strong><b>M<\/b><\/strong><strong><b>OQ:<\/b><\/strong><\/td>\n<td width=\"601\">200 szt.<\/td>\n<\/tr>\n<\/tbody>\n<\/table>","protected":false},"featured_media":1803,"template":"","meta":[],"product_brand":[],"product_cat":[38],"product_tag":[],"class_list":{"0":"post-1802","1":"product","2":"type-product","3":"status-publish","4":"has-post-thumbnail","6":"product_cat-mens-clothing","8":"first","9":"instock","10":"shipping-taxable","11":"product-type-simple"},"_links":{"self":[{"href":"https:\/\/mj-clothing.com\/pl\/wp-json\/wp\/v2\/product\/1802","targetHints":{"allow":["GET"]}}],"collection":[{"href":"https:\/\/mj-clothing.com\/pl\/wp-json\/wp\/v2\/product"}],"about":[{"href":"https:\/\/mj-clothing.com\/pl\/wp-json\/wp\/v2\/types\/product"}],"wp:featuredmedia":[{"embeddable":true,"href":"https:\/\/mj-clothing.com\/pl\/wp-json\/wp\/v2\/media\/1803"}],"wp:attachment":[{"href":"https:\/\/mj-clothing.com\/pl\/wp-json\/wp\/v2\/media?parent=1802"}],"wp:term":[{"taxonomy":"product_brand","embeddable":true,"href":"https:\/\/mj-clothing.com\/pl\/wp-json\/wp\/v2\/product_brand?post=1802"},{"taxonomy":"product_cat","embeddable":true,"href":"https:\/\/mj-clothing.com\/pl\/wp-json\/wp\/v2\/product_cat?post=1802"},{"taxonomy":"product_tag","embeddable":true,"href":"https:\/\/mj-clothing.com\/pl\/wp-json\/wp\/v2\/product_tag?post=1802"}],"curies":[{"name":"wp","href":"https:\/\/api.w.org\/{rel}","templated":true}]}}