{"id":1804,"date":"2024-12-14T06:55:24","date_gmt":"2024-12-14T06:55:24","guid":{"rendered":"https:\/\/mj-clothing.com\/?post_type=product&#038;p=1804"},"modified":"2024-12-17T06:56:31","modified_gmt":"2024-12-17T06:56:31","slug":"mens-cashmere-sweater","status":"publish","type":"product","link":"https:\/\/mj-clothing.com\/pl\/manufacturer\/mens-cashmere-sweater\/","title":{"rendered":"M\u0119ski sweter z kaszmiru"},"content":{"rendered":"<p data-sourcepos=\"1:1-1:177\"><span class=\"citation-0 recitation citation-end-0\">M\u0119ski sweter z kaszmiru to luksusowy i ponadczasowy element garderoby, kt\u00f3ry zapewnia niezr\u00f3wnany komfort i ciep\u0142o.<\/span> Oto dlaczego warto rozwa\u017cy\u0107 inwestycj\u0119 w jeden z nich:<span class=\"button-container hide-from-message-actions ng-star-inserted\"> \u00a0<\/span><\/p>\n<div class=\"container ng-tns-c2946245707-329 hide\">\n<div class=\"carousel-container ng-tns-c2946245707-329\">\n<div class=\"carousel-content ng-tns-c2946245707-329\">\n<div class=\"sources-carousel-source ng-tns-c2946245707-329 hide ng-star-inserted\" data-test-id=\"sources-carousel-source\"><\/div>\n<\/div>\n<\/div>\n<\/div>\n<h3 data-sourcepos=\"3:1-3:34\"><strong>Dlaczego warto wybra\u0107 m\u0119ski sweter z kaszmiru?<\/strong><\/h3>\n<ul data-sourcepos=\"5:1-9:0\">\n<li data-sourcepos=\"5:1-5:124\"><strong><span class=\"citation-1 recitation\">Wyj\u0105tkowa mi\u0119kko\u015b\u0107:<\/span><\/strong><span class=\"citation-1 recitation citation-end-1\"> Kaszmir s\u0142ynie z niewiarygodnie mi\u0119kkiej tekstury, dzi\u0119ki czemu jego noszenie jest przyjemno\u015bci\u0105.<\/span><\/li>\n<li data-sourcepos=\"5:1-5:124\"><span class=\"button-container hide-from-message-actions ng-star-inserted\"><strong style=\"font-size: 14.4px;\"><span class=\"citation-2 recitation\">Doskona\u0142e ciep\u0142o:<\/span><\/strong><span class=\"citation-2 recitation citation-end-2\" style=\"font-size: 14.4px;\"> Pomimo swojej lekko\u015bci, kaszmir zapewnia doskona\u0142\u0105 izolacj\u0119, utrzymuj\u0105c ciep\u0142o w ch\u0142odne dni.<\/span><\/span>\n<div class=\"container ng-tns-c2946245707-331 hide\">\n<div class=\"carousel-container ng-tns-c2946245707-331\"><\/div>\n<\/div>\n<\/li>\n<li data-sourcepos=\"7:1-7:122\"><strong>Trwa\u0142o\u015b\u0107:<\/strong> <span class=\"citation-3 recitation citation-end-3\">Wysokiej jako\u015bci kaszmir jest zaskakuj\u0105co trwa\u0142y i mo\u017ce przetrwa\u0107 wiele lat przy odpowiedniej piel\u0119gnacji.<\/span><span class=\"button-container hide-from-message-actions ng-star-inserted\">\u00a0<\/span>\n<div class=\"container ng-tns-c2946245707-332 hide\">\n<div class=\"carousel-container ng-tns-c2946245707-332\"><\/div>\n<\/div>\n<\/li>\n<li data-sourcepos=\"8:1-9:0\"><strong><span class=\"citation-4 recitation\">Hipoalergiczny:<\/span><\/strong><span class=\"citation-4 recitation citation-end-4\"> Kaszmir jest hipoalergiczny, dzi\u0119ki czemu jest odpowiedni dla os\u00f3b o wra\u017cliwej sk\u00f3rze.<\/span><span class=\"button-container hide-from-message-actions ng-star-inserted\">\u00a0<\/span>\n<div class=\"container ng-tns-c2946245707-333 hide\">\n<div class=\"carousel-container ng-tns-c2946245707-333\">\n<div class=\"carousel-content ng-tns-c2946245707-333\">\n<div class=\"sources-carousel-source ng-tns-c2946245707-333 hide ng-star-inserted\" data-test-id=\"sources-carousel-source\"><\/div>\n<\/div>\n<\/div>\n<\/div>\n<\/li>\n<\/ul>\n<h3 data-sourcepos=\"10:1-10:36\"><strong>Jak stylizowa\u0107 m\u0119ski sweter z kaszmiru?<\/strong><\/h3>\n<ul data-sourcepos=\"12:1-15:0\">\n<li data-sourcepos=\"12:1-12:77\">\n<h3><strong>Na co dzie\u0144:<\/strong> Po\u0142\u0105cz go z d\u017cinsami, t-shirtem i trampkami, aby uzyska\u0107 swobodny wygl\u0105d.<\/h3>\n<\/li>\n<li data-sourcepos=\"13:1-13:96\"><strong>Smart Casual:<\/strong> No\u015b go z chinosami, koszul\u0105 zapinan\u0105 na guziki i mokasynami, aby uzyska\u0107 elegancki str\u00f3j.<\/li>\n<li data-sourcepos=\"14:1-15:0\"><strong>Formalne:<\/strong> Na\u0142\u00f3\u017c go na koszul\u0119 i krawat, aby uzyska\u0107 wyrafinowany wygl\u0105d.<\/li>\n<\/ul>\n<h3 data-sourcepos=\"16:1-16:42\"><strong>Gdzie znale\u017a\u0107 m\u0119skie swetry z kaszmiru?<\/strong><\/h3>\n<ul data-sourcepos=\"18:1-21:0\">\n<li data-sourcepos=\"18:1-18:90\"><strong>Wysokiej klasy domy towarowe:<\/strong> Poszukaj luksusowych marek, kt\u00f3re specjalizuj\u0105 si\u0119 w dzianinach.<\/li>\n<li data-sourcepos=\"19:1-19:132\"><strong><span class=\"citation-5 recitation\">Sprzedawcy internetowi:<\/span><\/strong><span class=\"citation-5 recitation citation-end-5\"> Strony takie jak Amazon, Etsy i inni sprzedawcy internetowi oferuj\u0105 szerok\u0105 gam\u0119 swetr\u00f3w z kaszmiru.<\/span><\/li>\n<li data-sourcepos=\"19:1-19:132\"><strong style=\"font-size: 14.4px;\">Sklepy specjalistyczne:<\/strong><span style=\"font-size: 14.4px;\"> Sklepy specjalizuj\u0105ce si\u0119 w luksusowych w\u0142\u00f3knach i zr\u00f3wnowa\u017conej modzie mog\u0105 oferowa\u0107 kaszmirowe swetry.<\/span><\/li>\n<\/ul>\n<h3 data-sourcepos=\"22:1-22:41\"><strong>Wskaz\u00f3wki dotycz\u0105ce wyboru m\u0119skiego swetra z kaszmiru:<\/strong><\/h3>\n<ul data-sourcepos=\"24:1-28:0\">\n<li data-sourcepos=\"24:1-24:94\"><strong>Jako\u015b\u0107:<\/strong> Szukaj wysokiej jako\u015bci kaszmiru, kt\u00f3ry jest mi\u0119kki, g\u0142adki i wolny od niedoskona\u0142o\u015bci.<\/li>\n<li data-sourcepos=\"25:1-25:95\"><strong>Waga:<\/strong> We\u017a pod uwag\u0119 wag\u0119 swetra, poniewa\u017c ci\u0119\u017csze swetry zapewni\u0105 wi\u0119cej ciep\u0142a.<\/li>\n<li data-sourcepos=\"26:1-26:72\"><strong>Dopasowanie:<\/strong> Wybierz sweter, kt\u00f3ry jest dobrze dopasowany i podkre\u015bla Twoj\u0105 sylwetk\u0119.<\/li>\n<li data-sourcepos=\"27:1-28:0\"><strong>Styl:<\/strong> Wybierz styl, kt\u00f3ry pasuje do Twojego gustu, niezale\u017cnie od tego, czy jest to dekolt w szpic, dekolt w szpic czy golf.<\/li>\n<\/ul>\n<h4 data-sourcepos=\"29:1-29:37\"><strong>Piel\u0119gnacja kaszmirowego swetra:<\/strong><\/h4>\n<ul data-sourcepos=\"31:1-34:0\">\n<li data-sourcepos=\"31:1-31:50\">Pra\u0107 r\u0119cznie w zimnej wodzie z delikatnym detergentem.<\/li>\n<li data-sourcepos=\"32:1-32:31\">Suszy\u0107 na p\u0142asko, aby unikn\u0105\u0107 rozci\u0105gania.<\/li>\n<li data-sourcepos=\"33:1-34:0\">Przechowywa\u0107 w ch\u0142odnym, suchym miejscu, z dala od bezpo\u015bredniego \u015bwiat\u0142a s\u0142onecznego.<\/li>\n<\/ul>\n<p data-sourcepos=\"35:1-35:144\">Inwestuj\u0105c w wysokiej jako\u015bci kaszmirowy sweter, zyskujesz nie tylko stylowe i wygodne ubranie, ale tak\u017ce kawa\u0142ek ponadczasowego luksusu.<\/p>\n<div class=\"attachment-container search-images\">\n<div class=\"image-container hide-from-message-actions ng-star-inserted\">\n<div class=\"overlay-container ng-star-inserted\"><\/div>\n<\/div>\n<\/div>","protected":false},"excerpt":{"rendered":"<table style=\"height: 529px;\" width=\"500\">\n<tbody>\n<tr>\n<td width=\"146\"><strong><b>Produkt<\/b><\/strong>\u00a0<strong><b>Imi\u0119 i nazwisko:<\/b><\/strong><\/td>\n<td width=\"601\"><strong>M\u0119ski sweter z kaszmiru<\/strong><\/td>\n<\/tr>\n<tr>\n<td width=\"146\"><strong><b>Materlal:<\/b><\/strong><\/td>\n<td width=\"601\">Poliester\/Bawe\u0142na<\/td>\n<\/tr>\n<tr>\n<td width=\"146\"><strong><b>Technika:<\/b><\/strong><\/td>\n<td width=\"601\">Splot<\/td>\n<\/tr>\n<tr>\n<td width=\"146\"><strong><b>Styl:<\/b><\/strong><\/td>\n<td width=\"601\">Zwyk\u0142y<\/td>\n<\/tr>\n<tr>\n<td width=\"146\"><strong><b>Kolor<\/b><\/strong><strong><b>:<\/b><\/strong><\/td>\n<td width=\"601\">\u00a0Kolory niestandardowe<\/td>\n<\/tr>\n<tr>\n<td width=\"146\"><strong><b>Rozmiar:<\/b><\/strong><\/td>\n<td width=\"601\">S \/M \/L \/XL \/2XL<\/td>\n<\/tr>\n<tr>\n<td width=\"146\"><strong><b>OEM\/ODM:<\/b><\/strong><\/td>\n<td width=\"601\">Dopuszczalny<\/td>\n<\/tr>\n<tr>\n<td width=\"146\"><strong><b>Jako\u015b\u0107:<\/b><\/strong><\/td>\n<td width=\"601\">100% Wysoka jako\u015b\u0107<\/td>\n<\/tr>\n<tr>\n<td width=\"146\"><strong><b>M<\/b><\/strong><strong><b>OQ:<\/b><\/strong><\/td>\n<td width=\"601\">200 szt.<\/td>\n<\/tr>\n<\/tbody>\n<\/table>","protected":false},"featured_media":1805,"template":"","meta":[],"product_brand":[],"product_cat":[38],"product_tag":[],"class_list":{"0":"post-1804","1":"product","2":"type-product","3":"status-publish","4":"has-post-thumbnail","6":"product_cat-mens-clothing","8":"first","9":"instock","10":"shipping-taxable","11":"product-type-simple"},"_links":{"self":[{"href":"https:\/\/mj-clothing.com\/pl\/wp-json\/wp\/v2\/product\/1804","targetHints":{"allow":["GET"]}}],"collection":[{"href":"https:\/\/mj-clothing.com\/pl\/wp-json\/wp\/v2\/product"}],"about":[{"href":"https:\/\/mj-clothing.com\/pl\/wp-json\/wp\/v2\/types\/product"}],"wp:featuredmedia":[{"embeddable":true,"href":"https:\/\/mj-clothing.com\/pl\/wp-json\/wp\/v2\/media\/1805"}],"wp:attachment":[{"href":"https:\/\/mj-clothing.com\/pl\/wp-json\/wp\/v2\/media?parent=1804"}],"wp:term":[{"taxonomy":"product_brand","embeddable":true,"href":"https:\/\/mj-clothing.com\/pl\/wp-json\/wp\/v2\/product_brand?post=1804"},{"taxonomy":"product_cat","embeddable":true,"href":"https:\/\/mj-clothing.com\/pl\/wp-json\/wp\/v2\/product_cat?post=1804"},{"taxonomy":"product_tag","embeddable":true,"href":"https:\/\/mj-clothing.com\/pl\/wp-json\/wp\/v2\/product_tag?post=1804"}],"curies":[{"name":"wp","href":"https:\/\/api.w.org\/{rel}","templated":true}]}}