{"id":1806,"date":"2024-12-14T06:59:55","date_gmt":"2024-12-14T06:59:55","guid":{"rendered":"https:\/\/mj-clothing.com\/?post_type=product&#038;p=1806"},"modified":"2024-12-17T06:54:59","modified_gmt":"2024-12-17T06:54:59","slug":"mens-slim-fit-sweater","status":"publish","type":"product","link":"https:\/\/mj-clothing.com\/pl\/manufacturer\/mens-slim-fit-sweater\/","title":{"rendered":"Sweter m\u0119ski slim fit"},"content":{"rendered":"<p data-sourcepos=\"1:1-1:224\"><span class=\"citation-0 recitation citation-end-0\">M\u0119ski sweter slim fit to uniwersalny element garderoby, kt\u00f3ry zapewnia elegancki i nowoczesny wygl\u0105d.<\/span> <span class=\"citation-1 recitation citation-end-1\">Zosta\u0142a zaprojektowana tak, aby przylega\u0107 do cia\u0142a, podkre\u015blaj\u0105c sylwetk\u0119, zapewniaj\u0105c jednocze\u015bnie komfort i ciep\u0142o.<\/span><\/p>\n<h3 data-sourcepos=\"1:1-1:224\"><strong>\u00a0 \u00a0 Dlaczego warto wybra\u0107 sweter m\u0119ski slim fit?<\/strong><\/h3>\n<ul data-sourcepos=\"5:1-9:0\">\n<li data-sourcepos=\"5:1-5:95\"><strong><span class=\"citation-2 recitation\">Elegancki i nowoczesny:<\/span><\/strong><span class=\"citation-2 recitation citation-end-2\"> Sweter o w\u0105skim kroju zapewnia nowoczesny i stylowy wygl\u0105d.<\/span>\n<div class=\"container ng-tns-c2946245707-350 hide\">\n<div class=\"carousel-container ng-tns-c2946245707-350\"><\/div>\n<\/div>\n<\/li>\n<li data-sourcepos=\"6:1-6:103\"><strong>Dopasowany kr\u00f3j:<\/strong> Mo\u017ce pom\u00f3c podkre\u015bli\u0107 sylwetk\u0119 i stworzy\u0107 bardziej op\u0142ywow\u0105 sylwetk\u0119.<\/li>\n<li data-sourcepos=\"7:1-7:89\"><strong>Wszechstronno\u015b\u0107:<\/strong> Mo\u017cna j\u0105 ubiera\u0107 zar\u00f3wno w g\u00f3r\u0119, jak i w d\u00f3\u0142, dzi\u0119ki czemu jest idealna na r\u00f3\u017cne okazje.<\/li>\n<li data-sourcepos=\"8:1-9:0\"><strong>Komfort:<\/strong> Pomimo dopasowanego stylu, dobrze wykonany sweter slim fit mo\u017ce by\u0107 niezwykle wygodny.<\/li>\n<\/ul>\n<h3 data-sourcepos=\"10:1-10:36\"><strong>Jak stylizowa\u0107 m\u0119ski sweter slim fit?<\/strong><\/h3>\n<ul data-sourcepos=\"12:1-15:0\">\n<li data-sourcepos=\"12:1-12:77\"><strong>Na co dzie\u0144:<\/strong> Po\u0142\u0105cz go z d\u017cinsami, t-shirtem i trampkami, aby uzyska\u0107 swobodny wygl\u0105d.<\/li>\n<li data-sourcepos=\"13:1-13:96\"><strong>Smart Casual:<\/strong> No\u015b go z chinosami, koszul\u0105 zapinan\u0105 na guziki i mokasynami, aby uzyska\u0107 elegancki str\u00f3j.<\/li>\n<li data-sourcepos=\"14:1-15:0\"><strong>Formalne:<\/strong> Na\u0142\u00f3\u017c go na koszul\u0119 i krawat, aby uzyska\u0107 wyrafinowany wygl\u0105d.<\/li>\n<\/ul>\n<h3 data-sourcepos=\"16:1-16:41\"><strong>Wskaz\u00f3wki dotycz\u0105ce wyboru m\u0119skiego swetra Slim Fit:<\/strong><\/h3>\n<ul data-sourcepos=\"18:1-22:0\">\n<li data-sourcepos=\"18:1-18:164\"><strong>Materia\u0142:<\/strong> We\u017a pod uwag\u0119 materia\u0142, z kt\u00f3rego wykonany jest sweter, poniewa\u017c wp\u0142ywa on na jego ciep\u0142o, wygod\u0119 i trwa\u0142o\u015b\u0107. <span class=\"citation-3 recitation citation-end-3\">We\u0142na, kaszmir i bawe\u0142na to popularne wybory.<\/span><\/li>\n<li data-sourcepos=\"18:1-18:164\"><strong style=\"font-size: 14.4px;\">Dopasowanie:<\/strong><span style=\"font-size: 14.4px;\"> Upewnij si\u0119, \u017ce sweter jest dobrze dopasowany i nie jest zbyt ciasny lub zbyt lu\u017any.<\/span><\/li>\n<li data-sourcepos=\"20:1-20:103\"><strong>Styl:<\/strong> Wybierz styl, kt\u00f3ry pasuje do Twojego gustu, taki jak dekolt w szpic, dekolt w szpic lub golf.<\/li>\n<li data-sourcepos=\"21:1-22:0\"><strong>Kolor:<\/strong> We\u017a pod uwag\u0119 kolor i wz\u00f3r swetra, aby uzupe\u0142ni\u0107 swoj\u0105 garderob\u0119.<\/li>\n<\/ul>\n<p data-sourcepos=\"23:1-23:96\"><strong>Pami\u0119taj:<\/strong> Dobrze dopasowany sweter o w\u0105skim kroju mo\u017ce podnie\u015b\u0107 Tw\u00f3j styl i sprawi\u0107, \u017ce b\u0119dziesz wygl\u0105da\u0107 najlepiej.<\/p>","protected":false},"excerpt":{"rendered":"<table style=\"height: 520px;\" width=\"518\">\n<tbody>\n<tr>\n<td width=\"146\"><strong><b>Produkt<\/b><\/strong>\u00a0<strong><b>Imi\u0119 i nazwisko:<\/b><\/strong><\/td>\n<td width=\"601\"><strong>Sweter m\u0119ski slim fit<\/strong><\/td>\n<\/tr>\n<tr>\n<td width=\"146\"><strong><b>Materlal:<\/b><\/strong><\/td>\n<td width=\"601\">Poliester\/Bawe\u0142na<\/td>\n<\/tr>\n<tr>\n<td width=\"146\"><strong><b>Technika:<\/b><\/strong><\/td>\n<td width=\"601\">Splot<\/td>\n<\/tr>\n<tr>\n<td width=\"146\"><strong><b>Styl:<\/b><\/strong><\/td>\n<td width=\"601\">Zwyk\u0142y<\/td>\n<\/tr>\n<tr>\n<td width=\"146\"><strong><b>Kolor<\/b><\/strong><strong><b>:<\/b><\/strong><\/td>\n<td width=\"601\">\u00a0Kolory niestandardowe<\/td>\n<\/tr>\n<tr>\n<td width=\"146\"><strong><b>Rozmiar:<\/b><\/strong><\/td>\n<td width=\"601\">S \/M \/L \/XL \/2XL<\/td>\n<\/tr>\n<tr>\n<td width=\"146\"><strong><b>OEM\/ODM:<\/b><\/strong><\/td>\n<td width=\"601\">Dopuszczalny<\/td>\n<\/tr>\n<tr>\n<td width=\"146\"><strong><b>Jako\u015b\u0107:<\/b><\/strong><\/td>\n<td width=\"601\">100% Wysoka jako\u015b\u0107<\/td>\n<\/tr>\n<tr>\n<td width=\"146\"><strong><b>M<\/b><\/strong><strong><b>OQ:<\/b><\/strong><\/td>\n<td width=\"601\">200 szt.<\/td>\n<\/tr>\n<\/tbody>\n<\/table>","protected":false},"featured_media":1807,"template":"","meta":[],"product_brand":[],"product_cat":[38],"product_tag":[],"class_list":{"0":"post-1806","1":"product","2":"type-product","3":"status-publish","4":"has-post-thumbnail","6":"product_cat-mens-clothing","8":"first","9":"instock","10":"shipping-taxable","11":"product-type-simple"},"_links":{"self":[{"href":"https:\/\/mj-clothing.com\/pl\/wp-json\/wp\/v2\/product\/1806","targetHints":{"allow":["GET"]}}],"collection":[{"href":"https:\/\/mj-clothing.com\/pl\/wp-json\/wp\/v2\/product"}],"about":[{"href":"https:\/\/mj-clothing.com\/pl\/wp-json\/wp\/v2\/types\/product"}],"wp:featuredmedia":[{"embeddable":true,"href":"https:\/\/mj-clothing.com\/pl\/wp-json\/wp\/v2\/media\/1807"}],"wp:attachment":[{"href":"https:\/\/mj-clothing.com\/pl\/wp-json\/wp\/v2\/media?parent=1806"}],"wp:term":[{"taxonomy":"product_brand","embeddable":true,"href":"https:\/\/mj-clothing.com\/pl\/wp-json\/wp\/v2\/product_brand?post=1806"},{"taxonomy":"product_cat","embeddable":true,"href":"https:\/\/mj-clothing.com\/pl\/wp-json\/wp\/v2\/product_cat?post=1806"},{"taxonomy":"product_tag","embeddable":true,"href":"https:\/\/mj-clothing.com\/pl\/wp-json\/wp\/v2\/product_tag?post=1806"}],"curies":[{"name":"wp","href":"https:\/\/api.w.org\/{rel}","templated":true}]}}