{"id":1811,"date":"2024-12-14T07:29:45","date_gmt":"2024-12-14T07:29:45","guid":{"rendered":"https:\/\/mj-clothing.com\/?post_type=product&#038;p=1811"},"modified":"2024-12-17T06:51:19","modified_gmt":"2024-12-17T06:51:19","slug":"mens-hooded-cotton-jacket","status":"publish","type":"product","link":"https:\/\/mj-clothing.com\/pl\/manufacturer\/mens-hooded-cotton-jacket\/","title":{"rendered":"M\u0119ska kurtka bawe\u0142niana z kapturem"},"content":{"rendered":"<p data-sourcepos=\"1:1-1:194\"><span class=\"citation-0 recitation citation-end-0\">M\u0119ska kurtka bawe\u0142niana z kapturem to wszechstronny i stylowy element odzie\u017cy wierzchniej, kt\u00f3ry mo\u017cna nosi\u0107 w r\u00f3\u017cnych warunkach pogodowych.<\/span> Oto dlaczego warto rozwa\u017cy\u0107 dodanie go do swojej garderoby:<span class=\"button-container hide-from-message-actions ng-star-inserted\">\u00a0<\/span><\/p>\n<div class=\"container ng-tns-c2946245707-384 hide\">\n<div class=\"carousel-container ng-tns-c2946245707-384\">\n<div class=\"carousel-content ng-tns-c2946245707-384\">\n<div class=\"sources-carousel-source ng-tns-c2946245707-384 hide ng-star-inserted\" data-test-id=\"sources-carousel-source\"><\/div>\n<\/div>\n<\/div>\n<\/div>\n<h3 data-sourcepos=\"3:1-3:38\"><strong>Dlaczego warto wybra\u0107 m\u0119sk\u0105 kurtk\u0119 bawe\u0142nian\u0105 z kapturem?<\/strong><\/h3>\n<ul data-sourcepos=\"5:1-9:0\">\n<li data-sourcepos=\"5:1-5:128\"><strong><span class=\"citation-1 recitation\">Komfort i ciep\u0142o:<\/span><\/strong><span class=\"citation-1 recitation citation-end-1\"> Bawe\u0142na to oddychaj\u0105cy i wygodny materia\u0142, kt\u00f3ry zapewnia ciep\u0142o w ch\u0142odniejsze dni.<\/span><\/li>\n<li data-sourcepos=\"5:1-5:128\"><strong style=\"font-size: 14.4px;\">Wszechstronno\u015b\u0107:<\/strong><span style=\"font-size: 14.4px;\"> Bawe\u0142niana kurtka z kapturem mo\u017ce by\u0107 noszona zar\u00f3wno na co dzie\u0144, jak i na p\u00f3\u0142formalne okazje.<\/span><\/li>\n<li data-sourcepos=\"7:1-7:97\"><strong>Ochrona przed \u017cywio\u0142ami:<\/strong> Kaptur zapewnia dodatkow\u0105 ochron\u0119 przed deszczem, wiatrem i zimnem.<\/li>\n<li data-sourcepos=\"8:1-9:0\"><strong>Styl:<\/strong> Kurtki z kapturem mog\u0105 doda\u0107 odrobin\u0119 stylu do ka\u017cdego stroju.<\/li>\n<\/ul>\n<h3 data-sourcepos=\"10:1-10:40\"><strong>Jak nosi\u0107 m\u0119sk\u0105 kurtk\u0119 bawe\u0142nian\u0105 z kapturem?<\/strong><\/h3>\n<ul data-sourcepos=\"12:1-15:0\">\n<li data-sourcepos=\"12:1-12:77\"><strong>Na co dzie\u0144:<\/strong> Po\u0142\u0105cz go z d\u017cinsami, t-shirtem i trampkami, aby uzyska\u0107 swobodny wygl\u0105d.<\/li>\n<li data-sourcepos=\"13:1-13:96\"><strong>Smart Casual:<\/strong> No\u015b go z chinosami, koszul\u0105 zapinan\u0105 na guziki i mokasynami, aby uzyska\u0107 elegancki str\u00f3j.<\/li>\n<li data-sourcepos=\"14:1-15:0\"><strong>Zaj\u0119cia na \u015bwie\u017cym powietrzu:<\/strong> Na\u0142\u00f3\u017c j\u0105 na polar lub bluz\u0119 z kapturem, aby uzyska\u0107 dodatkowe ciep\u0142o podczas przyg\u00f3d na \u015bwie\u017cym powietrzu.<\/li>\n<\/ul>\n<h3 data-sourcepos=\"16:1-16:46\"><strong>Gdzie znale\u017a\u0107 M\u0119skie kurtki bawe\u0142niane z kapturem?<\/strong><\/h3>\n<ul data-sourcepos=\"18:1-21:0\">\n<li data-sourcepos=\"18:1-18:86\"><strong>Domy towarowe:<\/strong> Szukaj marek, kt\u00f3re oferuj\u0105 r\u00f3\u017cnorodne style i materia\u0142y.<\/li>\n<li data-sourcepos=\"19:1-19:136\"><strong><span class=\"citation-2 recitation\">Sprzedawcy internetowi:<\/span><\/strong><span class=\"citation-2 recitation citation-end-2\"> Strony takie jak Amazon, eBay i inne sklepy internetowe oferuj\u0105 szeroki wyb\u00f3r bawe\u0142nianych kurtek z kapturem.<\/span><span class=\"button-container hide-from-message-actions ng-star-inserted\"> \u00a0<\/span>\n<div class=\"container ng-tns-c2946245707-386 hide\">\n<div class=\"carousel-container ng-tns-c2946245707-386\"><\/div>\n<\/div>\n<\/li>\n<li data-sourcepos=\"20:1-21:0\"><strong>Sklepy z odzie\u017c\u0105 outdoorow\u0105:<\/strong> Sklepy specjalizuj\u0105ce si\u0119 w sprz\u0119cie outdoorowym cz\u0119sto oferuj\u0105 bawe\u0142niane kurtki z kapturem przeznaczone do konkretnych aktywno\u015bci.<\/li>\n<\/ul>\n<h3 data-sourcepos=\"22:1-22:45\"><strong>Wskaz\u00f3wki dotycz\u0105ce wyboru m\u0119skiej kurtki bawe\u0142nianej z kapturem:<\/strong><\/h3>\n<ul data-sourcepos=\"24:1-28:0\">\n<li data-sourcepos=\"24:1-24:123\"><strong>Materia\u0142:<\/strong> We\u017a pod uwag\u0119 wag\u0119 i grubo\u015b\u0107 bawe\u0142ny, poniewa\u017c wp\u0142ynie to na ciep\u0142o i trwa\u0142o\u015b\u0107 kurtki.<\/li>\n<li data-sourcepos=\"25:1-25:69\"><strong>Dopasowanie:<\/strong> Wybierz kurtk\u0119, kt\u00f3ra jest dobrze dopasowana i wygodna w noszeniu.<\/li>\n<li data-sourcepos=\"26:1-26:108\"><strong>Styl:<\/strong> Wybierz styl, kt\u00f3ry pasuje do Twojego gustu, na przyk\u0142ad kurtk\u0119 bomberk\u0119, kurtk\u0119 polow\u0105 lub park\u0119.<\/li>\n<li data-sourcepos=\"27:1-28:0\"><strong>Cechy:<\/strong> Rozwa\u017c dodatkowe funkcje, takie jak kieszenie, kaptur ze sznurkiem oraz pr\u0105\u017ckowane mankiety i d\u00f3\u0142.<\/li>\n<\/ul>\n<p data-sourcepos=\"29:1-29:198\">Inwestuj\u0105c w wysokiej jako\u015bci bawe\u0142nian\u0105 kurtk\u0119 z kapturem, zyskujesz nie tylko stylow\u0105 i funkcjonaln\u0105 odzie\u017c, ale tak\u017ce element garderoby, kt\u00f3ry zapewni ci ciep\u0142o i wygod\u0119 przez wiele lat.<\/p>\n<div class=\"attachment-container search-images\">\n<div class=\"image-container hide-from-message-actions ng-star-inserted\">\n<div class=\"overlay-container ng-star-inserted\"><\/div>\n<\/div>\n<\/div>","protected":false},"excerpt":{"rendered":"<table style=\"height: 509px;\" width=\"553\">\n<tbody>\n<tr>\n<td width=\"146\"><strong><b>Produkt<\/b><\/strong>\u00a0<strong><b>Imi\u0119 i nazwisko:<\/b><\/strong><\/td>\n<td width=\"601\"><strong>M\u0119ska kurtka bawe\u0142niana z kapturem<\/strong><\/td>\n<\/tr>\n<tr>\n<td width=\"146\"><strong><b>Materlal:<\/b><\/strong><\/td>\n<td width=\"601\">Poliester\/Bawe\u0142na<\/td>\n<\/tr>\n<tr>\n<td width=\"146\"><strong><b>Technika:<\/b><\/strong><\/td>\n<td width=\"601\">Zwyk\u0142a bawe\u0142na<\/td>\n<\/tr>\n<tr>\n<td width=\"146\"><strong><b>Styl:<\/b><\/strong><\/td>\n<td width=\"601\">Zwyk\u0142y<\/td>\n<\/tr>\n<tr>\n<td width=\"146\"><strong><b>Kolor<\/b><\/strong><strong><b>:<\/b><\/strong><\/td>\n<td width=\"601\">\u00a0Kolory niestandardowe<\/td>\n<\/tr>\n<tr>\n<td width=\"146\"><strong><b>Rozmiar:<\/b><\/strong><\/td>\n<td width=\"601\">S \/M \/L \/XL \/2XL<\/td>\n<\/tr>\n<tr>\n<td width=\"146\"><strong><b>OEM\/ODM:<\/b><\/strong><\/td>\n<td width=\"601\">Dopuszczalny<\/td>\n<\/tr>\n<tr>\n<td width=\"146\"><strong><b>Jako\u015b\u0107:<\/b><\/strong><\/td>\n<td width=\"601\">100% Wysoka jako\u015b\u0107<\/td>\n<\/tr>\n<tr>\n<td width=\"146\"><strong><b>M<\/b><\/strong><strong><b>OQ:<\/b><\/strong><\/td>\n<td width=\"601\">200 szt.<\/td>\n<\/tr>\n<\/tbody>\n<\/table>","protected":false},"featured_media":1812,"template":"","meta":[],"product_brand":[],"product_cat":[38],"product_tag":[],"class_list":{"0":"post-1811","1":"product","2":"type-product","3":"status-publish","4":"has-post-thumbnail","6":"product_cat-mens-clothing","8":"first","9":"instock","10":"shipping-taxable","11":"product-type-simple"},"_links":{"self":[{"href":"https:\/\/mj-clothing.com\/pl\/wp-json\/wp\/v2\/product\/1811","targetHints":{"allow":["GET"]}}],"collection":[{"href":"https:\/\/mj-clothing.com\/pl\/wp-json\/wp\/v2\/product"}],"about":[{"href":"https:\/\/mj-clothing.com\/pl\/wp-json\/wp\/v2\/types\/product"}],"wp:featuredmedia":[{"embeddable":true,"href":"https:\/\/mj-clothing.com\/pl\/wp-json\/wp\/v2\/media\/1812"}],"wp:attachment":[{"href":"https:\/\/mj-clothing.com\/pl\/wp-json\/wp\/v2\/media?parent=1811"}],"wp:term":[{"taxonomy":"product_brand","embeddable":true,"href":"https:\/\/mj-clothing.com\/pl\/wp-json\/wp\/v2\/product_brand?post=1811"},{"taxonomy":"product_cat","embeddable":true,"href":"https:\/\/mj-clothing.com\/pl\/wp-json\/wp\/v2\/product_cat?post=1811"},{"taxonomy":"product_tag","embeddable":true,"href":"https:\/\/mj-clothing.com\/pl\/wp-json\/wp\/v2\/product_tag?post=1811"}],"curies":[{"name":"wp","href":"https:\/\/api.w.org\/{rel}","templated":true}]}}