{"id":1816,"date":"2024-12-14T07:48:01","date_gmt":"2024-12-14T07:48:01","guid":{"rendered":"https:\/\/mj-clothing.com\/?post_type=product&#038;p=1816"},"modified":"2024-12-17T06:46:30","modified_gmt":"2024-12-17T06:46:30","slug":"black-suede-jacket","status":"publish","type":"product","link":"https:\/\/mj-clothing.com\/pl\/manufacturer\/black-suede-jacket\/","title":{"rendered":"Czarna zamszowa kurtka"},"content":{"rendered":"<p data-sourcepos=\"1:1-1:164\">Czarna zamszowa kurtka to ponadczasowy element, kt\u00f3ry mo\u017ce wzbogaci\u0107 ka\u017cdy str\u00f3j. Jest to wszechstronny element, kt\u00f3ry mo\u017cna ubra\u0107 w g\u00f3r\u0119 lub w d\u00f3\u0142, co czyni go obowi\u0105zkowym elementem ka\u017cdej garderoby.<\/p>\n<h3 data-sourcepos=\"3:1-3:36\"><strong>Dlaczego warto wybra\u0107 czarn\u0105 kurtk\u0119 zamszow\u0105?<\/strong><\/h3>\n<ul data-sourcepos=\"5:1-9:0\">\n<li data-sourcepos=\"5:1-5:76\"><strong>Ponadczasowy styl:<\/strong> Czarny zamsz to klasyk, kt\u00f3ry nigdy nie wychodzi z mody.<\/li>\n<li data-sourcepos=\"6:1-6:94\"><strong>Wszechstronno\u015b\u0107:<\/strong> Mo\u017cna je \u0142\u0105czy\u0107 z d\u017cinsami, spodniami typu chino, a nawet garniturem, aby uzyska\u0107 bardziej formalny wygl\u0105d.<\/li>\n<li data-sourcepos=\"7:1-7:78\"><strong>Trwa\u0142o\u015b\u0107:<\/strong> Zamsz to wytrzyma\u0142y materia\u0142, kt\u00f3ry jest odporny na zu\u017cycie.<\/li>\n<li data-sourcepos=\"8:1-9:0\"><strong>Edgy:<\/strong> Czarny zamsz doda charakteru ka\u017cdemu strojowi.<\/li>\n<\/ul>\n<h3 data-sourcepos=\"10:1-10:38\"><strong>Jak stylizowa\u0107 czarn\u0105 kurtk\u0119 zamszow\u0105?<\/strong><\/h3>\n<ul data-sourcepos=\"12:1-16:0\">\n<li data-sourcepos=\"12:1-12:84\"><strong>Swobodny wygl\u0105d:<\/strong> Po\u0142\u0105cz go z d\u017cinsami, t-shirtem i sneakersami, aby uzyska\u0107 lu\u017any wygl\u0105d.<\/li>\n<li data-sourcepos=\"13:1-13:99\"><strong>Smart Casual:<\/strong> No\u015b go z chinosami, koszul\u0105 zapinan\u0105 na guziki i mokasynami, aby uzyska\u0107 bardziej dopracowany wygl\u0105d.<\/li>\n<li data-sourcepos=\"14:1-14:95\"><strong>Elegancki wygl\u0105d:<\/strong> Po\u0142\u0105cz go ze sk\u00f3rzanymi spodniami, graficzn\u0105 koszulk\u0105 i butami, aby uzyska\u0107 rockandrollowy klimat.<\/li>\n<li data-sourcepos=\"15:1-16:0\"><strong>Formalny wygl\u0105d:<\/strong> Na\u0142\u00f3\u017c go na marynark\u0119 garniturow\u0105, aby uzyska\u0107 wyj\u0105tkowy akcent w formalnym stroju.<\/li>\n<\/ul>\n<h3 data-sourcepos=\"17:1-17:43\"><strong>Wskaz\u00f3wki dotycz\u0105ce wyboru czarnej kurtki zamszowej:<\/strong><\/h3>\n<ul data-sourcepos=\"19:1-22:0\">\n<li data-sourcepos=\"19:1-19:71\"><strong>Dopasowanie:<\/strong> Wybierz kurtk\u0119, kt\u00f3ra jest dobrze dopasowana i podkre\u015bla Twoj\u0105 sylwetk\u0119.<\/li>\n<li data-sourcepos=\"20:1-20:78\"><strong>Materia\u0142:<\/strong> Poszukaj wysokiej jako\u015bci zamszu, kt\u00f3ry jest trwa\u0142y i wygodny.<\/li>\n<li data-sourcepos=\"21:1-22:0\"><strong>Styl:<\/strong> We\u017a pod uwag\u0119 sw\u00f3j osobisty styl i wybierz kurtk\u0119, kt\u00f3ra odzwierciedla Tw\u00f3j gust.<\/li>\n<\/ul>","protected":false},"excerpt":{"rendered":"<table style=\"height: 494px;\" width=\"458\">\n<tbody>\n<tr>\n<td width=\"146\"><strong><b>Produkt<\/b><\/strong>\u00a0<strong><b>Imi\u0119 i nazwisko:<\/b><\/strong><\/td>\n<td width=\"601\"><strong>Czarna zamszowa kurtka<\/strong><\/td>\n<\/tr>\n<tr>\n<td width=\"146\"><strong><b>Materlal:<\/b><\/strong><\/td>\n<td width=\"601\">Poliester\/Bawe\u0142na<\/td>\n<\/tr>\n<tr>\n<td width=\"146\"><strong><b>Technika:<\/b><\/strong><\/td>\n<td width=\"601\">We\u0142na<\/td>\n<\/tr>\n<tr>\n<td width=\"146\"><strong><b>Styl:<\/b><\/strong><\/td>\n<td width=\"601\">Zwyk\u0142y<\/td>\n<\/tr>\n<tr>\n<td width=\"146\"><strong><b>Kolor<\/b><\/strong><strong><b>:<\/b><\/strong><\/td>\n<td width=\"601\">\u00a0Kolory niestandardowe<\/td>\n<\/tr>\n<tr>\n<td width=\"146\"><strong><b>Rozmiar:<\/b><\/strong><\/td>\n<td width=\"601\">S \/M \/L \/XL \/2XL<\/td>\n<\/tr>\n<tr>\n<td width=\"146\"><strong><b>OEM\/ODM:<\/b><\/strong><\/td>\n<td width=\"601\">Dopuszczalny<\/td>\n<\/tr>\n<tr>\n<td width=\"146\"><strong><b>Jako\u015b\u0107:<\/b><\/strong><\/td>\n<td width=\"601\">100% Wysoka jako\u015b\u0107<\/td>\n<\/tr>\n<tr>\n<td width=\"146\"><strong><b>M<\/b><\/strong><strong><b>OQ:<\/b><\/strong><\/td>\n<td width=\"601\">200 szt.<\/td>\n<\/tr>\n<\/tbody>\n<\/table>","protected":false},"featured_media":1817,"template":"","meta":[],"product_brand":[],"product_cat":[38],"product_tag":[],"class_list":{"0":"post-1816","1":"product","2":"type-product","3":"status-publish","4":"has-post-thumbnail","6":"product_cat-mens-clothing","8":"first","9":"instock","10":"shipping-taxable","11":"product-type-simple"},"_links":{"self":[{"href":"https:\/\/mj-clothing.com\/pl\/wp-json\/wp\/v2\/product\/1816","targetHints":{"allow":["GET"]}}],"collection":[{"href":"https:\/\/mj-clothing.com\/pl\/wp-json\/wp\/v2\/product"}],"about":[{"href":"https:\/\/mj-clothing.com\/pl\/wp-json\/wp\/v2\/types\/product"}],"wp:featuredmedia":[{"embeddable":true,"href":"https:\/\/mj-clothing.com\/pl\/wp-json\/wp\/v2\/media\/1817"}],"wp:attachment":[{"href":"https:\/\/mj-clothing.com\/pl\/wp-json\/wp\/v2\/media?parent=1816"}],"wp:term":[{"taxonomy":"product_brand","embeddable":true,"href":"https:\/\/mj-clothing.com\/pl\/wp-json\/wp\/v2\/product_brand?post=1816"},{"taxonomy":"product_cat","embeddable":true,"href":"https:\/\/mj-clothing.com\/pl\/wp-json\/wp\/v2\/product_cat?post=1816"},{"taxonomy":"product_tag","embeddable":true,"href":"https:\/\/mj-clothing.com\/pl\/wp-json\/wp\/v2\/product_tag?post=1816"}],"curies":[{"name":"wp","href":"https:\/\/api.w.org\/{rel}","templated":true}]}}