{"id":1819,"date":"2024-12-14T07:53:41","date_gmt":"2024-12-14T07:53:41","guid":{"rendered":"https:\/\/mj-clothing.com\/?post_type=product&#038;p=1819"},"modified":"2024-12-17T06:39:12","modified_gmt":"2024-12-17T06:39:12","slug":"royal-blue-jacket","status":"publish","type":"product","link":"https:\/\/mj-clothing.com\/pl\/manufacturer\/royal-blue-jacket\/","title":{"rendered":"Kr\u00f3lewska niebieska kurtka"},"content":{"rendered":"<p data-sourcepos=\"1:1-1:164\">Marynarka w kolorze kr\u00f3lewskiego b\u0142\u0119kitu to uniwersalny element garderoby, kt\u00f3ry mo\u017ce wzbogaci\u0107 ka\u017cdy str\u00f3j. To bogaty, \u017cywy kolor, kt\u00f3ry mo\u017ce doda\u0107 odrobin\u0119 wyrafinowania i stylu do Twojej garderoby.<\/p>\n<h3 data-sourcepos=\"3:1-3:35\"><strong>Dlaczego warto wybra\u0107 kurtk\u0119 Royal Blue?<\/strong><\/h3>\n<ul data-sourcepos=\"5:1-8:0\">\n<li data-sourcepos=\"5:1-5:106\"><strong>Wszechstronno\u015b\u0107:<\/strong> Kr\u00f3lewsk\u0105 niebiesk\u0105 kurtk\u0119 mo\u017cna ubra\u0107 na g\u00f3r\u0119 lub na d\u00f3\u0142, co czyni j\u0105 idealn\u0105 na r\u00f3\u017cne okazje.<\/li>\n<li data-sourcepos=\"6:1-6:72\"><strong>Wyrafinowanie:<\/strong> Bogaty kolor dodaje elegancji i klasy.<\/li>\n<li data-sourcepos=\"7:1-8:0\"><strong>Wyj\u0105tkowy styl:<\/strong> Wyr\u00f3\u017cnia si\u0119 z t\u0142umu i stanowi odwa\u017cne o\u015bwiadczenie.<\/li>\n<\/ul>\n<h3 data-sourcepos=\"9:1-9:37\"><strong>Jak nosi\u0107 kurtk\u0119 w kolorze kr\u00f3lewskiego b\u0142\u0119kitu?<\/strong><\/h3>\n<ul data-sourcepos=\"11:1-14:0\">\n<li data-sourcepos=\"11:1-11:77\"><strong>Na co dzie\u0144:<\/strong> Po\u0142\u0105cz go z d\u017cinsami, t-shirtem i trampkami, aby uzyska\u0107 swobodny wygl\u0105d.<\/li>\n<li data-sourcepos=\"12:1-12:96\"><strong>Smart Casual:<\/strong> No\u015b go z chinosami, koszul\u0105 zapinan\u0105 na guziki i mokasynami, aby uzyska\u0107 elegancki str\u00f3j.<\/li>\n<li data-sourcepos=\"13:1-14:0\"><strong>Formalne:<\/strong> Na\u0142\u00f3\u017c go na marynark\u0119 garniturow\u0105, aby uzyska\u0107 wyj\u0105tkowy akcent w formalnym stroju.<\/li>\n<\/ul>\n<h3 data-sourcepos=\"15:1-15:42\"><strong>Wskaz\u00f3wki dotycz\u0105ce wyboru kurtki Royal-Blue:<\/strong><\/h3>\n<ul data-sourcepos=\"17:1-20:0\">\n<li data-sourcepos=\"17:1-17:154\"><strong>Materia\u0142:<\/strong> We\u017a pod uwag\u0119 materia\u0142, poniewa\u017c wp\u0142ynie on na ciep\u0142o, trwa\u0142o\u015b\u0107 i og\u00f3lny wygl\u0105d kurtki. We\u0142na, bawe\u0142na i sk\u00f3ra to popularne wybory.<\/li>\n<li data-sourcepos=\"18:1-18:71\"><strong>Dopasowanie:<\/strong> Wybierz kurtk\u0119, kt\u00f3ra jest dobrze dopasowana i podkre\u015bla Twoj\u0105 sylwetk\u0119.<\/li>\n<li data-sourcepos=\"19:1-20:0\"><strong>Styl:<\/strong> Wybierz styl, kt\u00f3ry pasuje do Twojego gustu, taki jak kurtka bomber, kurtka polowa lub marynarka.<\/li>\n<\/ul>","protected":false},"excerpt":{"rendered":"<table style=\"height: 563px;\" width=\"468\">\n<tbody>\n<tr>\n<td width=\"146\"><strong><b>Produkt<\/b><\/strong>\u00a0<strong><b>Imi\u0119 i nazwisko:<\/b><\/strong><\/td>\n<td width=\"601\"><strong>Kr\u00f3lewska niebieska kurtka<\/strong><\/td>\n<\/tr>\n<tr>\n<td width=\"146\"><strong><b>Materlal:<\/b><\/strong><\/td>\n<td width=\"601\">Poliester\/Bawe\u0142na<\/td>\n<\/tr>\n<tr>\n<td width=\"146\"><strong><b>Technika:<\/b><\/strong><\/td>\n<td width=\"601\">Zwyk\u0142a bawe\u0142na<\/td>\n<\/tr>\n<tr>\n<td width=\"146\"><strong><b>Styl:<\/b><\/strong><\/td>\n<td width=\"601\">Zwyk\u0142y<\/td>\n<\/tr>\n<tr>\n<td width=\"146\"><strong><b>Kolor<\/b><\/strong><strong><b>:<\/b><\/strong><\/td>\n<td width=\"601\">\u00a0Kolory niestandardowe<\/td>\n<\/tr>\n<tr>\n<td width=\"146\"><strong><b>Rozmiar:<\/b><\/strong><\/td>\n<td width=\"601\">S \/M \/L \/XL \/2XL<\/td>\n<\/tr>\n<tr>\n<td width=\"146\"><strong><b>OEM\/ODM:<\/b><\/strong><\/td>\n<td width=\"601\">Dopuszczalny<\/td>\n<\/tr>\n<tr>\n<td width=\"146\"><strong><b>Jako\u015b\u0107:<\/b><\/strong><\/td>\n<td width=\"601\">100% Wysoka jako\u015b\u0107<\/td>\n<\/tr>\n<tr>\n<td width=\"146\"><strong><b>M<\/b><\/strong><strong><b>OQ:<\/b><\/strong><\/td>\n<td width=\"601\">200 szt.<\/td>\n<\/tr>\n<\/tbody>\n<\/table>","protected":false},"featured_media":1820,"template":"","meta":[],"product_brand":[],"product_cat":[38],"product_tag":[],"class_list":{"0":"post-1819","1":"product","2":"type-product","3":"status-publish","4":"has-post-thumbnail","6":"product_cat-mens-clothing","8":"first","9":"instock","10":"shipping-taxable","11":"product-type-simple"},"_links":{"self":[{"href":"https:\/\/mj-clothing.com\/pl\/wp-json\/wp\/v2\/product\/1819","targetHints":{"allow":["GET"]}}],"collection":[{"href":"https:\/\/mj-clothing.com\/pl\/wp-json\/wp\/v2\/product"}],"about":[{"href":"https:\/\/mj-clothing.com\/pl\/wp-json\/wp\/v2\/types\/product"}],"wp:featuredmedia":[{"embeddable":true,"href":"https:\/\/mj-clothing.com\/pl\/wp-json\/wp\/v2\/media\/1820"}],"wp:attachment":[{"href":"https:\/\/mj-clothing.com\/pl\/wp-json\/wp\/v2\/media?parent=1819"}],"wp:term":[{"taxonomy":"product_brand","embeddable":true,"href":"https:\/\/mj-clothing.com\/pl\/wp-json\/wp\/v2\/product_brand?post=1819"},{"taxonomy":"product_cat","embeddable":true,"href":"https:\/\/mj-clothing.com\/pl\/wp-json\/wp\/v2\/product_cat?post=1819"},{"taxonomy":"product_tag","embeddable":true,"href":"https:\/\/mj-clothing.com\/pl\/wp-json\/wp\/v2\/product_tag?post=1819"}],"curies":[{"name":"wp","href":"https:\/\/api.w.org\/{rel}","templated":true}]}}