{"id":1825,"date":"2024-12-16T02:30:24","date_gmt":"2024-12-16T02:30:24","guid":{"rendered":"https:\/\/mj-clothing.com\/?post_type=product&#038;p=1825"},"modified":"2024-12-17T06:30:13","modified_gmt":"2024-12-17T06:30:13","slug":"alchemai-hoodie","status":"publish","type":"product","link":"https:\/\/mj-clothing.com\/pl\/manufacturer\/alchemai-hoodie\/","title":{"rendered":"Bluza Alchemai"},"content":{"rendered":"<h3 data-sourcepos=\"1:1-1:266\">Bluza Alchemai<\/h3>\n<p data-sourcepos=\"1:1-1:266\">Bluza z kapturem Alchemai to stylowa i wygodna odzie\u017c, kt\u00f3ra idealnie nadaje si\u0119 do noszenia na co dzie\u0144. Jest wykonana z wysokiej jako\u015bci materia\u0142\u00f3w i dost\u0119pna w r\u00f3\u017cnych kolorach. Bluza z kapturem jest r\u00f3wnie\u017c bardzo przyst\u0119pna cenowo, dzi\u0119ki czemu jest \u015bwietn\u0105 opcj\u0105 dla os\u00f3b z ograniczonym bud\u017cetem.<\/p>\n<p data-sourcepos=\"3:1-3:57\">Oto niekt\u00f3re z kluczowych cech bluzy z kapturem Alchemai:<\/p>\n<ul data-sourcepos=\"5:1-10:0\">\n<li data-sourcepos=\"5:1-5:153\"><strong>Wykonane z wysokiej jako\u015bci materia\u0142\u00f3w:<\/strong> Bluza jest wykonana z mi\u0119kkiego i wygodnego materia\u0142u polarowego, kt\u00f3ry doskonale zapewnia ciep\u0142o w ch\u0142odne dni.<\/li>\n<li data-sourcepos=\"6:1-6:122\"><strong>Dost\u0119pne w r\u00f3\u017cnych kolorach:<\/strong> Mo\u017cesz wybiera\u0107 spo\u015br\u00f3d r\u00f3\u017cnych kolor\u00f3w, aby znale\u017a\u0107 idealn\u0105 bluz\u0119 z kapturem do swojego stylu.<\/li>\n<li data-sourcepos=\"7:1-7:97\"><strong>Przyst\u0119pna cena:<\/strong> Bluza z kapturem jest bardzo przyst\u0119pna cenowo, dzi\u0119ki czemu jest \u015bwietn\u0105 opcj\u0105 dla os\u00f3b z ograniczonym bud\u017cetem.<\/li>\n<li data-sourcepos=\"8:1-8:103\"><strong>Wygoda:<\/strong> Bluza z kapturem jest bardzo wygodna w noszeniu dzi\u0119ki mi\u0119kkiemu i lu\u017anemu krojowi.<\/li>\n<li data-sourcepos=\"9:1-10:0\"><strong>Stylowy:<\/strong> Bluza z kapturem jest r\u00f3wnie\u017c bardzo stylowa i mo\u017cna j\u0105 \u0142atwo ubra\u0107 w g\u00f3r\u0119 lub w d\u00f3\u0142.<\/li>\n<\/ul>\n<p data-sourcepos=\"11:1-11:174\">Je\u015bli szukasz stylowej i wygodnej bluzy z kapturem, kt\u00f3ra jest r\u00f3wnie\u017c przyst\u0119pna cenowo, to Alchemai Hoodie jest \u015bwietn\u0105 opcj\u0105. Mo\u017cna j\u0105 znale\u017a\u0107 online lub w lokalnym sklepie.<\/p>","protected":false},"excerpt":{"rendered":"<table style=\"height: 538px;\" width=\"470\">\n<tbody>\n<tr>\n<td width=\"146\"><strong><b>Produkt<\/b><\/strong>\u00a0<strong><b>Imi\u0119 i nazwisko:<\/b><\/strong><\/td>\n<td width=\"601\"><strong>Bluza Alchemai<\/strong><\/td>\n<\/tr>\n<tr>\n<td width=\"146\"><strong><b>Materlal:<\/b><\/strong><\/td>\n<td width=\"601\">Poliester\/Bawe\u0142na<\/td>\n<\/tr>\n<tr>\n<td width=\"146\"><strong><b>Technika:<\/b><\/strong><\/td>\n<td width=\"601\">Drukowanie i barwienie<\/td>\n<\/tr>\n<tr>\n<td width=\"146\"><strong><b>Styl:<\/b><\/strong><\/td>\n<td width=\"601\">Zwyk\u0142y<\/td>\n<\/tr>\n<tr>\n<td width=\"146\"><strong><b>Kolor<\/b><\/strong><strong><b>:<\/b><\/strong><\/td>\n<td width=\"601\">\u00a0Kolory niestandardowe<\/td>\n<\/tr>\n<tr>\n<td width=\"146\"><strong><b>Rozmiar:<\/b><\/strong><\/td>\n<td width=\"601\">S \/M \/L \/XL \/2XL<\/td>\n<\/tr>\n<tr>\n<td width=\"146\"><strong><b>OEM\/ODM:<\/b><\/strong><\/td>\n<td width=\"601\">Dopuszczalny<\/td>\n<\/tr>\n<tr>\n<td width=\"146\"><strong><b>Jako\u015b\u0107:<\/b><\/strong><\/td>\n<td width=\"601\">100% Wysoka jako\u015b\u0107<\/td>\n<\/tr>\n<tr>\n<td width=\"146\"><strong><b>M<\/b><\/strong><strong><b>OQ:<\/b><\/strong><\/td>\n<td width=\"601\">200 szt.<\/td>\n<\/tr>\n<\/tbody>\n<\/table>","protected":false},"featured_media":1826,"template":"","meta":[],"product_brand":[],"product_cat":[38],"product_tag":[],"class_list":{"0":"post-1825","1":"product","2":"type-product","3":"status-publish","4":"has-post-thumbnail","6":"product_cat-mens-clothing","8":"first","9":"instock","10":"shipping-taxable","11":"product-type-simple"},"_links":{"self":[{"href":"https:\/\/mj-clothing.com\/pl\/wp-json\/wp\/v2\/product\/1825","targetHints":{"allow":["GET"]}}],"collection":[{"href":"https:\/\/mj-clothing.com\/pl\/wp-json\/wp\/v2\/product"}],"about":[{"href":"https:\/\/mj-clothing.com\/pl\/wp-json\/wp\/v2\/types\/product"}],"wp:featuredmedia":[{"embeddable":true,"href":"https:\/\/mj-clothing.com\/pl\/wp-json\/wp\/v2\/media\/1826"}],"wp:attachment":[{"href":"https:\/\/mj-clothing.com\/pl\/wp-json\/wp\/v2\/media?parent=1825"}],"wp:term":[{"taxonomy":"product_brand","embeddable":true,"href":"https:\/\/mj-clothing.com\/pl\/wp-json\/wp\/v2\/product_brand?post=1825"},{"taxonomy":"product_cat","embeddable":true,"href":"https:\/\/mj-clothing.com\/pl\/wp-json\/wp\/v2\/product_cat?post=1825"},{"taxonomy":"product_tag","embeddable":true,"href":"https:\/\/mj-clothing.com\/pl\/wp-json\/wp\/v2\/product_tag?post=1825"}],"curies":[{"name":"wp","href":"https:\/\/api.w.org\/{rel}","templated":true}]}}