{"id":1834,"date":"2024-12-16T03:01:13","date_gmt":"2024-12-16T03:01:13","guid":{"rendered":"https:\/\/mj-clothing.com\/?post_type=product&#038;p=1834"},"modified":"2024-12-17T06:27:12","modified_gmt":"2024-12-17T06:27:12","slug":"pullover-hoodie","status":"publish","type":"product","link":"https:\/\/mj-clothing.com\/pl\/manufacturer\/pullover-hoodie\/","title":{"rendered":"Bluza z kapturem"},"content":{"rendered":"<p data-sourcepos=\"1:1-1:345\"><span class=\"citation-0 recitation citation-end-0\">Bluza z kapturem to swobodny i wygodny element garderoby, kt\u00f3ry jest idealny do noszenia na co dzie\u0144.<\/span> <span class=\"citation-1 recitation citation-end-1\">Zazwyczaj posiada kaptur, kiesze\u0144 kangurk\u0119 oraz elastyczne mankiety i pas.<\/span> <span class=\"citation-2 recitation citation-end-2\">Bluzy z kapturem s\u0105 cz\u0119sto wykonane z mi\u0119kkich i ciep\u0142ych materia\u0142\u00f3w, takich jak polar lub bawe\u0142na, dzi\u0119ki czemu idealnie nadaj\u0105 si\u0119 na ch\u0142odniejsze dni.<\/span><\/p>\n<h3 data-sourcepos=\"3:1-3:38\"><strong>Kluczowe cechy bluzy z kapturem:<\/strong><\/h3>\n<ul data-sourcepos=\"5:1-9:0\">\n<li data-sourcepos=\"5:1-5:61\"><strong>Kaptur:<\/strong> Zapewnia ciep\u0142o i ochron\u0119 przed \u017cywio\u0142ami.<\/li>\n<li data-sourcepos=\"6:1-6:125\"><strong><span class=\"citation-3 recitation\">Kiesze\u0144 kangurka:<\/span><\/strong><span class=\"citation-3 recitation citation-end-3\"> Du\u017ca przednia kiesze\u0144 jest idealna do ogrzania r\u0105k lub przenoszenia ma\u0142ych przedmiot\u00f3w.<\/span><span class=\"button-container hide-from-message-actions ng-star-inserted\"> \u00a0<\/span>\n<div class=\"container ng-tns-c2946245707-75 hide\">\n<div class=\"carousel-container ng-tns-c2946245707-75\"><\/div>\n<\/div>\n<\/li>\n<li data-sourcepos=\"7:1-7:74\"><strong>Elastyczne mankiety i pas:<\/strong> Zapewnia wygodne i dok\u0142adne dopasowanie.<\/li>\n<li data-sourcepos=\"8:1-9:0\"><strong><span class=\"citation-4 recitation\">Mi\u0119kki i ciep\u0142y materia\u0142:<\/span><\/strong><span class=\"citation-4 recitation citation-end-4\"> Cz\u0119sto wykonane z polaru lub bawe\u0142ny dla optymalnego komfortu.<\/span>\n<div class=\"container ng-tns-c2946245707-76 hide\">\n<div class=\"carousel-container ng-tns-c2946245707-76\">\n<div class=\"carousel-content ng-tns-c2946245707-76\">\n<div class=\"sources-carousel-source ng-tns-c2946245707-76 hide ng-star-inserted\" data-test-id=\"sources-carousel-source\"><\/div>\n<\/div>\n<\/div>\n<\/div>\n<\/li>\n<\/ul>\n<h3 data-sourcepos=\"10:1-10:35\"><strong>Jak stylizowa\u0107 bluz\u0119 z kapturem?<\/strong><\/h3>\n<p data-sourcepos=\"12:1-12:118\"><span class=\"citation-5 recitation citation-end-5\">Bluzy z kapturem s\u0105 niezwykle wszechstronne i mo\u017cna je stylizowa\u0107 na wiele r\u00f3\u017cnych sposob\u00f3w.<\/span> Oto kilka pomys\u0142\u00f3w:<\/p>\n<p data-sourcepos=\"12:1-12:118\"><strong>Na co dzie\u0144:<\/strong> Po\u0142\u0105cz bluz\u0119 z kapturem z d\u017cinsami i trampkami, aby uzyska\u0107 swobodny i wygodny wygl\u0105d.<\/p>\n<ul data-sourcepos=\"14:1-18:0\">\n<li data-sourcepos=\"15:1-15:93\"><strong>Sportowy:<\/strong> No\u015b bluz\u0119 z kapturem ze spodniami dresowymi lub joggerami, aby uzyska\u0107 sportowy i aktywny wygl\u0105d.<\/li>\n<li data-sourcepos=\"16:1-16:92\"><strong>Warstwowy:<\/strong> Na\u0142\u00f3\u017c bluz\u0119 z kapturem na t-shirt lub koszul\u0119 z d\u0142ugim r\u0119kawem, aby uzyska\u0107 dodatkowe ciep\u0142o.<\/li>\n<li data-sourcepos=\"17:1-18:0\"><strong>Str\u00f3j codzienny:<\/strong> Ubierz bluz\u0119 z kapturem, \u0142\u0105cz\u0105c j\u0105 ze sk\u00f3rzan\u0105 kurtk\u0105, ciemnymi d\u017cinsami i botkami.<\/li>\n<\/ul>\n<h3 data-sourcepos=\"19:1-19:39\"><strong>Popularne marki bluz z kapturem:<\/strong><\/h3>\n<ul data-sourcepos=\"21:1-26:0\">\n<li data-sourcepos=\"21:1-21:77\"><strong><span class=\"citation-6 recitation\">Mistrz:<\/span><\/strong><span class=\"citation-6 recitation citation-end-6\"> Znane z wysokiej jako\u015bci i klasycznego stylu.<\/span><span class=\"button-container hide-from-message-actions ng-star-inserted\"> \u00a0<\/span>\n<div class=\"container ng-tns-c2946245707-78 hide\">\n<div class=\"carousel-container ng-tns-c2946245707-78\"><\/div>\n<\/div>\n<\/li>\n<li data-sourcepos=\"22:1-22:81\"><strong>Nike:<\/strong> Oferuje szerok\u0105 gam\u0119 bluz z kapturem w r\u00f3\u017cnych stylach i kolorach.<\/li>\n<li data-sourcepos=\"23:1-23:58\"><strong>Adidas:<\/strong> Znane z atletycznych i sportowych projekt\u00f3w.<\/li>\n<li data-sourcepos=\"24:1-24:63\"><strong>H&amp;M:<\/strong> Oferuje niedrogie i modne bluzy z kapturem.<\/li>\n<li data-sourcepos=\"25:1-26:0\"><strong>Zara:<\/strong> Oferuje stylowe i modne bluzy z kapturem.<\/li>\n<\/ul>","protected":false},"excerpt":{"rendered":"<table style=\"height: 508px;\" width=\"446\">\n<tbody>\n<tr>\n<td width=\"146\"><strong><b>Produkt<\/b><\/strong>\u00a0<strong><b>Imi\u0119 i nazwisko:<\/b><\/strong><\/td>\n<td width=\"601\"><strong>Bluza z kapturem<\/strong><\/td>\n<\/tr>\n<tr>\n<td width=\"146\"><strong><b>Materlal:<\/b><\/strong><\/td>\n<td width=\"601\">Poliester\/Bawe\u0142na<\/td>\n<\/tr>\n<tr>\n<td width=\"146\"><strong><b>Technika:<\/b><\/strong><\/td>\n<td width=\"601\">Drukowanie i barwienie<\/td>\n<\/tr>\n<tr>\n<td width=\"146\"><strong><b>Styl:<\/b><\/strong><\/td>\n<td width=\"601\">Zwyk\u0142y<\/td>\n<\/tr>\n<tr>\n<td width=\"146\"><strong><b>Kolor<\/b><\/strong><strong><b>:<\/b><\/strong><\/td>\n<td width=\"601\">\u00a0Kolory niestandardowe<\/td>\n<\/tr>\n<tr>\n<td width=\"146\"><strong><b>Rozmiar:<\/b><\/strong><\/td>\n<td width=\"601\">S \/M \/L \/XL \/2XL<\/td>\n<\/tr>\n<tr>\n<td width=\"146\"><strong><b>OEM\/ODM:<\/b><\/strong><\/td>\n<td width=\"601\">Dopuszczalny<\/td>\n<\/tr>\n<tr>\n<td width=\"146\"><strong><b>Jako\u015b\u0107:<\/b><\/strong><\/td>\n<td width=\"601\">100% Wysoka jako\u015b\u0107<\/td>\n<\/tr>\n<tr>\n<td width=\"146\"><strong><b>M<\/b><\/strong><strong><b>OQ:<\/b><\/strong><\/td>\n<td width=\"601\">200 szt.<\/td>\n<\/tr>\n<\/tbody>\n<\/table>","protected":false},"featured_media":1836,"template":"","meta":[],"product_brand":[],"product_cat":[38],"product_tag":[],"class_list":{"0":"post-1834","1":"product","2":"type-product","3":"status-publish","4":"has-post-thumbnail","6":"product_cat-mens-clothing","8":"first","9":"instock","10":"shipping-taxable","11":"product-type-simple"},"_links":{"self":[{"href":"https:\/\/mj-clothing.com\/pl\/wp-json\/wp\/v2\/product\/1834","targetHints":{"allow":["GET"]}}],"collection":[{"href":"https:\/\/mj-clothing.com\/pl\/wp-json\/wp\/v2\/product"}],"about":[{"href":"https:\/\/mj-clothing.com\/pl\/wp-json\/wp\/v2\/types\/product"}],"wp:featuredmedia":[{"embeddable":true,"href":"https:\/\/mj-clothing.com\/pl\/wp-json\/wp\/v2\/media\/1836"}],"wp:attachment":[{"href":"https:\/\/mj-clothing.com\/pl\/wp-json\/wp\/v2\/media?parent=1834"}],"wp:term":[{"taxonomy":"product_brand","embeddable":true,"href":"https:\/\/mj-clothing.com\/pl\/wp-json\/wp\/v2\/product_brand?post=1834"},{"taxonomy":"product_cat","embeddable":true,"href":"https:\/\/mj-clothing.com\/pl\/wp-json\/wp\/v2\/product_cat?post=1834"},{"taxonomy":"product_tag","embeddable":true,"href":"https:\/\/mj-clothing.com\/pl\/wp-json\/wp\/v2\/product_tag?post=1834"}],"curies":[{"name":"wp","href":"https:\/\/api.w.org\/{rel}","templated":true}]}}