{"id":1837,"date":"2024-12-16T03:05:25","date_gmt":"2024-12-16T03:05:25","guid":{"rendered":"https:\/\/mj-clothing.com\/?post_type=product&#038;p=1837"},"modified":"2024-12-17T06:26:09","modified_gmt":"2024-12-17T06:26:09","slug":"akimbo-hoodie","status":"publish","type":"product","link":"https:\/\/mj-clothing.com\/pl\/manufacturer\/akimbo-hoodie\/","title":{"rendered":"Bluza z kapturem Akimbo"},"content":{"rendered":"<p data-sourcepos=\"1:1-1:237\">Bluza z kapturem Akimbo to popularny styl znany z lu\u017anego, oversizowego kroju i mi\u0119kkiego, wygodnego materia\u0142u. Cz\u0119sto jest wykonana z wysokiej jako\u015bci polaru lub bawe\u0142ny i ma kaptur ze sznurkiem, kiesze\u0144 kangurk\u0119 oraz pr\u0105\u017ckowane mankiety i pas.<\/p>\n<h3 data-sourcepos=\"3:1-3:38\"><strong>Kluczowe cechy bluzy z kapturem Akimbo:<\/strong><\/h3>\n<ul data-sourcepos=\"5:1-10:0\">\n<li data-sourcepos=\"5:1-5:77\"><strong>Oversized Fit:<\/strong> Lu\u017any i wygodny kr\u00f3j, idealny do noszenia warstwowego.<\/li>\n<li data-sourcepos=\"6:1-6:91\"><strong>Mi\u0119kki materia\u0142:<\/strong> Zazwyczaj wykonane z wysokiej jako\u015bci polaru lub bawe\u0142ny dla maksymalnego komfortu.<\/li>\n<li data-sourcepos=\"7:1-7:89\"><strong>Kaptur ze sznurkiem:<\/strong> Regulowany kaptur zapewnia dodatkowe ciep\u0142o i ochron\u0119 przed \u017cywio\u0142ami.<\/li>\n<li data-sourcepos=\"8:1-8:111\"><strong><span class=\"citation-0 recitation\">Kiesze\u0144 kangurka:<\/span><\/strong><span class=\"citation-0 recitation citation-end-0\"> Przestronna przednia kiesze\u0144 pozwala ogrza\u0107 d\u0142onie lub przechowywa\u0107 drobne przedmioty.<\/span><span class=\"button-container hide-from-message-actions ng-star-inserted\"> \u00a0<\/span>\n<div class=\"container ng-tns-c2946245707-91 hide\">\n<div class=\"carousel-container ng-tns-c2946245707-91\"><\/div>\n<\/div>\n<\/li>\n<li data-sourcepos=\"9:1-10:0\"><strong>\u015aci\u0105gacze w mankietach i pasie:<\/strong> Zapewnia dok\u0142adne i wygodne dopasowanie.<\/li>\n<\/ul>\n<h3 data-sourcepos=\"11:1-11:35\"><strong>Jak stylizowa\u0107 bluz\u0119 z kapturem Akimbo?<\/strong><\/h3>\n<p data-sourcepos=\"13:1-13:103\">Bluza z kapturem Akimbo to uniwersalny model, kt\u00f3ry mo\u017cna stylizowa\u0107 na wiele r\u00f3\u017cnych sposob\u00f3w. Oto kilka pomys\u0142\u00f3w:<\/p>\n<ul data-sourcepos=\"15:1-18:0\">\n<li data-sourcepos=\"15:1-15:105\"><strong>Na co dzie\u0144:<\/strong> Po\u0142\u0105cz go z d\u017cinsami, spodniami dresowymi lub joggerami i trampkami, aby uzyska\u0107 swobodny i wygodny wygl\u0105d.<\/li>\n<li data-sourcepos=\"16:1-16:77\"><strong>Warstwowy:<\/strong> Na\u0142\u00f3\u017c j\u0105 na t-shirt lub koszul\u0119 z d\u0142ugim r\u0119kawem, aby uzyska\u0107 dodatkowe ciep\u0142o.<\/li>\n<li data-sourcepos=\"17:1-18:0\"><strong>Str\u00f3j codzienny:<\/strong> Ubierz go do sk\u00f3rzanej kurtki, ciemnych d\u017cins\u00f3w i botk\u00f3w.<\/li>\n<\/ul>","protected":false},"excerpt":{"rendered":"<table style=\"height: 490px;\" width=\"435\">\n<tbody>\n<tr>\n<td width=\"146\"><strong><b>Produkt<\/b><\/strong>\u00a0<strong><b>Imi\u0119 i nazwisko:<\/b><\/strong><\/td>\n<td width=\"601\"><strong>Bluza z kapturem Akimbo<\/strong><\/td>\n<\/tr>\n<tr>\n<td width=\"146\"><strong><b>Materlal:<\/b><\/strong><\/td>\n<td width=\"601\">Poliester\/Bawe\u0142na<\/td>\n<\/tr>\n<tr>\n<td width=\"146\"><strong><b>Technika:<\/b><\/strong><\/td>\n<td width=\"601\">Drukowanie i barwienie<\/td>\n<\/tr>\n<tr>\n<td width=\"146\"><strong><b>Styl:<\/b><\/strong><\/td>\n<td width=\"601\">Zwyk\u0142y<\/td>\n<\/tr>\n<tr>\n<td width=\"146\"><strong><b>Kolor<\/b><\/strong><strong><b>:<\/b><\/strong><\/td>\n<td width=\"601\">\u00a0Kolory niestandardowe<\/td>\n<\/tr>\n<tr>\n<td width=\"146\"><strong><b>Rozmiar:<\/b><\/strong><\/td>\n<td width=\"601\">S \/M \/L \/XL \/2XL<\/td>\n<\/tr>\n<tr>\n<td width=\"146\"><strong><b>OEM\/ODM:<\/b><\/strong><\/td>\n<td width=\"601\">Dopuszczalny<\/td>\n<\/tr>\n<tr>\n<td width=\"146\"><strong><b>Jako\u015b\u0107:<\/b><\/strong><\/td>\n<td width=\"601\">100% Wysoka jako\u015b\u0107<\/td>\n<\/tr>\n<tr>\n<td width=\"146\"><strong><b>M<\/b><\/strong><strong><b>OQ:<\/b><\/strong><\/td>\n<td width=\"601\">200 szt.<\/td>\n<\/tr>\n<\/tbody>\n<\/table>","protected":false},"featured_media":1839,"template":"","meta":[],"product_brand":[],"product_cat":[38],"product_tag":[],"class_list":{"0":"post-1837","1":"product","2":"type-product","3":"status-publish","4":"has-post-thumbnail","6":"product_cat-mens-clothing","8":"first","9":"instock","10":"shipping-taxable","11":"product-type-simple"},"_links":{"self":[{"href":"https:\/\/mj-clothing.com\/pl\/wp-json\/wp\/v2\/product\/1837","targetHints":{"allow":["GET"]}}],"collection":[{"href":"https:\/\/mj-clothing.com\/pl\/wp-json\/wp\/v2\/product"}],"about":[{"href":"https:\/\/mj-clothing.com\/pl\/wp-json\/wp\/v2\/types\/product"}],"wp:featuredmedia":[{"embeddable":true,"href":"https:\/\/mj-clothing.com\/pl\/wp-json\/wp\/v2\/media\/1839"}],"wp:attachment":[{"href":"https:\/\/mj-clothing.com\/pl\/wp-json\/wp\/v2\/media?parent=1837"}],"wp:term":[{"taxonomy":"product_brand","embeddable":true,"href":"https:\/\/mj-clothing.com\/pl\/wp-json\/wp\/v2\/product_brand?post=1837"},{"taxonomy":"product_cat","embeddable":true,"href":"https:\/\/mj-clothing.com\/pl\/wp-json\/wp\/v2\/product_cat?post=1837"},{"taxonomy":"product_tag","embeddable":true,"href":"https:\/\/mj-clothing.com\/pl\/wp-json\/wp\/v2\/product_tag?post=1837"}],"curies":[{"name":"wp","href":"https:\/\/api.w.org\/{rel}","templated":true}]}}