{"id":1843,"date":"2024-12-16T03:21:20","date_gmt":"2024-12-16T03:21:20","guid":{"rendered":"https:\/\/mj-clothing.com\/?post_type=product&#038;p=1843"},"modified":"2024-12-17T06:40:16","modified_gmt":"2024-12-17T06:40:16","slug":"golf-hoodie","status":"publish","type":"product","link":"https:\/\/mj-clothing.com\/pl\/manufacturer\/golf-hoodie\/","title":{"rendered":"Bluza z kapturem"},"content":{"rendered":"<p data-sourcepos=\"1:1-1:192\">Bluza golfowa z kapturem to rodzaj odzie\u017cy sportowej zaprojektowanej specjalnie dla golfist\u00f3w, \u0142\u0105cz\u0105cej wygod\u0119 i ciep\u0142o tradycyjnej bluzy z kapturem z cechami u\u017cytkowymi odpowiednimi dla pola golfowego.<\/p>\n<h3 data-sourcepos=\"3:1-3:34\"><strong>Kluczowe cechy bluzy golfowej:<\/strong><\/h3>\n<ul data-sourcepos=\"5:1-10:0\">\n<li data-sourcepos=\"5:1-5:283\"><strong>Wydajne tkaniny:<\/strong> Bluzy golfowe s\u0105 cz\u0119sto wykonane z wysokowydajnych tkanin, takich jak poliester lub mieszanka poliestru i bawe\u0142ny. Tkaniny te s\u0105 zaprojektowane tak, aby odprowadza\u0107 wilgo\u0107, oddycha\u0107 i rozci\u0105ga\u0107 si\u0119, zapewniaj\u0105c golfistom sucho\u015b\u0107, wygod\u0119 i swobod\u0119 podczas zamachu.<\/li>\n<li data-sourcepos=\"6:1-6:207\"><strong>Odporno\u015b\u0107 na warunki atmosferyczne:<\/strong> Wiele bluz golfowych jest wodoodpornych lub hydrofobowych, chroni\u0105c golfist\u00f3w przed lekkim deszczem lub m\u017cawk\u0105. Niekt\u00f3re z nich posiadaj\u0105 r\u00f3wnie\u017c izolacj\u0119 termiczn\u0105, kt\u00f3ra zapewnia golfistom ciep\u0142o w ch\u0142odniejsze dni.<\/li>\n<li data-sourcepos=\"7:1-7:100\"><strong>Ochrona przeciws\u0142oneczna:<\/strong> Niekt\u00f3re bluzy golfowe oferuj\u0105 ochron\u0119 przed promieniowaniem UV, aby chroni\u0107 golfist\u00f3w przed szkodliwymi promieniami s\u0142onecznymi.<\/li>\n<li data-sourcepos=\"8:1-8:162\"><strong>Projekt funkcjonalny:<\/strong> Bluzy golfowe cz\u0119sto maj\u0105 takie funkcje, jak zapinane na zamek kieszenie do zabezpieczenia kosztowno\u015bci, regulowane kaptury i otwory na kciuki, kt\u00f3re utrzymuj\u0105 r\u0119kawy na miejscu.<\/li>\n<li data-sourcepos=\"9:1-10:0\"><strong>Stylowy wygl\u0105d:<\/strong> Bluzy golfowe s\u0105 dost\u0119pne w r\u00f3\u017cnych stylach, kolorach i wzorach, dzi\u0119ki czemu golfi\u015bci mog\u0105 wyrazi\u0107 sw\u00f3j osobisty styl, zachowuj\u0105c jednocze\u015bnie funkcjonalno\u015b\u0107.<\/li>\n<\/ul>\n<h3 data-sourcepos=\"11:1-11:31\"><strong>Kiedy nosi\u0107 bluz\u0119 z kapturem do golfa?<\/strong><\/h3>\n<p data-sourcepos=\"13:1-13:112\">Bluzy golfowe s\u0105 uniwersalne i mo\u017cna je nosi\u0107 w r\u00f3\u017cnych warunkach pogodowych. S\u0105 szczeg\u00f3lnie przydatne do:<\/p>\n<ul data-sourcepos=\"15:1-18:0\">\n<li data-sourcepos=\"15:1-15:87\"><strong>Ch\u0142odniejsza pogoda:<\/strong> Bluzy z kapturem mog\u0105 zapewni\u0107 ciep\u0142o i komfort podczas ch\u0142odniejszych rund.<\/li>\n<li data-sourcepos=\"16:1-16:101\"><strong>Deszczowa pogoda:<\/strong> Wodoodporne bluzy golfowe mog\u0105 zapewni\u0107 golfistom sucho\u015b\u0107 i wygod\u0119 podczas lekkiego deszczu.<\/li>\n<li data-sourcepos=\"17:1-18:0\"><strong>Nak\u0142adanie warstw:<\/strong> Bluzy golfowe mo\u017cna \u0142\u0105czy\u0107 warstwowo z inn\u0105 odzie\u017c\u0105 golfow\u0105, aby stworzy\u0107 str\u00f3j dostosowany do r\u00f3\u017cnych warunk\u00f3w pogodowych.<\/li>\n<\/ul>\n<p data-sourcepos=\"19:1-19:138\">Wybieraj\u0105c bluz\u0119 golfow\u0105, kt\u00f3ra spe\u0142nia okre\u015blone potrzeby i preferencje, mo\u017cesz poprawi\u0107 sw\u00f3j komfort i wydajno\u015b\u0107 na polu golfowym.<\/p>","protected":false},"excerpt":{"rendered":"<table style=\"height: 543px;\" width=\"471\">\n<tbody>\n<tr>\n<td width=\"146\"><strong><b>Produkt<\/b><\/strong>\u00a0<strong><b>Imi\u0119 i nazwisko:<\/b><\/strong><\/td>\n<td width=\"601\">\n<p data-sourcepos=\"3:1-3:34\"><strong>Bluza z kapturem<\/strong><\/p>\n<\/td>\n<\/tr>\n<tr>\n<td width=\"146\"><strong><b>Materlal:<\/b><\/strong><\/td>\n<td width=\"601\">Poliester\/Bawe\u0142na<\/td>\n<\/tr>\n<tr>\n<td width=\"146\"><strong><b>Technika: <\/b><\/strong><\/td>\n<td width=\"601\">Drukowanie i barwienie<\/td>\n<\/tr>\n<tr>\n<td width=\"146\"><strong><b>Styl: <\/b><\/strong><\/td>\n<td width=\"601\">Zwyk\u0142y<\/td>\n<\/tr>\n<tr>\n<td width=\"146\"><strong><b>Kolor<\/b><\/strong><strong><b>:<\/b><\/strong><\/td>\n<td width=\"601\">Bia\u0142y i kolory niestandardowe<\/td>\n<\/tr>\n<tr>\n<td width=\"146\"><strong><b>Rozmiar:<\/b><\/strong><\/td>\n<td width=\"601\">S \/M \/L \/XL \/2XL<\/td>\n<\/tr>\n<tr>\n<td width=\"146\"><strong><b>OEM\/ODM:<\/b><\/strong><\/td>\n<td width=\"601\">Dopuszczalny<\/td>\n<\/tr>\n<tr>\n<td width=\"146\"><strong><b>Jako\u015b\u0107:<\/b><\/strong><\/td>\n<td width=\"601\">100% Wysoka jako\u015b\u0107<\/td>\n<\/tr>\n<tr>\n<td width=\"146\"><strong><b>M<\/b><\/strong><strong><b>OQ:<\/b><\/strong><\/td>\n<td width=\"601\">200 szt.<\/td>\n<\/tr>\n<\/tbody>\n<\/table>","protected":false},"featured_media":1844,"template":"","meta":[],"product_brand":[],"product_cat":[38],"product_tag":[],"class_list":{"0":"post-1843","1":"product","2":"type-product","3":"status-publish","4":"has-post-thumbnail","6":"product_cat-mens-clothing","8":"first","9":"instock","10":"shipping-taxable","11":"product-type-simple"},"_links":{"self":[{"href":"https:\/\/mj-clothing.com\/pl\/wp-json\/wp\/v2\/product\/1843","targetHints":{"allow":["GET"]}}],"collection":[{"href":"https:\/\/mj-clothing.com\/pl\/wp-json\/wp\/v2\/product"}],"about":[{"href":"https:\/\/mj-clothing.com\/pl\/wp-json\/wp\/v2\/types\/product"}],"wp:featuredmedia":[{"embeddable":true,"href":"https:\/\/mj-clothing.com\/pl\/wp-json\/wp\/v2\/media\/1844"}],"wp:attachment":[{"href":"https:\/\/mj-clothing.com\/pl\/wp-json\/wp\/v2\/media?parent=1843"}],"wp:term":[{"taxonomy":"product_brand","embeddable":true,"href":"https:\/\/mj-clothing.com\/pl\/wp-json\/wp\/v2\/product_brand?post=1843"},{"taxonomy":"product_cat","embeddable":true,"href":"https:\/\/mj-clothing.com\/pl\/wp-json\/wp\/v2\/product_cat?post=1843"},{"taxonomy":"product_tag","embeddable":true,"href":"https:\/\/mj-clothing.com\/pl\/wp-json\/wp\/v2\/product_tag?post=1843"}],"curies":[{"name":"wp","href":"https:\/\/api.w.org\/{rel}","templated":true}]}}