{"id":1846,"date":"2024-12-16T03:37:19","date_gmt":"2024-12-16T03:37:19","guid":{"rendered":"https:\/\/mj-clothing.com\/?post_type=product&#038;p=1846"},"modified":"2024-12-17T06:24:41","modified_gmt":"2024-12-17T06:24:41","slug":"weighted-hoodie","status":"publish","type":"product","link":"https:\/\/mj-clothing.com\/pl\/manufacturer\/weighted-hoodie\/","title":{"rendered":"Bluza z obci\u0105\u017ceniem"},"content":{"rendered":"<p data-sourcepos=\"1:1-1:292\"><span class=\"citation-0 recitation citation-end-0\">Bluza z obci\u0105\u017ceniem to rodzaj odzie\u017cy, kt\u00f3ra zawiera obci\u0105\u017caj\u0105ce materia\u0142y, zwykle szklane koraliki lub plastikowe granulki, w tkaninie, aby zapewni\u0107 uspokajaj\u0105cy i uziemiaj\u0105cy efekt.<\/span> <span class=\"citation-1 recitation citation-end-1\">Ten delikatny nacisk mo\u017ce pom\u00f3c zmniejszy\u0107 niepok\u00f3j, poprawi\u0107 koncentracj\u0119 i promowa\u0107 lepszy sen.<\/span><span class=\"button-container hide-from-message-actions ng-star-inserted\"> \u00a0<\/span><\/p>\n<h3 data-sourcepos=\"3:1-3:38\"><strong>Kluczowe cechy bluzy z kapturem z obci\u0105\u017ceniem:<\/strong><\/h3>\n<ul data-sourcepos=\"5:1-10:0\">\n<li data-sourcepos=\"5:1-5:145\"><strong>Materia\u0142y wa\u017cone:<\/strong> <span class=\"citation-2 recitation citation-end-2\">Ma\u0142e kulki lub granulki s\u0105 r\u00f3wnomiernie rozmieszczone w kapturze, zapewniaj\u0105c delikatny, uspokajaj\u0105cy nacisk.<\/span><span class=\"button-container hide-from-message-actions ng-star-inserted\"> \u00a0<\/span>\n<div class=\"container ng-tns-c2946245707-171 hide\">\n<div class=\"carousel-container ng-tns-c2946245707-171\"><\/div>\n<\/div>\n<\/li>\n<li data-sourcepos=\"6:1-6:93\"><strong>Komfort:<\/strong> <span class=\"citation-3 recitation citation-end-3\">Bluza zosta\u0142a zaprojektowana tak, aby by\u0142a mi\u0119kka, przytulna i wygodna w noszeniu.<\/span><span class=\"button-container hide-from-message-actions ng-star-inserted\"> \u00a0<\/span>\n<div class=\"container ng-tns-c2946245707-172 hide\">\n<div class=\"carousel-container ng-tns-c2946245707-172\"><\/div>\n<\/div>\n<\/li>\n<li data-sourcepos=\"7:1-7:108\"><strong>Wszechstronno\u015b\u0107:<\/strong> <span class=\"citation-4 recitation citation-end-4\">Mo\u017ce by\u0107 noszony w ci\u0105gu dnia dla relaksu lub w nocy dla poprawy snu.<\/span><span class=\"button-container hide-from-message-actions ng-star-inserted\"> \u00a0<\/span>\n<div class=\"container ng-tns-c2946245707-173 hide\">\n<div class=\"carousel-container ng-tns-c2946245707-173\"><\/div>\n<\/div>\n<\/li>\n<li data-sourcepos=\"8:1-8:127\"><strong>Efekt uspokajaj\u0105cy:<\/strong> <span class=\"citation-5 recitation citation-end-5\">Waga mo\u017ce pom\u00f3c zmniejszy\u0107 stres i niepok\u00f3j, promuj\u0105c poczucie spokoju i dobrego samopoczucia.<\/span><span class=\"button-container hide-from-message-actions ng-star-inserted\">\u00a0<\/span>\n<div class=\"container ng-tns-c2946245707-174 hide\">\n<div class=\"carousel-container ng-tns-c2946245707-174\"><\/div>\n<\/div>\n<\/li>\n<li data-sourcepos=\"9:1-10:0\"><strong><span class=\"citation-6 recitation\">Ulepszone skupienie:<\/span><\/strong><span class=\"citation-6 recitation citation-end-6\"> Delikatny nacisk mo\u017ce pom\u00f3c poprawi\u0107 skupienie i koncentracj\u0119.<\/span><span class=\"button-container hide-from-message-actions ng-star-inserted\"> \u00a0<\/span>\n<div class=\"container ng-tns-c2946245707-175 hide\">\n<div class=\"carousel-container ng-tns-c2946245707-175\"><\/div>\n<\/div>\n<\/li>\n<\/ul>\n<h3 data-sourcepos=\"11:1-11:36\"><strong>Jak wybra\u0107 bluz\u0119 z kapturem z obci\u0105\u017ceniem?<\/strong><\/h3>\n<ul data-sourcepos=\"13:1-17:0\">\n<li data-sourcepos=\"13:1-13:82\"><strong>Waga:<\/strong> Waga bluzy z kapturem powinna wynosi\u0107 oko\u0142o 5-10% masy cia\u0142a.<\/li>\n<li data-sourcepos=\"14:1-14:75\"><strong>Materia\u0142:<\/strong> Poszukaj mi\u0119kkiego, oddychaj\u0105cego materia\u0142u, takiego jak bawe\u0142na lub polar.<\/li>\n<li data-sourcepos=\"15:1-15:92\"><strong>Rozk\u0142ad masy:<\/strong> Upewnij si\u0119, \u017ce ci\u0119\u017car jest r\u00f3wnomiernie roz\u0142o\u017cony na ca\u0142ej bluzie.<\/li>\n<li data-sourcepos=\"16:1-17:0\"><strong>Komfort:<\/strong> Bluza z kapturem powinna by\u0107 wygodnie dopasowana i nie mo\u017ce by\u0107 zbyt ciasna ani zbyt lu\u017ana.<\/li>\n<\/ul>\n<h3 data-sourcepos=\"18:1-18:33\"><strong>Jak u\u017cywa\u0107 bluzy z obci\u0105\u017ceniem?<\/strong><\/h3>\n<ul data-sourcepos=\"20:1-23:0\">\n<li data-sourcepos=\"20:1-20:72\"><strong>Relaks:<\/strong> No\u015b bluz\u0119 z kapturem podczas relaksu na kanapie lub w \u0142\u00f3\u017cku.<\/li>\n<li data-sourcepos=\"21:1-21:81\"><strong><span class=\"citation-7 recitation\">Sen:<\/span><\/strong><span class=\"citation-7 recitation citation-end-7\"> U\u017cywaj bluzy z kapturem jako \u015brodka u\u0142atwiaj\u0105cego zasypianie, aby poprawi\u0107 jako\u015b\u0107 snu.<\/span><span class=\"button-container hide-from-message-actions ng-star-inserted\"> \u00a0<\/span>\n<div class=\"container ng-tns-c2946245707-176 hide\">\n<div class=\"carousel-container ng-tns-c2946245707-176\"><\/div>\n<\/div>\n<\/li>\n<li data-sourcepos=\"22:1-23:0\"><strong><span class=\"citation-8 recitation\">Koncentracja:<\/span><\/strong><span class=\"citation-8 recitation citation-end-8\"> No\u015b bluz\u0119 z kapturem podczas nauki, pracy lub innych czynno\u015bci wymagaj\u0105cych skupienia.<\/span><span class=\"button-container hide-from-message-actions ng-star-inserted\">\u00a0 \u00a0<\/span>\n<div class=\"container ng-tns-c2946245707-177 hide\">\n<div class=\"carousel-container ng-tns-c2946245707-177\"><\/div>\n<\/div>\n<\/li>\n<\/ul>\n<h3 data-sourcepos=\"24:1-24:40\"><strong>Korzy\u015bci z u\u017cywania bluzy z obci\u0105\u017ceniem:<\/strong><\/h3>\n<ul data-sourcepos=\"26:1-30:0\">\n<li data-sourcepos=\"26:1-26:92\"><strong>Zmniejszony niepok\u00f3j:<\/strong> <span class=\"citation-9 recitation citation-end-9\">Delikatny nacisk mo\u017ce pom\u00f3c uspokoi\u0107 uk\u0142ad nerwowy.<\/span><span class=\"button-container hide-from-message-actions ng-star-inserted\"> \u00a0<\/span>\n<div class=\"container ng-tns-c2946245707-178 hide\">\n<div class=\"carousel-container ng-tns-c2946245707-178\"><\/div>\n<\/div>\n<\/li>\n<li data-sourcepos=\"27:1-27:87\"><strong><span class=\"citation-10 recitation\">Lepszy sen:<\/span><\/strong><span class=\"citation-10 recitation citation-end-10\"> Waga mo\u017ce promowa\u0107 g\u0142\u0119bszy, bardziej spokojny sen.<\/span><span class=\"button-container hide-from-message-actions ng-star-inserted\">\u00a0<\/span>\n<div class=\"container ng-tns-c2946245707-179 hide\">\n<div class=\"carousel-container ng-tns-c2946245707-179\"><\/div>\n<\/div>\n<\/li>\n<li data-sourcepos=\"28:1-28:101\"><strong><span class=\"citation-11 recitation\">Lepsze skupienie:<\/span><\/strong><span class=\"citation-11 recitation citation-end-11\"> Ci\u015bnienie mo\u017ce pom\u00f3c poprawi\u0107 koncentracj\u0119 i koncentracj\u0119 uwagi.<\/span><span class=\"button-container hide-from-message-actions ng-star-inserted\">\u00a0 \u00a0<\/span>\n<div class=\"container ng-tns-c2946245707-180 hide\">\n<div class=\"carousel-container ng-tns-c2946245707-180\"><\/div>\n<\/div>\n<\/li>\n<li data-sourcepos=\"29:1-30:0\"><strong><span class=\"citation-12 recitation\">Zmniejszony stres:<\/span><\/strong><span class=\"citation-12 recitation citation-end-12\"> Uspokajaj\u0105cy efekt wagi mo\u017ce pom\u00f3c obni\u017cy\u0107 poziom stresu.<\/span><span class=\"button-container hide-from-message-actions ng-star-inserted\">\u00a0<\/span>\n<div class=\"container ng-tns-c2946245707-181 hide\">\n<div class=\"carousel-container ng-tns-c2946245707-181\"><\/div>\n<\/div>\n<\/li>\n<\/ul>\n<p data-sourcepos=\"31:1-31:269\">Je\u015bli szukasz naturalnego sposobu na zmniejszenie stresu i niepokoju, bluza z kapturem z obci\u0105\u017ceniem mo\u017ce by\u0107 dla Ciebie dobrym rozwi\u0105zaniem. Wa\u017cne jest jednak, aby skonsultowa\u0107 si\u0119 z lekarzem przed u\u017cyciem wa\u017conego produktu, zw\u0142aszcza je\u015bli masz jakiekolwiek schorzenia.<\/p>","protected":false},"excerpt":{"rendered":"<table style=\"height: 478px;\" width=\"402\">\n<tbody>\n<tr>\n<td width=\"146\"><strong><b>Produkt<\/b><\/strong>\u00a0<strong><b>Imi\u0119 i nazwisko:<\/b><\/strong><\/td>\n<td width=\"601\"><strong>Bluza z obci\u0105\u017ceniem<\/strong><\/td>\n<\/tr>\n<tr>\n<td width=\"146\"><strong><b>Materlal:<\/b><\/strong><\/td>\n<td width=\"601\">Poliester\/Bawe\u0142na<\/td>\n<\/tr>\n<tr>\n<td width=\"146\"><strong><b>Technika:<\/b><\/strong><\/td>\n<td width=\"601\">Drukowanie i barwienie<\/td>\n<\/tr>\n<tr>\n<td width=\"146\"><strong><b>Styl:<\/b><\/strong><\/td>\n<td width=\"601\">Zwyk\u0142y<\/td>\n<\/tr>\n<tr>\n<td width=\"146\"><strong><b>Kolor<\/b><\/strong><strong><b>:<\/b><\/strong><\/td>\n<td width=\"601\">\u00a0Kolory niestandardowe<\/td>\n<\/tr>\n<tr>\n<td width=\"146\"><strong><b>Rozmiar:<\/b><\/strong><\/td>\n<td width=\"601\">S \/M \/L \/XL \/2XL<\/td>\n<\/tr>\n<tr>\n<td width=\"146\"><strong><b>OEM\/ODM:<\/b><\/strong><\/td>\n<td width=\"601\">Dopuszczalny<\/td>\n<\/tr>\n<tr>\n<td width=\"146\"><strong><b>Jako\u015b\u0107:<\/b><\/strong><\/td>\n<td width=\"601\">100% Wysoka jako\u015b\u0107<\/td>\n<\/tr>\n<tr>\n<td width=\"146\"><strong><b>M<\/b><\/strong><strong><b>OQ:<\/b><\/strong><\/td>\n<td width=\"601\">200 szt.<\/td>\n<\/tr>\n<\/tbody>\n<\/table>","protected":false},"featured_media":1848,"template":"","meta":[],"product_brand":[],"product_cat":[38],"product_tag":[],"class_list":{"0":"post-1846","1":"product","2":"type-product","3":"status-publish","4":"has-post-thumbnail","6":"product_cat-mens-clothing","8":"first","9":"instock","10":"shipping-taxable","11":"product-type-simple"},"_links":{"self":[{"href":"https:\/\/mj-clothing.com\/pl\/wp-json\/wp\/v2\/product\/1846","targetHints":{"allow":["GET"]}}],"collection":[{"href":"https:\/\/mj-clothing.com\/pl\/wp-json\/wp\/v2\/product"}],"about":[{"href":"https:\/\/mj-clothing.com\/pl\/wp-json\/wp\/v2\/types\/product"}],"wp:featuredmedia":[{"embeddable":true,"href":"https:\/\/mj-clothing.com\/pl\/wp-json\/wp\/v2\/media\/1848"}],"wp:attachment":[{"href":"https:\/\/mj-clothing.com\/pl\/wp-json\/wp\/v2\/media?parent=1846"}],"wp:term":[{"taxonomy":"product_brand","embeddable":true,"href":"https:\/\/mj-clothing.com\/pl\/wp-json\/wp\/v2\/product_brand?post=1846"},{"taxonomy":"product_cat","embeddable":true,"href":"https:\/\/mj-clothing.com\/pl\/wp-json\/wp\/v2\/product_cat?post=1846"},{"taxonomy":"product_tag","embeddable":true,"href":"https:\/\/mj-clothing.com\/pl\/wp-json\/wp\/v2\/product_tag?post=1846"}],"curies":[{"name":"wp","href":"https:\/\/api.w.org\/{rel}","templated":true}]}}