{"id":1853,"date":"2024-12-16T06:19:44","date_gmt":"2024-12-16T06:19:44","guid":{"rendered":"https:\/\/mj-clothing.com\/?post_type=product&#038;p=1853"},"modified":"2024-12-17T06:22:58","modified_gmt":"2024-12-17T06:22:58","slug":"drake-hoodie","status":"publish","type":"product","link":"https:\/\/mj-clothing.com\/pl\/manufacturer\/drake-hoodie\/","title":{"rendered":"Bluza Drake"},"content":{"rendered":"<p data-sourcepos=\"1:1-1:226\"><span class=\"citation-0 recitation citation-end-0\">Drake Hoodie, znany kanadyjski raper, zainspirowa\u0142 szereg produkt\u00f3w, w tym bluzy z kapturem.<\/span> <span class=\"citation-1 recitation citation-end-1\">Bluzy te cz\u0119sto zawieraj\u0105 jego kultowe logo, ok\u0142adk\u0119 albumu lub teksty piosenek, przyci\u0105gaj\u0105c oddanych fan\u00f3w.<\/span><\/p>\n<h3 data-sourcepos=\"1:1-1:226\"><strong>Kluczowe cechy bluzy z kapturem Drake:<\/strong><\/h3>\n<ul data-sourcepos=\"5:1-9:0\">\n<li data-sourcepos=\"5:1-5:125\"><strong><span class=\"citation-2 recitation\">Wysokiej jako\u015bci materia\u0142:<\/span><\/strong><span class=\"citation-2 recitation citation-end-2\"> Cz\u0119sto wykonane s\u0105 z wysokiej jako\u015bci materia\u0142\u00f3w, takich jak bawe\u0142na lub polar, zapewniaj\u0105cych wygod\u0119 i trwa\u0142o\u015b\u0107.<\/span><span class=\"button-container hide-from-message-actions ng-star-inserted\"> \u00a0<\/span><\/li>\n<li data-sourcepos=\"5:1-5:125\"><span class=\"button-container hide-from-message-actions ng-star-inserted\"><strong style=\"font-size: 14.4px;\"><span class=\"citation-3 recitation\">Stylowy wygl\u0105d:<\/span><\/strong><span class=\"citation-3 recitation citation-end-3\" style=\"font-size: 14.4px;\"> Obejmuje modne projekty, odwa\u017cne grafiki i charakterystyczn\u0105 estetyk\u0119 Drake.<\/span><span class=\"button-container hide-from-message-actions ng-star-inserted\" style=\"font-size: 14.4px;\"> \u00a0<\/span><\/span>\n<div class=\"container ng-tns-c2946245707-199 hide\">\n<div class=\"carousel-container ng-tns-c2946245707-199\"><\/div>\n<\/div>\n<\/li>\n<li data-sourcepos=\"7:1-7:80\"><strong>Wygodne dopasowanie:<\/strong> Zapewnia swobodne i wygodne dopasowanie do codziennego noszenia.<\/li>\n<li data-sourcepos=\"8:1-9:0\"><strong>Apel fan\u00f3w:<\/strong> <span class=\"citation-4 recitation citation-end-4\">Zawiera kultowe obrazy i branding Drake'a.<\/span><span class=\"button-container hide-from-message-actions ng-star-inserted\"> \u00a0<\/span>\n<div class=\"container ng-tns-c2946245707-200 hide\">\n<div class=\"carousel-container ng-tns-c2946245707-200\"><\/div>\n<\/div>\n<\/li>\n<\/ul>\n<h3 data-sourcepos=\"10:1-10:32\"><strong>Gdzie kupi\u0107 bluz\u0119 z kapturem Drake?<\/strong><\/h3>\n<ul data-sourcepos=\"12:1-15:0\">\n<li data-sourcepos=\"12:1-12:146\"><strong>Oficjalne sklepy z towarami:<\/strong> <span class=\"citation-5 recitation citation-end-5\">Oficjalny sklep Drake'a lub autoryzowani sprzedawcy cz\u0119sto sprzedaj\u0105 oficjalnie licencjonowane bluzy z kapturem.<\/span><span class=\"button-container hide-from-message-actions ng-star-inserted\">\u00a0 \u00a0<\/span>\n<div class=\"container ng-tns-c2946245707-201 hide\">\n<div class=\"carousel-container ng-tns-c2946245707-201\"><\/div>\n<\/div>\n<\/li>\n<li data-sourcepos=\"13:1-13:162\"><strong><span class=\"citation-6 recitation\">Rynki internetowe:<\/span><\/strong><span class=\"citation-6 recitation citation-end-6\"> Platformy takie jak eBay, StockX i Grailed oferuj\u0105 szerok\u0105 gam\u0119 ubra\u0144 Drake'a, w tym limitowane edycje i przedmioty vintage.<\/span><span class=\"button-container hide-from-message-actions ng-star-inserted\"> \u00a0<\/span>\n<div class=\"container ng-tns-c2946245707-202 hide\">\n<div class=\"carousel-container ng-tns-c2946245707-202\"><\/div>\n<\/div>\n<\/li>\n<li data-sourcepos=\"14:1-15:0\"><strong>Sklepy z odsprzeda\u017c\u0105:<\/strong> Sprawd\u017a lokalne butiki streetwearowe i sklepy z odzie\u017c\u0105 u\u017cywan\u0105, aby znale\u017a\u0107 potencjalne znaleziska.<\/li>\n<\/ul>\n<h3 data-sourcepos=\"16:1-16:35\"><strong>Wskaz\u00f3wki dotycz\u0105ce zakupu bluzy z kapturem Drake:<\/strong><\/h3>\n<ul data-sourcepos=\"18:1-22:0\">\n<li data-sourcepos=\"18:1-18:101\"><strong>Autentyczno\u015b\u0107:<\/strong> Zweryfikuj autentyczno\u015b\u0107 bluzy z kapturem, sprawdzaj\u0105c oficjalne metki i oznaczenia marki.<\/li>\n<li data-sourcepos=\"19:1-19:85\"><strong>Stan:<\/strong> W przypadku zakupu u\u017cywanej bluzy z kapturem nale\u017cy sprawdzi\u0107, czy nie nosi ona \u015blad\u00f3w zu\u017cycia lub uszkodze\u0144.<\/li>\n<li data-sourcepos=\"20:1-20:84\"><strong>Rozmiary:<\/strong> Aby zapewni\u0107 odpowiednie dopasowanie, nale\u017cy zapozna\u0107 si\u0119 z tabel\u0105 rozmiar\u00f3w dostarczon\u0105 przez sprzedawc\u0119.<\/li>\n<li data-sourcepos=\"21:1-22:0\"><strong>Cena:<\/strong> Zbadaj aktualne ceny rynkowe, aby unikn\u0105\u0107 przep\u0142acania.<\/li>\n<\/ul>\n<p data-sourcepos=\"23:1-23:123\">Post\u0119puj\u0105c zgodnie z tymi wskaz\u00f3wkami, mo\u017cesz znale\u017a\u0107 idealn\u0105 bluz\u0119 z kapturem Drake, aby pokaza\u0107 swoj\u0105 mi\u0142o\u015b\u0107 do artysty i podnie\u015b\u0107 sw\u00f3j styl.<\/p>","protected":false},"excerpt":{"rendered":"<table style=\"height: 547px;\" width=\"443\">\n<tbody>\n<tr>\n<td width=\"146\"><strong><b>Produkt<\/b><\/strong>\u00a0<strong><b>Imi\u0119 i nazwisko:<\/b><\/strong><\/td>\n<td width=\"601\"><strong>Bluza Drake<\/strong><\/td>\n<\/tr>\n<tr>\n<td width=\"146\"><strong><b>Materlal:<\/b><\/strong><\/td>\n<td width=\"601\">Poliester\/Bawe\u0142na<\/td>\n<\/tr>\n<tr>\n<td width=\"146\"><strong><b>Technika:<\/b><\/strong><\/td>\n<td width=\"601\">Drukowanie i barwienie<\/td>\n<\/tr>\n<tr>\n<td width=\"146\"><strong><b>Styl:<\/b><\/strong><\/td>\n<td width=\"601\">Zwyk\u0142y<\/td>\n<\/tr>\n<tr>\n<td width=\"146\"><strong><b>Kolor<\/b><\/strong><strong><b>:<\/b><\/strong><\/td>\n<td width=\"601\">\u00a0Czarny i kolory niestandardowe<\/td>\n<\/tr>\n<tr>\n<td width=\"146\"><strong><b>Rozmiar:<\/b><\/strong><\/td>\n<td width=\"601\">S \/M \/L \/XL \/2XL<\/td>\n<\/tr>\n<tr>\n<td width=\"146\"><strong><b>OEM\/ODM:<\/b><\/strong><\/td>\n<td width=\"601\">Dopuszczalny<\/td>\n<\/tr>\n<tr>\n<td width=\"146\"><strong><b>Jako\u015b\u0107:<\/b><\/strong><\/td>\n<td width=\"601\">100% Wysoka jako\u015b\u0107<\/td>\n<\/tr>\n<tr>\n<td width=\"146\"><strong><b>M<\/b><\/strong><strong><b>OQ:<\/b><\/strong><\/td>\n<td width=\"601\">200 szt.<\/td>\n<\/tr>\n<\/tbody>\n<\/table>","protected":false},"featured_media":1857,"template":"","meta":[],"product_brand":[],"product_cat":[38],"product_tag":[],"class_list":{"0":"post-1853","1":"product","2":"type-product","3":"status-publish","4":"has-post-thumbnail","6":"product_cat-mens-clothing","8":"first","9":"instock","10":"shipping-taxable","11":"product-type-simple"},"_links":{"self":[{"href":"https:\/\/mj-clothing.com\/pl\/wp-json\/wp\/v2\/product\/1853","targetHints":{"allow":["GET"]}}],"collection":[{"href":"https:\/\/mj-clothing.com\/pl\/wp-json\/wp\/v2\/product"}],"about":[{"href":"https:\/\/mj-clothing.com\/pl\/wp-json\/wp\/v2\/types\/product"}],"wp:featuredmedia":[{"embeddable":true,"href":"https:\/\/mj-clothing.com\/pl\/wp-json\/wp\/v2\/media\/1857"}],"wp:attachment":[{"href":"https:\/\/mj-clothing.com\/pl\/wp-json\/wp\/v2\/media?parent=1853"}],"wp:term":[{"taxonomy":"product_brand","embeddable":true,"href":"https:\/\/mj-clothing.com\/pl\/wp-json\/wp\/v2\/product_brand?post=1853"},{"taxonomy":"product_cat","embeddable":true,"href":"https:\/\/mj-clothing.com\/pl\/wp-json\/wp\/v2\/product_cat?post=1853"},{"taxonomy":"product_tag","embeddable":true,"href":"https:\/\/mj-clothing.com\/pl\/wp-json\/wp\/v2\/product_tag?post=1853"}],"curies":[{"name":"wp","href":"https:\/\/api.w.org\/{rel}","templated":true}]}}