{"id":1878,"date":"2024-12-16T07:13:21","date_gmt":"2024-12-16T07:13:21","guid":{"rendered":"https:\/\/mj-clothing.com\/?post_type=product&#038;p=1878"},"modified":"2024-12-17T03:45:36","modified_gmt":"2024-12-17T03:45:36","slug":"sewing-patterns-for-womens-tops","status":"publish","type":"product","link":"https:\/\/mj-clothing.com\/pl\/manufacturer\/sewing-patterns-for-womens-tops\/","title":{"rendered":"Wzory do szycia damskich top\u00f3w"},"content":{"rendered":"<p data-sourcepos=\"1:1-1:100\">Istniej\u0105 szablony do szycia damskich top\u00f3w dla szablon\u00f3w do szycia damskich top\u00f3w. Oto kilka popularnych opcji:<\/p>\n<h2 data-sourcepos=\"3:1-3:29\"><strong>Wzory do szycia online na damskie topy:<\/strong><\/h2>\n<ul data-sourcepos=\"5:1-15:0\">\n<li data-sourcepos=\"5:1-6:37\"><strong>Prostota:<\/strong> Oferuje szerok\u0105 gam\u0119 wzor\u00f3w dla wszystkich poziom\u00f3w umiej\u0119tno\u015bci, w tym topy, bluzki i tuniki.<\/li>\n<li data-sourcepos=\"5:1-6:37\"><strong style=\"font-size: 14.4px;\">McCall's:<\/strong><span style=\"font-size: 14.4px;\"> Znana ze swoich stylowych i nowoczesnych wzor\u00f3w, w tym bluzek z r\u00f3\u017cnymi d\u0142ugo\u015bciami r\u0119kaw\u00f3w, dekolt\u00f3w i detali.<\/span><\/li>\n<li data-sourcepos=\"5:1-6:37\"><strong style=\"font-size: 14.4px;\">Wzory Vogue:<\/strong><span style=\"font-size: 14.4px;\"> Zapewnia modne wzory dla zaawansowanych krawc\u00f3w, w tym skomplikowane bluzki i topy z unikalnymi wzorami.<\/span><\/li>\n<li data-sourcepos=\"5:1-6:37\"><strong style=\"font-size: 14.4px;\">BurdaStyle:<\/strong><span style=\"font-size: 14.4px;\"> Oferuje r\u00f3\u017cnorodne wzory, od klasycznych po modne, z jasnymi instrukcjami i szczeg\u00f3\u0142owymi ilustracjami.<\/span><\/li>\n<li data-sourcepos=\"5:1-6:37\"><strong style=\"font-size: 14.4px;\">Nowy wygl\u0105d:<\/strong><span style=\"font-size: 14.4px;\"> Zapewnia niedrogie i \u0142atwe do na\u015bladowania wzory, w tym podstawowe topy, bluzki i tuniki.<\/span>\n<div class=\"attachment-container search-images\">\n<div class=\"image-container hide-from-message-actions ng-star-inserted\">\n<div class=\"caption ellipsis gmat-caption ng-star-inserted\" aria-hidden=\"true\"><\/div>\n<\/div>\n<\/div>\n<\/li>\n<\/ul>\n<h3><strong>Niezale\u017cne wzory do szycia dla projektant\u00f3w wzor\u00f3w damskich top\u00f3w:<\/strong><\/h3>\n<ul data-sourcepos=\"18:1-26:0\">\n<li data-sourcepos=\"18:1-19:43\"><strong>Grainline Studio:<\/strong> Znane z dobrze wykonanych wzor\u00f3w i nowoczesnych projekt\u00f3w.<\/li>\n<li data-sourcepos=\"18:1-19:43\"><strong style=\"font-size: 14.4px;\">Sew Liberated:<\/strong><span style=\"font-size: 14.4px;\"> Oferuje wzory dla wszystkich typ\u00f3w sylwetki, w tym topy z r\u00f3\u017cnymi opcjami dopasowania i stylu.<\/span><\/li>\n<li data-sourcepos=\"18:1-19:43\"><strong style=\"font-size: 14.4px;\">Friday Pattern Company:<\/strong><span style=\"font-size: 14.4px;\"> Zapewnia stylowe i nowoczesne wzory, w tym topy z unikalnymi detalami i ciekawymi sylwetkami.<\/span><\/li>\n<li data-sourcepos=\"18:1-19:43\"><strong style=\"font-size: 14.4px;\">Megan Nielsen:<\/strong><span style=\"font-size: 14.4px;\"> Oferuje dobrze wykonane wzory z naciskiem na dopasowanie i styl.<\/span>\n<div class=\"attachment-container search-images\">\n<div class=\"image-container hide-from-message-actions ng-star-inserted\">\n<div class=\"caption ellipsis gmat-caption ng-star-inserted\" aria-hidden=\"true\"><\/div>\n<\/div>\n<\/div>\n<\/li>\n<\/ul>","protected":false},"excerpt":{"rendered":"<table style=\"height: 475px;\" width=\"411\">\n<tbody>\n<tr>\n<td width=\"146\"><strong><b>Produkt<\/b><\/strong>\u00a0<strong><b>Imi\u0119 i nazwisko:<\/b><\/strong><\/td>\n<td width=\"601\"><strong>Wzory do szycia damskich top\u00f3w<\/strong><\/td>\n<\/tr>\n<tr>\n<td width=\"146\"><strong><b>Materlal:<\/b><\/strong><\/td>\n<td width=\"601\">Dziewiarstwo<\/td>\n<\/tr>\n<tr>\n<td width=\"146\"><strong><b>Technika:<\/b><\/strong><\/td>\n<td width=\"601\">Haftowane<\/td>\n<\/tr>\n<tr>\n<td width=\"146\"><strong><b>Styl:<\/b><\/strong><\/td>\n<td width=\"601\">Zwyk\u0142y<\/td>\n<\/tr>\n<tr>\n<td width=\"146\"><strong><b>Kolor<\/b><\/strong><strong><b>:<\/b><\/strong><\/td>\n<td width=\"601\">\u00a0Kolory niestandardowe<\/td>\n<\/tr>\n<tr>\n<td width=\"146\"><strong><b>Rozmiar:<\/b><\/strong><\/td>\n<td width=\"601\">S \/M \/L \/XL \/2XL<\/td>\n<\/tr>\n<tr>\n<td width=\"146\"><strong><b>OEM\/ODM:<\/b><\/strong><\/td>\n<td width=\"601\">Dopuszczalny<\/td>\n<\/tr>\n<tr>\n<td width=\"146\"><strong><b>Jako\u015b\u0107:<\/b><\/strong><\/td>\n<td width=\"601\">100% Wysoka jako\u015b\u0107<\/td>\n<\/tr>\n<tr>\n<td width=\"146\"><strong><b>M<\/b><\/strong><strong><b>OQ:<\/b><\/strong><\/td>\n<td width=\"601\">200 szt.<\/td>\n<\/tr>\n<\/tbody>\n<\/table>","protected":false},"featured_media":1881,"template":"","meta":[],"product_brand":[],"product_cat":[39],"product_tag":[],"class_list":{"0":"post-1878","1":"product","2":"type-product","3":"status-publish","4":"has-post-thumbnail","6":"product_cat-womens-clothing","8":"first","9":"instock","10":"shipping-taxable","11":"product-type-simple"},"_links":{"self":[{"href":"https:\/\/mj-clothing.com\/pl\/wp-json\/wp\/v2\/product\/1878","targetHints":{"allow":["GET"]}}],"collection":[{"href":"https:\/\/mj-clothing.com\/pl\/wp-json\/wp\/v2\/product"}],"about":[{"href":"https:\/\/mj-clothing.com\/pl\/wp-json\/wp\/v2\/types\/product"}],"wp:featuredmedia":[{"embeddable":true,"href":"https:\/\/mj-clothing.com\/pl\/wp-json\/wp\/v2\/media\/1881"}],"wp:attachment":[{"href":"https:\/\/mj-clothing.com\/pl\/wp-json\/wp\/v2\/media?parent=1878"}],"wp:term":[{"taxonomy":"product_brand","embeddable":true,"href":"https:\/\/mj-clothing.com\/pl\/wp-json\/wp\/v2\/product_brand?post=1878"},{"taxonomy":"product_cat","embeddable":true,"href":"https:\/\/mj-clothing.com\/pl\/wp-json\/wp\/v2\/product_cat?post=1878"},{"taxonomy":"product_tag","embeddable":true,"href":"https:\/\/mj-clothing.com\/pl\/wp-json\/wp\/v2\/product_tag?post=1878"}],"curies":[{"name":"wp","href":"https:\/\/api.w.org\/{rel}","templated":true}]}}