{"id":1891,"date":"2024-12-16T07:27:51","date_gmt":"2024-12-16T07:27:51","guid":{"rendered":"https:\/\/mj-clothing.com\/?post_type=product&#038;p=1891"},"modified":"2024-12-17T03:45:11","modified_gmt":"2024-12-17T03:45:11","slug":"african-print-womens-tops","status":"publish","type":"product","link":"https:\/\/mj-clothing.com\/pl\/manufacturer\/african-print-womens-tops\/","title":{"rendered":"Topy damskie z afryka\u0144skimi nadrukami"},"content":{"rendered":"<div id=\"model-response-message-contentr_ec3773cab81b3474\" class=\"markdown markdown-main-panel response-optimization\" dir=\"ltr\">\n<p data-sourcepos=\"1:1-1:255\"><span class=\"citation-0 recitation citation-end-0\">Topy damskie z afryka\u0144skimi nadrukami to \u017cywe i stylowe ubrania, kt\u00f3re celebruj\u0105 bogate dziedzictwo kulturowe Afryki.<\/span> <span class=\"citation-1 recitation citation-end-1\">Bluzki te s\u0105 cz\u0119sto wykonane z tkaniny Ankara, kolorowej i wzorzystej tkaniny bawe\u0142nianej, kt\u00f3ra jest popularna w Afryce Zachodniej.<\/span><span class=\"button-container hide-from-message-actions ng-star-inserted\">\u00a0 \u00a0<\/span><\/p>\n<h3 data-sourcepos=\"5:1-5:58\">Topy damskie z afryka\u0144skimi nadrukami s\u0105 dost\u0119pne w r\u00f3\u017cnych stylach, w tym:<\/h3>\n<ul data-sourcepos=\"7:1-11:0\">\n<li data-sourcepos=\"7:1-7:88\"><strong>Bluzki:<\/strong> Te topy s\u0105 cz\u0119sto dopasowane i mo\u017cna je nosi\u0107 ze sp\u00f3dnicami, spodniami lub d\u017cinsami.<\/li>\n<li data-sourcepos=\"8:1-8:80\"><strong>Sukienki:<\/strong> Sukienki z afryka\u0144skimi nadrukami s\u0105 popularnym wyborem na specjalne okazje.<\/li>\n<li data-sourcepos=\"9:1-9:77\"><strong><span class=\"citation-2 recitation\">Koszulki:<\/span><\/strong><span class=\"citation-2 recitation citation-end-2\"> Te casualowe topy s\u0105 idealne do noszenia na co dzie\u0144.<\/span><span class=\"button-container hide-from-message-actions ng-star-inserted\"> \u00a0<\/span><\/li>\n<li data-sourcepos=\"9:1-9:77\"><strong style=\"font-size: 14.4px;\"><span class=\"citation-3 recitation\">Kombinezony do skok\u00f3w:<\/span><\/strong><span class=\"citation-3 recitation citation-end-3\" style=\"font-size: 14.4px;\"> Te stylowe kombinezony s\u0105 idealne na wieczorne wyj\u015bcia.<\/span><span class=\"button-container hide-from-message-actions ng-star-inserted\" style=\"font-size: 14.4px;\">\u00a0\u00a0<\/span>\n<div class=\"container ng-tns-c2946245707-271 hide\">\n<div class=\"carousel-container ng-tns-c2946245707-271\">\n<div class=\"carousel-content ng-tns-c2946245707-271\">\n<div class=\"sources-carousel-source ng-tns-c2946245707-271 hide ng-star-inserted\" data-test-id=\"sources-carousel-source\"><\/div>\n<\/div>\n<\/div>\n<\/div>\n<\/li>\n<\/ul>\n<p data-sourcepos=\"12:1-12:147\">Topy z afryka\u0144skimi nadrukami s\u0105 nie tylko pi\u0119kne, ale tak\u017ce wygodne i uniwersalne. Mo\u017cna je ubiera\u0107 na g\u00f3r\u0119 lub na d\u00f3\u0142, dzi\u0119ki czemu s\u0105 idealne na ka\u017cd\u0105 okazj\u0119.<\/p>\n<h3 data-sourcepos=\"14:1-14:50\">Oto kilka wskaz\u00f3wek dotycz\u0105cych stylizacji African Print Womens Tops:<\/h3>\n<ul data-sourcepos=\"16:1-20:0\">\n<li data-sourcepos=\"16:1-16:100\"><strong>Mieszaj i dopasowuj:<\/strong> Nie b\u00f3j si\u0119 \u0142\u0105czy\u0107 afryka\u0144skich nadruk\u00f3w z innymi wzorami i kolorami.<\/li>\n<li data-sourcepos=\"17:1-17:102\"><strong><span class=\"citation-4 recitation\">Akcesoria:<\/span><\/strong><span class=\"citation-4 recitation citation-end-4\"> Dodaj akcesoria, takie jak bi\u017cuteria, szaliki i czapki, aby dope\u0142ni\u0107 sw\u00f3j wygl\u0105d.<\/span><span class=\"button-container hide-from-message-actions ng-star-inserted\"> \u00a0<\/span><\/li>\n<li data-sourcepos=\"17:1-17:102\"><strong style=\"font-size: 14.4px;\">Zachowaj prostot\u0119:<\/strong><span style=\"font-size: 14.4px;\"> Je\u015bli masz na sobie odwa\u017cny top z afryka\u0144skim nadrukiem, reszta stroju powinna by\u0107 prosta.<\/span><\/li>\n<li data-sourcepos=\"19:1-20:0\"><strong>Ujarzmij swoj\u0105 indywidualno\u015b\u0107:<\/strong> <span class=\"citation-5 recitation citation-end-5\">Topy z afryka\u0144skimi nadrukami to \u015bwietny spos\u00f3b na wyra\u017cenie w\u0142asnego stylu.<\/span><span class=\"button-container hide-from-message-actions ng-star-inserted\"> \u00a0<\/span>\n<div class=\"container ng-tns-c2946245707-273 hide\">\n<div class=\"carousel-container ng-tns-c2946245707-273\"><\/div>\n<\/div>\n<\/li>\n<\/ul>\n<p data-sourcepos=\"21:1-21:147\">Niezale\u017cnie od tego, czy szukasz swobodnego topu do noszenia po domu, czy stylowego stroju na specjaln\u0105 okazj\u0119, topy z afryka\u0144skimi nadrukami s\u0105 \u015bwietn\u0105 opcj\u0105.<\/p>\n<\/div>","protected":false},"excerpt":{"rendered":"<table style=\"height: 455px;\" width=\"420\">\n<tbody>\n<tr>\n<td width=\"146\"><strong><b>Produkt<\/b><\/strong>\u00a0<strong><b>Imi\u0119 i nazwisko:<\/b><\/strong><\/td>\n<td width=\"601\"><strong>Topy damskie z afryka\u0144skimi nadrukami<\/strong><\/td>\n<\/tr>\n<tr>\n<td width=\"146\"><strong><b>Materlal:<\/b><\/strong><\/td>\n<td width=\"601\">Dziewiarstwo<\/td>\n<\/tr>\n<tr>\n<td width=\"146\"><strong><b>Technika:<\/b><\/strong><\/td>\n<td width=\"601\">Haftowane<\/td>\n<\/tr>\n<tr>\n<td width=\"146\"><strong><b>Styl:<\/b><\/strong><\/td>\n<td width=\"601\">Zwyk\u0142y<\/td>\n<\/tr>\n<tr>\n<td width=\"146\"><strong><b>Kolor<\/b><\/strong><strong><b>:<\/b><\/strong><\/td>\n<td width=\"601\">\u00a0Kolory niestandardowe<\/td>\n<\/tr>\n<tr>\n<td width=\"146\"><strong><b>Rozmiar:<\/b><\/strong><\/td>\n<td width=\"601\">S \/M \/L \/XL \/2XL<\/td>\n<\/tr>\n<tr>\n<td width=\"146\"><strong><b>OEM\/ODM:<\/b><\/strong><\/td>\n<td width=\"601\">Dopuszczalny<\/td>\n<\/tr>\n<tr>\n<td width=\"146\"><strong><b>Jako\u015b\u0107:<\/b><\/strong><\/td>\n<td width=\"601\">100% Wysoka jako\u015b\u0107<\/td>\n<\/tr>\n<tr>\n<td width=\"146\"><strong><b>M<\/b><\/strong><strong><b>OQ:<\/b><\/strong><\/td>\n<td width=\"601\">200 szt.<\/td>\n<\/tr>\n<\/tbody>\n<\/table>","protected":false},"featured_media":1892,"template":"","meta":[],"product_brand":[],"product_cat":[39],"product_tag":[],"class_list":{"0":"post-1891","1":"product","2":"type-product","3":"status-publish","4":"has-post-thumbnail","6":"product_cat-womens-clothing","8":"first","9":"instock","10":"shipping-taxable","11":"product-type-simple"},"_links":{"self":[{"href":"https:\/\/mj-clothing.com\/pl\/wp-json\/wp\/v2\/product\/1891","targetHints":{"allow":["GET"]}}],"collection":[{"href":"https:\/\/mj-clothing.com\/pl\/wp-json\/wp\/v2\/product"}],"about":[{"href":"https:\/\/mj-clothing.com\/pl\/wp-json\/wp\/v2\/types\/product"}],"wp:featuredmedia":[{"embeddable":true,"href":"https:\/\/mj-clothing.com\/pl\/wp-json\/wp\/v2\/media\/1892"}],"wp:attachment":[{"href":"https:\/\/mj-clothing.com\/pl\/wp-json\/wp\/v2\/media?parent=1891"}],"wp:term":[{"taxonomy":"product_brand","embeddable":true,"href":"https:\/\/mj-clothing.com\/pl\/wp-json\/wp\/v2\/product_brand?post=1891"},{"taxonomy":"product_cat","embeddable":true,"href":"https:\/\/mj-clothing.com\/pl\/wp-json\/wp\/v2\/product_cat?post=1891"},{"taxonomy":"product_tag","embeddable":true,"href":"https:\/\/mj-clothing.com\/pl\/wp-json\/wp\/v2\/product_tag?post=1891"}],"curies":[{"name":"wp","href":"https:\/\/api.w.org\/{rel}","templated":true}]}}