{"id":1901,"date":"2024-12-16T07:56:53","date_gmt":"2024-12-16T07:56:53","guid":{"rendered":"https:\/\/mj-clothing.com\/?post_type=product&#038;p=1901"},"modified":"2024-12-17T03:44:39","modified_gmt":"2024-12-17T03:44:39","slug":"ivory-colored-womens-tops","status":"publish","type":"product","link":"https:\/\/mj-clothing.com\/pl\/manufacturer\/ivory-colored-womens-tops\/","title":{"rendered":"Topy damskie w kolorze ko\u015bci s\u0142oniowej"},"content":{"rendered":"<div id=\"model-response-message-contentr_512563ff2fe7e496\" class=\"markdown markdown-main-panel response-optimization\" dir=\"ltr\">\n<p data-sourcepos=\"1:1-1:189\">Topy damskie w kolorze ko\u015bci s\u0142oniowej to ponadczasowy klasyk, kt\u00f3ry mo\u017cna ubiera\u0107 zar\u00f3wno w g\u00f3r\u0119, jak i w d\u00f3\u0142. Ten uniwersalny kolor dobrze komponuje si\u0119 z r\u00f3\u017cnymi innymi kolorami i wzorami, dzi\u0119ki czemu jest podstaw\u0105 ka\u017cdej garderoby.<\/p>\n<h3 data-sourcepos=\"5:1-5:51\">Oto kilka popularnych styl\u00f3w Topy damskie w kolorze ko\u015bci s\u0142oniowej:<\/h3>\n<div class=\"attachment-container search-images\">\n<div class=\"image-container hide-from-message-actions ng-star-inserted\"><\/div>\n<\/div>\n<ul data-sourcepos=\"7:1-18:0\">\n<li data-sourcepos=\"7:1-9:0\">\n<p data-sourcepos=\"7:3-8:23\"><strong><span class=\"citation-0 recitation\">Bluzki:<\/span><\/strong><span class=\"citation-0 recitation citation-end-0\"> Bluzki z ko\u015bci s\u0142oniowej mog\u0105 by\u0107 wykonane z r\u00f3\u017cnych materia\u0142\u00f3w, takich jak jedwab, bawe\u0142na czy len.<\/span> Mo\u017cna je \u0142\u0105czy\u0107 ze sp\u00f3dnicami, spodniami lub d\u017cinsami, aby uzyska\u0107 elegancki i wyrafinowany wygl\u0105d.<\/p>\n<\/li>\n<li data-sourcepos=\"7:1-9:0\">\n<p data-sourcepos=\"7:3-8:23\"><strong style=\"font-size: 14.4px;\"><span class=\"citation-1 recitation\">Koszulki:<\/span><\/strong><span class=\"citation-1 recitation citation-end-1\" style=\"font-size: 14.4px;\"> Koszulki z ko\u015bci s\u0142oniowej to swobodna i wygodna opcja, kt\u00f3r\u0105 mo\u017cna \u0142\u0105czy\u0107 z d\u017cinsami, szortami lub sp\u00f3dnicami.<\/span><\/p>\n<\/li>\n<li data-sourcepos=\"7:1-9:0\">\n<p data-sourcepos=\"7:3-8:23\"><strong style=\"font-size: 14.4px;\">Swetry:<\/strong><span style=\"font-size: 14.4px;\"> Swetry w kolorze ko\u015bci s\u0142oniowej s\u0105 idealne na ch\u0142odniejsze dni. Mo\u017cna je nosi\u0107 do d\u017cins\u00f3w, leggins\u00f3w lub sp\u00f3dnic.<\/span><\/p>\n<\/li>\n<li data-sourcepos=\"7:1-9:0\">\n<p data-sourcepos=\"7:3-8:23\"><strong><span class=\"citation-2 recitation\">Tank topy:<\/span><\/strong><span class=\"citation-2 recitation citation-end-2\"> Podkoszulki w kolorze ko\u015bci s\u0142oniowej s\u0105 uniwersalnym elementem garderoby, kt\u00f3ry mo\u017cna nosi\u0107 warstwowo pod innymi bluzkami lub samodzielnie.<\/span><span class=\"button-container hide-from-message-actions ng-star-inserted\"> \u00a0<\/span><\/p>\n<div class=\"container ng-tns-c2946245707-289 hide\">\n<div class=\"carousel-container ng-tns-c2946245707-289\"><\/div>\n<\/div>\n<div class=\"attachment-container search-images\">\n<div class=\"image-container hide-from-message-actions ng-star-inserted\">\n<div class=\"caption ellipsis gmat-caption ng-star-inserted\" aria-hidden=\"true\"><span style=\"font-size: 20.16px;\">Podczas stylizacji top\u00f3w damskich w kolorze ko\u015bci s\u0142oniowej nale\u017cy wzi\u0105\u0107 pod uwag\u0119 nast\u0119puj\u0105ce wskaz\u00f3wki:<\/span><\/div>\n<\/div>\n<\/div>\n<\/li>\n<\/ul>\n<ul data-sourcepos=\"21:1-25:0\">\n<li data-sourcepos=\"21:1-21:94\"><strong>Akcesoria:<\/strong> Dodaj akcesoria, takie jak naszyjniki, kolczyki i szaliki, aby podkre\u015bli\u0107 sw\u00f3j wygl\u0105d.<\/li>\n<li data-sourcepos=\"22:1-22:121\"><strong>Baw si\u0119 teksturami:<\/strong> Mieszaj i \u0142\u0105cz r\u00f3\u017cne tekstury, takie jak koronka, aksamit lub dzianina, aby tworzy\u0107 ciekawe stroje.<\/li>\n<li data-sourcepos=\"23:1-23:110\"><strong>Eksperymentuj z kolorami:<\/strong> Po\u0142\u0105cz top w kolorze ko\u015bci s\u0142oniowej z jasnymi kolorami, takimi jak czerwony, niebieski lub zielony, aby uzyska\u0107 odwa\u017cny wygl\u0105d.<\/li>\n<li data-sourcepos=\"24:1-25:0\"><strong>Zachowaj prostot\u0119:<\/strong> Je\u015bli masz na sobie bardziej skomplikowany top w kolorze ko\u015bci s\u0142oniowej, reszta stroju powinna by\u0107 prosta.<\/li>\n<\/ul>\n<p data-sourcepos=\"26:1-26:197\">Topy damskie w kolorze ko\u015bci s\u0142oniowej to wszechstronny i stylowy wyb\u00f3r, kt\u00f3ry mo\u017cna nosi\u0107 na ka\u017cd\u0105 okazj\u0119. Post\u0119puj\u0105c zgodnie z tymi wskaz\u00f3wkami, mo\u017cesz stworzy\u0107 osza\u0142amiaj\u0105ce stroje, kt\u00f3re sprawi\u0105, \u017ce b\u0119dziesz wygl\u0105da\u0107 i czu\u0107 si\u0119 jak najlepiej.<\/p>\n<\/div>\n<div class=\"response-footer gap complete\">\n<div class=\"show-sources-container ng-star-inserted\"><\/div>\n<div class=\"container ng-tns-c2946245707-283\">\n<div class=\"carousel-container ng-tns-c2946245707-283\">\n<div class=\"carousel-content ng-tns-c2946245707-283\">\n<div class=\"sources-carousel-source ng-tns-c2946245707-283 ng-star-inserted\" data-test-id=\"sources-carousel-source\">\n<div class=\"source-card-container\">\n<div class=\"source-card-content\">\n<div class=\"source-card-body\">\n<div class=\"source-card-header\">\n<div class=\"source-card-title\"><\/div>\n<\/div>\n<\/div>\n<\/div>\n<\/div>\n<\/div>\n<\/div>\n<\/div>\n<\/div>\n<\/div>","protected":false},"excerpt":{"rendered":"<table style=\"height: 539px;\" width=\"411\">\n<tbody>\n<tr>\n<td width=\"146\"><strong><b>Produkt<\/b><\/strong>\u00a0<strong><b>Imi\u0119 i nazwisko:<\/b><\/strong><\/td>\n<td width=\"601\"><strong>Topy damskie w kolorze ko\u015bci s\u0142oniowej<\/strong><\/td>\n<\/tr>\n<tr>\n<td width=\"146\"><strong><b>Materlal:<\/b><\/strong><\/td>\n<td width=\"601\">Dziewiarstwo<\/td>\n<\/tr>\n<tr>\n<td width=\"146\"><strong><b>Technika:<\/b><\/strong><\/td>\n<td width=\"601\">Haftowane<\/td>\n<\/tr>\n<tr>\n<td width=\"146\"><strong><b>Styl:<\/b><\/strong><\/td>\n<td width=\"601\">Zwyk\u0142y<\/td>\n<\/tr>\n<tr>\n<td width=\"146\"><strong><b>Kolor<\/b><\/strong><strong><b>:<\/b><\/strong><\/td>\n<td width=\"601\">\u00a0Kolory niestandardowe<\/td>\n<\/tr>\n<tr>\n<td width=\"146\"><strong><b>Rozmiar:<\/b><\/strong><\/td>\n<td width=\"601\">S \/M \/L \/XL \/2XL<\/td>\n<\/tr>\n<tr>\n<td width=\"146\"><strong><b>OEM\/ODM:<\/b><\/strong><\/td>\n<td width=\"601\">Dopuszczalny<\/td>\n<\/tr>\n<tr>\n<td width=\"146\"><strong><b>Jako\u015b\u0107:<\/b><\/strong><\/td>\n<td width=\"601\">100% Wysoka jako\u015b\u0107<\/td>\n<\/tr>\n<tr>\n<td width=\"146\"><strong><b>M<\/b><\/strong><strong><b>OQ:<\/b><\/strong><\/td>\n<td width=\"601\">200 szt.<\/td>\n<\/tr>\n<\/tbody>\n<\/table>","protected":false},"featured_media":1911,"template":"","meta":[],"product_brand":[],"product_cat":[39],"product_tag":[],"class_list":{"0":"post-1901","1":"product","2":"type-product","3":"status-publish","4":"has-post-thumbnail","6":"product_cat-womens-clothing","8":"first","9":"instock","10":"shipping-taxable","11":"product-type-simple"},"_links":{"self":[{"href":"https:\/\/mj-clothing.com\/pl\/wp-json\/wp\/v2\/product\/1901","targetHints":{"allow":["GET"]}}],"collection":[{"href":"https:\/\/mj-clothing.com\/pl\/wp-json\/wp\/v2\/product"}],"about":[{"href":"https:\/\/mj-clothing.com\/pl\/wp-json\/wp\/v2\/types\/product"}],"wp:featuredmedia":[{"embeddable":true,"href":"https:\/\/mj-clothing.com\/pl\/wp-json\/wp\/v2\/media\/1911"}],"wp:attachment":[{"href":"https:\/\/mj-clothing.com\/pl\/wp-json\/wp\/v2\/media?parent=1901"}],"wp:term":[{"taxonomy":"product_brand","embeddable":true,"href":"https:\/\/mj-clothing.com\/pl\/wp-json\/wp\/v2\/product_brand?post=1901"},{"taxonomy":"product_cat","embeddable":true,"href":"https:\/\/mj-clothing.com\/pl\/wp-json\/wp\/v2\/product_cat?post=1901"},{"taxonomy":"product_tag","embeddable":true,"href":"https:\/\/mj-clothing.com\/pl\/wp-json\/wp\/v2\/product_tag?post=1901"}],"curies":[{"name":"wp","href":"https:\/\/api.w.org\/{rel}","templated":true}]}}