{"id":1919,"date":"2024-12-16T08:23:18","date_gmt":"2024-12-16T08:23:18","guid":{"rendered":"https:\/\/mj-clothing.com\/?post_type=product&#038;p=1919"},"modified":"2024-12-17T03:44:00","modified_gmt":"2024-12-17T03:44:00","slug":"womens-pink-long-sleeve-tops","status":"publish","type":"product","link":"https:\/\/mj-clothing.com\/pl\/manufacturer\/womens-pink-long-sleeve-tops\/","title":{"rendered":"Damskie r\u00f3\u017cowe bluzki z d\u0142ugim r\u0119kawem"},"content":{"rendered":"<p data-sourcepos=\"1:1-1:189\">Damskie r\u00f3\u017cowe bluzki z d\u0142ugim r\u0119kawem to uniwersalny i stylowy wyb\u00f3r dla kobiet. <span class=\"citation-0 recitation citation-end-0\">Dost\u0119pne s\u0105 w r\u00f3\u017cnych odcieniach, od delikatnego r\u00f3\u017cu po \u017cywy, gor\u0105cy r\u00f3\u017c, i mo\u017cna je stylizowa\u0107 na r\u00f3\u017cne okazje.<\/span><span class=\"button-container hide-from-message-actions ng-star-inserted\"> \u00a0<\/span><\/p>\n<h3 data-sourcepos=\"5:1-5:54\">\u00a0 \u00a0 \u00a0 Oto kilka popularnych modeli damskich r\u00f3\u017cowych bluzek z d\u0142ugim r\u0119kawem:<\/h3>\n<ul data-sourcepos=\"7:1-18:0\">\n<li data-sourcepos=\"7:1-9:0\">\n<p data-sourcepos=\"7:3-8:22\"><strong><span class=\"citation-1 recitation\">Bluzki:<\/span><\/strong><span class=\"citation-1 recitation citation-end-1\"> R\u00f3\u017cowe bluzki mog\u0105 by\u0107 wykonane z r\u00f3\u017cnych materia\u0142\u00f3w, takich jak jedwab, bawe\u0142na czy len.<\/span> Mo\u017cna je \u0142\u0105czy\u0107 ze sp\u00f3dnicami, spodniami lub d\u017cinsami, aby uzyska\u0107 elegancki i wyrafinowany wygl\u0105d.<span class=\"button-container hide-from-message-actions ng-star-inserted\">\u00a0 \u00a0<\/span><\/p>\n<\/li>\n<li data-sourcepos=\"7:1-9:0\">\n<p data-sourcepos=\"7:3-8:22\"><strong style=\"font-size: 14.4px;\"><span class=\"citation-2 recitation\">Koszulki:<\/span><\/strong><span class=\"citation-2 recitation citation-end-2\" style=\"font-size: 14.4px;\"> R\u00f3\u017cowe t-shirty to swobodna i wygodna opcja, kt\u00f3r\u0105 mo\u017cna \u0142\u0105czy\u0107 z d\u017cinsami, szortami lub sp\u00f3dnicami.<\/span><span class=\"button-container hide-from-message-actions ng-star-inserted\" style=\"font-size: 14.4px;\">\u00a0 \u00a0<\/span><\/p>\n<\/li>\n<li data-sourcepos=\"7:1-9:0\">\n<p data-sourcepos=\"7:3-8:22\"><strong style=\"font-size: 14.4px;\"><span class=\"citation-3 recitation\">Swetry:<\/span><\/strong><span class=\"citation-3 recitation citation-end-3\" style=\"font-size: 14.4px;\"> R\u00f3\u017cowe swetry s\u0105 idealne na ch\u0142odniejsze dni.<\/span><span style=\"font-size: 14.4px;\"> Mo\u017cna je nosi\u0107 do d\u017cins\u00f3w, leggins\u00f3w lub sp\u00f3dnic.<\/span><\/p>\n<\/li>\n<li data-sourcepos=\"7:1-9:0\">\n<p data-sourcepos=\"7:3-8:22\"><strong style=\"font-size: 14.4px;\"><span class=\"citation-4 recitation\">Tank topy:<\/span><\/strong><span class=\"citation-4 recitation citation-end-4\" style=\"font-size: 14.4px;\"> R\u00f3\u017cowe podkoszulki s\u0105 wszechstronnym elementem garderoby, kt\u00f3ry mo\u017cna nosi\u0107 warstwowo pod innymi bluzkami lub samodzielnie.<\/span><span class=\"button-container hide-from-message-actions ng-star-inserted\" style=\"font-size: 14.4px;\">\u00a0 \u00a0<\/span><\/p>\n<div class=\"container ng-tns-c2946245707-318 hide\">\n<div class=\"carousel-container ng-tns-c2946245707-318\"><\/div>\n<\/div>\n<div class=\"attachment-container search-images\">\n<div class=\"image-container hide-from-message-actions ng-star-inserted\">\n<div class=\"caption ellipsis gmat-caption ng-star-inserted\" aria-hidden=\"true\"><span style=\"font-size: 20.16px;\">Kiedy womens r\u00f3\u017cowe bluzki z d\u0142ugim r\u0119kawem, nale\u017cy wzi\u0105\u0107 pod uwag\u0119 nast\u0119puj\u0105ce wskaz\u00f3wki:<\/span><\/div>\n<\/div>\n<\/div>\n<\/li>\n<\/ul>\n<ul data-sourcepos=\"21:1-25:0\">\n<li data-sourcepos=\"21:1-21:94\"><strong>Akcesoria:<\/strong> Dodaj akcesoria, takie jak naszyjniki, kolczyki i szaliki, aby podkre\u015bli\u0107 sw\u00f3j wygl\u0105d.<\/li>\n<li data-sourcepos=\"22:1-22:121\"><strong>Baw si\u0119 teksturami:<\/strong> Mieszaj i \u0142\u0105cz r\u00f3\u017cne tekstury, takie jak koronka, aksamit lub dzianina, aby tworzy\u0107 ciekawe stroje.<\/li>\n<li data-sourcepos=\"23:1-23:114\"><strong>Eksperymentuj z kolorami:<\/strong> Po\u0142\u0105cz r\u00f3\u017cowy top z innymi kolorami, takimi jak czarny, bia\u0142y lub d\u017cinsowy, aby uzyska\u0107 klasyczny wygl\u0105d.<\/li>\n<li data-sourcepos=\"24:1-25:0\"><strong>Zachowaj prostot\u0119:<\/strong> Je\u015bli masz na sobie odwa\u017cny r\u00f3\u017cowy top, reszta stroju powinna by\u0107 prosta.<\/li>\n<\/ul>\n<p data-sourcepos=\"26:1-26:192\">R\u00f3\u017cowe bluzki z d\u0142ugim r\u0119kawem to wszechstronny i stylowy wyb\u00f3r, kt\u00f3ry mo\u017cna nosi\u0107 na ka\u017cd\u0105 okazj\u0119. Post\u0119puj\u0105c zgodnie z tymi wskaz\u00f3wkami, mo\u017cesz stworzy\u0107 osza\u0142amiaj\u0105ce stroje, kt\u00f3re sprawi\u0105, \u017ce b\u0119dziesz wygl\u0105da\u0107 i czu\u0107 si\u0119 jak najlepiej.<\/p>","protected":false},"excerpt":{"rendered":"<table style=\"height: 488px;\" width=\"438\">\n<tbody>\n<tr>\n<td width=\"146\"><strong><b>Produkt<\/b><\/strong>\u00a0<strong><b>Imi\u0119 i nazwisko:<\/b><\/strong><\/td>\n<td width=\"601\"><strong>Damskie r\u00f3\u017cowe bluzki z d\u0142ugim r\u0119kawem<\/strong><\/td>\n<\/tr>\n<tr>\n<td width=\"146\"><strong><b>Materlal:<\/b><\/strong><\/td>\n<td width=\"601\">Dziewiarstwo<\/td>\n<\/tr>\n<tr>\n<td width=\"146\"><strong><b>Technika:<\/b><\/strong><\/td>\n<td width=\"601\">Haftowane<\/td>\n<\/tr>\n<tr>\n<td width=\"146\"><strong><b>Styl:<\/b><\/strong><\/td>\n<td width=\"601\">Zwyk\u0142y<\/td>\n<\/tr>\n<tr>\n<td width=\"146\"><strong><b>Kolor<\/b><\/strong><strong><b>:<\/b><\/strong><\/td>\n<td width=\"601\">\u00a0Kolory niestandardowe<\/td>\n<\/tr>\n<tr>\n<td width=\"146\"><strong><b>Rozmiar:<\/b><\/strong><\/td>\n<td width=\"601\">S \/M \/L \/XL \/2XL<\/td>\n<\/tr>\n<tr>\n<td width=\"146\"><strong><b>OEM\/ODM:<\/b><\/strong><\/td>\n<td width=\"601\">Dopuszczalny<\/td>\n<\/tr>\n<tr>\n<td width=\"146\"><strong><b>Jako\u015b\u0107:<\/b><\/strong><\/td>\n<td width=\"601\">100% Wysoka jako\u015b\u0107<\/td>\n<\/tr>\n<tr>\n<td width=\"146\"><strong><b>M<\/b><\/strong><strong><b>OQ:<\/b><\/strong><\/td>\n<td width=\"601\">200 szt.<\/td>\n<\/tr>\n<\/tbody>\n<\/table>","protected":false},"featured_media":1922,"template":"","meta":[],"product_brand":[],"product_cat":[39],"product_tag":[],"class_list":{"0":"post-1919","1":"product","2":"type-product","3":"status-publish","4":"has-post-thumbnail","6":"product_cat-womens-clothing","8":"first","9":"instock","10":"shipping-taxable","11":"product-type-simple"},"_links":{"self":[{"href":"https:\/\/mj-clothing.com\/pl\/wp-json\/wp\/v2\/product\/1919","targetHints":{"allow":["GET"]}}],"collection":[{"href":"https:\/\/mj-clothing.com\/pl\/wp-json\/wp\/v2\/product"}],"about":[{"href":"https:\/\/mj-clothing.com\/pl\/wp-json\/wp\/v2\/types\/product"}],"wp:featuredmedia":[{"embeddable":true,"href":"https:\/\/mj-clothing.com\/pl\/wp-json\/wp\/v2\/media\/1922"}],"wp:attachment":[{"href":"https:\/\/mj-clothing.com\/pl\/wp-json\/wp\/v2\/media?parent=1919"}],"wp:term":[{"taxonomy":"product_brand","embeddable":true,"href":"https:\/\/mj-clothing.com\/pl\/wp-json\/wp\/v2\/product_brand?post=1919"},{"taxonomy":"product_cat","embeddable":true,"href":"https:\/\/mj-clothing.com\/pl\/wp-json\/wp\/v2\/product_cat?post=1919"},{"taxonomy":"product_tag","embeddable":true,"href":"https:\/\/mj-clothing.com\/pl\/wp-json\/wp\/v2\/product_tag?post=1919"}],"curies":[{"name":"wp","href":"https:\/\/api.w.org\/{rel}","templated":true}]}}