{"id":1939,"date":"2024-12-16T09:14:41","date_gmt":"2024-12-16T09:14:41","guid":{"rendered":"https:\/\/mj-clothing.com\/?post_type=product&#038;p=1939"},"modified":"2024-12-17T03:42:51","modified_gmt":"2024-12-17T03:42:51","slug":"womens-spring-tops-2024","status":"publish","type":"product","link":"https:\/\/mj-clothing.com\/pl\/manufacturer\/womens-spring-tops-2024\/","title":{"rendered":"Topy damskie na wiosn\u0119 2024"},"content":{"rendered":"<p data-sourcepos=\"1:1-1:118\"><span class=\"citation-0 recitation citation-end-0\">Topy damskie na wiosn\u0119 2024 to mieszanka klasycznych styl\u00f3w z nowoczesnymi akcentami.<\/span> Oto niekt\u00f3re z najwa\u017cniejszych trend\u00f3w:<\/p>\n<h3 data-sourcepos=\"1:1-1:118\"><strong>1. Topy damskie na wiosn\u0119 2024 Wzory:<\/strong><\/h3>\n<ul data-sourcepos=\"5:1-7:0\">\n<li data-sourcepos=\"5:1-5:80\"><strong>Delikatne kwiaty:<\/strong> Delikatne, romantyczne kwiatowe nadruki to klasyczny wiosenny trend.<\/li>\n<li data-sourcepos=\"6:1-7:0\"><strong>Odwa\u017cne kwiaty:<\/strong> Du\u017ce, \u017cywe kwiatowe wzory robi\u0105 wra\u017cenie.<\/li>\n<\/ul>\n<h3 data-sourcepos=\"8:1-8:20\"><strong>2. Topy damskie na wiosn\u0119 2024 o lu\u017anym kroju:<\/strong><\/h3>\n<ul data-sourcepos=\"10:1-12:0\">\n<li data-sourcepos=\"10:1-10:99\"><strong>Ponadwymiarowe sylwetki:<\/strong> Wygodne i stylowe topy oversize s\u0105 idealne do casualowych stylizacji.<\/li>\n<li data-sourcepos=\"11:1-12:0\"><strong>Zwiewne bluzki:<\/strong> Lekkie i przewiewne bluzki s\u0105 idealne na cieplejsze dni.<\/li>\n<\/ul>\n<h3 data-sourcepos=\"13:1-13:21\"><strong>3. Damskie topy wiosenne 2024 w jasnych kolorach:<\/strong><\/h3>\n<ul data-sourcepos=\"15:1-17:0\">\n<li data-sourcepos=\"15:1-15:83\"><strong>Odwa\u017cne barwy:<\/strong> \u017bywe kolory, takie jak r\u00f3\u017cowy, \u017c\u00f3\u0142ty i pomara\u0144czowy, dodaj\u0105 weso\u0142ego akcentu.<\/li>\n<li data-sourcepos=\"16:1-17:0\"><strong>Pastelowe odcienie:<\/strong> Delikatne pastele, takie jak lawenda, mi\u0119towa ziele\u0144 i b\u0142\u0119kit s\u0105 idealne dla romantycznego wygl\u0105du.<\/li>\n<\/ul>\n<h3 data-sourcepos=\"18:1-18:24\"><strong>4. Unikalne dekolty:<\/strong><\/h3>\n<ul data-sourcepos=\"20:1-23:0\">\n<li data-sourcepos=\"20:1-20:59\"><strong>Bez rami\u0105czek:<\/strong> Kobiecy i pochlebny dekolt.<\/li>\n<li data-sourcepos=\"21:1-21:55\"><strong>Kwadratowy dekolt:<\/strong> Nowoczesny i wyrafinowany wygl\u0105d.<\/li>\n<li data-sourcepos=\"22:1-23:0\"><strong>Na jedno rami\u0119:<\/strong> Odwa\u017cny i dramatyczny wyb\u00f3r.<\/li>\n<\/ul>\n<h3 data-sourcepos=\"24:1-24:24\"><strong>5. Teksturowane tkaniny:<\/strong><\/h3>\n<ul data-sourcepos=\"26:1-29:0\">\n<li data-sourcepos=\"26:1-26:52\"><strong>Koronki:<\/strong> Dodaje elegancji i kobieco\u015bci.<\/li>\n<li data-sourcepos=\"27:1-27:49\"><strong>Dzianina:<\/strong> Wygodne i przytulne na ch\u0142odniejsze dni.<\/li>\n<li data-sourcepos=\"28:1-29:0\"><strong>Satyna:<\/strong> Luksusowy i efektowny materia\u0142.<\/li>\n<\/ul>\n<h3 data-sourcepos=\"30:1-30:27\"><strong>6. Zr\u00f3wnowa\u017cone tkaniny:<\/strong><\/h3>\n<ul data-sourcepos=\"32:1-35:0\">\n<li data-sourcepos=\"32:1-32:44\"><strong>Bawe\u0142na organiczna:<\/strong> Przyjazny dla \u015brodowiska i mi\u0119kki.<\/li>\n<li data-sourcepos=\"33:1-33:50\"><strong>Poliester z recyklingu:<\/strong> Zr\u00f3wnowa\u017cony i trwa\u0142y.<\/li>\n<li data-sourcepos=\"34:1-35:0\"><strong><span class=\"citation-1 recitation\">Tencel:<\/span><\/strong><span class=\"citation-1 recitation citation-end-1\"> Oddychaj\u0105cy i odprowadzaj\u0105cy wilgo\u0107 materia\u0142.<\/span><span class=\"button-container hide-from-message-actions ng-star-inserted\"> \u00a0<\/span>\n<div class=\"container ng-tns-c2946245707-383 hide\">\n<div class=\"carousel-container ng-tns-c2946245707-383\"><\/div>\n<\/div>\n<\/li>\n<\/ul>\n<p data-sourcepos=\"36:1-36:226\">Pami\u0119taj, \u017ce najlepszym sposobem na znalezienie idealnego wiosennego topu dla siebie jest eksperymentowanie z r\u00f3\u017cnymi stylami, kolorami i tkaninami. Dokonuj\u0105c wyboru, we\u017a pod uwag\u0119 sw\u00f3j osobisty styl i okazj\u0119, na kt\u00f3r\u0105 b\u0119dziesz nosi\u0107 top.<\/p>","protected":false},"excerpt":{"rendered":"<table style=\"height: 470px;\" width=\"398\">\n<tbody>\n<tr>\n<td width=\"146\"><strong><b>Produkt<\/b><\/strong>\u00a0<strong><b>Imi\u0119 i nazwisko:<\/b><\/strong><\/td>\n<td width=\"601\"><strong>Topy damskie na wiosn\u0119 2024<\/strong><\/td>\n<\/tr>\n<tr>\n<td width=\"146\"><strong><b>Materlal:<\/b><\/strong><\/td>\n<td width=\"601\">Dziewiarstwo<\/td>\n<\/tr>\n<tr>\n<td width=\"146\"><strong><b>Technika:<\/b><\/strong><\/td>\n<td width=\"601\">Haftowane<\/td>\n<\/tr>\n<tr>\n<td width=\"146\"><strong><b>Styl:<\/b><\/strong><\/td>\n<td width=\"601\">Zwyk\u0142y<\/td>\n<\/tr>\n<tr>\n<td width=\"146\"><strong><b>Kolor<\/b><\/strong><strong><b>:<\/b><\/strong><\/td>\n<td width=\"601\">\u00a0Kolory niestandardowe<\/td>\n<\/tr>\n<tr>\n<td width=\"146\"><strong><b>Rozmiar:<\/b><\/strong><\/td>\n<td width=\"601\">S \/M \/L \/XL \/2XL<\/td>\n<\/tr>\n<tr>\n<td width=\"146\"><strong><b>OEM\/ODM:<\/b><\/strong><\/td>\n<td width=\"601\">Dopuszczalny<\/td>\n<\/tr>\n<tr>\n<td width=\"146\"><strong><b>Jako\u015b\u0107:<\/b><\/strong><\/td>\n<td width=\"601\">100% Wysoka jako\u015b\u0107<\/td>\n<\/tr>\n<tr>\n<td width=\"146\"><strong><b>M<\/b><\/strong><strong><b>OQ:<\/b><\/strong><\/td>\n<td width=\"601\">200 szt.<\/td>\n<\/tr>\n<\/tbody>\n<\/table>","protected":false},"featured_media":1940,"template":"","meta":[],"product_brand":[],"product_cat":[39],"product_tag":[],"class_list":{"0":"post-1939","1":"product","2":"type-product","3":"status-publish","4":"has-post-thumbnail","6":"product_cat-womens-clothing","8":"first","9":"instock","10":"shipping-taxable","11":"product-type-simple"},"_links":{"self":[{"href":"https:\/\/mj-clothing.com\/pl\/wp-json\/wp\/v2\/product\/1939","targetHints":{"allow":["GET"]}}],"collection":[{"href":"https:\/\/mj-clothing.com\/pl\/wp-json\/wp\/v2\/product"}],"about":[{"href":"https:\/\/mj-clothing.com\/pl\/wp-json\/wp\/v2\/types\/product"}],"wp:featuredmedia":[{"embeddable":true,"href":"https:\/\/mj-clothing.com\/pl\/wp-json\/wp\/v2\/media\/1940"}],"wp:attachment":[{"href":"https:\/\/mj-clothing.com\/pl\/wp-json\/wp\/v2\/media?parent=1939"}],"wp:term":[{"taxonomy":"product_brand","embeddable":true,"href":"https:\/\/mj-clothing.com\/pl\/wp-json\/wp\/v2\/product_brand?post=1939"},{"taxonomy":"product_cat","embeddable":true,"href":"https:\/\/mj-clothing.com\/pl\/wp-json\/wp\/v2\/product_cat?post=1939"},{"taxonomy":"product_tag","embeddable":true,"href":"https:\/\/mj-clothing.com\/pl\/wp-json\/wp\/v2\/product_tag?post=1939"}],"curies":[{"name":"wp","href":"https:\/\/api.w.org\/{rel}","templated":true}]}}