{"id":1957,"date":"2024-12-17T02:54:13","date_gmt":"2024-12-17T02:54:13","guid":{"rendered":"https:\/\/mj-clothing.com\/?post_type=product&#038;p=1957"},"modified":"2024-12-18T06:10:01","modified_gmt":"2024-12-18T06:10:01","slug":"womens-shell-top","status":"publish","type":"product","link":"https:\/\/mj-clothing.com\/pl\/manufacturer\/womens-shell-top\/","title":{"rendered":"Womens Shell Top"},"content":{"rendered":"<p data-sourcepos=\"1:1-1:134\"><span class=\"citation-0 recitation citation-end-0\">Damska bluzka typu shell to uniwersalny i klasyczny element garderoby.<\/span> Oto zestawienie tego, co to jest i dlaczego jest tak popularne:<span class=\"button-container hide-from-message-actions ng-star-inserted\"> \u00a0<\/span><\/p>\n<h3 data-sourcepos=\"3:1-3:24\"><strong>Co to jest damski top Shell?<\/strong><\/h3>\n<ul data-sourcepos=\"5:1-9:0\">\n<li data-sourcepos=\"5:1-5:173\"><strong><span class=\"citation-1 recitation\">Proste i bez r\u0119kaw\u00f3w:<\/span><\/strong><span class=\"citation-1 recitation citation-end-1\"> Zasadniczo jest to podstawowy top bez r\u0119kaw\u00f3w.<\/span> Cz\u0119sto ma prosty dekolt (np. typu scoop neck, crew neck lub V-neck) i nie ma ko\u0142nierzyka.<span class=\"button-container hide-from-message-actions ng-star-inserted\"> \u00a0<\/span>\n<div class=\"container ng-tns-c2960411664-35 hide\">\n<div class=\"carousel-container ng-tns-c2960411664-35\"><\/div>\n<\/div>\n<\/li>\n<li data-sourcepos=\"6:1-6:278\"><strong>Wszechstronny materia\u0142:<\/strong> <span class=\"citation-2 recitation citation-end-2\">Topy typu shell mog\u0105 by\u0107 wykonane z szerokiej gamy tkanin, w tym bawe\u0142ny, jedwabiu, lnu, sztucznego jedwabiu lub mieszanek.<\/span> <span class=\"citation-3 recitation citation-end-3\">Wyb\u00f3r tkaniny mo\u017ce znacz\u0105co wp\u0142yn\u0105\u0107 na wygl\u0105d i styl bluzki, dzi\u0119ki czemu b\u0119dzie ona odpowiednia zar\u00f3wno na co dzie\u0144, jak i na bardziej formalne okazje.<\/span>\n<div class=\"container ng-tns-c2960411664-36 hide\">\n<div class=\"carousel-container ng-tns-c2960411664-36\"><\/div>\n<\/div>\n<\/li>\n<li data-sourcepos=\"7:1-7:186\"><strong>Warstwy niezb\u0119dne:<\/strong> Topy typu shell doskonale nadaj\u0105 si\u0119 do zak\u0142adania pod kardigany, blezery, kurtki, a nawet przezroczyste topy. Zapewniaj\u0105 g\u0142adk\u0105 warstw\u0119 bazow\u0105 bez obci\u0105\u017cania ramion.<\/li>\n<li data-sourcepos=\"8:1-9:0\"><strong><span class=\"citation-4 recitation\">Samodzielny element:<\/span><\/strong><span class=\"citation-4 recitation citation-end-4\"> Chocia\u017c \u015bwietnie nadaj\u0105 si\u0119 do noszenia warstwowego, bluzki typu shell mog\u0105 by\u0107 r\u00f3wnie\u017c noszone samodzielnie, szczeg\u00f3lnie w cieplejsze dni.<\/span>\n<div class=\"container ng-tns-c2960411664-37 hide\">\n<div class=\"carousel-container ng-tns-c2960411664-37\"><\/div>\n<\/div>\n<\/li>\n<\/ul>\n<h3 data-sourcepos=\"10:1-10:24\"><strong>Kluczowe cechy:<\/strong><\/h3>\n<ul data-sourcepos=\"12:1-15:0\">\n<li data-sourcepos=\"12:1-12:120\"><strong>Czyste linie:<\/strong> Topy Shell maj\u0105 zazwyczaj czysty i prosty design, wolny od nadmiernych zdobie\u0144 lub detali.<\/li>\n<li data-sourcepos=\"13:1-13:128\"><strong>Dopasowane lub cz\u0119\u015bciowo dopasowane:<\/strong> Zwykle s\u0105 one zaprojektowane tak, aby pasowa\u0142y stosunkowo blisko cia\u0142a, zapewniaj\u0105c pochlebn\u0105 sylwetk\u0119.<\/li>\n<li data-sourcepos=\"14:1-15:0\"><strong>Ponadczasowy styl:<\/strong> Bluza typu shell to klasyczny element garderoby, kt\u00f3ry od dziesi\u0119cioleci pozostaje stylowy dzi\u0119ki swojej prostocie i mo\u017cliwo\u015bci dostosowania.<\/li>\n<\/ul>\n<h3 data-sourcepos=\"16:1-16:25\"><strong>Dlaczego Womens Shell Top s\u0105 popularne?<\/strong><\/h3>\n<ul data-sourcepos=\"18:1-22:0\">\n<li data-sourcepos=\"18:1-18:95\"><strong>Wszechstronno\u015b\u0107:<\/strong> Jak wspomniano, mo\u017cna je ubiera\u0107 w g\u00f3r\u0119 lub w d\u00f3\u0142 i nosi\u0107 w r\u00f3\u017cnych okoliczno\u015bciach.<\/li>\n<li data-sourcepos=\"19:1-19:130\"><strong>Komfort:<\/strong> Konstrukcja bez r\u0119kaw\u00f3w i cz\u0119sto lekkie materia\u0142y sprawiaj\u0105, \u017ce s\u0105 one wygodne w noszeniu, szczeg\u00f3lnie w cieplejszym klimacie.<\/li>\n<li data-sourcepos=\"20:1-20:92\"><strong>Mo\u017cliwo\u015b\u0107 nak\u0142adania warstw:<\/strong> S\u0105 idealne do tworzenia warstwowych stroj\u00f3w bez dodawania obj\u0119to\u015bci.<\/li>\n<li data-sourcepos=\"21:1-22:0\"><strong>Ponadczasowo\u015b\u0107:<\/strong> To klasyczny element garderoby, kt\u00f3ry nigdy nie wychodzi z mody.<\/li>\n<\/ul>\n<h3 data-sourcepos=\"23:1-23:28\"><strong>Jak nosi\u0107 damski top z \u0142usk\u0105?<\/strong><\/h3>\n<ul data-sourcepos=\"25:1-28:0\">\n<li data-sourcepos=\"25:1-25:81\"><strong>Na co dzie\u0144:<\/strong> Po\u0142\u0105cz go z d\u017cinsami, szortami lub casualow\u0105 sp\u00f3dnic\u0105, aby uzyska\u0107 swobodny wygl\u0105d.<\/li>\n<li data-sourcepos=\"26:1-26:122\"><strong>Business casual:<\/strong> No\u015b go pod marynark\u0105 ze spodniami lub o\u0142\u00f3wkow\u0105 sp\u00f3dnic\u0105, aby uzyska\u0107 profesjonalny, ale wygodny str\u00f3j.<\/li>\n<li data-sourcepos=\"27:1-28:0\"><strong>Str\u00f3j:<\/strong> Wybierz top z pow\u0142ok\u0105 z luksusowego materia\u0142u, takiego jak jedwab lub satyna, i po\u0142\u0105cz go z eleganck\u0105 sp\u00f3dnic\u0105 lub spodniami na wieczorn\u0105 imprez\u0119.<\/li>\n<\/ul>\n<p data-sourcepos=\"29:1-29:132\">Niezale\u017cnie od tego, czy szukasz podstawowego elementu warstwowego, czy prostego topu na ciep\u0142e dni, top z pow\u0142ok\u0105 jest wszechstronnym i stylowym wyborem.<\/p>","protected":false},"excerpt":{"rendered":"<table style=\"height: 495px;\" width=\"411\">\n<tbody>\n<tr>\n<td width=\"146\"><strong><b>Produkt<\/b><\/strong>\u00a0<strong><b>Imi\u0119 i nazwisko:<\/b><\/strong><\/td>\n<td width=\"601\"><strong>Womens Shell Top<\/strong><\/td>\n<\/tr>\n<tr>\n<td width=\"146\"><strong><b>Materlal:<\/b><\/strong><\/td>\n<td width=\"601\">Dziewiarstwo<\/td>\n<\/tr>\n<tr>\n<td width=\"146\"><strong><b>Technika:<\/b><\/strong><\/td>\n<td width=\"601\">Haftowane<\/td>\n<\/tr>\n<tr>\n<td width=\"146\"><strong><b>Styl:<\/b><\/strong><\/td>\n<td width=\"601\">Zwyk\u0142y<\/td>\n<\/tr>\n<tr>\n<td width=\"146\"><strong><b>Kolor<\/b><\/strong><strong><b>:<\/b><\/strong><\/td>\n<td width=\"601\">\u00a0Kolory niestandardowe<\/td>\n<\/tr>\n<tr>\n<td width=\"146\"><strong><b>Rozmiar:<\/b><\/strong><\/td>\n<td width=\"601\">S \/M \/L \/XL \/2XL<\/td>\n<\/tr>\n<tr>\n<td width=\"146\"><strong><b>OEM\/ODM:<\/b><\/strong><\/td>\n<td width=\"601\">Dopuszczalny<\/td>\n<\/tr>\n<tr>\n<td width=\"146\"><strong><b>Jako\u015b\u0107:<\/b><\/strong><\/td>\n<td width=\"601\">100% Wysoka jako\u015b\u0107<\/td>\n<\/tr>\n<tr>\n<td width=\"146\"><strong><b>M<\/b><\/strong><strong><b>OQ:<\/b><\/strong><\/td>\n<td width=\"601\">200 szt.<\/td>\n<\/tr>\n<\/tbody>\n<\/table>","protected":false},"featured_media":1958,"template":"","meta":[],"product_brand":[],"product_cat":[39],"product_tag":[],"class_list":{"0":"post-1957","1":"product","2":"type-product","3":"status-publish","4":"has-post-thumbnail","6":"product_cat-womens-clothing","8":"first","9":"instock","10":"shipping-taxable","11":"product-type-simple"},"_links":{"self":[{"href":"https:\/\/mj-clothing.com\/pl\/wp-json\/wp\/v2\/product\/1957","targetHints":{"allow":["GET"]}}],"collection":[{"href":"https:\/\/mj-clothing.com\/pl\/wp-json\/wp\/v2\/product"}],"about":[{"href":"https:\/\/mj-clothing.com\/pl\/wp-json\/wp\/v2\/types\/product"}],"wp:featuredmedia":[{"embeddable":true,"href":"https:\/\/mj-clothing.com\/pl\/wp-json\/wp\/v2\/media\/1958"}],"wp:attachment":[{"href":"https:\/\/mj-clothing.com\/pl\/wp-json\/wp\/v2\/media?parent=1957"}],"wp:term":[{"taxonomy":"product_brand","embeddable":true,"href":"https:\/\/mj-clothing.com\/pl\/wp-json\/wp\/v2\/product_brand?post=1957"},{"taxonomy":"product_cat","embeddable":true,"href":"https:\/\/mj-clothing.com\/pl\/wp-json\/wp\/v2\/product_cat?post=1957"},{"taxonomy":"product_tag","embeddable":true,"href":"https:\/\/mj-clothing.com\/pl\/wp-json\/wp\/v2\/product_tag?post=1957"}],"curies":[{"name":"wp","href":"https:\/\/api.w.org\/{rel}","templated":true}]}}