{"id":1960,"date":"2024-12-17T03:10:50","date_gmt":"2024-12-17T03:10:50","guid":{"rendered":"https:\/\/mj-clothing.com\/?post_type=product&#038;p=1960"},"modified":"2024-12-17T03:10:50","modified_gmt":"2024-12-17T03:10:50","slug":"periwinkle-womens-tops","status":"publish","type":"product","link":"https:\/\/mj-clothing.com\/pl\/manufacturer\/periwinkle-womens-tops\/","title":{"rendered":"Topy damskie Periwinkle"},"content":{"rendered":"<div id=\"model-response-message-contentr_7f973865284483ec\" class=\"markdown markdown-main-panel response-optimization\" dir=\"ltr\">\n<p data-sourcepos=\"1:1-1:279\">Topy damskie Periwinkle to pi\u0119kny, delikatny i uniwersalny kolor, kt\u00f3ry mo\u017ce doda\u0107 odrobin\u0119 elegancji i kobieco\u015bci do ka\u017cdego stroju. <span class=\"citation-0 recitation citation-end-0\">Jest to jasny fiolet z nut\u0105 niebieskiego, cz\u0119sto opisywany jako blada lawenda lub jasny fiolet.<\/span> Oto, co sprawia, \u017ce barwinkowe topy damskie s\u0105 tak atrakcyjne:<span class=\"button-container hide-from-message-actions ng-star-inserted\">\u00a0 \u00a0<\/span><\/p>\n<h3 data-sourcepos=\"3:1-3:39\"><strong>Dlaczego damskie topy Periwinkle dobrze sprawdzaj\u0105 si\u0119 w przypadku top\u00f3w:<\/strong><\/h3>\n<ul data-sourcepos=\"5:1-9:0\">\n<li data-sourcepos=\"5:1-5:138\"><strong>Pasuje do wielu odcieni sk\u00f3ry:<\/strong> Periwinkle ma zar\u00f3wno ch\u0142odne, jak i ciep\u0142e odcienie, dzi\u0119ki czemu pasuje do szerokiej gamy karnacji.<\/li>\n<li data-sourcepos=\"6:1-6:105\"><strong>Mi\u0119kki i uspokajaj\u0105cy:<\/strong> <span class=\"citation-1 recitation citation-end-1\">To delikatny kolor, kt\u00f3ry wywo\u0142uje uczucie spokoju i wyciszenia.<\/span><span class=\"button-container hide-from-message-actions ng-star-inserted\"> \u00a0<\/span>\n<div class=\"container ng-tns-c2960411664-45 hide\">\n<div class=\"carousel-container ng-tns-c2960411664-45\"><\/div>\n<\/div>\n<\/li>\n<li data-sourcepos=\"7:1-7:111\"><strong><span class=\"citation-2 recitation\">Wszechstronno\u015b\u0107:<\/span><\/strong><span class=\"citation-2 recitation citation-end-2\"> Barwinek mo\u017ce by\u0107 ubierany w g\u00f3r\u0119 lub w d\u00f3\u0142, dzi\u0119ki czemu nadaje si\u0119 na r\u00f3\u017cne okazje.<\/span><span class=\"button-container hide-from-message-actions ng-star-inserted\"> \u00a0<\/span>\n<div class=\"container ng-tns-c2960411664-46 hide\">\n<div class=\"carousel-container ng-tns-c2960411664-46\"><\/div>\n<\/div>\n<\/li>\n<li data-sourcepos=\"8:1-9:0\"><strong>Dobrze komponuje si\u0119 z innymi kolorami:<\/strong> Uzupe\u0142nia neutralne kolory, takie jak bia\u0142y, szary i be\u017cowy, a tak\u017ce inne kolory, takie jak r\u00f3\u017cowy, zielony, a nawet \u017c\u00f3\u0142ty.<\/li>\n<\/ul>\n<h3 data-sourcepos=\"10:1-10:44\"><strong>Rodzaje Periwinkle Womens Tops, kt\u00f3re mo\u017cesz znale\u017a\u0107:<\/strong><\/h3>\n<ul data-sourcepos=\"12:1-16:0\">\n<li data-sourcepos=\"12:1-12:164\"><strong>T-shirty i topy na co dzie\u0144:<\/strong> Barwny t-shirt lub swobodny top jest idealny do noszenia na co dzie\u0144. Po\u0142\u0105cz go z d\u017cinsami, szortami lub swobodn\u0105 sp\u00f3dnic\u0105, aby uzyska\u0107 swobodny wygl\u0105d.<\/li>\n<li data-sourcepos=\"13:1-13:198\"><strong><span class=\"citation-3 recitation\">Bluzki i bardziej strojne topy:<\/span><\/strong><span class=\"citation-3 recitation citation-end-3\"> Barwn\u0105 bluzk\u0119 z jedwabiu, satyny lub szyfonu mo\u017cna ubra\u0107 na bardziej formalne okazje.<\/span> Mo\u017cna j\u0105 nosi\u0107 ze spodniami, sp\u00f3dnic\u0105, a nawet pod marynark\u0105.<span class=\"button-container hide-from-message-actions ng-star-inserted\"> \u00a0<\/span>\n<div class=\"container ng-tns-c2960411664-47 hide\">\n<div class=\"carousel-container ng-tns-c2960411664-47\"><\/div>\n<\/div>\n<\/li>\n<li data-sourcepos=\"14:1-14:110\"><strong>Swetry i kardigany:<\/strong> Barwny sweter lub kardigan to \u015bwietny element warstwowy na ch\u0142odniejsze dni.<\/li>\n<li data-sourcepos=\"15:1-16:0\"><strong><span class=\"citation-4 recitation\">Tank topy i kamizelki:<\/span><\/strong><span class=\"citation-4 recitation citation-end-4\"> Barwinkowy podkoszulek lub kamizelka mog\u0105 by\u0107 noszone samodzielnie w ciep\u0142e dni lub warstwowo pod innymi topami.<\/span><span class=\"button-container hide-from-message-actions ng-star-inserted\">\u00a0<\/span>\n<div class=\"container ng-tns-c2960411664-48 hide\">\n<div class=\"carousel-container ng-tns-c2960411664-48\">\n<div class=\"carousel-content ng-tns-c2960411664-48\">\n<div class=\"sources-carousel-source ng-tns-c2960411664-48 hide ng-star-inserted\" data-test-id=\"sources-carousel-source\"><\/div>\n<\/div>\n<\/div>\n<\/div>\n<\/li>\n<\/ul>\n<h3 data-sourcepos=\"17:1-17:33\"><strong>Jak stylizowa\u0107 per\u0142owe topy?<\/strong><\/h3>\n<ul data-sourcepos=\"19:1-23:0\">\n<li data-sourcepos=\"19:1-19:100\"><strong>Na co dzie\u0144:<\/strong> Po\u0142\u0105cz per\u0142owy t-shirt z bia\u0142ymi d\u017cinsami i trampkami, aby uzyska\u0107 \u015bwie\u017cy i swobodny wygl\u0105d.<\/li>\n<li data-sourcepos=\"20:1-20:117\"><strong>Business Casual:<\/strong> No\u015b per\u0142ow\u0105 bluzk\u0119 z szarymi spodniami i szpilkami, aby uzyska\u0107 profesjonalny, ale stylowy str\u00f3j.<\/li>\n<li data-sourcepos=\"21:1-21:104\"><strong>Str\u00f3j:<\/strong> Po\u0142\u0105cz satynow\u0105 bluzk\u0119 w odcieniu barwinka z czarn\u0105 sp\u00f3dnic\u0105 i szpilkami, aby uzyska\u0107 elegancki wieczorowy look.<\/li>\n<li data-sourcepos=\"22:1-23:0\"><strong>Bohemian:<\/strong> Barwny, zwiewny top w po\u0142\u0105czeniu z d\u0142ug\u0105 sp\u00f3dnic\u0105 i sanda\u0142ami nada stylizacji klimatu boho.<\/li>\n<\/ul>\n<p data-sourcepos=\"32:1-32:113\">\n<\/div>","protected":false},"excerpt":{"rendered":"<table style=\"height: 501px;\" width=\"369\">\n<tbody>\n<tr>\n<td width=\"146\"><strong><b>Produkt<\/b><\/strong>\u00a0<strong><b>Imi\u0119 i nazwisko:<\/b><\/strong><\/td>\n<td width=\"601\"><strong>Topy damskie Periwinkle<\/strong><\/td>\n<\/tr>\n<tr>\n<td width=\"146\"><strong><b>Materlal:<\/b><\/strong><\/td>\n<td width=\"601\">Dziewiarstwo<\/td>\n<\/tr>\n<tr>\n<td width=\"146\"><strong><b>Technika: <\/b><\/strong><\/td>\n<td width=\"601\">Haftowane<\/td>\n<\/tr>\n<tr>\n<td width=\"146\"><strong><b>Styl: <\/b><\/strong><\/td>\n<td width=\"601\">Zwyk\u0142y<\/td>\n<\/tr>\n<tr>\n<td width=\"146\"><strong><b>Kolor<\/b><\/strong><strong><b>:<\/b><\/strong><\/td>\n<td width=\"601\">\u00a0Kolory niestandardowe<\/td>\n<\/tr>\n<tr>\n<td width=\"146\"><strong><b>Rozmiar:<\/b><\/strong><\/td>\n<td width=\"601\">S \/M \/L \/XL \/2XL<\/td>\n<\/tr>\n<tr>\n<td width=\"146\"><strong><b>OEM\/ODM:<\/b><\/strong><\/td>\n<td width=\"601\">Dopuszczalny<\/td>\n<\/tr>\n<tr>\n<td width=\"146\"><strong><b>Jako\u015b\u0107:<\/b><\/strong><\/td>\n<td width=\"601\">100% Wysoka jako\u015b\u0107<\/td>\n<\/tr>\n<tr>\n<td width=\"146\"><strong><b>M<\/b><\/strong><strong><b>OQ:<\/b><\/strong><\/td>\n<td width=\"601\">200 szt.<\/td>\n<\/tr>\n<\/tbody>\n<\/table>","protected":false},"featured_media":1961,"template":"","meta":[],"product_brand":[],"product_cat":[39],"product_tag":[],"class_list":{"0":"post-1960","1":"product","2":"type-product","3":"status-publish","4":"has-post-thumbnail","6":"product_cat-womens-clothing","8":"first","9":"instock","10":"shipping-taxable","11":"product-type-simple"},"_links":{"self":[{"href":"https:\/\/mj-clothing.com\/pl\/wp-json\/wp\/v2\/product\/1960","targetHints":{"allow":["GET"]}}],"collection":[{"href":"https:\/\/mj-clothing.com\/pl\/wp-json\/wp\/v2\/product"}],"about":[{"href":"https:\/\/mj-clothing.com\/pl\/wp-json\/wp\/v2\/types\/product"}],"wp:featuredmedia":[{"embeddable":true,"href":"https:\/\/mj-clothing.com\/pl\/wp-json\/wp\/v2\/media\/1961"}],"wp:attachment":[{"href":"https:\/\/mj-clothing.com\/pl\/wp-json\/wp\/v2\/media?parent=1960"}],"wp:term":[{"taxonomy":"product_brand","embeddable":true,"href":"https:\/\/mj-clothing.com\/pl\/wp-json\/wp\/v2\/product_brand?post=1960"},{"taxonomy":"product_cat","embeddable":true,"href":"https:\/\/mj-clothing.com\/pl\/wp-json\/wp\/v2\/product_cat?post=1960"},{"taxonomy":"product_tag","embeddable":true,"href":"https:\/\/mj-clothing.com\/pl\/wp-json\/wp\/v2\/product_tag?post=1960"}],"curies":[{"name":"wp","href":"https:\/\/api.w.org\/{rel}","templated":true}]}}