{"id":1999,"date":"2024-12-17T07:46:21","date_gmt":"2024-12-17T07:46:21","guid":{"rendered":"https:\/\/mj-clothing.com\/?post_type=product&#038;p=1999"},"modified":"2024-12-17T08:30:43","modified_gmt":"2024-12-17T08:30:43","slug":"womens-shell-tops","status":"publish","type":"product","link":"https:\/\/mj-clothing.com\/pl\/manufacturer\/womens-shell-tops\/","title":{"rendered":"Damskie topy Shell"},"content":{"rendered":"<p data-sourcepos=\"1:1-1:189\">Wygl\u0105da na to, \u017ce interesuj\u0105 Ci\u0119 damskie topy typu shell! S\u0105 one klasycznym i wszechstronnym elementem garderoby. Oto zestawienie tego, czym s\u0105, ich kluczowe cechy i dlaczego s\u0105 tak popularne:<\/p>\n<h3 data-sourcepos=\"3:1-3:24\"><strong>Czym s\u0105 damskie topy Shell?<\/strong><\/h3>\n<p data-sourcepos=\"5:1-5:161\"><span class=\"citation-0 recitation citation-end-0\">Top typu shell to prosty top bez r\u0119kaw\u00f3w z podstawowym dekoltem.<\/span> Pomy\u015bl o nim jak o czystym p\u0142\u00f3tnie dla swojego stroju. Oto jego cechy charakterystyczne:<span class=\"button-container hide-from-message-actions ng-star-inserted\"> \u00a0<\/span><\/p>\n<ul data-sourcepos=\"7:1-12:0\">\n<li data-sourcepos=\"7:1-7:148\"><strong>Bez r\u0119kaw\u00f3w:<\/strong> Jest to najwa\u017cniejsza cecha. Bluzy typu shell s\u0105 zawsze bez r\u0119kaw\u00f3w, dzi\u0119ki czemu idealnie nadaj\u0105 si\u0119 do noszenia warstwowego lub w ciep\u0142e dni.<\/li>\n<li data-sourcepos=\"8:1-8:137\"><strong>Prosty dekolt:<\/strong> <span class=\"citation-1 recitation citation-end-1\">Typowe dekolty obejmuj\u0105 dekolt w szpic, dekolt w szpic, dekolt w kszta\u0142cie litery V, a nawet wy\u017cszy dekolt, taki jak dekolt w szpic.<\/span><span class=\"button-container hide-from-message-actions ng-star-inserted\"> \u00a0<\/span>\n<div class=\"container ng-tns-c2960411664-59 hide\">\n<div class=\"carousel-container ng-tns-c2960411664-59\"><\/div>\n<\/div>\n<\/li>\n<li data-sourcepos=\"9:1-9:165\"><strong>Czysty design:<\/strong> Topy typu shell s\u0105 zazwyczaj pozbawione nadmiernych ozd\u00f3b, takich jak falbany, koronki lub du\u017ce nadruki. Ta prostota sprawia, \u017ce s\u0105 one niezwykle wszechstronne.<\/li>\n<li data-sourcepos=\"10:1-10:226\"><strong><span class=\"citation-2 recitation\">R\u00f3\u017cne tkaniny:<\/span><\/strong><span class=\"citation-2 recitation citation-end-2\"> Mog\u0105 by\u0107 wykonane z szerokiej gamy tkanin, w tym bawe\u0142ny, jedwabiu, lnu, sztucznego jedwabiu, poliestru lub mieszanek.<\/span> <span class=\"citation-3 recitation citation-end-3\">Wyb\u00f3r tkaniny wp\u0142ywa na uk\u0142adanie si\u0119, dotyk i formalno\u015b\u0107 topu.<\/span><span class=\"button-container hide-from-message-actions ng-star-inserted\"> \u00a0<\/span>\n<div class=\"container ng-tns-c2960411664-60 hide\">\n<div class=\"carousel-container ng-tns-c2960411664-60\"><\/div>\n<\/div>\n<\/li>\n<li data-sourcepos=\"11:1-12:0\"><strong>Dopasowane lub cz\u0119\u015bciowo dopasowane:<\/strong> Zazwyczaj s\u0105 one dopasowane do cia\u0142a, ale nie zawsze obcis\u0142e. <span class=\"citation-4 recitation citation-end-4\">Niekt\u00f3re bluzki typu shell maj\u0105 nieco lu\u017aniejszy, bardziej swobodny kr\u00f3j.<\/span><span class=\"button-container hide-from-message-actions ng-star-inserted\"> \u00a0<\/span>\n<div class=\"container ng-tns-c2960411664-61 hide\">\n<div class=\"carousel-container ng-tns-c2960411664-61\"><\/div>\n<\/div>\n<\/li>\n<\/ul>\n<h3 data-sourcepos=\"13:1-13:34\"><strong>Dlaczego damskie topy Shell s\u0105 tak popularne?<\/strong><\/h3>\n<ul data-sourcepos=\"15:1-19:0\">\n<li data-sourcepos=\"15:1-15:143\"><strong>Wszechstronno\u015b\u0107:<\/strong> To ich najwi\u0119ksza si\u0142a. <span class=\"citation-5 recitation citation-end-5\">Mo\u017cna je ubiera\u0107 zar\u00f3wno w g\u00f3r\u0119, jak i w d\u00f3\u0142, dzi\u0119ki czemu nadaj\u0105 si\u0119 na niemal ka\u017cd\u0105 okazj\u0119.<\/span><span class=\"button-container hide-from-message-actions ng-star-inserted\">\u00a0 \u00a0<\/span>\n<div class=\"container ng-tns-c2960411664-62 hide\">\n<div class=\"carousel-container ng-tns-c2960411664-62\"><\/div>\n<\/div>\n<\/li>\n<li data-sourcepos=\"16:1-16:168\"><strong>Nak\u0142adanie warstw:<\/strong> S\u0105 idealne do zak\u0142adania pod kardigany, marynarki, kurtki, a nawet przezroczyste topy. Zapewniaj\u0105 g\u0142adk\u0105 warstw\u0119 bazow\u0105 bez obci\u0105\u017cania ramion.<\/li>\n<li data-sourcepos=\"17:1-17:127\"><strong>Komfort:<\/strong> Konstrukcja bez r\u0119kaw\u00f3w i cz\u0119sto lekkie materia\u0142y sprawiaj\u0105, \u017ce s\u0105 one wygodne w noszeniu, szczeg\u00f3lnie w ciep\u0142e dni.<\/li>\n<li data-sourcepos=\"18:1-19:0\"><strong>Ponadczasowy styl:<\/strong> Topy typu shell to klasyczny element garderoby, kt\u00f3ry nigdy nie wychodzi z mody.<\/li>\n<\/ul>\n<h3 data-sourcepos=\"20:1-20:28\"><strong>Jak nosi\u0107 damskie topy Shell:<\/strong><\/h3>\n<ul data-sourcepos=\"22:1-26:0\">\n<li data-sourcepos=\"22:1-22:90\"><strong>Na co dzie\u0144:<\/strong> Po\u0142\u0105cz go z d\u017cinsami, szortami lub casualow\u0105 sp\u00f3dnic\u0105, aby uzyska\u0107 swobodny, codzienny wygl\u0105d.<\/li>\n<li data-sourcepos=\"23:1-23:122\"><strong>Business Casual:<\/strong> No\u015b go pod marynark\u0105 ze spodniami lub o\u0142\u00f3wkow\u0105 sp\u00f3dnic\u0105, aby uzyska\u0107 profesjonalny, ale wygodny str\u00f3j.<\/li>\n<li data-sourcepos=\"24:1-24:138\"><strong>Str\u00f3j:<\/strong> Wybierz top z pow\u0142ok\u0105 z luksusowego materia\u0142u, takiego jak jedwab lub satyna, i po\u0142\u0105cz go z eleganck\u0105 sp\u00f3dnic\u0105 lub spodniami na wieczorn\u0105 imprez\u0119.<\/li>\n<li data-sourcepos=\"25:1-26:0\"><strong>Nak\u0142adanie warstw:<\/strong> Za\u0142\u00f3\u017c go pod kardigan, kurtk\u0119, a nawet sukienk\u0119, aby uzyska\u0107 dodatkowe ciep\u0142o i styl.<\/li>\n<\/ul>\n<h3 data-sourcepos=\"27:1-27:28\"><strong>Przyk\u0142ady i warianty damskich top\u00f3w Shell:<\/strong><\/h3>\n<ul data-sourcepos=\"29:1-33:0\">\n<li data-sourcepos=\"29:1-29:89\"><strong>Top z jedwabn\u0105 pow\u0142ok\u0105:<\/strong> Idealny na bardziej eleganckie okazje, oferuj\u0105c g\u0142adki i elegancki wygl\u0105d.<\/li>\n<li data-sourcepos=\"30:1-30:87\"><strong>Top z bawe\u0142nianej pow\u0142oki:<\/strong> Idealne do noszenia na co dzie\u0144, zapewniaj\u0105 komfort i oddychalno\u015b\u0107.<\/li>\n<li data-sourcepos=\"31:1-31:89\"><strong><span class=\"citation-6 recitation\">Top z dzianiny pr\u0105\u017ckowanej:<\/span><\/strong><span class=\"citation-6 recitation citation-end-6\"> Oferuje bardziej teksturowany wygl\u0105d i lepsze dopasowanie.<\/span><span class=\"button-container hide-from-message-actions ng-star-inserted\"> \u00a0<\/span>\n<div class=\"container ng-tns-c2960411664-63 hide\">\n<div class=\"carousel-container ng-tns-c2960411664-63\"><\/div>\n<\/div>\n<\/li>\n<li data-sourcepos=\"32:1-33:0\"><strong>Koronkowy top:<\/strong> Dodaje kobieco\u015bci i mo\u017ce by\u0107 noszona zar\u00f3wno na co dzie\u0144, jak i na co dzie\u0144.<\/li>\n<\/ul>","protected":false},"excerpt":{"rendered":"<table style=\"height: 542px;\" width=\"437\">\n<tbody>\n<tr>\n<td width=\"146\"><strong><b>Produkt<\/b><\/strong>\u00a0<strong><b>Imi\u0119 i nazwisko:<\/b><\/strong><\/td>\n<td width=\"601\">Damskie topy Shell<\/td>\n<\/tr>\n<tr>\n<td width=\"146\"><strong><b>Materlal:<\/b><\/strong><\/td>\n<td width=\"601\">Dziewiarstwo<\/td>\n<\/tr>\n<tr>\n<td width=\"146\"><strong><b>Technika:<\/b><\/strong><\/td>\n<td width=\"601\">Haftowane<\/td>\n<\/tr>\n<tr>\n<td width=\"146\"><strong><b>Styl:<\/b><\/strong><\/td>\n<td width=\"601\">Zwyk\u0142y<\/td>\n<\/tr>\n<tr>\n<td width=\"146\"><strong><b>Kolor<\/b><\/strong><strong><b>:<\/b><\/strong><\/td>\n<td width=\"601\">\u00a0Kolory niestandardowe<\/td>\n<\/tr>\n<tr>\n<td width=\"146\"><strong><b>Rozmiar:<\/b><\/strong><\/td>\n<td width=\"601\">S \/M \/L \/XL \/2XL<\/td>\n<\/tr>\n<tr>\n<td width=\"146\"><strong><b>OEM\/ODM:<\/b><\/strong><\/td>\n<td width=\"601\">Dopuszczalny<\/td>\n<\/tr>\n<tr>\n<td width=\"146\"><strong><b>Jako\u015b\u0107:<\/b><\/strong><\/td>\n<td width=\"601\">100% Wysoka jako\u015b\u0107<\/td>\n<\/tr>\n<tr>\n<td width=\"146\"><strong><b>M<\/b><\/strong><strong><b>OQ:<\/b><\/strong><\/td>\n<td width=\"601\">200 szt.<\/td>\n<\/tr>\n<\/tbody>\n<\/table>","protected":false},"featured_media":2007,"template":"","meta":[],"product_brand":[],"product_cat":[39],"product_tag":[],"class_list":{"0":"post-1999","1":"product","2":"type-product","3":"status-publish","4":"has-post-thumbnail","6":"product_cat-womens-clothing","8":"first","9":"instock","10":"shipping-taxable","11":"product-type-simple"},"_links":{"self":[{"href":"https:\/\/mj-clothing.com\/pl\/wp-json\/wp\/v2\/product\/1999","targetHints":{"allow":["GET"]}}],"collection":[{"href":"https:\/\/mj-clothing.com\/pl\/wp-json\/wp\/v2\/product"}],"about":[{"href":"https:\/\/mj-clothing.com\/pl\/wp-json\/wp\/v2\/types\/product"}],"wp:featuredmedia":[{"embeddable":true,"href":"https:\/\/mj-clothing.com\/pl\/wp-json\/wp\/v2\/media\/2007"}],"wp:attachment":[{"href":"https:\/\/mj-clothing.com\/pl\/wp-json\/wp\/v2\/media?parent=1999"}],"wp:term":[{"taxonomy":"product_brand","embeddable":true,"href":"https:\/\/mj-clothing.com\/pl\/wp-json\/wp\/v2\/product_brand?post=1999"},{"taxonomy":"product_cat","embeddable":true,"href":"https:\/\/mj-clothing.com\/pl\/wp-json\/wp\/v2\/product_cat?post=1999"},{"taxonomy":"product_tag","embeddable":true,"href":"https:\/\/mj-clothing.com\/pl\/wp-json\/wp\/v2\/product_tag?post=1999"}],"curies":[{"name":"wp","href":"https:\/\/api.w.org\/{rel}","templated":true}]}}