{"id":2001,"date":"2024-12-17T08:02:02","date_gmt":"2024-12-17T08:02:02","guid":{"rendered":"https:\/\/mj-clothing.com\/?post_type=product&#038;p=2001"},"modified":"2024-12-17T08:57:32","modified_gmt":"2024-12-17T08:57:32","slug":"womens-surplice-top","status":"publish","type":"product","link":"https:\/\/mj-clothing.com\/pl\/manufacturer\/womens-surplice-top\/","title":{"rendered":"Top damski z falbank\u0105"},"content":{"rendered":"<p data-sourcepos=\"1:1-1:164\">Damska bluzka z falban\u0105 to stylowa i pochlebna odzie\u017c znana z charakterystycznego dekoltu. Oto zestawienie jego kluczowych cech i powod\u00f3w, dla kt\u00f3rych jest popularnym wyborem:<\/p>\n<h3 data-sourcepos=\"3:1-3:27\"><strong>Co to jest damski top z falbank\u0105?<\/strong><\/h3>\n<p data-sourcepos=\"5:1-5:212\">Charakterystyczn\u0105 cech\u0105 topu z narzutk\u0105 jest jego <strong>zachodz\u0105ce na siebie panele przednie<\/strong> kt\u00f3re tworz\u0105 dekolt uko\u015bny lub w kszta\u0142cie litery V. Projekt ten jest inspirowany tradycyjn\u0105 szat\u0105 ko\u015bcieln\u0105 zwan\u0105 surplice.<\/p>\n<p data-sourcepos=\"7:1-7:27\">Oto kilka kluczowych funkcji:<\/p>\n<ul data-sourcepos=\"9:1-14:0\">\n<li data-sourcepos=\"9:1-9:98\"><strong>Nak\u0142adaj\u0105cy si\u0119 front:<\/strong> Tkanina krzy\u017cuje si\u0119, tworz\u0105c efekt owini\u0119cia lub sztucznego owini\u0119cia.<\/li>\n<li data-sourcepos=\"10:1-10:131\"><strong>Dekolt w kszta\u0142cie litery V lub uko\u015bny:<\/strong> Ten dekolt jest zazwyczaj do\u015b\u0107 g\u0142\u0119boki i wyd\u0142u\u017caj\u0105cy, co jest korzystne dla wielu typ\u00f3w sylwetki.<\/li>\n<li data-sourcepos=\"11:1-11:133\"><strong>R\u00f3\u017cne style r\u0119kaw\u00f3w:<\/strong> Bluzki z falbankami mog\u0105 mie\u0107 kr\u00f3tkie r\u0119kawy, d\u0142ugie r\u0119kawy, trzy czwarte r\u0119kawy, a nawet mog\u0105 by\u0107 bez r\u0119kaw\u00f3w.<\/li>\n<li data-sourcepos=\"12:1-12:179\"><strong>R\u00f3\u017cne tkaniny:<\/strong> Mog\u0105 by\u0107 wykonane z r\u00f3\u017cnych materia\u0142\u00f3w, w tym dzianin, tkanin, jedwabiu, d\u017cerseju i innych. Wyb\u00f3r tkaniny wp\u0142ywa na uk\u0142adanie si\u0119 i og\u00f3lny wygl\u0105d topu.<\/li>\n<li data-sourcepos=\"13:1-14:0\"><strong>Dopasowane lub lu\u017ane:<\/strong> Dopasowanie mo\u017ce waha\u0107 si\u0119 od dopasowanego do lu\u017anego i zwiewnego, w zale\u017cno\u015bci od projektu i materia\u0142u.<\/li>\n<\/ul>\n<h3 data-sourcepos=\"15:1-15:34\"><strong>Dlaczego damskie bluzki z wysokim stanem s\u0105 popularne?<\/strong><\/h3>\n<ul data-sourcepos=\"17:1-21:0\">\n<li data-sourcepos=\"17:1-17:188\"><strong>Pochlebny dekolt:<\/strong> Dekolt w kszta\u0142cie litery V lub uko\u015bny dekolt wyd\u0142u\u017ca szyj\u0119 i tu\u0142\u00f3w, tworz\u0105c efekt wyszczuplenia. Podkre\u015bla r\u00f3wnie\u017c obojczyki i biust w pochlebny spos\u00f3b.<\/li>\n<li data-sourcepos=\"18:1-18:107\"><strong>Kobiecy i elegancki:<\/strong> Nak\u0142adaj\u0105cy si\u0119 wz\u00f3r dodaje kobieco\u015bci i elegancji ka\u017cdemu strojowi.<\/li>\n<li data-sourcepos=\"19:1-19:103\"><strong>Wszechstronno\u015b\u0107:<\/strong> Bluzki z falbank\u0105 mo\u017cna nosi\u0107 zar\u00f3wno w wersji g\u00f3rnej, jak i dolnej, dzi\u0119ki czemu nadaj\u0105 si\u0119 na r\u00f3\u017cne okazje.<\/li>\n<li data-sourcepos=\"20:1-21:0\"><strong>Wygoda:<\/strong> W zale\u017cno\u015bci od materia\u0142u i dopasowania, mog\u0105 by\u0107 bardzo wygodne w noszeniu.<\/li>\n<\/ul>\n<h3 data-sourcepos=\"22:1-22:32\"><strong>Jak stylizowa\u0107 damski top z falbank\u0105?<\/strong><\/h3>\n<ul data-sourcepos=\"24:1-28:0\">\n<li data-sourcepos=\"24:1-24:90\"><strong>Na co dzie\u0144:<\/strong> Po\u0142\u0105cz go z d\u017cinsami, szortami lub casualow\u0105 sp\u00f3dnic\u0105, aby uzyska\u0107 swobodny, codzienny wygl\u0105d.<\/li>\n<li data-sourcepos=\"25:1-25:114\"><strong>Business Casual:<\/strong> No\u015b go ze spodniami, o\u0142\u00f3wkow\u0105 sp\u00f3dnic\u0105 lub pod marynark\u0105, aby uzyska\u0107 bardziej profesjonalny wygl\u0105d.<\/li>\n<li data-sourcepos=\"26:1-26:140\"><strong>Str\u00f3j:<\/strong> Wybierz top z narzutk\u0105 z luksusowego materia\u0142u, takiego jak jedwab lub satyna, i po\u0142\u0105cz go ze spodniami lub sp\u00f3dnic\u0105 na wieczorn\u0105 imprez\u0119.<\/li>\n<li data-sourcepos=\"27:1-28:0\"><strong>Nak\u0142adanie warstw:<\/strong> Bluzk\u0119 z narzutk\u0105 mo\u017cna za\u0142o\u017cy\u0107 pod kardigan lub kurtk\u0119, aby uzyska\u0107 dodatkowe ciep\u0142o i styl.<\/li>\n<\/ul>","protected":false},"excerpt":{"rendered":"<table style=\"height: 571px;\" width=\"446\">\n<tbody>\n<tr>\n<td width=\"146\"><strong><b>Produkt<\/b><\/strong>\u00a0<strong><b>Imi\u0119 i nazwisko:<\/b><\/strong><\/td>\n<td width=\"601\"><strong>Top damski z falbank\u0105<\/strong><\/td>\n<\/tr>\n<tr>\n<td width=\"146\"><strong><b>Materlal:<\/b><\/strong><\/td>\n<td width=\"601\">Dziewiarstwo<\/td>\n<\/tr>\n<tr>\n<td width=\"146\"><strong><b>Technika:<\/b><\/strong><\/td>\n<td width=\"601\">Haftowane<\/td>\n<\/tr>\n<tr>\n<td width=\"146\"><strong><b>Styl:<\/b><\/strong><\/td>\n<td width=\"601\">Zwyk\u0142y<\/td>\n<\/tr>\n<tr>\n<td width=\"146\"><strong><b>Kolor<\/b><\/strong><strong><b>:<\/b><\/strong><\/td>\n<td width=\"601\">\u00a0Kolory niestandardowe<\/td>\n<\/tr>\n<tr>\n<td width=\"146\"><strong><b>Rozmiar:<\/b><\/strong><\/td>\n<td width=\"601\">S \/M \/L \/XL \/2XL<\/td>\n<\/tr>\n<tr>\n<td width=\"146\"><strong><b>OEM\/ODM:<\/b><\/strong><\/td>\n<td width=\"601\">Dopuszczalny<\/td>\n<\/tr>\n<tr>\n<td width=\"146\"><strong><b>Jako\u015b\u0107:<\/b><\/strong><\/td>\n<td width=\"601\">100% Wysoka jako\u015b\u0107<\/td>\n<\/tr>\n<tr>\n<td width=\"146\"><strong><b>M<\/b><\/strong><strong><b>OQ:<\/b><\/strong><\/td>\n<td width=\"601\">200 szt.<\/td>\n<\/tr>\n<\/tbody>\n<\/table>","protected":false},"featured_media":2002,"template":"","meta":[],"product_brand":[],"product_cat":[39],"product_tag":[],"class_list":{"0":"post-2001","1":"product","2":"type-product","3":"status-publish","4":"has-post-thumbnail","6":"product_cat-womens-clothing","8":"first","9":"instock","10":"shipping-taxable","11":"product-type-simple"},"_links":{"self":[{"href":"https:\/\/mj-clothing.com\/pl\/wp-json\/wp\/v2\/product\/2001","targetHints":{"allow":["GET"]}}],"collection":[{"href":"https:\/\/mj-clothing.com\/pl\/wp-json\/wp\/v2\/product"}],"about":[{"href":"https:\/\/mj-clothing.com\/pl\/wp-json\/wp\/v2\/types\/product"}],"wp:featuredmedia":[{"embeddable":true,"href":"https:\/\/mj-clothing.com\/pl\/wp-json\/wp\/v2\/media\/2002"}],"wp:attachment":[{"href":"https:\/\/mj-clothing.com\/pl\/wp-json\/wp\/v2\/media?parent=2001"}],"wp:term":[{"taxonomy":"product_brand","embeddable":true,"href":"https:\/\/mj-clothing.com\/pl\/wp-json\/wp\/v2\/product_brand?post=2001"},{"taxonomy":"product_cat","embeddable":true,"href":"https:\/\/mj-clothing.com\/pl\/wp-json\/wp\/v2\/product_cat?post=2001"},{"taxonomy":"product_tag","embeddable":true,"href":"https:\/\/mj-clothing.com\/pl\/wp-json\/wp\/v2\/product_tag?post=2001"}],"curies":[{"name":"wp","href":"https:\/\/api.w.org\/{rel}","templated":true}]}}