{"id":2003,"date":"2024-12-17T08:19:49","date_gmt":"2024-12-17T08:19:49","guid":{"rendered":"https:\/\/mj-clothing.com\/?post_type=product&#038;p=2003"},"modified":"2025-01-04T03:04:40","modified_gmt":"2025-01-04T03:04:40","slug":"womens-tops-for-winter","status":"publish","type":"product","link":"https:\/\/mj-clothing.com\/pl\/manufacturer\/womens-tops-for-winter\/","title":{"rendered":"Topy damskie na zim\u0119"},"content":{"rendered":"<p data-sourcepos=\"1:1-1:137\">Je\u015bli chodzi o damskie okrycia wierzchnie na zim\u0119, kluczem jest zr\u00f3wnowa\u017cenie stylu z ciep\u0142em i wygod\u0105. Oto kilka popularnych i praktycznych opcji dla kobiet:<\/p>\n<h3 data-sourcepos=\"3:1-3:28\"><strong>Dla kobiet Topy na zim\u0119 Ciep\u0142e i warstwowe:<\/strong><\/h3>\n<ul data-sourcepos=\"5:1-9:0\">\n<li data-sourcepos=\"5:1-5:239\"><strong>Golfy i golfy:<\/strong> Doskonale utrzymuj\u0105 ciep\u0142o szyi i mog\u0105 by\u0107 noszone samodzielnie lub warstwowo pod swetrami lub kurtkami. Szukaj ich w materia\u0142ach takich jak we\u0142na merynos\u00f3w, kaszmir lub dzianiny termiczne, aby uzyska\u0107 dodatkowe ciep\u0142o.<\/li>\n<li data-sourcepos=\"6:1-6:205\"><strong>Koszulki termiczne z d\u0142ugim r\u0119kawem:<\/strong> Zosta\u0142y zaprojektowane tak, aby zatrzymywa\u0107 ciep\u0142o i utrzymywa\u0107 ciep\u0142o nawet w bardzo niskich temperaturach. \u015awietnie nadaj\u0105 si\u0119 do zak\u0142adania pod inne okrycia wierzchnie lub noszenia samodzielnie podczas aktywno\u015bci na \u015bwie\u017cym powietrzu.<\/li>\n<li data-sourcepos=\"7:1-7:199\"><strong>Swetry:<\/strong> Klasyczne zimowe swetry s\u0105 dost\u0119pne w r\u00f3\u017cnych stylach, w tym z okr\u0105g\u0142ym dekoltem, dekoltem w szpic, kardiganem i golfem. Wybierz materia\u0142y takie jak we\u0142na, kaszmir lub polar, aby uzyska\u0107 maksymalne ciep\u0142o.<\/li>\n<li data-sourcepos=\"8:1-9:0\"><strong>Bluzy polarowe:<\/strong> S\u0105 niezwykle mi\u0119kkie, ciep\u0142e i wygodne. S\u0105 idealne do noszenia na co dzie\u0144 i aktywno\u015bci na \u015bwie\u017cym powietrzu.<\/li>\n<\/ul>\n<h3 data-sourcepos=\"10:1-10:20\"><strong>Topy damskie na zim\u0119 Stylowe opcje:<\/strong><\/h3>\n<ul data-sourcepos=\"12:1-16:0\">\n<li data-sourcepos=\"12:1-12:140\"><strong>Sukienki swetrowe:<\/strong> To modna i przytulna opcja na zim\u0119. Mo\u017cna je po\u0142\u0105czy\u0107 z rajstopami i botkami, aby uzyska\u0107 kompletny str\u00f3j.<\/li>\n<li data-sourcepos=\"13:1-13:144\"><strong>Dzianinowe tuniki:<\/strong> Zapewniaj\u0105 swobodny i wygodny kr\u00f3j, a jednocze\u015bnie wygl\u0105daj\u0105 stylowo. Mo\u017cna je \u0142\u0105czy\u0107 z legginsami lub jeansami skinny.<\/li>\n<li data-sourcepos=\"14:1-14:142\"><strong>Aksamitne topy:<\/strong> Aksamit doda elegancji i ciep\u0142a ka\u017cdemu strojowi. S\u0105 idealne na \u015bwi\u0105teczne przyj\u0119cia lub inne specjalne okazje.<\/li>\n<li data-sourcepos=\"15:1-16:0\"><strong>Koszule zapinane na guziki (flanelowe lub sztruksowe):<\/strong> Mo\u017cna je nosi\u0107 samodzielnie lub za\u0142o\u017cy\u0107 na golf lub bluz\u0119 termiczn\u0105, aby uzyska\u0107 dodatkowe ciep\u0142o.<\/li>\n<\/ul>\n<h3 data-sourcepos=\"17:1-17:26\"><strong>Materia\u0142y, kt\u00f3rych nale\u017cy szuka\u0107 do damskich top\u00f3w na zim\u0119:<\/strong><\/h3>\n<ul data-sourcepos=\"19:1-24:0\">\n<li data-sourcepos=\"19:1-19:68\"><strong>We\u0142na:<\/strong> Naturalny izolator, kt\u00f3ry utrzymuje ciep\u0142o nawet wtedy, gdy jest mokry.<\/li>\n<li data-sourcepos=\"20:1-20:90\"><strong>Kaszmir:<\/strong> Luksusowy i niezwykle mi\u0119kki materia\u0142, kt\u00f3ry zapewnia doskona\u0142e ciep\u0142o.<\/li>\n<li data-sourcepos=\"21:1-21:91\"><strong>Polar:<\/strong> Mi\u0119kki i ciep\u0142y materia\u0142 syntetyczny, kt\u00f3ry jest jednocze\u015bnie lekki i oddychaj\u0105cy.<\/li>\n<li data-sourcepos=\"22:1-22:82\"><strong>Dzianiny termiczne:<\/strong> Zaprojektowany, aby zatrzymywa\u0107 ciep\u0142o i utrzymywa\u0107 ciep\u0142o w niskich temperaturach.<\/li>\n<li data-sourcepos=\"23:1-24:0\"><strong>Bawe\u0142na:<\/strong> Chocia\u017c nie jest tak ciep\u0142a jak we\u0142na czy polar, bawe\u0142na jest oddychaj\u0105ca i wygodna w warstwach.<\/li>\n<\/ul>\n<h3 data-sourcepos=\"25:1-25:34\"><strong>Porady dotycz\u0105ce damskich top\u00f3w na zim\u0119:<\/strong><\/h3>\n<ul data-sourcepos=\"27:1-30:0\">\n<li data-sourcepos=\"27:1-27:222\"><strong>We\u017amy pod uwag\u0119 klimat:<\/strong> Je\u015bli mieszkasz w bardzo zimnym klimacie, postaw na ciep\u0142o i wybierz materia\u0142y takie jak we\u0142na lub polar. Je\u015bli mieszkasz w \u0142agodniejszym klimacie, mo\u017cesz zdecydowa\u0107 si\u0119 na l\u017cejsze materia\u0142y, takie jak bawe\u0142na lub cie\u0144sze dzianiny.<\/li>\n<li data-sourcepos=\"28:1-28:107\"><strong>Pomy\u015bl o nak\u0142adaniu warstw:<\/strong> Wybieraj bluzki, kt\u00f3re mo\u017cna \u0142atwo za\u0142o\u017cy\u0107 pod inne ubrania, aby uzyska\u0107 dodatkowe ciep\u0142o.<\/li>\n<li data-sourcepos=\"29:1-30:0\"><strong>Nie zapomnij o stylu:<\/strong> Zimowe okrycia wierzchnie mog\u0105 by\u0107 zar\u00f3wno funkcjonalne, jak i modne. Wybierz style i kolory, kt\u00f3re lubisz i kt\u00f3re uzupe\u0142niaj\u0105 Twoj\u0105 garderob\u0119.<\/li>\n<\/ul>\n<p data-sourcepos=\"31:1-31:126\">Bior\u0105c pod uwag\u0119 te czynniki, mo\u017cesz znale\u017a\u0107 idealne damskie topy, kt\u00f3re zapewni\u0105 Ci ciep\u0142o i styl przez ca\u0142y sezon zimowy.<\/p>","protected":false},"excerpt":{"rendered":"<table style=\"height: 515px;\" width=\"480\">\n<tbody>\n<tr>\n<td width=\"146\"><strong><b>Produkt<\/b><\/strong>\u00a0<strong><b>Imi\u0119 i nazwisko:<\/b><\/strong><\/td>\n<td width=\"601\"><strong>Topy damskie na zim\u0119<\/strong><\/td>\n<\/tr>\n<tr>\n<td width=\"146\"><strong><b>Materlal:<\/b><\/strong><\/td>\n<td width=\"601\">Dziewiarstwo<\/td>\n<\/tr>\n<tr>\n<td width=\"146\"><strong><b>Technika:<\/b><\/strong><\/td>\n<td width=\"601\">Haftowane<\/td>\n<\/tr>\n<tr>\n<td width=\"146\"><strong><b>Styl:<\/b><\/strong><\/td>\n<td width=\"601\">Zwyk\u0142y<\/td>\n<\/tr>\n<tr>\n<td width=\"146\"><strong><b>Kolor<\/b><\/strong><strong><b>:<\/b><\/strong><\/td>\n<td width=\"601\">\u00a0Kolory niestandardowe<\/td>\n<\/tr>\n<tr>\n<td width=\"146\"><strong><b>Rozmiar:<\/b><\/strong><\/td>\n<td width=\"601\">S \/M \/L \/XL \/2XL<\/td>\n<\/tr>\n<tr>\n<td width=\"146\"><strong><b>OEM\/ODM:<\/b><\/strong><\/td>\n<td width=\"601\">Dopuszczalny<\/td>\n<\/tr>\n<tr>\n<td width=\"146\"><strong><b>Jako\u015b\u0107:<\/b><\/strong><\/td>\n<td width=\"601\">100% Wysoka jako\u015b\u0107<\/td>\n<\/tr>\n<tr>\n<td width=\"146\"><strong><b>M<\/b><\/strong><strong><b>OQ:<\/b><\/strong><\/td>\n<td width=\"601\">200 szt.<\/td>\n<\/tr>\n<\/tbody>\n<\/table>","protected":false},"featured_media":2088,"template":"","meta":[],"product_brand":[],"product_cat":[39],"product_tag":[],"class_list":{"0":"post-2003","1":"product","2":"type-product","3":"status-publish","4":"has-post-thumbnail","6":"product_cat-womens-clothing","8":"first","9":"instock","10":"shipping-taxable","11":"product-type-simple"},"_links":{"self":[{"href":"https:\/\/mj-clothing.com\/pl\/wp-json\/wp\/v2\/product\/2003","targetHints":{"allow":["GET"]}}],"collection":[{"href":"https:\/\/mj-clothing.com\/pl\/wp-json\/wp\/v2\/product"}],"about":[{"href":"https:\/\/mj-clothing.com\/pl\/wp-json\/wp\/v2\/types\/product"}],"wp:featuredmedia":[{"embeddable":true,"href":"https:\/\/mj-clothing.com\/pl\/wp-json\/wp\/v2\/media\/2088"}],"wp:attachment":[{"href":"https:\/\/mj-clothing.com\/pl\/wp-json\/wp\/v2\/media?parent=2003"}],"wp:term":[{"taxonomy":"product_brand","embeddable":true,"href":"https:\/\/mj-clothing.com\/pl\/wp-json\/wp\/v2\/product_brand?post=2003"},{"taxonomy":"product_cat","embeddable":true,"href":"https:\/\/mj-clothing.com\/pl\/wp-json\/wp\/v2\/product_cat?post=2003"},{"taxonomy":"product_tag","embeddable":true,"href":"https:\/\/mj-clothing.com\/pl\/wp-json\/wp\/v2\/product_tag?post=2003"}],"curies":[{"name":"wp","href":"https:\/\/api.w.org\/{rel}","templated":true}]}}