{"id":2005,"date":"2024-12-17T08:27:39","date_gmt":"2024-12-17T08:27:39","guid":{"rendered":"https:\/\/mj-clothing.com\/?post_type=product&#038;p=2005"},"modified":"2024-12-18T06:08:53","modified_gmt":"2024-12-18T06:08:53","slug":"glorya-long-sleeve-hooded-top-womens","status":"publish","type":"product","link":"https:\/\/mj-clothing.com\/pl\/manufacturer\/glorya-long-sleeve-hooded-top-womens\/","title":{"rendered":"Bluza damska Glorya z d\u0142ugim r\u0119kawem i kapturem"},"content":{"rendered":"<div id=\"model-response-message-contentr_2042c454bde921df\" class=\"markdown markdown-main-panel response-optimization\" dir=\"ltr\">\n<p data-sourcepos=\"1:1-1:220\">Wygl\u0105da na to, \u017ce jeste\u015b zainteresowany Patagonia Long-Sleeve Glorya Long-Sleeve Hooded Top-Women's. Jest to popularny model marki Patagonia, znany ze swojego komfortu i wszechstronno\u015bci. Oto zestawienie tego, co j\u0105 wyr\u00f3\u017cnia:<\/p>\n<h3 data-sourcepos=\"3:1-3:17\"><strong>Kluczowe cechy Damska koszulka z kapturem Glorya z d\u0142ugim r\u0119kawem:<\/strong><\/h3>\n<ul data-sourcepos=\"5:1-12:0\">\n<li data-sourcepos=\"5:1-5:186\"><strong>Lekko\u015b\u0107 i wygoda:<\/strong> <span class=\"citation-0 recitation citation-end-0\">Wykonana z mi\u0119kkiej mieszanki poliestru z recyklingu, lyocellu TENCEL\u2122 i spandexu, ta bluza z kapturem zosta\u0142a zaprojektowana z my\u015bl\u0105 o wygodzie i swobodzie ruch\u00f3w.<\/span>\n<div class=\"container ng-tns-c2960411664-80 hide\">\n<div class=\"carousel-container ng-tns-c2960411664-80\"><\/div>\n<\/div>\n<\/li>\n<li data-sourcepos=\"6:1-6:176\"><strong>Odprowadzanie wilgoci i szybkie schni\u0119cie:<\/strong> <span class=\"citation-1 recitation citation-end-1\">Tkanina doskonale odprowadza wilgo\u0107 i szybko schnie, dzi\u0119ki czemu nadaje si\u0119 do aktywnego noszenia lub codziennego u\u017cytku.<\/span><span class=\"button-container hide-from-message-actions ng-star-inserted\">\u00a0 \u00a0<\/span>\n<div class=\"container ng-tns-c2960411664-81 hide\">\n<div class=\"carousel-container ng-tns-c2960411664-81\"><\/div>\n<\/div>\n<\/li>\n<li data-sourcepos=\"7:1-7:106\"><strong>Zrelaksowany kr\u00f3j:<\/strong> <span class=\"citation-2 recitation citation-end-2\">Bluza Glorya Hoody ma lu\u017any kr\u00f3j, kt\u00f3ry pozwala na wygodne nak\u0142adanie warstw.<\/span><span class=\"button-container hide-from-message-actions ng-star-inserted\">\u00a0<\/span>\n<div class=\"container ng-tns-c2960411664-82 hide\">\n<div class=\"carousel-container ng-tns-c2960411664-82\"><\/div>\n<\/div>\n<\/li>\n<li data-sourcepos=\"8:1-8:121\"><strong>Regulowany kaptur:<\/strong> <span class=\"citation-3 recitation citation-end-3\">Kaptur posiada sznurek, dzi\u0119ki czemu mo\u017cna go regulowa\u0107 w celu uzyskania optymalnego okrycia i ciep\u0142a.<\/span><span class=\"button-container hide-from-message-actions ng-star-inserted\">\u00a0<\/span>\n<div class=\"container ng-tns-c2960411664-83 hide\">\n<div class=\"carousel-container ng-tns-c2960411664-83\"><\/div>\n<\/div>\n<\/li>\n<li data-sourcepos=\"9:1-9:157\"><strong>Wszechstronno\u015b\u0107:<\/strong> <span class=\"citation-4 recitation citation-end-4\">Mo\u017ce by\u0107 noszona samodzielnie lub nak\u0142adana na inne bluzki, dzi\u0119ki czemu jest doskona\u0142ym wyborem do r\u00f3\u017cnych aktywno\u015bci i warunk\u00f3w pogodowych.<\/span><span class=\"button-container hide-from-message-actions ng-star-inserted\"> \u00a0<\/span>\n<div class=\"container ng-tns-c2960411664-84 hide\">\n<div class=\"carousel-container ng-tns-c2960411664-84\"><\/div>\n<\/div>\n<\/li>\n<li data-sourcepos=\"10:1-10:148\"><strong><span class=\"citation-5 recitation\">Zr\u00f3wnowa\u017cone materia\u0142y:<\/span><\/strong><span class=\"citation-5 recitation citation-end-5\"> Wykonana z poliestru pochodz\u0105cego z recyklingu i lyocellu TENCEL\u2122, ta bluza jest bardziej przyjaznym dla \u015brodowiska wyborem.<\/span><span class=\"button-container hide-from-message-actions ng-star-inserted\"> \u00a0<\/span>\n<div class=\"container ng-tns-c2960411664-85 hide\">\n<div class=\"carousel-container ng-tns-c2960411664-85\"><\/div>\n<\/div>\n<\/li>\n<li data-sourcepos=\"11:1-12:0\"><strong><span class=\"citation-6 recitation\">Fair Trade Certified\u2122 Szyte:<\/span><\/strong><span class=\"citation-6 recitation citation-end-6\"> Oznacza to, \u017ce ludzie, kt\u00f3rzy wyprodukowali odzie\u017c, otrzymali premi\u0119 za swoj\u0105 prac\u0119.<\/span><span class=\"button-container hide-from-message-actions ng-star-inserted\">\u00a0<\/span>\n<div class=\"container ng-tns-c2960411664-86 hide\">\n<div class=\"carousel-container ng-tns-c2960411664-86\"><\/div>\n<\/div>\n<\/li>\n<\/ul>\n<h3 data-sourcepos=\"13:1-13:30\"><strong>Dlaczego jest to popularny wyb\u00f3r Damska bluzka z kapturem Glorya z d\u0142ugim r\u0119kawem:<\/strong><\/h3>\n<ul data-sourcepos=\"15:1-19:0\">\n<li data-sourcepos=\"15:1-15:151\"><strong>Komfort ruchu:<\/strong> <span class=\"citation-7 recitation citation-end-7\">Lekki, elastyczny materia\u0142 sprawia, \u017ce idealnie nadaje si\u0119 do uprawiania turystyki pieszej, jogi lub po prostu za\u0142atwiania spraw.<\/span><span class=\"button-container hide-from-message-actions ng-star-inserted\">\u00a0<\/span>\n<div class=\"container ng-tns-c2960411664-87 hide\">\n<div class=\"carousel-container ng-tns-c2960411664-87\"><\/div>\n<\/div>\n<\/li>\n<li data-sourcepos=\"16:1-16:101\"><strong>Do noszenia na co dzie\u0144:<\/strong> Swobodny styl i wygodne dopasowanie sprawiaj\u0105, \u017ce jest to \u015bwietny wyb\u00f3r do noszenia na co dzie\u0144.<\/li>\n<li data-sourcepos=\"17:1-17:91\"><strong>Warstwowy element:<\/strong> Jest idealny do noszenia pod kurtkami lub kamizelkami w ch\u0142odniejsze dni.<\/li>\n<li data-sourcepos=\"18:1-19:0\"><strong>Jako\u015b\u0107 i trwa\u0142o\u015b\u0107:<\/strong> Patagonia jest znana z produkcji wysokiej jako\u015bci, trwa\u0142ych produkt\u00f3w.<\/li>\n<\/ul>\n<h3 data-sourcepos=\"20:1-20:21\"><strong>Gdzie mo\u017cna znale\u017a\u0107 Damska bluzka z kapturem Glorya z d\u0142ugim r\u0119kawem?<\/strong><\/h3>\n<p data-sourcepos=\"22:1-22:86\">Patagonia Long-Sleeve Glorya Hooded Top mo\u017cna zazwyczaj znale\u017a\u0107 w tych sklepach:<\/p>\n<ul data-sourcepos=\"24:1-27:0\">\n<li data-sourcepos=\"24:1-24:80\"><strong>Strona internetowa Patagonia:<\/strong> To jest oficjalne \u017ar\u00f3d\u0142o produkt\u00f3w Patagonia.<\/li>\n<li data-sourcepos=\"25:1-25:114\"><strong>Zewn\u0119trzni sprzedawcy detaliczni:<\/strong> <span class=\"citation-8 recitation citation-end-8\">Sklepy takie jak REI, Backcountry i Moosejaw cz\u0119sto oferuj\u0105 odzie\u017c Patagonia.<\/span><span class=\"button-container hide-from-message-actions ng-star-inserted\">\u00a0<\/span>\n<div class=\"container ng-tns-c2960411664-88 hide\">\n<div class=\"carousel-container ng-tns-c2960411664-88\"><\/div>\n<\/div>\n<\/li>\n<li data-sourcepos=\"26:1-27:0\"><strong>Domy towarowe:<\/strong> Niekt\u00f3re domy towarowe mog\u0105 r\u00f3wnie\u017c oferowa\u0107 produkty Patagonia.<\/li>\n<\/ul>\n<p data-sourcepos=\"28:1-28:153\">Je\u015bli szukasz wygodnej, wszechstronnej i wykonanej zgodnie z zasadami zr\u00f3wnowa\u017conego rozwoju bluzy z kapturem, Patagonia Glorya Hooded Top z d\u0142ugim r\u0119kawem jest zdecydowanie warta rozwa\u017cenia.<\/p>\n<\/div>\n<div class=\"skeleton-loader-container\"><\/div>\n<div class=\"response-footer gap complete\">\n<div class=\"container ng-tns-c2960411664-79\">\n<div class=\"carousel-container ng-tns-c2960411664-79\">\n<div class=\"carousel-content ng-tns-c2960411664-79\">\n<div class=\"sources-carousel-source ng-tns-c2960411664-79 ng-star-inserted\" data-test-id=\"sources-carousel-source\">\n<div class=\"source-card-container\">\n<div class=\"source-card-content\">\n<div class=\"source-card-body\">\n<div class=\"source-card-header\">\n<div class=\"source-card-title\"><\/div>\n<\/div>\n<\/div>\n<\/div>\n<\/div>\n<\/div>\n<\/div>\n<\/div>\n<\/div>\n<\/div>","protected":false},"excerpt":{"rendered":"<table style=\"height: 661px;\" width=\"527\">\n<tbody>\n<tr>\n<td width=\"146\"><strong><b>Produkt<\/b><\/strong>\u00a0<strong><b>Imi\u0119 i nazwisko:<\/b><\/strong><\/td>\n<td width=\"601\"><strong>Bluza damska Glorya z d\u0142ugim r\u0119kawem i kapturem<\/strong><\/td>\n<\/tr>\n<tr>\n<td width=\"146\"><strong><b>Materlal:<\/b><\/strong><\/td>\n<td width=\"601\">Dziewiarstwo<\/td>\n<\/tr>\n<tr>\n<td width=\"146\"><strong><b>Technika:<\/b><\/strong><\/td>\n<td width=\"601\">Haftowane<\/td>\n<\/tr>\n<tr>\n<td width=\"146\"><strong><b>Styl:<\/b><\/strong><\/td>\n<td width=\"601\">Zwyk\u0142y<\/td>\n<\/tr>\n<tr>\n<td width=\"146\"><strong><b>Kolor<\/b><\/strong><strong><b>:<\/b><\/strong><\/td>\n<td width=\"601\">\u00a0Kolory niestandardowe<\/td>\n<\/tr>\n<tr>\n<td width=\"146\"><strong><b>Rozmiar:<\/b><\/strong><\/td>\n<td width=\"601\">S \/M \/L \/XL \/2XL<\/td>\n<\/tr>\n<tr>\n<td width=\"146\"><strong><b>OEM\/ODM:<\/b><\/strong><\/td>\n<td width=\"601\">Dopuszczalny<\/td>\n<\/tr>\n<tr>\n<td width=\"146\"><strong><b>Jako\u015b\u0107:<\/b><\/strong><\/td>\n<td width=\"601\">100% Wysoka jako\u015b\u0107<\/td>\n<\/tr>\n<tr>\n<td width=\"146\"><strong><b>M<\/b><\/strong><strong><b>OQ:<\/b><\/strong><\/td>\n<td width=\"601\">200 szt.<\/td>\n<\/tr>\n<\/tbody>\n<\/table>","protected":false},"featured_media":2006,"template":"","meta":[],"product_brand":[],"product_cat":[39],"product_tag":[],"class_list":{"0":"post-2005","1":"product","2":"type-product","3":"status-publish","4":"has-post-thumbnail","6":"product_cat-womens-clothing","8":"first","9":"instock","10":"shipping-taxable","11":"product-type-simple"},"_links":{"self":[{"href":"https:\/\/mj-clothing.com\/pl\/wp-json\/wp\/v2\/product\/2005","targetHints":{"allow":["GET"]}}],"collection":[{"href":"https:\/\/mj-clothing.com\/pl\/wp-json\/wp\/v2\/product"}],"about":[{"href":"https:\/\/mj-clothing.com\/pl\/wp-json\/wp\/v2\/types\/product"}],"wp:featuredmedia":[{"embeddable":true,"href":"https:\/\/mj-clothing.com\/pl\/wp-json\/wp\/v2\/media\/2006"}],"wp:attachment":[{"href":"https:\/\/mj-clothing.com\/pl\/wp-json\/wp\/v2\/media?parent=2005"}],"wp:term":[{"taxonomy":"product_brand","embeddable":true,"href":"https:\/\/mj-clothing.com\/pl\/wp-json\/wp\/v2\/product_brand?post=2005"},{"taxonomy":"product_cat","embeddable":true,"href":"https:\/\/mj-clothing.com\/pl\/wp-json\/wp\/v2\/product_cat?post=2005"},{"taxonomy":"product_tag","embeddable":true,"href":"https:\/\/mj-clothing.com\/pl\/wp-json\/wp\/v2\/product_tag?post=2005"}],"curies":[{"name":"wp","href":"https:\/\/api.w.org\/{rel}","templated":true}]}}